{"id":1221,"date":"2024-10-03T18:17:08","date_gmt":"2024-10-03T20:17:08","guid":{"rendered":"https:\/\/sites.usp.br\/ppgcm\/?page_id=1221"},"modified":"2025-04-01T18:29:49","modified_gmt":"2025-04-01T20:29:49","slug":"etica-em-pesquisa","status":"publish","type":"page","link":"https:\/\/sites.usp.br\/ppgcm\/etica-em-pesquisa\/","title":{"rendered":"\u00c9tica em Pesquisa"},"content":{"rendered":"<h2 class=\"font_8 wixui-rich-text__text\">Comiss\u00e3o de \u00c9tica em Pesquisa do Hospital das Cl\u00ednicas da Faculdade de Medicina da Universidade de S\u00e3o Paulo (<span class=\"wixui-rich-text__text\">CAPPesq<\/span>)<\/h2>\n<h5 class=\"font_8 wixui-rich-text__text\">Todos os projetos de pesquisa envolvendo humanos precisam obrigatoriamente de aprecia\u00e7\u00e3o e aprova\u00e7\u00e3o do sistema CEP-Conep para sua execu\u00e7\u00e3o. Para mais informa\u00e7\u00f5es e submiss\u00e3o de projetos consulte o site da CAPPesq <a href=\"https:\/\/www.hc.fm.usp.br\/hc\/pesquisa\/cappesq\">aqui<\/a>.<\/h5>\n<p class=\"font_8 wixui-rich-text__text\">A esta CEP, s\u00e3o atualmente submetidos os projetos de pesquisa cl\u00ednica a serem executados nos Institutos do Hospital das Cl\u00ednicas e Instituto do C\u00e2ncer.<\/p>\n<p><a href=\"https:\/\/sites.usp.br\/ppgcm\/wp-content\/uploads\/sites\/670\/2024\/10\/Orientacoes-Gerais-para-Submissao-de-Projetos-de-Pesquisa.pdf\">Orienta\u00e7\u00f5es Gerais para Submiss\u00e3o de Projetos de Pesquisa<\/a><\/p>\n<ul>\n<li>Telefones: 2661-7585 e 2661-1548<\/li>\n<li>E-mail:\u00a0<a title=\"\" href=\"mailto:cappesq.adm@hc.fm.usp.br\">cappesq.adm@hc.fm.usp.br<\/a><\/li>\n<\/ul>\n<p>&nbsp;<\/p>\n<h2>Plataforma Brasil<\/h2>\n<p>A Plataforma Brasil \u00e9 uma base nacional e unificada de registros de pesquisas envolvendo seres humanos para todo o Sistema CEP\/Conep. Ela permite que as pesquisas sejam acompanhadas em seus diferentes est\u00e1gios &#8211; desde sua submiss\u00e3o at\u00e9 a aprova\u00e7\u00e3o final pelo Comit\u00ea de \u00c9tica em Pesquisa (CEP) e\/ou pela Conep, quando necess\u00e1rio \u2013 possibilitando, inclusive, o acompanhamento da fase de campo, o envio de relat\u00f3rios parciais e dos relat\u00f3rios finais das pesquisas (quando conclu\u00eddas). A Plataforma Brasil permite, ainda, a apresenta\u00e7\u00e3o de documentos tamb\u00e9m em meio digital, assegurando \u00e0 sociedade o acesso aos dados p\u00fablicos de todas as pesquisas aprovadas.<\/p>\n<p align=\"justify\">O sistema CEP-CONEP foi institu\u00eddo em 1996 para proceder a an\u00e1lise \u00e9tica de projetos de pesquisa envolvendo seres humanos no Brasil. Este processo \u00e9 baseado em uma s\u00e9rie de resolu\u00e7\u00f5es e normativas deliberados pelo Conselho Nacional de Sa\u00fade (CNS), \u00f3rg\u00e3o vinculado ao Minist\u00e9rio da Sa\u00fade.<\/p>\n<p align=\"justify\">O atual sistema possui como fundamentos o controle social, exercido pela liga\u00e7\u00e3o com o CNS, capilaridade, na qual mais de 98% das an\u00e1lises e decis\u00f5es ocorrem a n\u00edvel local pelo trabalho dos comit\u00eas de \u00e9tica em pesquisa (CEP) e o foco na seguran\u00e7a, prote\u00e7\u00e3o e garantia dos direitos dos participantes de pesquisa.<\/p>\n<p>Acesse o site da Plataforma Brasil <a href=\"https:\/\/plataformabrasil.saude.gov.br\/login.jsf\">aqui<\/a>.<\/p>\n<p>&nbsp;<\/p>\n<h2>CEUA (Comiss\u00e3o de \u00c9tica no Uso de Animais)<\/h2>\n<p>As atividades de pesquisa com animais da Faculdade de Medicina da USP s\u00e3o reguladas em seus aspectos \u00e9ticos por uma Comiss\u00e3o de \u00c9tica no Uso de Animais (CEUA).<\/p>\n<p>\u00c9 <strong>obrigat\u00f3ria<\/strong> a submiss\u00e3o dos projetos de pesquisa envolvendo animais. A pesquisa s\u00f3 pode ser iniciada ap\u00f3s a aprova\u00e7\u00e3o final da Comiss\u00e3o. Consulte o site da Comiss\u00e3o de \u00c9tica no Uso de Animais <a href=\"https:\/\/biot.fm.usp.br\/index.php\">aqui<\/a>.<\/p>\n<ul>\n<li><strong>Endere\u00e7o:<\/strong><br \/>\nAv. Dr. Arnaldo, 455 &#8211; Cerqueira C\u00e9sar &#8211; S\u00e3o Paulo &#8211; SP<br \/>\nCEP: 01246-903<\/li>\n<li><strong>Telefone\/Fax:<\/strong> +55 (11) 3061-8515<\/li>\n<li><strong>E-mail:<\/strong> ceua@fm.usp.br<\/li>\n<li><strong>Local de entrega dos Projetos:<\/strong><br \/>\nPr\u00e9dio do Biot\u00e9rio Central da FMUSP &#8211; 1\u00ba andar &#8211; Sala 2\u00a0 (A\/C Sra. V\u00e2nia)<\/li>\n<\/ul>\n","protected":false},"excerpt":{"rendered":"<p>Comiss\u00e3o de \u00c9tica em Pesquisa do Hospital das Cl\u00ednicas da Faculdade de Medicina da Universidade de S\u00e3o Paulo (CAPPesq) Todos os projetos de pesquisa envolvendo humanos precisam obrigatoriamente de aprecia\u00e7\u00e3o e aprova\u00e7\u00e3o do sistema CEP-Conep para sua execu\u00e7\u00e3o. Para mais informa\u00e7\u00f5es e submiss\u00e3o de projetos consulte o site da CAPPesq aqui. A esta CEP, s\u00e3o<a href=\"https:\/\/sites.usp.br\/ppgcm\/etica-em-pesquisa\/\">[&#8230;]<\/a><\/p>\n","protected":false},"author":24181,"featured_media":0,"parent":0,"menu_order":0,"comment_status":"closed","ping_status":"closed","template":"","meta":{"footnotes":"","_links_to":"","_links_to_target":""},"class_list":["post-1221","page","type-page","status-publish","hentry"],"yoast_head":"<!-- This site is optimized with the Yoast SEO plugin v27.3 - https:\/\/yoast.com\/product\/yoast-seo-wordpress\/ -->\n<title>\u00c9tica em Pesquisa - P\u00f3s-Gradua\u00e7\u00e3o em Ci\u00eancias M\u00e9dicas<\/title>\n<meta name=\"robots\" content=\"index, follow, max-snippet:-1, max-image-preview:large, max-video-preview:-1\" \/>\n<link rel=\"canonical\" href=\"https:\/\/sites.usp.br\/ppgcm\/etica-em-pesquisa\/\" \/>\n<meta name=\"twitter:label1\" content=\"Est. tempo de leitura\" \/>\n\t<meta name=\"twitter:data1\" content=\"2 minutos\" \/>\n<script type=\"application\/ld+json\" class=\"yoast-schema-graph\">{\"@context\":\"https:\\\/\\\/schema.org\",\"@graph\":[{\"@type\":\"WebPage\",\"@id\":\"https:\\\/\\\/sites.usp.br\\\/ppgcm\\\/etica-em-pesquisa\\\/\",\"url\":\"https:\\\/\\\/sites.usp.br\\\/ppgcm\\\/etica-em-pesquisa\\\/\",\"name\":\"\u00c9tica em Pesquisa - P\u00f3s-Gradua\u00e7\u00e3o em Ci\u00eancias M\u00e9dicas\",\"isPartOf\":{\"@id\":\"https:\\\/\\\/sites.usp.br\\\/ppgcm\\\/#website\"},\"datePublished\":\"2024-10-03T20:17:08+00:00\",\"dateModified\":\"2025-04-01T20:29:49+00:00\",\"inLanguage\":\"pt-BR\",\"potentialAction\":[{\"@type\":\"ReadAction\",\"target\":[\"https:\\\/\\\/sites.usp.br\\\/ppgcm\\\/etica-em-pesquisa\\\/\"]}]},{\"@type\":\"WebSite\",\"@id\":\"https:\\\/\\\/sites.usp.br\\\/ppgcm\\\/#website\",\"url\":\"https:\\\/\\\/sites.usp.br\\\/ppgcm\\\/\",\"name\":\"P\u00f3s-Gradua\u00e7\u00e3o em Ci\u00eancias M\u00e9dicas\",\"description\":\"| FMUSP |\",\"potentialAction\":[{\"@type\":\"SearchAction\",\"target\":{\"@type\":\"EntryPoint\",\"urlTemplate\":\"https:\\\/\\\/sites.usp.br\\\/ppgcm\\\/?s={search_term_string}\"},\"query-input\":{\"@type\":\"PropertyValueSpecification\",\"valueRequired\":true,\"valueName\":\"search_term_string\"}}],\"inLanguage\":\"pt-BR\"}]}<\/script>\n<!-- \/ Yoast SEO plugin. -->","yoast_head_json":{"title":"\u00c9tica em Pesquisa - P\u00f3s-Gradua\u00e7\u00e3o em Ci\u00eancias M\u00e9dicas","robots":{"index":"index","follow":"follow","max-snippet":"max-snippet:-1","max-image-preview":"max-image-preview:large","max-video-preview":"max-video-preview:-1"},"canonical":"https:\/\/sites.usp.br\/ppgcm\/etica-em-pesquisa\/","twitter_misc":{"Est. tempo de leitura":"2 minutos"},"schema":{"@context":"https:\/\/schema.org","@graph":[{"@type":"WebPage","@id":"https:\/\/sites.usp.br\/ppgcm\/etica-em-pesquisa\/","url":"https:\/\/sites.usp.br\/ppgcm\/etica-em-pesquisa\/","name":"\u00c9tica em Pesquisa - P\u00f3s-Gradua\u00e7\u00e3o em Ci\u00eancias M\u00e9dicas","isPartOf":{"@id":"https:\/\/sites.usp.br\/ppgcm\/#website"},"datePublished":"2024-10-03T20:17:08+00:00","dateModified":"2025-04-01T20:29:49+00:00","inLanguage":"pt-BR","potentialAction":[{"@type":"ReadAction","target":["https:\/\/sites.usp.br\/ppgcm\/etica-em-pesquisa\/"]}]},{"@type":"WebSite","@id":"https:\/\/sites.usp.br\/ppgcm\/#website","url":"https:\/\/sites.usp.br\/ppgcm\/","name":"P\u00f3s-Gradua\u00e7\u00e3o em Ci\u00eancias M\u00e9dicas","description":"| FMUSP |","potentialAction":[{"@type":"SearchAction","target":{"@type":"EntryPoint","urlTemplate":"https:\/\/sites.usp.br\/ppgcm\/?s={search_term_string}"},"query-input":{"@type":"PropertyValueSpecification","valueRequired":true,"valueName":"search_term_string"}}],"inLanguage":"pt-BR"}]}},"_links":{"self":[{"href":"https:\/\/sites.usp.br\/ppgcm\/wp-json\/wp\/v2\/pages\/1221","targetHints":{"allow":["GET"]}}],"collection":[{"href":"https:\/\/sites.usp.br\/ppgcm\/wp-json\/wp\/v2\/pages"}],"about":[{"href":"https:\/\/sites.usp.br\/ppgcm\/wp-json\/wp\/v2\/types\/page"}],"author":[{"embeddable":true,"href":"https:\/\/sites.usp.br\/ppgcm\/wp-json\/wp\/v2\/users\/24181"}],"replies":[{"embeddable":true,"href":"https:\/\/sites.usp.br\/ppgcm\/wp-json\/wp\/v2\/comments?post=1221"}],"version-history":[{"count":4,"href":"https:\/\/sites.usp.br\/ppgcm\/wp-json\/wp\/v2\/pages\/1221\/revisions"}],"predecessor-version":[{"id":1410,"href":"https:\/\/sites.usp.br\/ppgcm\/wp-json\/wp\/v2\/pages\/1221\/revisions\/1410"}],"wp:attachment":[{"href":"https:\/\/sites.usp.br\/ppgcm\/wp-json\/wp\/v2\/media?parent=1221"}],"curies":[{"name":"wp","href":"https:\/\/api.w.org\/{rel}","templated":true}]}}