{"id":1315,"date":"2025-03-18T11:12:38","date_gmt":"2025-03-18T13:12:38","guid":{"rendered":"https:\/\/sites.usp.br\/ppgcm\/?page_id=1315"},"modified":"2025-03-19T00:07:07","modified_gmt":"2025-03-19T02:07:07","slug":"extensao-cultura","status":"publish","type":"page","link":"https:\/\/sites.usp.br\/ppgcm\/extensao-cultura\/","title":{"rendered":"Extens\u00e3o e Cultura"},"content":{"rendered":"\t\t<div data-elementor-type=\"wp-page\" data-elementor-id=\"1315\" class=\"elementor elementor-1315\" data-elementor-post-type=\"page\">\n\t\t\t\t\t\t<section class=\"elementor-section elementor-top-section elementor-element elementor-element-71e1cba9 elementor-section-boxed elementor-section-height-default elementor-section-height-default\" data-id=\"71e1cba9\" data-element_type=\"section\">\n\t\t\t\t\t\t<div class=\"elementor-container elementor-column-gap-default\">\n\t\t\t\t\t<div class=\"elementor-column elementor-col-100 elementor-top-column elementor-element elementor-element-3cadc0ba\" data-id=\"3cadc0ba\" data-element_type=\"column\">\n\t\t\t<div class=\"elementor-widget-wrap elementor-element-populated\">\n\t\t\t\t\t\t<div class=\"elementor-element elementor-element-3cd8dc9d elementor-widget elementor-widget-text-editor\" data-id=\"3cd8dc9d\" data-element_type=\"widget\" data-widget_type=\"text-editor.default\">\n\t\t\t\t<div class=\"elementor-widget-container\">\n\t\t\t\t\t\t\t<p>Ao lado da pesquisa e do ensino, a extens\u00e3o \u00e9 um dos trip\u00e9s que sustentam as universidades: s\u00e3o as atividades que levam para a sociedade o conhecimento produzido nas institui\u00e7\u00f5es, por meio de cursos, eventos e presta\u00e7\u00e3o de servi\u00e7os, entre outros.<\/p><h4>Navegue pelas op\u00e7\u00f5es abaixo e conhe\u00e7a algumas iniciativas da USP para promover a <strong>intera\u00e7\u00e3o com a comunidade.<\/strong><\/h4>\t\t\t\t\t\t<\/div>\n\t\t\t\t<\/div>\n\t\t\t\t\t<\/div>\n\t\t<\/div>\n\t\t\t\t\t<\/div>\n\t\t<\/section>\n\t\t\t\t<section class=\"elementor-section elementor-top-section elementor-element elementor-element-97e3252 elementor-section-boxed elementor-section-height-default elementor-section-height-default\" data-id=\"97e3252\" data-element_type=\"section\">\n\t\t\t\t\t\t<div class=\"elementor-container elementor-column-gap-default\">\n\t\t\t\t\t<div class=\"elementor-column elementor-col-100 elementor-top-column elementor-element elementor-element-bf6a5bf\" data-id=\"bf6a5bf\" data-element_type=\"column\">\n\t\t\t<div class=\"elementor-widget-wrap elementor-element-populated\">\n\t\t\t\t\t\t<div class=\"elementor-element elementor-element-3813baa elementor-cta--skin-cover elementor-cta--valign-middle elementor-widget__width-initial elementor-animated-content elementor-bg-transform elementor-bg-transform-zoom-in elementor-widget elementor-widget-call-to-action\" data-id=\"3813baa\" data-element_type=\"widget\" data-widget_type=\"call-to-action.default\">\n\t\t\t\t<div class=\"elementor-widget-container\">\n\t\t\t\t\t<div class=\"elementor-cta\">\n\t\t\t\t\t<div class=\"elementor-cta__bg-wrapper\">\n\t\t\t\t<div class=\"elementor-cta__bg elementor-bg\" style=\"background-image: url(https:\/\/sites.usp.br\/ppgcm\/wp-content\/uploads\/sites\/670\/2025\/03\/Museus-Thumb-1024x683.jpg);\" role=\"img\" aria-label=\"Museus-Thumb\"><\/div>\n\t\t\t\t<div class=\"elementor-cta__bg-overlay\"><\/div>\n\t\t\t<\/div>\n\t\t\t\t\t\t\t<div class=\"elementor-cta__content\">\n\t\t\t\t\n\t\t\t\t\t\t\t\t\t<h1 class=\"elementor-cta__title elementor-cta__content-item elementor-content-item elementor-animated-item--fade-in\">\n\t\t\t\t\t\tCentros e Museus\t\t\t\t\t<\/h1>\n\t\t\t\t\n\t\t\t\t\t\t\t\t\t<div class=\"elementor-cta__description elementor-cta__content-item elementor-content-item elementor-animated-item--fade-in\">\n\t\t\t\t\t\tA USP mant\u00e9m centros e museus de arte, cultura e ci\u00eancia importantes para n\u00e3o s\u00f3 para a comunidade universit\u00e1ria, mas toda a sociedade. S\u00e3o espa\u00e7os abertos \u00e0 visita\u00e7\u00e3o do p\u00fablico em geral que abrigam atividades art\u00edsticas, hist\u00f3ricas e cient\u00edficas.\t\t\t\t\t<\/div>\n\t\t\t\t\n\t\t\t\t\t\t\t\t\t<div class=\"elementor-cta__button-wrapper elementor-cta__content-item elementor-content-item elementor-animated-item--fade-in\">\n\t\t\t\t\t<a class=\"elementor-cta__button elementor-button elementor-size-\" href=\"https:\/\/www5.usp.br\/extensao\/museus\/\">\n\t\t\t\t\t\tClique aqui\t\t\t\t\t<\/a>\n\t\t\t\t\t<\/div>\n\t\t\t\t\t\t\t<\/div>\n\t\t\t\t\t\t<\/div>\n\t\t\t\t<\/div>\n\t\t\t\t<\/div>\n\t\t\t\t\t<\/div>\n\t\t<\/div>\n\t\t\t\t\t<\/div>\n\t\t<\/section>\n\t\t\t\t<section class=\"elementor-section elementor-top-section elementor-element elementor-element-c611fef elementor-section-boxed elementor-section-height-default elementor-section-height-default\" data-id=\"c611fef\" data-element_type=\"section\">\n\t\t\t\t\t\t<div class=\"elementor-container elementor-column-gap-default\">\n\t\t\t\t\t<div class=\"elementor-column elementor-col-100 elementor-top-column elementor-element elementor-element-0ecc029\" data-id=\"0ecc029\" data-element_type=\"column\">\n\t\t\t<div class=\"elementor-widget-wrap elementor-element-populated\">\n\t\t\t\t\t\t<div class=\"elementor-element elementor-element-a8e5b84 elementor-cta--skin-cover elementor-widget__width-initial elementor-animated-content elementor-bg-transform elementor-bg-transform-zoom-in elementor-widget elementor-widget-call-to-action\" data-id=\"a8e5b84\" data-element_type=\"widget\" data-widget_type=\"call-to-action.default\">\n\t\t\t\t<div class=\"elementor-widget-container\">\n\t\t\t\t\t<div class=\"elementor-cta\">\n\t\t\t\t\t<div class=\"elementor-cta__bg-wrapper\">\n\t\t\t\t<div class=\"elementor-cta__bg elementor-bg\" style=\"background-image: url(https:\/\/sites.usp.br\/ppgcm\/wp-content\/uploads\/sites\/670\/2025\/03\/Artes-e-Esportes-Thumb.jpg);\" role=\"img\" aria-label=\"Artes e Esportes-Thumb\"><\/div>\n\t\t\t\t<div class=\"elementor-cta__bg-overlay\"><\/div>\n\t\t\t<\/div>\n\t\t\t\t\t\t\t<div class=\"elementor-cta__content\">\n\t\t\t\t\n\t\t\t\t\t\t\t\t\t<h1 class=\"elementor-cta__title elementor-cta__content-item elementor-content-item elementor-animated-item--fade-in\">\n\t\t\t\t\t\tArtes e Esportes\t\t\t\t\t<\/h1>\n\t\t\t\t\n\t\t\t\t\t\t\t\t\t<div class=\"elementor-cta__description elementor-cta__content-item elementor-content-item elementor-animated-item--fade-in\">\n\t\t\t\t\t\tA arte em suas mais diversas manifesta\u00e7\u00f5es est\u00e1 presente na Universidade. S\u00e3o espa\u00e7os, atividades e grupos que colocam a USP como centro de cria\u00e7\u00e3o e difus\u00e3o de m\u00fasica, cinema, teatro e outras express\u00f5es culturais. O esporte tamb\u00e9m tem espa\u00e7o na vida universit\u00e1ria, com espa\u00e7os criados para a pr\u00e1tica de exerc\u00edcios por toda a comunidade.\t\t\t\t\t<\/div>\n\t\t\t\t\n\t\t\t\t\t\t\t\t\t<div class=\"elementor-cta__button-wrapper elementor-cta__content-item elementor-content-item elementor-animated-item--fade-in\">\n\t\t\t\t\t<a class=\"elementor-cta__button elementor-button elementor-size-\" href=\"https:\/\/www5.usp.br\/extensao\/artes-e-esportes\/\">\n\t\t\t\t\t\tClique aqui\t\t\t\t\t<\/a>\n\t\t\t\t\t<\/div>\n\t\t\t\t\t\t\t<\/div>\n\t\t\t\t\t\t<\/div>\n\t\t\t\t<\/div>\n\t\t\t\t<\/div>\n\t\t\t\t\t<\/div>\n\t\t<\/div>\n\t\t\t\t\t<\/div>\n\t\t<\/section>\n\t\t\t\t<section class=\"elementor-section elementor-top-section elementor-element elementor-element-e45ec41 elementor-section-boxed elementor-section-height-default elementor-section-height-default\" data-id=\"e45ec41\" data-element_type=\"section\">\n\t\t\t\t\t\t<div class=\"elementor-container elementor-column-gap-default\">\n\t\t\t\t\t<div class=\"elementor-column elementor-col-100 elementor-top-column elementor-element elementor-element-32d925d\" data-id=\"32d925d\" data-element_type=\"column\">\n\t\t\t<div class=\"elementor-widget-wrap elementor-element-populated\">\n\t\t\t\t\t\t<div class=\"elementor-element elementor-element-86c5630 elementor-cta--skin-cover elementor-widget__width-initial elementor-animated-content elementor-bg-transform elementor-bg-transform-zoom-in elementor-widget elementor-widget-call-to-action\" data-id=\"86c5630\" data-element_type=\"widget\" data-widget_type=\"call-to-action.default\">\n\t\t\t\t<div class=\"elementor-widget-container\">\n\t\t\t\t\t<div class=\"elementor-cta\">\n\t\t\t\t\t<div class=\"elementor-cta__bg-wrapper\">\n\t\t\t\t<div class=\"elementor-cta__bg elementor-bg\" style=\"background-image: url(https:\/\/sites.usp.br\/ppgcm\/wp-content\/uploads\/sites\/670\/2025\/03\/Hospitais-Thumb-1024x683.jpg);\" role=\"img\" aria-label=\"Hospitais-Thumb\"><\/div>\n\t\t\t\t<div class=\"elementor-cta__bg-overlay\"><\/div>\n\t\t\t<\/div>\n\t\t\t\t\t\t\t<div class=\"elementor-cta__content\">\n\t\t\t\t\n\t\t\t\t\t\t\t\t\t<h1 class=\"elementor-cta__title elementor-cta__content-item elementor-content-item elementor-animated-item--fade-in\">\n\t\t\t\t\t\tHospitais\t\t\t\t\t<\/h1>\n\t\t\t\t\n\t\t\t\t\t\t\t\t\t<div class=\"elementor-cta__description elementor-cta__content-item elementor-content-item elementor-animated-item--fade-in\">\n\t\t\t\t\t\tA USP mant\u00e9m uma s\u00e9rie de servi\u00e7os na \u00e1rea da sa\u00fade, tanto para a comunidade USP quanto para o p\u00fablico externo. Entre eles, hospitais reconhecidos pela qualidade e que integram o atendimento ao ensino e \u00e0 pesquisa na Universidade.\t\t\t\t\t<\/div>\n\t\t\t\t\n\t\t\t\t\t\t\t\t\t<div class=\"elementor-cta__button-wrapper elementor-cta__content-item elementor-content-item elementor-animated-item--fade-in\">\n\t\t\t\t\t<a class=\"elementor-cta__button elementor-button elementor-size-\" href=\"http:\/\/www5.usp.br\/extensao\/saude\/\">\n\t\t\t\t\t\tClique aqui\t\t\t\t\t<\/a>\n\t\t\t\t\t<\/div>\n\t\t\t\t\t\t\t<\/div>\n\t\t\t\t\t\t<\/div>\n\t\t\t\t<\/div>\n\t\t\t\t<\/div>\n\t\t\t\t\t<\/div>\n\t\t<\/div>\n\t\t\t\t\t<\/div>\n\t\t<\/section>\n\t\t\t\t<\/div>\n\t\t","protected":false},"excerpt":{"rendered":"<p>Ao lado da pesquisa e do ensino, a extens\u00e3o \u00e9 um dos trip\u00e9s que sustentam as universidades: s\u00e3o as atividades que levam para a sociedade o conhecimento produzido nas institui\u00e7\u00f5es, por meio de cursos, eventos e presta\u00e7\u00e3o de servi\u00e7os, entre outros. Navegue pelas op\u00e7\u00f5es abaixo e conhe\u00e7a algumas iniciativas da USP para promover a intera\u00e7\u00e3o<a href=\"https:\/\/sites.usp.br\/ppgcm\/extensao-cultura\/\">[&#8230;]<\/a><\/p>\n","protected":false},"author":24519,"featured_media":0,"parent":0,"menu_order":0,"comment_status":"closed","ping_status":"closed","template":"","meta":{"footnotes":"","_links_to":"","_links_to_target":""},"class_list":["post-1315","page","type-page","status-publish","hentry"],"yoast_head":"<!-- This site is optimized with the Yoast SEO plugin v27.3 - https:\/\/yoast.com\/product\/yoast-seo-wordpress\/ -->\n<title>Extens\u00e3o e Cultura - P\u00f3s-Gradua\u00e7\u00e3o em Ci\u00eancias M\u00e9dicas<\/title>\n<meta name=\"robots\" content=\"index, follow, max-snippet:-1, max-image-preview:large, max-video-preview:-1\" \/>\n<link rel=\"canonical\" href=\"https:\/\/sites.usp.br\/ppgcm\/extensao-cultura\/\" \/>\n<meta name=\"twitter:label1\" content=\"Est. tempo de leitura\" \/>\n\t<meta name=\"twitter:data1\" content=\"1 minuto\" \/>\n<script type=\"application\/ld+json\" class=\"yoast-schema-graph\">{\"@context\":\"https:\\\/\\\/schema.org\",\"@graph\":[{\"@type\":\"WebPage\",\"@id\":\"https:\\\/\\\/sites.usp.br\\\/ppgcm\\\/extensao-cultura\\\/\",\"url\":\"https:\\\/\\\/sites.usp.br\\\/ppgcm\\\/extensao-cultura\\\/\",\"name\":\"Extens\u00e3o e Cultura - P\u00f3s-Gradua\u00e7\u00e3o em Ci\u00eancias M\u00e9dicas\",\"isPartOf\":{\"@id\":\"https:\\\/\\\/sites.usp.br\\\/ppgcm\\\/#website\"},\"datePublished\":\"2025-03-18T13:12:38+00:00\",\"dateModified\":\"2025-03-19T02:07:07+00:00\",\"inLanguage\":\"pt-BR\",\"potentialAction\":[{\"@type\":\"ReadAction\",\"target\":[\"https:\\\/\\\/sites.usp.br\\\/ppgcm\\\/extensao-cultura\\\/\"]}]},{\"@type\":\"WebSite\",\"@id\":\"https:\\\/\\\/sites.usp.br\\\/ppgcm\\\/#website\",\"url\":\"https:\\\/\\\/sites.usp.br\\\/ppgcm\\\/\",\"name\":\"P\u00f3s-Gradua\u00e7\u00e3o em Ci\u00eancias M\u00e9dicas\",\"description\":\"| FMUSP |\",\"potentialAction\":[{\"@type\":\"SearchAction\",\"target\":{\"@type\":\"EntryPoint\",\"urlTemplate\":\"https:\\\/\\\/sites.usp.br\\\/ppgcm\\\/?s={search_term_string}\"},\"query-input\":{\"@type\":\"PropertyValueSpecification\",\"valueRequired\":true,\"valueName\":\"search_term_string\"}}],\"inLanguage\":\"pt-BR\"}]}<\/script>\n<!-- \/ Yoast SEO plugin. -->","yoast_head_json":{"title":"Extens\u00e3o e Cultura - P\u00f3s-Gradua\u00e7\u00e3o em Ci\u00eancias M\u00e9dicas","robots":{"index":"index","follow":"follow","max-snippet":"max-snippet:-1","max-image-preview":"max-image-preview:large","max-video-preview":"max-video-preview:-1"},"canonical":"https:\/\/sites.usp.br\/ppgcm\/extensao-cultura\/","twitter_misc":{"Est. tempo de leitura":"1 minuto"},"schema":{"@context":"https:\/\/schema.org","@graph":[{"@type":"WebPage","@id":"https:\/\/sites.usp.br\/ppgcm\/extensao-cultura\/","url":"https:\/\/sites.usp.br\/ppgcm\/extensao-cultura\/","name":"Extens\u00e3o e Cultura - P\u00f3s-Gradua\u00e7\u00e3o em Ci\u00eancias M\u00e9dicas","isPartOf":{"@id":"https:\/\/sites.usp.br\/ppgcm\/#website"},"datePublished":"2025-03-18T13:12:38+00:00","dateModified":"2025-03-19T02:07:07+00:00","inLanguage":"pt-BR","potentialAction":[{"@type":"ReadAction","target":["https:\/\/sites.usp.br\/ppgcm\/extensao-cultura\/"]}]},{"@type":"WebSite","@id":"https:\/\/sites.usp.br\/ppgcm\/#website","url":"https:\/\/sites.usp.br\/ppgcm\/","name":"P\u00f3s-Gradua\u00e7\u00e3o em Ci\u00eancias M\u00e9dicas","description":"| FMUSP |","potentialAction":[{"@type":"SearchAction","target":{"@type":"EntryPoint","urlTemplate":"https:\/\/sites.usp.br\/ppgcm\/?s={search_term_string}"},"query-input":{"@type":"PropertyValueSpecification","valueRequired":true,"valueName":"search_term_string"}}],"inLanguage":"pt-BR"}]}},"_links":{"self":[{"href":"https:\/\/sites.usp.br\/ppgcm\/wp-json\/wp\/v2\/pages\/1315","targetHints":{"allow":["GET"]}}],"collection":[{"href":"https:\/\/sites.usp.br\/ppgcm\/wp-json\/wp\/v2\/pages"}],"about":[{"href":"https:\/\/sites.usp.br\/ppgcm\/wp-json\/wp\/v2\/types\/page"}],"author":[{"embeddable":true,"href":"https:\/\/sites.usp.br\/ppgcm\/wp-json\/wp\/v2\/users\/24519"}],"replies":[{"embeddable":true,"href":"https:\/\/sites.usp.br\/ppgcm\/wp-json\/wp\/v2\/comments?post=1315"}],"version-history":[{"count":4,"href":"https:\/\/sites.usp.br\/ppgcm\/wp-json\/wp\/v2\/pages\/1315\/revisions"}],"predecessor-version":[{"id":1364,"href":"https:\/\/sites.usp.br\/ppgcm\/wp-json\/wp\/v2\/pages\/1315\/revisions\/1364"}],"wp:attachment":[{"href":"https:\/\/sites.usp.br\/ppgcm\/wp-json\/wp\/v2\/media?parent=1315"}],"curies":[{"name":"wp","href":"https:\/\/api.w.org\/{rel}","templated":true}]}}