{"id":1330,"date":"2025-03-18T22:36:01","date_gmt":"2025-03-19T00:36:01","guid":{"rendered":"https:\/\/sites.usp.br\/ppgcm\/?page_id=1330"},"modified":"2025-04-08T19:35:34","modified_gmt":"2025-04-08T21:35:34","slug":"cursos-e-atividades","status":"publish","type":"page","link":"https:\/\/sites.usp.br\/ppgcm\/cursos-e-atividades\/","title":{"rendered":"Cursos e Atividades"},"content":{"rendered":"\t\t<div data-elementor-type=\"wp-page\" data-elementor-id=\"1330\" class=\"elementor elementor-1330\" data-elementor-post-type=\"page\">\n\t\t\t\t\t\t<section class=\"elementor-section elementor-top-section elementor-element elementor-element-393e5175 elementor-section-boxed elementor-section-height-default elementor-section-height-default\" data-id=\"393e5175\" data-element_type=\"section\">\n\t\t\t\t\t\t<div class=\"elementor-container elementor-column-gap-default\">\n\t\t\t\t\t<div class=\"elementor-column elementor-col-100 elementor-top-column elementor-element elementor-element-7ea270d5\" data-id=\"7ea270d5\" data-element_type=\"column\">\n\t\t\t<div class=\"elementor-widget-wrap elementor-element-populated\">\n\t\t\t\t\t\t<div class=\"elementor-element elementor-element-4dcb9e72 elementor-widget elementor-widget-text-editor\" data-id=\"4dcb9e72\" data-element_type=\"widget\" data-widget_type=\"text-editor.default\">\n\t\t\t\t<div class=\"elementor-widget-container\">\n\t\t\t\t\t\t\t<h5>Al\u00e9m de cursos de gradua\u00e7\u00e3o e de p\u00f3s-gradua\u00e7\u00e3o, a USP oferece\u00a0<strong>cursos e atividades de extens\u00e3o\u00a0<\/strong>nas mais diversas \u00e1reas do conhecimento. Alguns deles s\u00e3o oferecidos na modalidade a dist\u00e2ncia.<\/h5>\t\t\t\t\t\t<\/div>\n\t\t\t\t<\/div>\n\t\t\t\t\t<\/div>\n\t\t<\/div>\n\t\t\t\t\t<\/div>\n\t\t<\/section>\n\t\t\t\t<section class=\"elementor-section elementor-top-section elementor-element elementor-element-adc9ea9 elementor-section-boxed elementor-section-height-default elementor-section-height-default\" data-id=\"adc9ea9\" data-element_type=\"section\">\n\t\t\t\t\t\t<div class=\"elementor-container elementor-column-gap-default\">\n\t\t\t\t\t<div class=\"elementor-column elementor-col-100 elementor-top-column elementor-element elementor-element-40c243c\" data-id=\"40c243c\" data-element_type=\"column\">\n\t\t\t<div class=\"elementor-widget-wrap elementor-element-populated\">\n\t\t\t\t\t\t<div class=\"elementor-element elementor-element-3072568 elementor-widget elementor-widget-accordion\" data-id=\"3072568\" data-element_type=\"widget\" data-widget_type=\"accordion.default\">\n\t\t\t\t<div class=\"elementor-widget-container\">\n\t\t\t\t\t<div class=\"elementor-accordion\">\n\t\t\t\t\t\t\t<div class=\"elementor-accordion-item\">\n\t\t\t\t\t<div id=\"elementor-tab-title-5071\" class=\"elementor-tab-title\" data-tab=\"1\" role=\"button\" aria-controls=\"elementor-tab-content-5071\" aria-expanded=\"false\">\n\t\t\t\t\t\t\t\t\t\t\t\t\t<span class=\"elementor-accordion-icon elementor-accordion-icon-left\" aria-hidden=\"true\">\n\t\t\t\t\t\t\t\t\t\t\t\t\t\t\t<span class=\"elementor-accordion-icon-closed\"><i class=\"fas fa-plus\"><\/i><\/span>\n\t\t\t\t\t\t\t\t<span class=\"elementor-accordion-icon-opened\"><i class=\"fas fa-minus\"><\/i><\/span>\n\t\t\t\t\t\t\t\t\t\t\t\t\t\t<\/span>\n\t\t\t\t\t\t\t\t\t\t\t\t<a class=\"elementor-accordion-title\" tabindex=\"0\">Cursos de Extens\u00e3o<\/a>\n\t\t\t\t\t<\/div>\n\t\t\t\t\t<div id=\"elementor-tab-content-5071\" class=\"elementor-tab-content elementor-clearfix\" data-tab=\"1\" role=\"region\" aria-labelledby=\"elementor-tab-title-5071\"><h4>Os cursos de extens\u00e3o s\u00e3o divididos nas seguintes categorias:<\/h4><p><strong>Curso de aperfei\u00e7oamento: <\/strong>\u00e9 um sistema organizado de uma ou mais disciplinas, que visa aprofundar conhecimentos em campo determinado. Tem uma carga hor\u00e1ria m\u00ednima de 180 horas e \u00e9 voltado a graduados (<a href=\"https:\/\/uspdigital.usp.br\/apolo\/apoListarCursoModalidadeTipo?id_modalidade=2\">Acesse aqui<\/a>).<\/p><p><strong>Curso de atualiza\u00e7\u00e3o: <\/strong>tem como objetivo difundir o progresso do conhecimento em determinadas \u00e1reas ou disciplinas. Tem uma carga hor\u00e1ria m\u00ednima de 30 horas e \u00e9 voltado somente a graduados (<a href=\"https:\/\/uspdigital.usp.br\/apolo\/apoListarCursoModalidadeTipo?id_modalidade=3\">Acesse aqui<\/a>).<\/p><p><strong>Curso de difus\u00e3o: <\/strong>\u00e9 destinado ao p\u00fablico em geral e busca divulgar conhecimentos e t\u00e9cnicas \u00e0 comunidade. Tem uma carga hor\u00e1ria m\u00ednima de oito horas (<a href=\"https:\/\/uspdigital.usp.br\/apolo\/apoListarCursoModalidadeTipo?id_modalidade=4\">Acesse aqui<\/a>).<\/p><p><strong>Curso de especializa\u00e7\u00e3o: <\/strong>\u00e9 um sistema organizado de uma ou mais disciplinas, que visa formar profissionais qualificados para atender \u00e0 demanda em campo determinado de conhecimento. Tem uma carga hor\u00e1ria m\u00ednima de 360 horas, mais 40 horas de monografia e \u00e9 voltado somente a graduados (<a href=\"https:\/\/uspdigital.usp.br\/apolo\/apoListarCursoModalidadeTipo?id_modalidade=1\">Acesse aqui<\/a>).<\/p><\/div>\n\t\t\t\t<\/div>\n\t\t\t\t\t\t\t<div class=\"elementor-accordion-item\">\n\t\t\t\t\t<div id=\"elementor-tab-title-5072\" class=\"elementor-tab-title\" data-tab=\"2\" role=\"button\" aria-controls=\"elementor-tab-content-5072\" aria-expanded=\"false\">\n\t\t\t\t\t\t\t\t\t\t\t\t\t<span class=\"elementor-accordion-icon elementor-accordion-icon-left\" aria-hidden=\"true\">\n\t\t\t\t\t\t\t\t\t\t\t\t\t\t\t<span class=\"elementor-accordion-icon-closed\"><i class=\"fas fa-plus\"><\/i><\/span>\n\t\t\t\t\t\t\t\t<span class=\"elementor-accordion-icon-opened\"><i class=\"fas fa-minus\"><\/i><\/span>\n\t\t\t\t\t\t\t\t\t\t\t\t\t\t<\/span>\n\t\t\t\t\t\t\t\t\t\t\t\t<a class=\"elementor-accordion-title\" tabindex=\"0\">Atividades de Extens\u00e3o<\/a>\n\t\t\t\t\t<\/div>\n\t\t\t\t\t<div id=\"elementor-tab-content-5072\" class=\"elementor-tab-content elementor-clearfix\" data-tab=\"2\" role=\"region\" aria-labelledby=\"elementor-tab-title-5072\"><h4>As atividades de extens\u00e3o est\u00e3o divididas nas seguintes categorias:<\/h4><p><strong>Pr\u00e1tica profissionalizante:<\/strong> visa aprimorar o exerc\u00edcio da atividade profissional (<a href=\"https:\/\/uspdigital.usp.br\/apolo\/apoListarCursoModalidadeTipo?id_modalidade=6\">Acesse aqui<\/a>).<\/p><p><strong>Programa de atualiza\u00e7\u00e3o:<\/strong> visa desenvolver junto ao interessado conhecimento ou t\u00e9cnica em determinada \u00e1rea ou disciplina (<a href=\"https:\/\/uspdigital.usp.br\/apolo\/apoListarCursoModalidadeTipo?id_modalidade=7\">Acesse aqui<\/a>).<\/p><p><strong>Resid\u00eancia:<\/strong> visa o aprofundamento do conhecimento cient\u00edfico e profici\u00eancia t\u00e9cnica por meio de treinamento em servi\u00e7o e dever\u00e1 respeitar as normas vigentes sobre Resid\u00eancia no pa\u00eds (<a href=\"https:\/\/uspdigital.usp.br\/apolo\/apoListarCursoModalidadeTipo?id_modalidade=5\">Acesse aqui<\/a>).<\/p><p><strong>Resid\u00eancia em \u00e1rea profissional da sa\u00fade &#8211; <\/strong>modalidade multiprofissional (<a href=\"https:\/\/uspdigital.usp.br\/apolo\/apoListarCursoModalidadeTipo?id_modalidade=8\">Acesse aqui<\/a>).<\/p><p><strong>Resid\u00eancia em \u00e1rea profissional da sa\u00fade &#8211;<\/strong> modalidade uniprofissional (<a href=\"https:\/\/uspdigital.usp.br\/apolo\/apoListarCursoModalidadeTipo?id_modalidade=9\">Acesse aqui<\/a>).<\/p><\/div>\n\t\t\t\t<\/div>\n\t\t\t\t\t\t\t\t<\/div>\n\t\t\t\t<\/div>\n\t\t\t\t<\/div>\n\t\t\t\t\t<\/div>\n\t\t<\/div>\n\t\t\t\t\t<\/div>\n\t\t<\/section>\n\t\t\t\t<section class=\"elementor-section elementor-top-section elementor-element elementor-element-da40fbe elementor-section-boxed elementor-section-height-default elementor-section-height-default\" data-id=\"da40fbe\" data-element_type=\"section\">\n\t\t\t\t\t\t<div class=\"elementor-container elementor-column-gap-default\">\n\t\t\t\t\t<div class=\"elementor-column elementor-col-100 elementor-top-column elementor-element elementor-element-9822c39\" data-id=\"9822c39\" data-element_type=\"column\">\n\t\t\t<div class=\"elementor-widget-wrap elementor-element-populated\">\n\t\t\t\t\t\t<div class=\"elementor-element elementor-element-c59293c elementor-widget elementor-widget-text-editor\" data-id=\"c59293c\" data-element_type=\"widget\" data-widget_type=\"text-editor.default\">\n\t\t\t\t<div class=\"elementor-widget-container\">\n\t\t\t\t\t\t\t<h4><strong>Visite <a href=\"https:\/\/uspex.usp.br\/#\">aqui<\/a> o site da Pr\u00f3-Reitoria de Cultura e Extens\u00e3o Universit\u00e1ria da USP e conhe\u00e7a o cat\u00e1logo de cursos e atividades de extens\u00e3o dispon\u00edveis.<\/strong><\/h4>\t\t\t\t\t\t<\/div>\n\t\t\t\t<\/div>\n\t\t\t\t\t<\/div>\n\t\t<\/div>\n\t\t\t\t\t<\/div>\n\t\t<\/section>\n\t\t\t\t<\/div>\n\t\t","protected":false},"excerpt":{"rendered":"<p>Al\u00e9m de cursos de gradua\u00e7\u00e3o e de p\u00f3s-gradua\u00e7\u00e3o, a USP oferece\u00a0cursos e atividades de extens\u00e3o\u00a0nas mais diversas \u00e1reas do conhecimento. Alguns deles s\u00e3o oferecidos na modalidade a dist\u00e2ncia. Cursos de Extens\u00e3o Os cursos de extens\u00e3o s\u00e3o divididos nas seguintes categorias: Curso de aperfei\u00e7oamento: \u00e9 um sistema organizado de uma ou mais disciplinas, que visa aprofundar<a href=\"https:\/\/sites.usp.br\/ppgcm\/cursos-e-atividades\/\">[&#8230;]<\/a><\/p>\n","protected":false},"author":24519,"featured_media":0,"parent":0,"menu_order":0,"comment_status":"closed","ping_status":"closed","template":"","meta":{"footnotes":"","_links_to":"","_links_to_target":""},"class_list":["post-1330","page","type-page","status-publish","hentry"],"yoast_head":"<!-- This site is optimized with the Yoast SEO plugin v27.2 - https:\/\/yoast.com\/product\/yoast-seo-wordpress\/ -->\n<title>Cursos e Atividades - P\u00f3s-Gradua\u00e7\u00e3o em Ci\u00eancias M\u00e9dicas<\/title>\n<meta name=\"robots\" content=\"index, follow, max-snippet:-1, max-image-preview:large, max-video-preview:-1\" \/>\n<link rel=\"canonical\" href=\"https:\/\/sites.usp.br\/ppgcm\/cursos-e-atividades\/\" \/>\n<meta name=\"twitter:label1\" content=\"Est. tempo de leitura\" \/>\n\t<meta name=\"twitter:data1\" content=\"2 minutos\" \/>\n<script type=\"application\/ld+json\" class=\"yoast-schema-graph\">{\"@context\":\"https:\/\/schema.org\",\"@graph\":[{\"@type\":\"WebPage\",\"@id\":\"https:\/\/sites.usp.br\/ppgcm\/cursos-e-atividades\/\",\"url\":\"https:\/\/sites.usp.br\/ppgcm\/cursos-e-atividades\/\",\"name\":\"Cursos e Atividades - P\u00f3s-Gradua\u00e7\u00e3o em Ci\u00eancias M\u00e9dicas\",\"isPartOf\":{\"@id\":\"https:\/\/sites.usp.br\/ppgcm\/#website\"},\"datePublished\":\"2025-03-19T00:36:01+00:00\",\"dateModified\":\"2025-04-08T21:35:34+00:00\",\"inLanguage\":\"pt-BR\",\"potentialAction\":[{\"@type\":\"ReadAction\",\"target\":[\"https:\/\/sites.usp.br\/ppgcm\/cursos-e-atividades\/\"]}]},{\"@type\":\"WebSite\",\"@id\":\"https:\/\/sites.usp.br\/ppgcm\/#website\",\"url\":\"https:\/\/sites.usp.br\/ppgcm\/\",\"name\":\"P\u00f3s-Gradua\u00e7\u00e3o em Ci\u00eancias M\u00e9dicas\",\"description\":\"| FMUSP |\",\"potentialAction\":[{\"@type\":\"SearchAction\",\"target\":{\"@type\":\"EntryPoint\",\"urlTemplate\":\"https:\/\/sites.usp.br\/ppgcm\/?s={search_term_string}\"},\"query-input\":{\"@type\":\"PropertyValueSpecification\",\"valueRequired\":true,\"valueName\":\"search_term_string\"}}],\"inLanguage\":\"pt-BR\"}]}<\/script>\n<!-- \/ Yoast SEO plugin. -->","yoast_head_json":{"title":"Cursos e Atividades - P\u00f3s-Gradua\u00e7\u00e3o em Ci\u00eancias M\u00e9dicas","robots":{"index":"index","follow":"follow","max-snippet":"max-snippet:-1","max-image-preview":"max-image-preview:large","max-video-preview":"max-video-preview:-1"},"canonical":"https:\/\/sites.usp.br\/ppgcm\/cursos-e-atividades\/","twitter_misc":{"Est. tempo de leitura":"2 minutos"},"schema":{"@context":"https:\/\/schema.org","@graph":[{"@type":"WebPage","@id":"https:\/\/sites.usp.br\/ppgcm\/cursos-e-atividades\/","url":"https:\/\/sites.usp.br\/ppgcm\/cursos-e-atividades\/","name":"Cursos e Atividades - P\u00f3s-Gradua\u00e7\u00e3o em Ci\u00eancias M\u00e9dicas","isPartOf":{"@id":"https:\/\/sites.usp.br\/ppgcm\/#website"},"datePublished":"2025-03-19T00:36:01+00:00","dateModified":"2025-04-08T21:35:34+00:00","inLanguage":"pt-BR","potentialAction":[{"@type":"ReadAction","target":["https:\/\/sites.usp.br\/ppgcm\/cursos-e-atividades\/"]}]},{"@type":"WebSite","@id":"https:\/\/sites.usp.br\/ppgcm\/#website","url":"https:\/\/sites.usp.br\/ppgcm\/","name":"P\u00f3s-Gradua\u00e7\u00e3o em Ci\u00eancias M\u00e9dicas","description":"| FMUSP |","potentialAction":[{"@type":"SearchAction","target":{"@type":"EntryPoint","urlTemplate":"https:\/\/sites.usp.br\/ppgcm\/?s={search_term_string}"},"query-input":{"@type":"PropertyValueSpecification","valueRequired":true,"valueName":"search_term_string"}}],"inLanguage":"pt-BR"}]}},"_links":{"self":[{"href":"https:\/\/sites.usp.br\/ppgcm\/wp-json\/wp\/v2\/pages\/1330","targetHints":{"allow":["GET"]}}],"collection":[{"href":"https:\/\/sites.usp.br\/ppgcm\/wp-json\/wp\/v2\/pages"}],"about":[{"href":"https:\/\/sites.usp.br\/ppgcm\/wp-json\/wp\/v2\/types\/page"}],"author":[{"embeddable":true,"href":"https:\/\/sites.usp.br\/ppgcm\/wp-json\/wp\/v2\/users\/24519"}],"replies":[{"embeddable":true,"href":"https:\/\/sites.usp.br\/ppgcm\/wp-json\/wp\/v2\/comments?post=1330"}],"version-history":[{"count":4,"href":"https:\/\/sites.usp.br\/ppgcm\/wp-json\/wp\/v2\/pages\/1330\/revisions"}],"predecessor-version":[{"id":1560,"href":"https:\/\/sites.usp.br\/ppgcm\/wp-json\/wp\/v2\/pages\/1330\/revisions\/1560"}],"wp:attachment":[{"href":"https:\/\/sites.usp.br\/ppgcm\/wp-json\/wp\/v2\/media?parent=1330"}],"curies":[{"name":"wp","href":"https:\/\/api.w.org\/{rel}","templated":true}]}}