{"id":1413,"date":"2025-04-01T18:39:40","date_gmt":"2025-04-01T20:39:40","guid":{"rendered":"https:\/\/sites.usp.br\/ppgcm\/?page_id=1413"},"modified":"2025-04-14T22:38:47","modified_gmt":"2025-04-15T00:38:47","slug":"impacto-social","status":"publish","type":"page","link":"https:\/\/sites.usp.br\/ppgcm\/impacto-social\/","title":{"rendered":"Impacto Social"},"content":{"rendered":"\t\t<div data-elementor-type=\"wp-page\" data-elementor-id=\"1413\" class=\"elementor elementor-1413\" data-elementor-post-type=\"page\">\n\t\t\t\t\t\t<section class=\"elementor-section elementor-top-section elementor-element elementor-element-6d2f287 elementor-section-boxed elementor-section-height-default elementor-section-height-default\" data-id=\"6d2f287\" data-element_type=\"section\">\n\t\t\t\t\t\t<div class=\"elementor-container elementor-column-gap-default\">\n\t\t\t\t\t<div class=\"elementor-column elementor-col-100 elementor-top-column elementor-element elementor-element-068f1f2\" data-id=\"068f1f2\" data-element_type=\"column\">\n\t\t\t<div class=\"elementor-widget-wrap elementor-element-populated\">\n\t\t\t\t\t\t<div class=\"elementor-element elementor-element-f2724c1 elementor-widget elementor-widget-text-editor\" data-id=\"f2724c1\" data-element_type=\"widget\" data-widget_type=\"text-editor.default\">\n\t\t\t\t<div class=\"elementor-widget-container\">\n\t\t\t\t\t\t\t<h5><strong>O Programa de P\u00f3s-Gradua\u00e7\u00e3o em Ci\u00eancias M\u00e9dicas (PPG-CM) da Faculdade de Medicina da Universidade de S\u00e3o Paulo (FMUSP), situado no prestigiado complexo do Hospital das Cl\u00ednicas (HCFMUSP), \u00e9 um pilar de excel\u00eancia acad\u00eamica e impacto social no Brasil e no mundo. Como um dos 262 programas de p\u00f3s-gradua\u00e7\u00e3o da USP \u2014 universidade reconhecida mundialmente e respons\u00e1vel por 8% de todas as titula\u00e7\u00f5es de mestrado e doutorado no pa\u00eds \u2014 o PPG-CM representa um elo essencial entre ci\u00eancia, educa\u00e7\u00e3o, assist\u00eancia \u00e0 sa\u00fade e desenvolvimento humano.<\/strong><\/h5>\t\t\t\t\t\t<\/div>\n\t\t\t\t<\/div>\n\t\t\t\t\t<\/div>\n\t\t<\/div>\n\t\t\t\t\t<\/div>\n\t\t<\/section>\n\t\t\t\t<section class=\"elementor-section elementor-top-section elementor-element elementor-element-976e5ba elementor-section-boxed elementor-section-height-default elementor-section-height-default\" data-id=\"976e5ba\" data-element_type=\"section\">\n\t\t\t\t\t\t<div class=\"elementor-container elementor-column-gap-default\">\n\t\t\t\t\t<div class=\"elementor-column elementor-col-100 elementor-top-column elementor-element elementor-element-726e515\" data-id=\"726e515\" data-element_type=\"column\">\n\t\t\t<div class=\"elementor-widget-wrap elementor-element-populated\">\n\t\t\t\t\t\t<div class=\"elementor-element elementor-element-6a779b7 elementor-widget elementor-widget-html\" data-id=\"6a779b7\" data-element_type=\"widget\" data-widget_type=\"html.default\">\n\t\t\t\t<div class=\"elementor-widget-container\">\n\t\t\t<style>\n  .toggle-content {\n    max-height: 0;\n    transition: max-height 0.3s ease-out, opacity 0.3s ease-out;\n    opacity: 0;\n    padding-left: 8px;\n    margin-bottom: 24px;\n  }\n  .toggle-container {\n    display: flex;\n    align-items: center;\n  }\n  .toggle-button {\n    cursor: pointer;\n    border: none;\n    background: none;\n    color: #54595F;\n    font-size: 20px;\n    display: inline-flex;\n    align-items: center;\n    justify-content: center;\n    transition: transform 0.3s ease;\n  margin-top: -2px; \/* move up *\/\n  margin-left: -20px; \/* move left *\/\n  }\n  .toggle-button i {\n    transition: transform 0.3s ease;\n  }\n  .rotated i {\n    transform: rotate(180deg);\n  }\n  .expanded {\n    max-height: 500px;\n    opacity: 1;\n    transition: max-height 0.3s ease-in, opacity 0.3s ease-in;\n  }\n<\/style>\n\n    <div class=\"toggle-container\">\n      <h4><strong>O Sistema HC-FMUSP<\/h4><\/strong>\n      <button class=\"toggle-button\" onclick=\"toggleContent(this)\">\n        <i class=\"fa-solid fa-chevron-down\"><\/i>\n      <\/button>\n    <\/div>\n    <div class=\"toggle-content\">\n     <p>Integrado ao maior complexo hospitalar da Am\u00e9rica Latina, o PPG-CM usufrui de um ambiente \u00fanico, onde ensino, pesquisa e assist\u00eancia se entrela\u00e7am de forma din\u00e2mica. O sistema HC-FMUSP oferece infraestrutura tecnol\u00f3gica de ponta e uma rede multidisciplinar de profissionais altamente qualificados, o que potencializa o desenvolvimento de pesquisas de vanguarda e a forma\u00e7\u00e3o de l\u00edderes acad\u00eamicos comprometidos com a transforma\u00e7\u00e3o da realidade brasileira.<\/p>\n    <\/div>\n\n    <div class=\"toggle-container\">\n      <h4><strong>A Ci\u00eancia e o Impacto Social Direto<\/h4><\/strong>\n      <button class=\"toggle-button\" onclick=\"toggleContent(this)\">\n        <i class=\"fa-solid fa-chevron-down\"><\/i>\n      <\/button>\n    <\/div>\n    <div class=\"toggle-content\">\n      <p>Desde sua cria\u00e7\u00e3o, o Programa titulou numerosos mestres e doutores que, em suas pesquisas, buscaram solu\u00e7\u00f5es inovadoras para desafios concretos da sa\u00fade p\u00fablica, com foco nas necessidades locais, regionais e globais. Seus projetos promovem a colabora\u00e7\u00e3o entre diferentes \u00e1reas do saber, institui\u00e7\u00f5es nacionais e universidades internacionais, refor\u00e7ando a ci\u00eancia como ferramenta de impacto social direto.<\/p>\n    \n    <\/div>\n    \n    <div class=\"toggle-container\">\n      <h4><strong>Relev\u00e2ncia Global<\/h4><\/strong>\n      <button class=\"toggle-button\" onclick=\"toggleContent(this)\">\n        <i class=\"fa-solid fa-chevron-down\"><\/i>\n      <\/button>\n    <\/div>\n    <div class=\"toggle-content\">\n      <p>A relev\u00e2ncia global do PPG-CM \u00e9 evidenciada atrav\u00e9s de dados que rastreiam a presen\u00e7a da produ\u00e7\u00e3o cient\u00edfica em pol\u00edticas p\u00fablicas. No quadri\u00eanio 2021\u20132024, publica\u00e7\u00f5es de docentes do programa foram citadas em diretrizes de sa\u00fade e documentos oficiais em mais de 25 pa\u00edses, incluindo Reino Unido, Canad\u00e1, Austr\u00e1lia, EUA, Jap\u00e3o, Alemanha, Fran\u00e7a e Brasil, al\u00e9m de organiza\u00e7\u00f5es de prest\u00edgio como a Organiza\u00e7\u00e3o Mundial da Sa\u00fade (OMS), a Organiza\u00e7\u00e3o Pan-Americana da Sa\u00fade (PAHO), e o National Institute for Health and Care Excellence (NICE). O mapa anexo ilustra essa presen\u00e7a global, confirmando que a ci\u00eancia produzida no PPG-CM n\u00e3o apenas forma especialistas, mas transforma pol\u00edticas e vidas em escala internacional.<\/p>\n      \n    <\/div>\n\n<script>\n  function toggleContent(button) {\n    var content = button.parentElement.nextElementSibling;\n    \n    if (content.classList.contains(\"expanded\")) {\n      content.classList.remove(\"expanded\");\n      button.classList.remove(\"rotated\");\n    } else {\n      content.classList.add(\"expanded\");\n      button.classList.add(\"rotated\");\n    }\n  }\n<\/script>\n\t\t<\/div>\n\t\t\t\t<\/div>\n\t\t\t\t\t<\/div>\n\t\t<\/div>\n\t\t\t\t\t<\/div>\n\t\t<\/section>\n\t\t\t\t<section class=\"elementor-section elementor-top-section elementor-element elementor-element-977e02c elementor-section-boxed elementor-section-height-default elementor-section-height-default\" data-id=\"977e02c\" data-element_type=\"section\">\n\t\t\t\t\t\t<div class=\"elementor-container elementor-column-gap-default\">\n\t\t\t\t\t<div class=\"elementor-column elementor-col-100 elementor-top-column elementor-element elementor-element-b209fdf\" data-id=\"b209fdf\" data-element_type=\"column\">\n\t\t\t<div class=\"elementor-widget-wrap elementor-element-populated\">\n\t\t\t\t\t\t<div class=\"elementor-element elementor-element-a51c3ce elementor-widget__width-inherit elementor-widget elementor-widget-image\" data-id=\"a51c3ce\" data-element_type=\"widget\" data-widget_type=\"image.default\">\n\t\t\t\t<div class=\"elementor-widget-container\">\n\t\t\t\t\t\t\t\t\t\t<figure class=\"wp-caption\">\n\t\t\t\t\t\t\t\t\t\t<img fetchpriority=\"high\" decoding=\"async\" width=\"772\" height=\"463\" src=\"https:\/\/sites.usp.br\/ppgcm\/wp-content\/uploads\/sites\/670\/2025\/04\/Mapa-Overton-PPGCM.png\" class=\"attachment-2048x2048 size-2048x2048 wp-image-1674\" alt=\"\" srcset=\"https:\/\/sites.usp.br\/ppgcm\/wp-content\/uploads\/sites\/670\/2025\/04\/Mapa-Overton-PPGCM.png 772w, https:\/\/sites.usp.br\/ppgcm\/wp-content\/uploads\/sites\/670\/2025\/04\/Mapa-Overton-PPGCM-300x180.png 300w, https:\/\/sites.usp.br\/ppgcm\/wp-content\/uploads\/sites\/670\/2025\/04\/Mapa-Overton-PPGCM-768x461.png 768w, https:\/\/sites.usp.br\/ppgcm\/wp-content\/uploads\/sites\/670\/2025\/04\/Mapa-Overton-PPGCM-400x240.png 400w\" sizes=\"(max-width: 772px) 100vw, 772px\" \/>\t\t\t\t\t\t\t\t\t\t\t<figcaption class=\"widget-image-caption wp-caption-text\">Mapa representativo da utiliza\u00e7\u00e3o da produ\u00e7\u00e3o cient\u00edfica do PPG-CM no quadri\u00eanio 2021-2024 em pol\u00edticas p\u00fablicas e tomada de decis\u00e3o no mundo. A barra colorida abaixo do mapa indica a quantidade de vezes em que o artigo cient\u00edfico foi utilizado no pa\u00eds para implementar pol\u00edticas p\u00fablicas e\/ou tomada de decis\u00e3o estrat\u00e9gica.<\/figcaption>\n\t\t\t\t\t\t\t\t\t\t<\/figure>\n\t\t\t\t\t\t\t<\/div>\n\t\t\t\t<\/div>\n\t\t\t\t\t<\/div>\n\t\t<\/div>\n\t\t\t\t\t<\/div>\n\t\t<\/section>\n\t\t\t\t<section class=\"elementor-section elementor-top-section elementor-element elementor-element-4ee8875 elementor-section-boxed elementor-section-height-default elementor-section-height-default\" data-id=\"4ee8875\" data-element_type=\"section\">\n\t\t\t\t\t\t<div class=\"elementor-container elementor-column-gap-default\">\n\t\t\t\t\t<div class=\"elementor-column elementor-col-100 elementor-top-column elementor-element elementor-element-fb1a38f\" data-id=\"fb1a38f\" data-element_type=\"column\">\n\t\t\t<div class=\"elementor-widget-wrap elementor-element-populated\">\n\t\t\t\t\t\t<div class=\"elementor-element elementor-element-7f5e60d elementor-widget elementor-widget-text-editor\" data-id=\"7f5e60d\" data-element_type=\"widget\" data-widget_type=\"text-editor.default\">\n\t\t\t\t<div class=\"elementor-widget-container\">\n\t\t\t\t\t\t\t<p>O Programa de P\u00f3s-Gradua\u00e7\u00e3o em Ci\u00eancias M\u00e9dicas da FMUSP contribui, assim, para o fortalecimento do sistema de sa\u00fade, a eleva\u00e7\u00e3o dos indicadores cient\u00edficos nacionais, a promo\u00e7\u00e3o da qualidade de vida da popula\u00e7\u00e3o e a gera\u00e7\u00e3o de riqueza social e intelectual no Brasil. Sua trajet\u00f3ria \u00e9 marcada pelo compromisso com a ci\u00eancia que serve ao bem comum \u2014 localmente enraizada e globalmente reconhecida.<\/p>\t\t\t\t\t\t<\/div>\n\t\t\t\t<\/div>\n\t\t\t\t\t<\/div>\n\t\t<\/div>\n\t\t\t\t\t<\/div>\n\t\t<\/section>\n\t\t\t\t<\/div>\n\t\t","protected":false},"excerpt":{"rendered":"<p>O Programa de P\u00f3s-Gradua\u00e7\u00e3o em Ci\u00eancias M\u00e9dicas (PPG-CM) da Faculdade de Medicina da Universidade de S\u00e3o Paulo (FMUSP), situado no prestigiado complexo do Hospital das Cl\u00ednicas (HCFMUSP), \u00e9 um pilar de excel\u00eancia acad\u00eamica e impacto social no Brasil e no mundo. Como um dos 262 programas de p\u00f3s-gradua\u00e7\u00e3o da USP \u2014 universidade reconhecida mundialmente e<a href=\"https:\/\/sites.usp.br\/ppgcm\/impacto-social\/\">[&#8230;]<\/a><\/p>\n","protected":false},"author":24519,"featured_media":0,"parent":0,"menu_order":0,"comment_status":"closed","ping_status":"closed","template":"","meta":{"footnotes":"","_links_to":"","_links_to_target":""},"class_list":["post-1413","page","type-page","status-publish","hentry"],"yoast_head":"<!-- This site is optimized with the Yoast SEO plugin v27.3 - https:\/\/yoast.com\/product\/yoast-seo-wordpress\/ -->\n<title>Impacto Social - P\u00f3s-Gradua\u00e7\u00e3o em Ci\u00eancias M\u00e9dicas<\/title>\n<meta name=\"robots\" content=\"index, follow, max-snippet:-1, max-image-preview:large, max-video-preview:-1\" \/>\n<link rel=\"canonical\" href=\"https:\/\/sites.usp.br\/ppgcm\/impacto-social\/\" \/>\n<meta name=\"twitter:label1\" content=\"Est. tempo de leitura\" \/>\n\t<meta name=\"twitter:data1\" content=\"3 minutos\" \/>\n<script type=\"application\/ld+json\" class=\"yoast-schema-graph\">{\"@context\":\"https:\\\/\\\/schema.org\",\"@graph\":[{\"@type\":\"WebPage\",\"@id\":\"https:\\\/\\\/sites.usp.br\\\/ppgcm\\\/impacto-social\\\/\",\"url\":\"https:\\\/\\\/sites.usp.br\\\/ppgcm\\\/impacto-social\\\/\",\"name\":\"Impacto Social - P\u00f3s-Gradua\u00e7\u00e3o em Ci\u00eancias M\u00e9dicas\",\"isPartOf\":{\"@id\":\"https:\\\/\\\/sites.usp.br\\\/ppgcm\\\/#website\"},\"primaryImageOfPage\":{\"@id\":\"https:\\\/\\\/sites.usp.br\\\/ppgcm\\\/impacto-social\\\/#primaryimage\"},\"image\":{\"@id\":\"https:\\\/\\\/sites.usp.br\\\/ppgcm\\\/impacto-social\\\/#primaryimage\"},\"thumbnailUrl\":\"https:\\\/\\\/sites.usp.br\\\/ppgcm\\\/wp-content\\\/uploads\\\/sites\\\/670\\\/2025\\\/04\\\/Mapa-Overton-PPGCM.png\",\"datePublished\":\"2025-04-01T20:39:40+00:00\",\"dateModified\":\"2025-04-15T00:38:47+00:00\",\"inLanguage\":\"pt-BR\",\"potentialAction\":[{\"@type\":\"ReadAction\",\"target\":[\"https:\\\/\\\/sites.usp.br\\\/ppgcm\\\/impacto-social\\\/\"]}]},{\"@type\":\"ImageObject\",\"inLanguage\":\"pt-BR\",\"@id\":\"https:\\\/\\\/sites.usp.br\\\/ppgcm\\\/impacto-social\\\/#primaryimage\",\"url\":\"https:\\\/\\\/sites.usp.br\\\/ppgcm\\\/wp-content\\\/uploads\\\/sites\\\/670\\\/2025\\\/04\\\/Mapa-Overton-PPGCM.png\",\"contentUrl\":\"https:\\\/\\\/sites.usp.br\\\/ppgcm\\\/wp-content\\\/uploads\\\/sites\\\/670\\\/2025\\\/04\\\/Mapa-Overton-PPGCM.png\",\"width\":772,\"height\":463},{\"@type\":\"WebSite\",\"@id\":\"https:\\\/\\\/sites.usp.br\\\/ppgcm\\\/#website\",\"url\":\"https:\\\/\\\/sites.usp.br\\\/ppgcm\\\/\",\"name\":\"P\u00f3s-Gradua\u00e7\u00e3o em Ci\u00eancias M\u00e9dicas\",\"description\":\"| FMUSP |\",\"potentialAction\":[{\"@type\":\"SearchAction\",\"target\":{\"@type\":\"EntryPoint\",\"urlTemplate\":\"https:\\\/\\\/sites.usp.br\\\/ppgcm\\\/?s={search_term_string}\"},\"query-input\":{\"@type\":\"PropertyValueSpecification\",\"valueRequired\":true,\"valueName\":\"search_term_string\"}}],\"inLanguage\":\"pt-BR\"}]}<\/script>\n<!-- \/ Yoast SEO plugin. -->","yoast_head_json":{"title":"Impacto Social - P\u00f3s-Gradua\u00e7\u00e3o em Ci\u00eancias M\u00e9dicas","robots":{"index":"index","follow":"follow","max-snippet":"max-snippet:-1","max-image-preview":"max-image-preview:large","max-video-preview":"max-video-preview:-1"},"canonical":"https:\/\/sites.usp.br\/ppgcm\/impacto-social\/","twitter_misc":{"Est. tempo de leitura":"3 minutos"},"schema":{"@context":"https:\/\/schema.org","@graph":[{"@type":"WebPage","@id":"https:\/\/sites.usp.br\/ppgcm\/impacto-social\/","url":"https:\/\/sites.usp.br\/ppgcm\/impacto-social\/","name":"Impacto Social - P\u00f3s-Gradua\u00e7\u00e3o em Ci\u00eancias M\u00e9dicas","isPartOf":{"@id":"https:\/\/sites.usp.br\/ppgcm\/#website"},"primaryImageOfPage":{"@id":"https:\/\/sites.usp.br\/ppgcm\/impacto-social\/#primaryimage"},"image":{"@id":"https:\/\/sites.usp.br\/ppgcm\/impacto-social\/#primaryimage"},"thumbnailUrl":"https:\/\/sites.usp.br\/ppgcm\/wp-content\/uploads\/sites\/670\/2025\/04\/Mapa-Overton-PPGCM.png","datePublished":"2025-04-01T20:39:40+00:00","dateModified":"2025-04-15T00:38:47+00:00","inLanguage":"pt-BR","potentialAction":[{"@type":"ReadAction","target":["https:\/\/sites.usp.br\/ppgcm\/impacto-social\/"]}]},{"@type":"ImageObject","inLanguage":"pt-BR","@id":"https:\/\/sites.usp.br\/ppgcm\/impacto-social\/#primaryimage","url":"https:\/\/sites.usp.br\/ppgcm\/wp-content\/uploads\/sites\/670\/2025\/04\/Mapa-Overton-PPGCM.png","contentUrl":"https:\/\/sites.usp.br\/ppgcm\/wp-content\/uploads\/sites\/670\/2025\/04\/Mapa-Overton-PPGCM.png","width":772,"height":463},{"@type":"WebSite","@id":"https:\/\/sites.usp.br\/ppgcm\/#website","url":"https:\/\/sites.usp.br\/ppgcm\/","name":"P\u00f3s-Gradua\u00e7\u00e3o em Ci\u00eancias M\u00e9dicas","description":"| FMUSP |","potentialAction":[{"@type":"SearchAction","target":{"@type":"EntryPoint","urlTemplate":"https:\/\/sites.usp.br\/ppgcm\/?s={search_term_string}"},"query-input":{"@type":"PropertyValueSpecification","valueRequired":true,"valueName":"search_term_string"}}],"inLanguage":"pt-BR"}]}},"_links":{"self":[{"href":"https:\/\/sites.usp.br\/ppgcm\/wp-json\/wp\/v2\/pages\/1413","targetHints":{"allow":["GET"]}}],"collection":[{"href":"https:\/\/sites.usp.br\/ppgcm\/wp-json\/wp\/v2\/pages"}],"about":[{"href":"https:\/\/sites.usp.br\/ppgcm\/wp-json\/wp\/v2\/types\/page"}],"author":[{"embeddable":true,"href":"https:\/\/sites.usp.br\/ppgcm\/wp-json\/wp\/v2\/users\/24519"}],"replies":[{"embeddable":true,"href":"https:\/\/sites.usp.br\/ppgcm\/wp-json\/wp\/v2\/comments?post=1413"}],"version-history":[{"count":4,"href":"https:\/\/sites.usp.br\/ppgcm\/wp-json\/wp\/v2\/pages\/1413\/revisions"}],"predecessor-version":[{"id":1689,"href":"https:\/\/sites.usp.br\/ppgcm\/wp-json\/wp\/v2\/pages\/1413\/revisions\/1689"}],"wp:attachment":[{"href":"https:\/\/sites.usp.br\/ppgcm\/wp-json\/wp\/v2\/media?parent=1413"}],"curies":[{"name":"wp","href":"https:\/\/api.w.org\/{rel}","templated":true}]}}