{"id":1449,"date":"2025-04-08T12:13:22","date_gmt":"2025-04-08T14:13:22","guid":{"rendered":"https:\/\/sites.usp.br\/ppgcm\/?page_id=1449"},"modified":"2025-04-16T22:23:13","modified_gmt":"2025-04-17T00:23:13","slug":"sobre-o-programa","status":"publish","type":"page","link":"https:\/\/sites.usp.br\/ppgcm\/sobre-o-programa\/","title":{"rendered":"Sobre o Programa"},"content":{"rendered":"\t\t<div data-elementor-type=\"wp-page\" data-elementor-id=\"1449\" class=\"elementor elementor-1449\" data-elementor-post-type=\"page\">\n\t\t\t\t\t\t<section class=\"elementor-section elementor-top-section elementor-element elementor-element-c8c3be3 elementor-section-boxed elementor-section-height-default elementor-section-height-default\" data-id=\"c8c3be3\" data-element_type=\"section\">\n\t\t\t\t\t\t<div class=\"elementor-container elementor-column-gap-default\">\n\t\t\t\t\t<div class=\"elementor-column elementor-col-100 elementor-top-column elementor-element elementor-element-2280e14\" data-id=\"2280e14\" data-element_type=\"column\">\n\t\t\t<div class=\"elementor-widget-wrap elementor-element-populated\">\n\t\t\t\t\t\t<div class=\"elementor-element elementor-element-817be2a elementor-widget__width-inherit elementor-widget elementor-widget-image\" data-id=\"817be2a\" data-element_type=\"widget\" data-widget_type=\"image.default\">\n\t\t\t\t<div class=\"elementor-widget-container\">\n\t\t\t\t\t\t\t\t\t\t\t\t\t<img fetchpriority=\"high\" decoding=\"async\" width=\"1150\" height=\"330\" src=\"https:\/\/sites.usp.br\/ppgcm\/wp-content\/uploads\/sites\/670\/2025\/04\/Capa-FMUSP.png\" class=\"attachment-full size-full wp-image-1450\" alt=\"\" srcset=\"https:\/\/sites.usp.br\/ppgcm\/wp-content\/uploads\/sites\/670\/2025\/04\/Capa-FMUSP.png 1150w, https:\/\/sites.usp.br\/ppgcm\/wp-content\/uploads\/sites\/670\/2025\/04\/Capa-FMUSP-300x86.png 300w, https:\/\/sites.usp.br\/ppgcm\/wp-content\/uploads\/sites\/670\/2025\/04\/Capa-FMUSP-1024x294.png 1024w, https:\/\/sites.usp.br\/ppgcm\/wp-content\/uploads\/sites\/670\/2025\/04\/Capa-FMUSP-768x220.png 768w, https:\/\/sites.usp.br\/ppgcm\/wp-content\/uploads\/sites\/670\/2025\/04\/Capa-FMUSP-400x115.png 400w\" sizes=\"(max-width: 1150px) 100vw, 1150px\" \/>\t\t\t\t\t\t\t\t\t\t\t\t\t<\/div>\n\t\t\t\t<\/div>\n\t\t\t\t\t<\/div>\n\t\t<\/div>\n\t\t\t\t\t<\/div>\n\t\t<\/section>\n\t\t\t\t<section class=\"elementor-section elementor-top-section elementor-element elementor-element-35464ab elementor-section-boxed elementor-section-height-default elementor-section-height-default\" data-id=\"35464ab\" data-element_type=\"section\">\n\t\t\t\t\t\t<div class=\"elementor-container elementor-column-gap-default\">\n\t\t\t\t\t<div class=\"elementor-column elementor-col-100 elementor-top-column elementor-element elementor-element-8dcb699\" data-id=\"8dcb699\" data-element_type=\"column\">\n\t\t\t<div class=\"elementor-widget-wrap elementor-element-populated\">\n\t\t\t\t\t\t<div class=\"elementor-element elementor-element-c6a3899 elementor-widget elementor-widget-html\" data-id=\"c6a3899\" data-element_type=\"widget\" data-widget_type=\"html.default\">\n\t\t\t\t<div class=\"elementor-widget-container\">\n\t\t\t<style>\n  .toggle-content {\n    max-height: 0;\n    transition: max-height 0.3s ease-out, opacity 0.3s ease-out;\n    opacity: 0;\n    padding-left: 8px;\n    margin-bottom: 24px;\n  }\n  .toggle-container {\n    display: flex;\n    align-items: center;\n  }\n  .toggle-button {\n    cursor: pointer;\n    border: none;\n    background: none;\n    color: #54595F;\n    font-size: 20px;\n    display: inline-flex;\n    align-items: center;\n    justify-content: center;\n    transition: transform 0.3s ease;\n  margin-top: -2px; \/* move up *\/\n  margin-left: -20px; \/* move left *\/\n  }\n  .toggle-button i {\n    transition: transform 0.3s ease;\n  }\n  .rotated i {\n    transform: rotate(180deg);\n  }\n  .expanded {\n    max-height: 500px;\n    opacity: 1;\n    transition: max-height 0.3s ease-in, opacity 0.3s ease-in;\n  }\n<\/style>\n\n\n    <div class=\"toggle-container\">\n      <h2>Hist\u00f3rico<\/h2>\n      <button class=\"toggle-button\" onclick=\"toggleContent(this)\">\n        <i class=\"fa-solid fa-chevron-down\"><\/i>\n      <\/button>\n    <\/div>\n    <div class=\"toggle-content\">\n      <p>O Curso de P\u00f3s-Gradua\u00e7\u00e3o em Ci\u00eancias M\u00e9dicas, estrito senso, re\u00fane v\u00e1rias disciplinas do Departamento de Cl\u00ednica M\u00e9dica: Emerg\u00eancias Cl\u00ednicas; Reumatologia; Hematologia, Hemoterapia e Terapia Celular; Cl\u00ednica Geral; Geriatria, Ensino M\u00e9dico.<\/p>\n\n\n<p>Criado em 2007, com os n\u00edveis de Doutorado e Mestrado, o objetivo do Curso de P\u00f3s-Gradua\u00e7\u00e3o em Ci\u00eancias M\u00e9dicas foi aglutinar programas interdisciplinares para que abriguem uma maior massa cr\u00edtica nas diferentes linhas de pesquisa. O programa \u00e9 centrado na rela\u00e7\u00e3o orientador-orientando com uma nova concep\u00e7\u00e3o de constru\u00e7\u00e3o do conhecimento cient\u00edfico, buscando-se as interfaces\/fronteiras entre as diversas \u00e1reas do conhecimento que comp\u00f5em este programa, e com outras que fa\u00e7am interface com as quest\u00f5es a serem investigadas.<\/p>\n    <\/div>\n \n    <div class=\"toggle-container\">\n      <h2>Objetivo<\/h2>\n      <button class=\"toggle-button\" onclick=\"toggleContent(this)\">\n        <i class=\"fa-solid fa-chevron-down\"><\/i>\n      <\/button>\n    <\/div>\n    <div class=\"toggle-content\">\n      <p>O Programa de P\u00f3s-Gradua\u00e7\u00e3o em Ci\u00eancias M\u00e9dicas (PPG-CM) da Faculdade de Medicina da Universidade de S\u00e3o Paulo tem como objetivo formar mestres e doutores altamente qualificados para o exerc\u00edcio da doc\u00eancia e da pesquisa cient\u00edfica, com capacidade cr\u00edtica e vis\u00e3o interdisciplinar da ci\u00eancia e produ\u00e7\u00e3o de conhecimento cient\u00edfico inovador.<\/p>\n    <\/div>\n \n    <div class=\"toggle-container\">\n      <h2>Miss\u00e3o<\/h2>\n      <button class=\"toggle-button\" onclick=\"toggleContent(this)\">\n        <i class=\"fa-solid fa-chevron-down\"><\/i>\n      <\/button>\n    <\/div>\n    <div class=\"toggle-content\">\n      <p>Sua miss\u00e3o \u00e9 formar pesquisadores e docentes, produzir e disseminar conhecimento cient\u00edfico de qualidade e promover inova\u00e7\u00e3o na \u00e1rea da sa\u00fade, contribuindo para o avan\u00e7o da sociedade.<\/p>\n\n<p>A miss\u00e3o est\u00e1 alinhada \u00e0 sua vis\u00e3o de ser reconhecido nacional e internacionalmente como programa de excel\u00eancia na forma\u00e7\u00e3o de recursos humanos, produ\u00e7\u00e3o de conhecimento cient\u00edfico inovador e promo\u00e7\u00e3o de impactos positivos na sa\u00fade e na sociedade, visando o avan\u00e7o da ci\u00eancia e a melhoria da qualidade de vida.<\/p>\n    <\/div>\n  \n    <div class=\"toggle-container\">\n      <h2>Valores<\/h2>\n      <button class=\"toggle-button\" onclick=\"toggleContent(this)\">\n        <i class=\"fa-solid fa-chevron-down\"><\/i>\n      <\/button>\n    <\/div>\n    <div class=\"toggle-content\">\n      <p>O PPG-CM baseia-se em valores fundamentais:<\/p>\n\n<p>\u2022 Excel\u00eancia acad\u00eamica e cient\u00edfica, garantindo a qualidade na forma\u00e7\u00e3o e pesquisa;<\/p>\n\n<p>\u2022 Interdisciplinaridade e colabora\u00e7\u00e3o, promovendo a integra\u00e7\u00e3o de saberes e a constru\u00e7\u00e3o de redes de conhecimento;<\/p>\n\n<p>\u2022 Inova\u00e7\u00e3o e criatividade, incentivando a aplica\u00e7\u00e3o de novas tecnologias e abordagens;<\/p>\n\n<p>\u2022 \u00c9tica e integridade, assegurando transpar\u00eancia e respeito aos princ\u00edpios \u00e9ticos;<\/p>\n\n<p>\u2022 Diversidade e inclus\u00e3o social, valorizando a equidade e a pluralidade de ideias e perspectivas;<\/p>\n\n<p>\u2022 Impacto social, direcionando o conhecimento cient\u00edfico para solu\u00e7\u00e3o de problemas de sa\u00fade p\u00fablica;<\/p>\n\n<p>\u2022 Internacionaliza\u00e7\u00e3o, ampliando participa\u00e7\u00e3o em redes globais de pesquisa e colabora\u00e7\u00e3o;<\/p>\n\n<p>\u2022 Forma\u00e7\u00e3o integral, preparando profissionais cr\u00edticos, reflexivos e socialmente respons\u00e1veis.<\/p>\n    <\/div>\n  \n    <div class=\"toggle-container\">\n      <h2>Estrutura<\/h2>\n      <button class=\"toggle-button\" onclick=\"toggleContent(this)\">\n        <i class=\"fa-solid fa-chevron-down\"><\/i>\n      <\/button>\n    <\/div>\n    <div class=\"toggle-content\">\n      <p>O Programa de P\u00f3s Gradua\u00e7\u00e3o em Ci\u00eancias M\u00e9dicas estrutura-se em cinco \u00e1reas de concentra\u00e7\u00e3o, 31 linhas de pesquisa e 43 orientadores permanentes.<\/p>\n\n<p>Para conhecer melhor a estrutura do PPG-CM, navegue pela aba superior em \"In\u00edcio\" > \"Estrutura do Programa\u201d.<\/p>\n\n<p><h4><strong>Nota CAPES 5<\/p><\/h4><\/strong>\n    <\/div>\n  <\/li>\n<\/ul>\n\n<script>\n  function toggleContent(button) {\n    var content = button.parentElement.nextElementSibling;\n    \n    if (content.classList.contains(\"expanded\")) {\n      content.classList.remove(\"expanded\");\n      button.classList.remove(\"rotated\");\n    } else {\n      content.classList.add(\"expanded\");\n      button.classList.add(\"rotated\");\n    }\n  }\n<\/script>\n\t\t<\/div>\n\t\t\t\t<\/div>\n\t\t\t\t\t<\/div>\n\t\t<\/div>\n\t\t\t\t\t<\/div>\n\t\t<\/section>\n\t\t\t\t<section class=\"elementor-section elementor-top-section elementor-element elementor-element-3126516 elementor-section-boxed elementor-section-height-default elementor-section-height-default\" data-id=\"3126516\" data-element_type=\"section\">\n\t\t\t\t\t\t<div class=\"elementor-container elementor-column-gap-default\">\n\t\t\t\t\t<div class=\"elementor-column elementor-col-100 elementor-top-column elementor-element elementor-element-29d0bf5\" data-id=\"29d0bf5\" data-element_type=\"column\">\n\t\t\t<div class=\"elementor-widget-wrap elementor-element-populated\">\n\t\t\t\t\t\t<div class=\"elementor-element elementor-element-40af644 elementor-widget elementor-widget-text-editor\" data-id=\"40af644\" data-element_type=\"widget\" data-widget_type=\"text-editor.default\">\n\t\t\t\t<div class=\"elementor-widget-container\">\n\t\t\t\t\t\t\t<h5><strong><a href=\"#\">Voltar para o topo<\/a><\/strong><\/h5>\t\t\t\t\t\t<\/div>\n\t\t\t\t<\/div>\n\t\t\t\t\t<\/div>\n\t\t<\/div>\n\t\t\t\t\t<\/div>\n\t\t<\/section>\n\t\t\t\t<\/div>\n\t\t","protected":false},"excerpt":{"rendered":"<p>Hist\u00f3rico O Curso de P\u00f3s-Gradua\u00e7\u00e3o em Ci\u00eancias M\u00e9dicas, estrito senso, re\u00fane v\u00e1rias disciplinas do Departamento de Cl\u00ednica M\u00e9dica: Emerg\u00eancias Cl\u00ednicas; Reumatologia; Hematologia, Hemoterapia e Terapia Celular; Cl\u00ednica Geral; Geriatria, Ensino M\u00e9dico. Criado em 2007, com os n\u00edveis de Doutorado e Mestrado, o objetivo do Curso de P\u00f3s-Gradua\u00e7\u00e3o em Ci\u00eancias M\u00e9dicas foi aglutinar programas interdisciplinares para<a href=\"https:\/\/sites.usp.br\/ppgcm\/sobre-o-programa\/\">[&#8230;]<\/a><\/p>\n","protected":false},"author":24519,"featured_media":0,"parent":0,"menu_order":0,"comment_status":"closed","ping_status":"closed","template":"","meta":{"footnotes":"","_links_to":"","_links_to_target":""},"class_list":["post-1449","page","type-page","status-publish","hentry"],"yoast_head":"<!-- This site is optimized with the Yoast SEO plugin v27.2 - https:\/\/yoast.com\/product\/yoast-seo-wordpress\/ -->\n<title>Sobre o Programa - P\u00f3s-Gradua\u00e7\u00e3o em Ci\u00eancias M\u00e9dicas<\/title>\n<meta name=\"robots\" content=\"index, follow, max-snippet:-1, max-image-preview:large, max-video-preview:-1\" \/>\n<link rel=\"canonical\" href=\"https:\/\/sites.usp.br\/ppgcm\/sobre-o-programa\/\" \/>\n<meta name=\"twitter:label1\" content=\"Est. tempo de leitura\" \/>\n\t<meta name=\"twitter:data1\" content=\"2 minutos\" \/>\n<script type=\"application\/ld+json\" class=\"yoast-schema-graph\">{\"@context\":\"https:\/\/schema.org\",\"@graph\":[{\"@type\":\"WebPage\",\"@id\":\"https:\/\/sites.usp.br\/ppgcm\/sobre-o-programa\/\",\"url\":\"https:\/\/sites.usp.br\/ppgcm\/sobre-o-programa\/\",\"name\":\"Sobre o Programa - P\u00f3s-Gradua\u00e7\u00e3o em Ci\u00eancias M\u00e9dicas\",\"isPartOf\":{\"@id\":\"https:\/\/sites.usp.br\/ppgcm\/#website\"},\"primaryImageOfPage\":{\"@id\":\"https:\/\/sites.usp.br\/ppgcm\/sobre-o-programa\/#primaryimage\"},\"image\":{\"@id\":\"https:\/\/sites.usp.br\/ppgcm\/sobre-o-programa\/#primaryimage\"},\"thumbnailUrl\":\"https:\/\/sites.usp.br\/ppgcm\/wp-content\/uploads\/sites\/670\/2025\/04\/Capa-FMUSP.png\",\"datePublished\":\"2025-04-08T14:13:22+00:00\",\"dateModified\":\"2025-04-17T00:23:13+00:00\",\"inLanguage\":\"pt-BR\",\"potentialAction\":[{\"@type\":\"ReadAction\",\"target\":[\"https:\/\/sites.usp.br\/ppgcm\/sobre-o-programa\/\"]}]},{\"@type\":\"ImageObject\",\"inLanguage\":\"pt-BR\",\"@id\":\"https:\/\/sites.usp.br\/ppgcm\/sobre-o-programa\/#primaryimage\",\"url\":\"https:\/\/sites.usp.br\/ppgcm\/wp-content\/uploads\/sites\/670\/2025\/04\/Capa-FMUSP.png\",\"contentUrl\":\"https:\/\/sites.usp.br\/ppgcm\/wp-content\/uploads\/sites\/670\/2025\/04\/Capa-FMUSP.png\",\"width\":1150,\"height\":330},{\"@type\":\"WebSite\",\"@id\":\"https:\/\/sites.usp.br\/ppgcm\/#website\",\"url\":\"https:\/\/sites.usp.br\/ppgcm\/\",\"name\":\"P\u00f3s-Gradua\u00e7\u00e3o em Ci\u00eancias M\u00e9dicas\",\"description\":\"| FMUSP |\",\"potentialAction\":[{\"@type\":\"SearchAction\",\"target\":{\"@type\":\"EntryPoint\",\"urlTemplate\":\"https:\/\/sites.usp.br\/ppgcm\/?s={search_term_string}\"},\"query-input\":{\"@type\":\"PropertyValueSpecification\",\"valueRequired\":true,\"valueName\":\"search_term_string\"}}],\"inLanguage\":\"pt-BR\"}]}<\/script>\n<!-- \/ Yoast SEO plugin. -->","yoast_head_json":{"title":"Sobre o Programa - P\u00f3s-Gradua\u00e7\u00e3o em Ci\u00eancias M\u00e9dicas","robots":{"index":"index","follow":"follow","max-snippet":"max-snippet:-1","max-image-preview":"max-image-preview:large","max-video-preview":"max-video-preview:-1"},"canonical":"https:\/\/sites.usp.br\/ppgcm\/sobre-o-programa\/","twitter_misc":{"Est. tempo de leitura":"2 minutos"},"schema":{"@context":"https:\/\/schema.org","@graph":[{"@type":"WebPage","@id":"https:\/\/sites.usp.br\/ppgcm\/sobre-o-programa\/","url":"https:\/\/sites.usp.br\/ppgcm\/sobre-o-programa\/","name":"Sobre o Programa - P\u00f3s-Gradua\u00e7\u00e3o em Ci\u00eancias M\u00e9dicas","isPartOf":{"@id":"https:\/\/sites.usp.br\/ppgcm\/#website"},"primaryImageOfPage":{"@id":"https:\/\/sites.usp.br\/ppgcm\/sobre-o-programa\/#primaryimage"},"image":{"@id":"https:\/\/sites.usp.br\/ppgcm\/sobre-o-programa\/#primaryimage"},"thumbnailUrl":"https:\/\/sites.usp.br\/ppgcm\/wp-content\/uploads\/sites\/670\/2025\/04\/Capa-FMUSP.png","datePublished":"2025-04-08T14:13:22+00:00","dateModified":"2025-04-17T00:23:13+00:00","inLanguage":"pt-BR","potentialAction":[{"@type":"ReadAction","target":["https:\/\/sites.usp.br\/ppgcm\/sobre-o-programa\/"]}]},{"@type":"ImageObject","inLanguage":"pt-BR","@id":"https:\/\/sites.usp.br\/ppgcm\/sobre-o-programa\/#primaryimage","url":"https:\/\/sites.usp.br\/ppgcm\/wp-content\/uploads\/sites\/670\/2025\/04\/Capa-FMUSP.png","contentUrl":"https:\/\/sites.usp.br\/ppgcm\/wp-content\/uploads\/sites\/670\/2025\/04\/Capa-FMUSP.png","width":1150,"height":330},{"@type":"WebSite","@id":"https:\/\/sites.usp.br\/ppgcm\/#website","url":"https:\/\/sites.usp.br\/ppgcm\/","name":"P\u00f3s-Gradua\u00e7\u00e3o em Ci\u00eancias M\u00e9dicas","description":"| FMUSP |","potentialAction":[{"@type":"SearchAction","target":{"@type":"EntryPoint","urlTemplate":"https:\/\/sites.usp.br\/ppgcm\/?s={search_term_string}"},"query-input":{"@type":"PropertyValueSpecification","valueRequired":true,"valueName":"search_term_string"}}],"inLanguage":"pt-BR"}]}},"_links":{"self":[{"href":"https:\/\/sites.usp.br\/ppgcm\/wp-json\/wp\/v2\/pages\/1449","targetHints":{"allow":["GET"]}}],"collection":[{"href":"https:\/\/sites.usp.br\/ppgcm\/wp-json\/wp\/v2\/pages"}],"about":[{"href":"https:\/\/sites.usp.br\/ppgcm\/wp-json\/wp\/v2\/types\/page"}],"author":[{"embeddable":true,"href":"https:\/\/sites.usp.br\/ppgcm\/wp-json\/wp\/v2\/users\/24519"}],"replies":[{"embeddable":true,"href":"https:\/\/sites.usp.br\/ppgcm\/wp-json\/wp\/v2\/comments?post=1449"}],"version-history":[{"count":4,"href":"https:\/\/sites.usp.br\/ppgcm\/wp-json\/wp\/v2\/pages\/1449\/revisions"}],"predecessor-version":[{"id":1773,"href":"https:\/\/sites.usp.br\/ppgcm\/wp-json\/wp\/v2\/pages\/1449\/revisions\/1773"}],"wp:attachment":[{"href":"https:\/\/sites.usp.br\/ppgcm\/wp-json\/wp\/v2\/media?parent=1449"}],"curies":[{"name":"wp","href":"https:\/\/api.w.org\/{rel}","templated":true}]}}