{"id":1638,"date":"2025-04-14T19:30:41","date_gmt":"2025-04-14T21:30:41","guid":{"rendered":"https:\/\/sites.usp.br\/ppgcm\/?page_id=1638"},"modified":"2025-04-15T16:58:59","modified_gmt":"2025-04-15T18:58:59","slug":"disciplinas-ppgcm","status":"publish","type":"page","link":"https:\/\/sites.usp.br\/ppgcm\/disciplinas-ppgcm\/","title":{"rendered":"Disciplinas do Programa de P\u00f3s-Gradua\u00e7\u00e3o em Ci\u00eancias M\u00e9dicas"},"content":{"rendered":"\t\t<div data-elementor-type=\"wp-page\" data-elementor-id=\"1638\" class=\"elementor elementor-1638\" data-elementor-post-type=\"page\">\n\t\t\t\t\t\t<section class=\"elementor-section elementor-top-section elementor-element elementor-element-f032923 elementor-section-boxed elementor-section-height-default elementor-section-height-default\" data-id=\"f032923\" data-element_type=\"section\">\n\t\t\t\t\t\t<div class=\"elementor-container elementor-column-gap-default\">\n\t\t\t\t\t<div class=\"elementor-column elementor-col-100 elementor-top-column elementor-element elementor-element-a3cc821\" data-id=\"a3cc821\" data-element_type=\"column\">\n\t\t\t<div class=\"elementor-widget-wrap elementor-element-populated\">\n\t\t\t\t\t\t<div class=\"elementor-element elementor-element-f299dbb elementor-widget elementor-widget-text-editor\" data-id=\"f299dbb\" data-element_type=\"widget\" data-widget_type=\"text-editor.default\">\n\t\t\t\t<div class=\"elementor-widget-container\">\n\t\t\t\t\t\t\t<p>Navegue abaixo e conhe\u00e7a as disciplinas ofertadas pelo Programa de P\u00f3s-Gradua\u00e7\u00e3o em Ci\u00eancias M\u00e9dicas, distribu\u00eddas por \u00c1rea de Concentra\u00e7\u00e3o.<\/p>\t\t\t\t\t\t<\/div>\n\t\t\t\t<\/div>\n\t\t\t\t<div class=\"elementor-element elementor-element-927ce56 elementor-widget elementor-widget-heading\" data-id=\"927ce56\" data-element_type=\"widget\" data-widget_type=\"heading.default\">\n\t\t\t\t<div class=\"elementor-widget-container\">\n\t\t\t<h2 class=\"elementor-heading-title elementor-size-default\">5164 \u2013 Processos Imunes e Infecciosos<\/h2>\t\t<\/div>\n\t\t\t\t<\/div>\n\t\t\t\t<div class=\"elementor-element elementor-element-620b237 elementor-widget elementor-widget-html\" data-id=\"620b237\" data-element_type=\"widget\" data-widget_type=\"html.default\">\n\t\t\t\t<div class=\"elementor-widget-container\">\n\t\t\t<table align=\"center\" class=\"dataTable selecionavel\">\n\t\t<thead>\n\t\t\t<tr>\n             \t<th class=\"tabelaCabecalho\">C\u00f3digo<\/th>\n\t             <th class=\"tabelaCabecalho\">Nome<\/th>\n           <\/tr>\n\t           \n\t             <tr> \n\t    \t\t\t<td>MCM5967<\/td>\n\t                <td style=\"text-align:left\">\n\t                \t<a target=\"_parent\" href=\"publico\/disciplina\/C\/MCM5967\" class=\"link_gray\">Epidemiologia Translacional: Dados P\u00fablicos para Tomada de Decis\u00e3o em Sa\u00fade<\/a>\n\t                <\/td>\n\t              <\/tr>\n\t           \n\t             <tr> \n\t    \t\t\t<td>MCM5968<\/td>\n\t                <td style=\"text-align:left\">\n\t                \t<a target=\"_parent\" href=\"publico\/disciplina\/C\/MCM5968\" class=\"link_gray\">Epidemiologia Translacional: Dados P\u00fablicos para Tomada de Decis\u00e3o em Sa\u00fade<\/a>\n\t                <\/td>\n\t              <\/tr>\n\t           \n\t        <\/thead><\/table>\n\t\t<\/div>\n\t\t\t\t<\/div>\n\t\t\t\t\t<\/div>\n\t\t<\/div>\n\t\t\t\t\t<\/div>\n\t\t<\/section>\n\t\t\t\t<section class=\"elementor-section elementor-top-section elementor-element elementor-element-26066cc elementor-section-boxed elementor-section-height-default elementor-section-height-default\" data-id=\"26066cc\" data-element_type=\"section\">\n\t\t\t\t\t\t<div class=\"elementor-container elementor-column-gap-default\">\n\t\t\t\t\t<div class=\"elementor-column elementor-col-100 elementor-top-column elementor-element elementor-element-9f64303\" data-id=\"9f64303\" data-element_type=\"column\">\n\t\t\t<div class=\"elementor-widget-wrap elementor-element-populated\">\n\t\t\t\t\t\t<div class=\"elementor-element elementor-element-2872bca elementor-widget elementor-widget-heading\" data-id=\"2872bca\" data-element_type=\"widget\" data-widget_type=\"heading.default\">\n\t\t\t\t<div class=\"elementor-widget-container\">\n\t\t\t<h2 class=\"elementor-heading-title elementor-size-default\">5165 \u2013 Processos Inflamat\u00f3rios e Al\u00e9rgicos<\/h2>\t\t<\/div>\n\t\t\t\t<\/div>\n\t\t\t\t<div class=\"elementor-element elementor-element-9d0f8c8 elementor-widget elementor-widget-html\" data-id=\"9d0f8c8\" data-element_type=\"widget\" data-widget_type=\"html.default\">\n\t\t\t\t<div class=\"elementor-widget-container\">\n\t\t\t<table align=\"center\" class=\"dataTable selecionavel\">\n\t\t<thead>\n\t\t\t<tr>\n             \t<th class=\"tabelaCabecalho\">C\u00f3digo<\/th>\n\t             <th class=\"tabelaCabecalho\">Nome<\/th>\n           <\/tr>\n\t           \n\t             <tr> \n\t    \t\t\t<td>MCM5867<\/td>\n\t                <td style=\"text-align:left\">\n\t                \t<a target=\"_parent\" href=\"publico\/disciplina\/C\/MCM5867\" class=\"link_gray\">Pr\u00e1tica de Laborat\u00f3rio VIII (Modelos Experimentais em Choque e Sepse)<\/a>\n\t                <\/td>\n\t              <\/tr>\n\t           \n\t        <\/thead><\/table>\n\t\t<\/div>\n\t\t\t\t<\/div>\n\t\t\t\t\t<\/div>\n\t\t<\/div>\n\t\t\t\t\t<\/div>\n\t\t<\/section>\n\t\t\t\t<section class=\"elementor-section elementor-top-section elementor-element elementor-element-f9a99da elementor-section-boxed elementor-section-height-default elementor-section-height-default\" data-id=\"f9a99da\" data-element_type=\"section\">\n\t\t\t\t\t\t<div class=\"elementor-container elementor-column-gap-default\">\n\t\t\t\t\t<div class=\"elementor-column elementor-col-100 elementor-top-column elementor-element elementor-element-51b4c8e\" data-id=\"51b4c8e\" data-element_type=\"column\">\n\t\t\t<div class=\"elementor-widget-wrap elementor-element-populated\">\n\t\t\t\t\t\t<div class=\"elementor-element elementor-element-248847b elementor-widget elementor-widget-heading\" data-id=\"248847b\" data-element_type=\"widget\" data-widget_type=\"heading.default\">\n\t\t\t\t<div class=\"elementor-widget-container\">\n\t\t\t<h2 class=\"elementor-heading-title elementor-size-default\">5166 \u2013 Dist\u00farbios Gen\u00e9ticos de Desenvolvimento e Metabolismo<\/h2>\t\t<\/div>\n\t\t\t\t<\/div>\n\t\t\t\t<div class=\"elementor-element elementor-element-965fdb8 elementor-widget elementor-widget-html\" data-id=\"965fdb8\" data-element_type=\"widget\" data-widget_type=\"html.default\">\n\t\t\t\t<div class=\"elementor-widget-container\">\n\t\t\t<table align=\"center\" class=\"dataTable selecionavel\">\n\t\t<thead>\n\t\t\t<tr>\n             \t<th class=\"tabelaCabecalho\">C\u00f3digo<\/th>\n\t             <th class=\"tabelaCabecalho\">Nome<\/th>\n           <\/tr>\n\t           \n\t             <tr> \n\t    \t\t\t<td>MCM5880<\/td>\n\t                <td style=\"text-align:left\">\n\t                \t<a target=\"_parent\" href=\"publico\/disciplina\/C\/MCM5880\" class=\"link_gray\">Bioestat\u00edstica I<\/a>\n\t                <\/td>\n\t              <\/tr>\n\t           \n\t             <tr> \n\t    \t\t\t<td>MCM5900<\/td>\n\t                <td style=\"text-align:left\">\n\t                \t<a target=\"_parent\" href=\"publico\/disciplina\/C\/MCM5900\" class=\"link_gray\">Intera\u00e7\u00f5es entre Metabolismo e Inflama\u00e7\u00e3o<\/a>\n\t                <\/td>\n\t              <\/tr>\n\t           \n\t        <\/thead><\/table>\t\t<\/div>\n\t\t\t\t<\/div>\n\t\t\t\t\t<\/div>\n\t\t<\/div>\n\t\t\t\t\t<\/div>\n\t\t<\/section>\n\t\t\t\t<section class=\"elementor-section elementor-top-section elementor-element elementor-element-01ce93a elementor-section-boxed elementor-section-height-default elementor-section-height-default\" data-id=\"01ce93a\" data-element_type=\"section\">\n\t\t\t\t\t\t<div class=\"elementor-container elementor-column-gap-default\">\n\t\t\t\t\t<div class=\"elementor-column elementor-col-100 elementor-top-column elementor-element elementor-element-606d005\" data-id=\"606d005\" data-element_type=\"column\">\n\t\t\t<div class=\"elementor-widget-wrap elementor-element-populated\">\n\t\t\t\t\t\t<div class=\"elementor-element elementor-element-cb53c14 elementor-widget elementor-widget-heading\" data-id=\"cb53c14\" data-element_type=\"widget\" data-widget_type=\"heading.default\">\n\t\t\t\t<div class=\"elementor-widget-container\">\n\t\t\t<h2 class=\"elementor-heading-title elementor-size-default\">5167 \u2013 Dist\u00farbios do Crescimento Celular, Hemodin\u00e2micos e da Hemostasia<\/h2>\t\t<\/div>\n\t\t\t\t<\/div>\n\t\t\t\t<div class=\"elementor-element elementor-element-9cb1535 elementor-widget elementor-widget-html\" data-id=\"9cb1535\" data-element_type=\"widget\" data-widget_type=\"html.default\">\n\t\t\t\t<div class=\"elementor-widget-container\">\n\t\t\t<table align=\"center\" class=\"dataTable selecionavel\">\n\t\t<thead>\n\t\t\t<tr>\n             \t<th class=\"tabelaCabecalho\">C\u00f3digo<\/th>\n\t             <th class=\"tabelaCabecalho\">Nome<\/th>\n           <\/tr>\n\t           \n\t             <tr> \n\t    \t\t\t<td>MCM5814<\/td>\n\t                <td style=\"text-align:left\">\n\t                \t<a target=\"_parent\" href=\"publico\/disciplina\/C\/MCM5814\" class=\"link_gray\">Biologia Molecular das Neoplasias Hematol\u00f3gicas<\/a>\n\t                <\/td>\n\t              <\/tr>\n\t           \n\t             <tr> \n\t    \t\t\t<td>MCM5917<\/td>\n\t                <td style=\"text-align:left\">\n\t                \t<a target=\"_parent\" href=\"publico\/disciplina\/C\/MCM5917\" class=\"link_gray\">Publica\u00e7\u00e3o Cient\u00edfica em Peri\u00f3dicos de Medicina: Um Manual de Sobreviv\u00eancia para Futuros Autores<\/a>\n\t                <\/td>\n\t              <\/tr>\n\t           \n\t             <tr> \n\t    \t\t\t<td>MCM5955<\/td>\n\t                <td style=\"text-align:left\">\n\t                \t<a target=\"_parent\" href=\"publico\/disciplina\/C\/MCM5955\" class=\"link_gray\">Bases Moleculares da Leucemog\u00eanese<\/a>\n\t                <\/td>\n\t              <\/tr>\n\t           \n\t             <tr> \n\t    \t\t\t<td>MCM5957<\/td>\n\t                <td style=\"text-align:left\">\n\t                \t<a target=\"_parent\" href=\"publico\/disciplina\/C\/MCM5957\" class=\"link_gray\">Terapias Avan\u00e7adas<\/a>\n\t                <\/td>\n\t              <\/tr>\n\t           \n\t             <tr> \n\t    \t\t\t<td>MCM5965<\/td>\n\t                <td style=\"text-align:left\">\n\t                \t<a target=\"_parent\" href=\"publico\/disciplina\/C\/MCM5965\" class=\"link_gray\">Doen\u00e7as Linfoproliferativas Cr\u00f4nicas: da Biologia \u00e0 Terap\u00eautica<\/a>\n\t                <\/td>\n\t              <\/tr>\n\t           \n\t        <\/thead><\/table>\t\t<\/div>\n\t\t\t\t<\/div>\n\t\t\t\t\t<\/div>\n\t\t<\/div>\n\t\t\t\t\t<\/div>\n\t\t<\/section>\n\t\t\t\t<section class=\"elementor-section elementor-top-section elementor-element elementor-element-cf0f508 elementor-section-boxed elementor-section-height-default elementor-section-height-default\" data-id=\"cf0f508\" data-element_type=\"section\">\n\t\t\t\t\t\t<div class=\"elementor-container elementor-column-gap-default\">\n\t\t\t\t\t<div class=\"elementor-column elementor-col-100 elementor-top-column elementor-element elementor-element-b36653a\" data-id=\"b36653a\" data-element_type=\"column\">\n\t\t\t<div class=\"elementor-widget-wrap elementor-element-populated\">\n\t\t\t\t\t\t<div class=\"elementor-element elementor-element-23650af elementor-widget elementor-widget-heading\" data-id=\"23650af\" data-element_type=\"widget\" data-widget_type=\"heading.default\">\n\t\t\t\t<div class=\"elementor-widget-container\">\n\t\t\t<h2 class=\"elementor-heading-title elementor-size-default\">5169 \u2013 Educa\u00e7\u00e3o e Sa\u00fade<\/h2>\t\t<\/div>\n\t\t\t\t<\/div>\n\t\t\t\t<div class=\"elementor-element elementor-element-631ba7c elementor-widget elementor-widget-html\" data-id=\"631ba7c\" data-element_type=\"widget\" data-widget_type=\"html.default\">\n\t\t\t\t<div class=\"elementor-widget-container\">\n\t\t\t<table align=\"center\" class=\"dataTable selecionavel\">\n\t\t<thead>\n\t\t\t<tr>\n             \t<th class=\"tabelaCabecalho\">C\u00f3digo<\/th>\n\t             <th class=\"tabelaCabecalho\">Nome<\/th>\n           <\/tr>\n\t           \n\t             <tr> \n\t    \t\t\t<td>MCM5880<\/td>\n\t                <td style=\"text-align:left\">\n\t                \t<a target=\"_parent\" href=\"publico\/disciplina\/C\/MCM5880\" class=\"link_gray\">Bioestat\u00edstica I<\/a>\n\t                <\/td>\n\t              <\/tr>\n\t           \n\t             <tr> \n\t    \t\t\t<td>MCM5881<\/td>\n\t                <td style=\"text-align:left\">\n\t                \t<a target=\"_parent\" href=\"publico\/disciplina\/C\/MCM5881\" class=\"link_gray\">Biologia do Envelhecimento<\/a>\n\t                <\/td>\n\t              <\/tr>\n\t           \n\t             <tr> \n\t    \t\t\t<td>MCM5884<\/td>\n\t                <td style=\"text-align:left\">\n\t                \t<a target=\"_parent\" href=\"publico\/disciplina\/C\/MCM5884\" class=\"link_gray\">Educa\u00e7\u00e3o M\u00e9dica: Avalia\u00e7\u00e3o de Habilidades e Atitudes<\/a>\n\t                <\/td>\n\t              <\/tr>\n\t           \n\t             <tr> \n\t    \t\t\t<td>MCM5909<\/td>\n\t                <td style=\"text-align:left\">\n\t                \t<a target=\"_parent\" href=\"publico\/disciplina\/C\/MCM5909\" class=\"link_gray\">Bioestat\u00edstica II: Aplica\u00e7\u00f5es na Cl\u00ednica M\u00e9dica Usando R<\/a>\n\t                <\/td>\n\t              <\/tr>\n\t           \n\t             <tr> \n\t    \t\t\t<td>MCM5930<\/td>\n\t                <td style=\"text-align:left\">\n\t                \t<a target=\"_parent\" href=\"publico\/disciplina\/C\/MCM5930\" class=\"link_gray\">Semin\u00e1rios de Pesquisa em Educa\u00e7\u00e3o na Sa\u00fade<\/a>\n\t                <\/td>\n\t              <\/tr>\n\t           \n\t             <tr> \n\t    \t\t\t<td>MCM5946<\/td>\n\t                <td style=\"text-align:left\">\n\t                \t<a target=\"_parent\" href=\"publico\/disciplina\/C\/MCM5946\" class=\"link_gray\">Pesquisa em Envelhecimento: Aspectos Metodol\u00f3gicos<\/a>\n\t                <\/td>\n\t              <\/tr>\n\t           \n\t             <tr> \n\t    \t\t\t<td>MCM5961<\/td>\n\t                <td style=\"text-align:left\">\n\t                \t<a target=\"_parent\" href=\"publico\/disciplina\/C\/MCM5961\" class=\"link_gray\">Semin\u00e1rios de Pesquisa Cl\u00ednica<\/a>\n\t                <\/td>\n\t              <\/tr>\n\t           \n\t        <\/thead><\/table>\t\t<\/div>\n\t\t\t\t<\/div>\n\t\t\t\t<div class=\"elementor-element elementor-element-85b2f58 elementor-widget elementor-widget-text-editor\" data-id=\"85b2f58\" data-element_type=\"widget\" data-widget_type=\"text-editor.default\">\n\t\t\t\t<div class=\"elementor-widget-container\">\n\t\t\t\t\t\t\t<h4><strong><a href=\"#\">Voltar ao topo<\/a><\/strong><\/h4>\t\t\t\t\t\t<\/div>\n\t\t\t\t<\/div>\n\t\t\t\t\t<\/div>\n\t\t<\/div>\n\t\t\t\t\t<\/div>\n\t\t<\/section>\n\t\t\t\t<\/div>\n\t\t","protected":false},"excerpt":{"rendered":"<p>Navegue abaixo e conhe\u00e7a as disciplinas ofertadas pelo Programa de P\u00f3s-Gradua\u00e7\u00e3o em Ci\u00eancias M\u00e9dicas, distribu\u00eddas por \u00c1rea de Concentra\u00e7\u00e3o. 5164 \u2013 Processos Imunes e Infecciosos C\u00f3digo Nome MCM5967 Epidemiologia Translacional: Dados P\u00fablicos para Tomada de Decis\u00e3o em Sa\u00fade MCM5968 Epidemiologia Translacional: Dados P\u00fablicos para Tomada de Decis\u00e3o em Sa\u00fade 5165 \u2013 Processos Inflamat\u00f3rios e Al\u00e9rgicos<a href=\"https:\/\/sites.usp.br\/ppgcm\/disciplinas-ppgcm\/\">[&#8230;]<\/a><\/p>\n","protected":false},"author":24519,"featured_media":0,"parent":0,"menu_order":0,"comment_status":"closed","ping_status":"closed","template":"","meta":{"footnotes":"","_links_to":"","_links_to_target":""},"class_list":["post-1638","page","type-page","status-publish","hentry"],"yoast_head":"<!-- This site is optimized with the Yoast SEO plugin v27.3 - https:\/\/yoast.com\/product\/yoast-seo-wordpress\/ -->\n<title>Disciplinas do Programa de P\u00f3s-Gradua\u00e7\u00e3o em Ci\u00eancias M\u00e9dicas - P\u00f3s-Gradua\u00e7\u00e3o em Ci\u00eancias M\u00e9dicas<\/title>\n<meta name=\"robots\" content=\"index, follow, max-snippet:-1, max-image-preview:large, max-video-preview:-1\" \/>\n<link rel=\"canonical\" href=\"https:\/\/sites.usp.br\/ppgcm\/disciplinas-ppgcm\/\" \/>\n<meta name=\"twitter:label1\" content=\"Est. tempo de leitura\" \/>\n\t<meta name=\"twitter:data1\" content=\"1 minuto\" \/>\n<script type=\"application\/ld+json\" class=\"yoast-schema-graph\">{\"@context\":\"https:\\\/\\\/schema.org\",\"@graph\":[{\"@type\":\"WebPage\",\"@id\":\"https:\\\/\\\/sites.usp.br\\\/ppgcm\\\/disciplinas-ppgcm\\\/\",\"url\":\"https:\\\/\\\/sites.usp.br\\\/ppgcm\\\/disciplinas-ppgcm\\\/\",\"name\":\"Disciplinas do Programa de P\u00f3s-Gradua\u00e7\u00e3o em Ci\u00eancias M\u00e9dicas - P\u00f3s-Gradua\u00e7\u00e3o em Ci\u00eancias M\u00e9dicas\",\"isPartOf\":{\"@id\":\"https:\\\/\\\/sites.usp.br\\\/ppgcm\\\/#website\"},\"datePublished\":\"2025-04-14T21:30:41+00:00\",\"dateModified\":\"2025-04-15T18:58:59+00:00\",\"inLanguage\":\"pt-BR\",\"potentialAction\":[{\"@type\":\"ReadAction\",\"target\":[\"https:\\\/\\\/sites.usp.br\\\/ppgcm\\\/disciplinas-ppgcm\\\/\"]}]},{\"@type\":\"WebSite\",\"@id\":\"https:\\\/\\\/sites.usp.br\\\/ppgcm\\\/#website\",\"url\":\"https:\\\/\\\/sites.usp.br\\\/ppgcm\\\/\",\"name\":\"P\u00f3s-Gradua\u00e7\u00e3o em Ci\u00eancias M\u00e9dicas\",\"description\":\"| FMUSP |\",\"potentialAction\":[{\"@type\":\"SearchAction\",\"target\":{\"@type\":\"EntryPoint\",\"urlTemplate\":\"https:\\\/\\\/sites.usp.br\\\/ppgcm\\\/?s={search_term_string}\"},\"query-input\":{\"@type\":\"PropertyValueSpecification\",\"valueRequired\":true,\"valueName\":\"search_term_string\"}}],\"inLanguage\":\"pt-BR\"}]}<\/script>\n<!-- \/ Yoast SEO plugin. -->","yoast_head_json":{"title":"Disciplinas do Programa de P\u00f3s-Gradua\u00e7\u00e3o em Ci\u00eancias M\u00e9dicas - P\u00f3s-Gradua\u00e7\u00e3o em Ci\u00eancias M\u00e9dicas","robots":{"index":"index","follow":"follow","max-snippet":"max-snippet:-1","max-image-preview":"max-image-preview:large","max-video-preview":"max-video-preview:-1"},"canonical":"https:\/\/sites.usp.br\/ppgcm\/disciplinas-ppgcm\/","twitter_misc":{"Est. tempo de leitura":"1 minuto"},"schema":{"@context":"https:\/\/schema.org","@graph":[{"@type":"WebPage","@id":"https:\/\/sites.usp.br\/ppgcm\/disciplinas-ppgcm\/","url":"https:\/\/sites.usp.br\/ppgcm\/disciplinas-ppgcm\/","name":"Disciplinas do Programa de P\u00f3s-Gradua\u00e7\u00e3o em Ci\u00eancias M\u00e9dicas - P\u00f3s-Gradua\u00e7\u00e3o em Ci\u00eancias M\u00e9dicas","isPartOf":{"@id":"https:\/\/sites.usp.br\/ppgcm\/#website"},"datePublished":"2025-04-14T21:30:41+00:00","dateModified":"2025-04-15T18:58:59+00:00","inLanguage":"pt-BR","potentialAction":[{"@type":"ReadAction","target":["https:\/\/sites.usp.br\/ppgcm\/disciplinas-ppgcm\/"]}]},{"@type":"WebSite","@id":"https:\/\/sites.usp.br\/ppgcm\/#website","url":"https:\/\/sites.usp.br\/ppgcm\/","name":"P\u00f3s-Gradua\u00e7\u00e3o em Ci\u00eancias M\u00e9dicas","description":"| FMUSP |","potentialAction":[{"@type":"SearchAction","target":{"@type":"EntryPoint","urlTemplate":"https:\/\/sites.usp.br\/ppgcm\/?s={search_term_string}"},"query-input":{"@type":"PropertyValueSpecification","valueRequired":true,"valueName":"search_term_string"}}],"inLanguage":"pt-BR"}]}},"_links":{"self":[{"href":"https:\/\/sites.usp.br\/ppgcm\/wp-json\/wp\/v2\/pages\/1638","targetHints":{"allow":["GET"]}}],"collection":[{"href":"https:\/\/sites.usp.br\/ppgcm\/wp-json\/wp\/v2\/pages"}],"about":[{"href":"https:\/\/sites.usp.br\/ppgcm\/wp-json\/wp\/v2\/types\/page"}],"author":[{"embeddable":true,"href":"https:\/\/sites.usp.br\/ppgcm\/wp-json\/wp\/v2\/users\/24519"}],"replies":[{"embeddable":true,"href":"https:\/\/sites.usp.br\/ppgcm\/wp-json\/wp\/v2\/comments?post=1638"}],"version-history":[{"count":4,"href":"https:\/\/sites.usp.br\/ppgcm\/wp-json\/wp\/v2\/pages\/1638\/revisions"}],"predecessor-version":[{"id":1715,"href":"https:\/\/sites.usp.br\/ppgcm\/wp-json\/wp\/v2\/pages\/1638\/revisions\/1715"}],"wp:attachment":[{"href":"https:\/\/sites.usp.br\/ppgcm\/wp-json\/wp\/v2\/media?parent=1638"}],"curies":[{"name":"wp","href":"https:\/\/api.w.org\/{rel}","templated":true}]}}