{"id":1669,"date":"2025-04-14T21:44:42","date_gmt":"2025-04-14T23:44:42","guid":{"rendered":"https:\/\/sites.usp.br\/ppgcm\/?page_id=1669"},"modified":"2025-04-14T22:02:57","modified_gmt":"2025-04-15T00:02:57","slug":"quantitativo-indicadores","status":"publish","type":"page","link":"https:\/\/sites.usp.br\/ppgcm\/quantitativo-indicadores\/","title":{"rendered":"Quantitativo e Indicadores"},"content":{"rendered":"\t\t<div data-elementor-type=\"wp-page\" data-elementor-id=\"1669\" class=\"elementor elementor-1669\" data-elementor-post-type=\"page\">\n\t\t\t\t\t\t<section class=\"elementor-section elementor-top-section elementor-element elementor-element-f53d72b elementor-section-boxed elementor-section-height-default elementor-section-height-default\" data-id=\"f53d72b\" data-element_type=\"section\">\n\t\t\t\t\t\t<div class=\"elementor-container elementor-column-gap-default\">\n\t\t\t\t\t<div class=\"elementor-column elementor-col-100 elementor-top-column elementor-element elementor-element-cd55fa7\" data-id=\"cd55fa7\" data-element_type=\"column\">\n\t\t\t<div class=\"elementor-widget-wrap elementor-element-populated\">\n\t\t\t\t\t\t<div class=\"elementor-element elementor-element-e1d4b23 elementor-widget__width-inherit elementor-invisible elementor-widget elementor-widget-image\" data-id=\"e1d4b23\" data-element_type=\"widget\" data-settings=\"{&quot;_animation&quot;:&quot;fadeInDown&quot;}\" data-widget_type=\"image.default\">\n\t\t\t\t<div class=\"elementor-widget-container\">\n\t\t\t\t\t\t\t\t\t\t<figure class=\"wp-caption\">\n\t\t\t\t\t\t\t\t\t\t<img fetchpriority=\"high\" decoding=\"async\" width=\"640\" height=\"349\" src=\"https:\/\/sites.usp.br\/ppgcm\/wp-content\/uploads\/sites\/670\/2025\/04\/Quantidade-Defesas-Quadrienio-768x419.png\" class=\"attachment-medium_large size-medium_large wp-image-1675\" alt=\"\" srcset=\"https:\/\/sites.usp.br\/ppgcm\/wp-content\/uploads\/sites\/670\/2025\/04\/Quantidade-Defesas-Quadrienio-768x419.png 768w, https:\/\/sites.usp.br\/ppgcm\/wp-content\/uploads\/sites\/670\/2025\/04\/Quantidade-Defesas-Quadrienio-300x164.png 300w, https:\/\/sites.usp.br\/ppgcm\/wp-content\/uploads\/sites\/670\/2025\/04\/Quantidade-Defesas-Quadrienio-1024x559.png 1024w, https:\/\/sites.usp.br\/ppgcm\/wp-content\/uploads\/sites\/670\/2025\/04\/Quantidade-Defesas-Quadrienio-1536x839.png 1536w, https:\/\/sites.usp.br\/ppgcm\/wp-content\/uploads\/sites\/670\/2025\/04\/Quantidade-Defesas-Quadrienio-2048x1118.png 2048w, https:\/\/sites.usp.br\/ppgcm\/wp-content\/uploads\/sites\/670\/2025\/04\/Quantidade-Defesas-Quadrienio-400x218.png 400w\" sizes=\"(max-width: 640px) 100vw, 640px\" \/>\t\t\t\t\t\t\t\t\t\t\t<figcaption class=\"widget-image-caption wp-caption-text\">Figura 1. Total de titula\u00e7\u00f5es durante o quadri\u00eanio 2021-2024. No total do quadri\u00eanio foram 154 titula\u00e7\u00f5es, dos quais resultaram em 53 (34,42%) teses de doutorado, 48 (31,17%) teses de doutorado direto e 53 (34,42%) disserta\u00e7\u00f5es de mestrado.<\/figcaption>\n\t\t\t\t\t\t\t\t\t\t<\/figure>\n\t\t\t\t\t\t\t<\/div>\n\t\t\t\t<\/div>\n\t\t\t\t\t<\/div>\n\t\t<\/div>\n\t\t\t\t\t<\/div>\n\t\t<\/section>\n\t\t\t\t<section class=\"elementor-section elementor-top-section elementor-element elementor-element-10ccb81 elementor-section-boxed elementor-section-height-default elementor-section-height-default\" data-id=\"10ccb81\" data-element_type=\"section\">\n\t\t\t\t\t\t<div class=\"elementor-container elementor-column-gap-default\">\n\t\t\t\t\t<div class=\"elementor-column elementor-col-100 elementor-top-column elementor-element elementor-element-bafddee\" data-id=\"bafddee\" data-element_type=\"column\">\n\t\t\t<div class=\"elementor-widget-wrap elementor-element-populated\">\n\t\t\t\t\t\t<div class=\"elementor-element elementor-element-966936e elementor-widget__width-inherit elementor-invisible elementor-widget elementor-widget-image\" data-id=\"966936e\" data-element_type=\"widget\" data-settings=\"{&quot;_animation&quot;:&quot;fadeInDown&quot;}\" data-widget_type=\"image.default\">\n\t\t\t\t<div class=\"elementor-widget-container\">\n\t\t\t\t\t\t\t\t\t\t<figure class=\"wp-caption\">\n\t\t\t\t\t\t\t\t\t\t<img decoding=\"async\" width=\"640\" height=\"503\" src=\"https:\/\/sites.usp.br\/ppgcm\/wp-content\/uploads\/sites\/670\/2025\/04\/Fluxo-Discente-Mestrado-768x604.png\" class=\"attachment-medium_large size-medium_large wp-image-1673\" alt=\"\" srcset=\"https:\/\/sites.usp.br\/ppgcm\/wp-content\/uploads\/sites\/670\/2025\/04\/Fluxo-Discente-Mestrado-768x604.png 768w, https:\/\/sites.usp.br\/ppgcm\/wp-content\/uploads\/sites\/670\/2025\/04\/Fluxo-Discente-Mestrado-300x236.png 300w, https:\/\/sites.usp.br\/ppgcm\/wp-content\/uploads\/sites\/670\/2025\/04\/Fluxo-Discente-Mestrado-1024x805.png 1024w, https:\/\/sites.usp.br\/ppgcm\/wp-content\/uploads\/sites\/670\/2025\/04\/Fluxo-Discente-Mestrado-1536x1207.png 1536w, https:\/\/sites.usp.br\/ppgcm\/wp-content\/uploads\/sites\/670\/2025\/04\/Fluxo-Discente-Mestrado-2048x1610.png 2048w, https:\/\/sites.usp.br\/ppgcm\/wp-content\/uploads\/sites\/670\/2025\/04\/Fluxo-Discente-Mestrado-400x314.png 400w\" sizes=\"(max-width: 640px) 100vw, 640px\" \/>\t\t\t\t\t\t\t\t\t\t\t<figcaption class=\"widget-image-caption wp-caption-text\">Figura 2. Fluxo discente mestrado. N\u00famero absoluto de matr\u00edculas (verde) e titula\u00e7\u00f5es (azul) no programa de mestrado entre 2021 e 2024. A linha vermelha indica o percentual de titulados em rela\u00e7\u00e3o \u00e0s matr\u00edculas no quadri\u00eanio.\u00a0<\/figcaption>\n\t\t\t\t\t\t\t\t\t\t<\/figure>\n\t\t\t\t\t\t\t<\/div>\n\t\t\t\t<\/div>\n\t\t\t\t\t<\/div>\n\t\t<\/div>\n\t\t\t\t\t<\/div>\n\t\t<\/section>\n\t\t\t\t<section class=\"elementor-section elementor-top-section elementor-element elementor-element-dafb42d elementor-section-boxed elementor-section-height-default elementor-section-height-default\" data-id=\"dafb42d\" data-element_type=\"section\">\n\t\t\t\t\t\t<div class=\"elementor-container elementor-column-gap-default\">\n\t\t\t\t\t<div class=\"elementor-column elementor-col-100 elementor-top-column elementor-element elementor-element-34add50\" data-id=\"34add50\" data-element_type=\"column\">\n\t\t\t<div class=\"elementor-widget-wrap elementor-element-populated\">\n\t\t\t\t\t\t<div class=\"elementor-element elementor-element-40ebbdf elementor-invisible elementor-widget elementor-widget-image\" data-id=\"40ebbdf\" data-element_type=\"widget\" data-settings=\"{&quot;_animation&quot;:&quot;fadeInDown&quot;}\" data-widget_type=\"image.default\">\n\t\t\t\t<div class=\"elementor-widget-container\">\n\t\t\t\t\t\t\t\t\t\t<figure class=\"wp-caption\">\n\t\t\t\t\t\t\t\t\t\t<img decoding=\"async\" width=\"640\" height=\"484\" src=\"https:\/\/sites.usp.br\/ppgcm\/wp-content\/uploads\/sites\/670\/2025\/04\/Fluxo-Discente-Doutorado-768x581.png\" class=\"attachment-medium_large size-medium_large wp-image-1672\" alt=\"\" srcset=\"https:\/\/sites.usp.br\/ppgcm\/wp-content\/uploads\/sites\/670\/2025\/04\/Fluxo-Discente-Doutorado-768x581.png 768w, https:\/\/sites.usp.br\/ppgcm\/wp-content\/uploads\/sites\/670\/2025\/04\/Fluxo-Discente-Doutorado-300x227.png 300w, https:\/\/sites.usp.br\/ppgcm\/wp-content\/uploads\/sites\/670\/2025\/04\/Fluxo-Discente-Doutorado-1024x775.png 1024w, https:\/\/sites.usp.br\/ppgcm\/wp-content\/uploads\/sites\/670\/2025\/04\/Fluxo-Discente-Doutorado-1536x1162.png 1536w, https:\/\/sites.usp.br\/ppgcm\/wp-content\/uploads\/sites\/670\/2025\/04\/Fluxo-Discente-Doutorado-2048x1550.png 2048w, https:\/\/sites.usp.br\/ppgcm\/wp-content\/uploads\/sites\/670\/2025\/04\/Fluxo-Discente-Doutorado-80x60.png 80w, https:\/\/sites.usp.br\/ppgcm\/wp-content\/uploads\/sites\/670\/2025\/04\/Fluxo-Discente-Doutorado-400x303.png 400w\" sizes=\"(max-width: 640px) 100vw, 640px\" \/>\t\t\t\t\t\t\t\t\t\t\t<figcaption class=\"widget-image-caption wp-caption-text\">Figura 3. Fluxo discente doutorado. N\u00famero absoluto de matr\u00edculas (verde) e titula\u00e7\u00f5es (azul) no programa de doutorado entre 2021 e 2024. A linha vermelha indica o percentual de titulados em rela\u00e7\u00e3o \u00e0s matr\u00edculas no quadri\u00eanio.<\/figcaption>\n\t\t\t\t\t\t\t\t\t\t<\/figure>\n\t\t\t\t\t\t\t<\/div>\n\t\t\t\t<\/div>\n\t\t\t\t\t<\/div>\n\t\t<\/div>\n\t\t\t\t\t<\/div>\n\t\t<\/section>\n\t\t\t\t<section class=\"elementor-section elementor-top-section elementor-element elementor-element-faee16e elementor-section-boxed elementor-section-height-default elementor-section-height-default\" data-id=\"faee16e\" data-element_type=\"section\">\n\t\t\t\t\t\t<div class=\"elementor-container elementor-column-gap-default\">\n\t\t\t\t\t<div class=\"elementor-column elementor-col-100 elementor-top-column elementor-element elementor-element-6654eea\" data-id=\"6654eea\" data-element_type=\"column\">\n\t\t\t<div class=\"elementor-widget-wrap elementor-element-populated\">\n\t\t\t\t\t\t<div class=\"elementor-element elementor-element-10d2cb7 elementor-invisible elementor-widget elementor-widget-text-editor\" data-id=\"10d2cb7\" data-element_type=\"widget\" data-settings=\"{&quot;_animation&quot;:&quot;fadeInDown&quot;}\" data-widget_type=\"text-editor.default\">\n\t\t\t\t<div class=\"elementor-widget-container\">\n\t\t\t\t\t\t\t<h4 style=\"text-align: center;\"><strong>N\u00famero de Est\u00e1gios P\u00f3s-Doutoral durante o Quadri\u00eanio 2021-2024:<\/strong> 26<\/h4>\t\t\t\t\t\t<\/div>\n\t\t\t\t<\/div>\n\t\t\t\t\t<\/div>\n\t\t<\/div>\n\t\t\t\t\t<\/div>\n\t\t<\/section>\n\t\t\t\t<\/div>\n\t\t","protected":false},"excerpt":{"rendered":"<p>Figura 1. Total de titula\u00e7\u00f5es durante o quadri\u00eanio 2021-2024. No total do quadri\u00eanio foram 154 titula\u00e7\u00f5es, dos quais resultaram em 53 (34,42%) teses de doutorado, 48 (31,17%) teses de doutorado direto e 53 (34,42%) disserta\u00e7\u00f5es de mestrado. Figura 2. Fluxo discente mestrado. N\u00famero absoluto de matr\u00edculas (verde) e titula\u00e7\u00f5es (azul) no programa de mestrado entre<a href=\"https:\/\/sites.usp.br\/ppgcm\/quantitativo-indicadores\/\">[&#8230;]<\/a><\/p>\n","protected":false},"author":24519,"featured_media":0,"parent":0,"menu_order":0,"comment_status":"closed","ping_status":"closed","template":"","meta":{"footnotes":"","_links_to":"","_links_to_target":""},"class_list":["post-1669","page","type-page","status-publish","hentry"],"yoast_head":"<!-- This site is optimized with the Yoast SEO plugin v27.2 - https:\/\/yoast.com\/product\/yoast-seo-wordpress\/ -->\n<title>Quantitativo e Indicadores - P\u00f3s-Gradua\u00e7\u00e3o em Ci\u00eancias M\u00e9dicas<\/title>\n<meta name=\"robots\" content=\"index, follow, max-snippet:-1, max-image-preview:large, max-video-preview:-1\" \/>\n<link rel=\"canonical\" href=\"https:\/\/sites.usp.br\/ppgcm\/quantitativo-indicadores\/\" \/>\n<meta name=\"twitter:label1\" content=\"Est. tempo de leitura\" \/>\n\t<meta name=\"twitter:data1\" content=\"1 minuto\" \/>\n<script type=\"application\/ld+json\" class=\"yoast-schema-graph\">{\"@context\":\"https:\/\/schema.org\",\"@graph\":[{\"@type\":\"WebPage\",\"@id\":\"https:\/\/sites.usp.br\/ppgcm\/quantitativo-indicadores\/\",\"url\":\"https:\/\/sites.usp.br\/ppgcm\/quantitativo-indicadores\/\",\"name\":\"Quantitativo e Indicadores - P\u00f3s-Gradua\u00e7\u00e3o em Ci\u00eancias M\u00e9dicas\",\"isPartOf\":{\"@id\":\"https:\/\/sites.usp.br\/ppgcm\/#website\"},\"primaryImageOfPage\":{\"@id\":\"https:\/\/sites.usp.br\/ppgcm\/quantitativo-indicadores\/#primaryimage\"},\"image\":{\"@id\":\"https:\/\/sites.usp.br\/ppgcm\/quantitativo-indicadores\/#primaryimage\"},\"thumbnailUrl\":\"https:\/\/sites.usp.br\/ppgcm\/wp-content\/uploads\/sites\/670\/2025\/04\/Quantidade-Defesas-Quadrienio-768x419.png\",\"datePublished\":\"2025-04-14T23:44:42+00:00\",\"dateModified\":\"2025-04-15T00:02:57+00:00\",\"inLanguage\":\"pt-BR\",\"potentialAction\":[{\"@type\":\"ReadAction\",\"target\":[\"https:\/\/sites.usp.br\/ppgcm\/quantitativo-indicadores\/\"]}]},{\"@type\":\"ImageObject\",\"inLanguage\":\"pt-BR\",\"@id\":\"https:\/\/sites.usp.br\/ppgcm\/quantitativo-indicadores\/#primaryimage\",\"url\":\"https:\/\/sites.usp.br\/ppgcm\/wp-content\/uploads\/sites\/670\/2025\/04\/Quantidade-Defesas-Quadrienio.png\",\"contentUrl\":\"https:\/\/sites.usp.br\/ppgcm\/wp-content\/uploads\/sites\/670\/2025\/04\/Quantidade-Defesas-Quadrienio.png\",\"width\":3373,\"height\":1842},{\"@type\":\"WebSite\",\"@id\":\"https:\/\/sites.usp.br\/ppgcm\/#website\",\"url\":\"https:\/\/sites.usp.br\/ppgcm\/\",\"name\":\"P\u00f3s-Gradua\u00e7\u00e3o em Ci\u00eancias M\u00e9dicas\",\"description\":\"| FMUSP |\",\"potentialAction\":[{\"@type\":\"SearchAction\",\"target\":{\"@type\":\"EntryPoint\",\"urlTemplate\":\"https:\/\/sites.usp.br\/ppgcm\/?s={search_term_string}\"},\"query-input\":{\"@type\":\"PropertyValueSpecification\",\"valueRequired\":true,\"valueName\":\"search_term_string\"}}],\"inLanguage\":\"pt-BR\"}]}<\/script>\n<!-- \/ Yoast SEO plugin. -->","yoast_head_json":{"title":"Quantitativo e Indicadores - P\u00f3s-Gradua\u00e7\u00e3o em Ci\u00eancias M\u00e9dicas","robots":{"index":"index","follow":"follow","max-snippet":"max-snippet:-1","max-image-preview":"max-image-preview:large","max-video-preview":"max-video-preview:-1"},"canonical":"https:\/\/sites.usp.br\/ppgcm\/quantitativo-indicadores\/","twitter_misc":{"Est. tempo de leitura":"1 minuto"},"schema":{"@context":"https:\/\/schema.org","@graph":[{"@type":"WebPage","@id":"https:\/\/sites.usp.br\/ppgcm\/quantitativo-indicadores\/","url":"https:\/\/sites.usp.br\/ppgcm\/quantitativo-indicadores\/","name":"Quantitativo e Indicadores - P\u00f3s-Gradua\u00e7\u00e3o em Ci\u00eancias M\u00e9dicas","isPartOf":{"@id":"https:\/\/sites.usp.br\/ppgcm\/#website"},"primaryImageOfPage":{"@id":"https:\/\/sites.usp.br\/ppgcm\/quantitativo-indicadores\/#primaryimage"},"image":{"@id":"https:\/\/sites.usp.br\/ppgcm\/quantitativo-indicadores\/#primaryimage"},"thumbnailUrl":"https:\/\/sites.usp.br\/ppgcm\/wp-content\/uploads\/sites\/670\/2025\/04\/Quantidade-Defesas-Quadrienio-768x419.png","datePublished":"2025-04-14T23:44:42+00:00","dateModified":"2025-04-15T00:02:57+00:00","inLanguage":"pt-BR","potentialAction":[{"@type":"ReadAction","target":["https:\/\/sites.usp.br\/ppgcm\/quantitativo-indicadores\/"]}]},{"@type":"ImageObject","inLanguage":"pt-BR","@id":"https:\/\/sites.usp.br\/ppgcm\/quantitativo-indicadores\/#primaryimage","url":"https:\/\/sites.usp.br\/ppgcm\/wp-content\/uploads\/sites\/670\/2025\/04\/Quantidade-Defesas-Quadrienio.png","contentUrl":"https:\/\/sites.usp.br\/ppgcm\/wp-content\/uploads\/sites\/670\/2025\/04\/Quantidade-Defesas-Quadrienio.png","width":3373,"height":1842},{"@type":"WebSite","@id":"https:\/\/sites.usp.br\/ppgcm\/#website","url":"https:\/\/sites.usp.br\/ppgcm\/","name":"P\u00f3s-Gradua\u00e7\u00e3o em Ci\u00eancias M\u00e9dicas","description":"| FMUSP |","potentialAction":[{"@type":"SearchAction","target":{"@type":"EntryPoint","urlTemplate":"https:\/\/sites.usp.br\/ppgcm\/?s={search_term_string}"},"query-input":{"@type":"PropertyValueSpecification","valueRequired":true,"valueName":"search_term_string"}}],"inLanguage":"pt-BR"}]}},"_links":{"self":[{"href":"https:\/\/sites.usp.br\/ppgcm\/wp-json\/wp\/v2\/pages\/1669","targetHints":{"allow":["GET"]}}],"collection":[{"href":"https:\/\/sites.usp.br\/ppgcm\/wp-json\/wp\/v2\/pages"}],"about":[{"href":"https:\/\/sites.usp.br\/ppgcm\/wp-json\/wp\/v2\/types\/page"}],"author":[{"embeddable":true,"href":"https:\/\/sites.usp.br\/ppgcm\/wp-json\/wp\/v2\/users\/24519"}],"replies":[{"embeddable":true,"href":"https:\/\/sites.usp.br\/ppgcm\/wp-json\/wp\/v2\/comments?post=1669"}],"version-history":[{"count":4,"href":"https:\/\/sites.usp.br\/ppgcm\/wp-json\/wp\/v2\/pages\/1669\/revisions"}],"predecessor-version":[{"id":1678,"href":"https:\/\/sites.usp.br\/ppgcm\/wp-json\/wp\/v2\/pages\/1669\/revisions\/1678"}],"wp:attachment":[{"href":"https:\/\/sites.usp.br\/ppgcm\/wp-json\/wp\/v2\/media?parent=1669"}],"curies":[{"name":"wp","href":"https:\/\/api.w.org\/{rel}","templated":true}]}}