{"id":1909,"date":"2026-02-01T14:31:16","date_gmt":"2026-02-01T16:31:16","guid":{"rendered":"https:\/\/sites.usp.br\/ppgcm\/?page_id=1909"},"modified":"2026-02-03T19:21:36","modified_gmt":"2026-02-03T21:21:36","slug":"censo-da-pos-graduacao-capes","status":"publish","type":"page","link":"https:\/\/sites.usp.br\/ppgcm\/censo-da-pos-graduacao-capes\/","title":{"rendered":"Censo da P\u00f3s-Gradua\u00e7\u00e3o CAPES"},"content":{"rendered":"\t\t<div data-elementor-type=\"wp-page\" data-elementor-id=\"1909\" class=\"elementor elementor-1909\" data-elementor-post-type=\"page\">\n\t\t\t\t\t\t<section class=\"elementor-section elementor-top-section elementor-element elementor-element-8f13081 elementor-section-boxed elementor-section-height-default elementor-section-height-default\" data-id=\"8f13081\" data-element_type=\"section\">\n\t\t\t\t\t\t<div class=\"elementor-container elementor-column-gap-default\">\n\t\t\t\t\t<div class=\"elementor-column elementor-col-100 elementor-top-column elementor-element elementor-element-f1b3cf7\" data-id=\"f1b3cf7\" data-element_type=\"column\">\n\t\t\t<div class=\"elementor-widget-wrap elementor-element-populated\">\n\t\t\t\t\t\t<div class=\"elementor-element elementor-element-126f1b1 elementor-widget elementor-widget-image\" data-id=\"126f1b1\" data-element_type=\"widget\" data-widget_type=\"image.default\">\n\t\t\t\t<div class=\"elementor-widget-container\">\n\t\t\t\t\t\t\t\t\t\t\t\t\t<img fetchpriority=\"high\" decoding=\"async\" width=\"1280\" height=\"720\" src=\"https:\/\/sites.usp.br\/ppgcm\/wp-content\/uploads\/sites\/670\/2026\/02\/Censo-CAPES-2025-Banner.png\" class=\"attachment-full size-full wp-image-1911\" alt=\"\" srcset=\"https:\/\/sites.usp.br\/ppgcm\/wp-content\/uploads\/sites\/670\/2026\/02\/Censo-CAPES-2025-Banner.png 1280w, https:\/\/sites.usp.br\/ppgcm\/wp-content\/uploads\/sites\/670\/2026\/02\/Censo-CAPES-2025-Banner-300x169.png 300w, https:\/\/sites.usp.br\/ppgcm\/wp-content\/uploads\/sites\/670\/2026\/02\/Censo-CAPES-2025-Banner-1024x576.png 1024w, https:\/\/sites.usp.br\/ppgcm\/wp-content\/uploads\/sites\/670\/2026\/02\/Censo-CAPES-2025-Banner-768x432.png 768w, https:\/\/sites.usp.br\/ppgcm\/wp-content\/uploads\/sites\/670\/2026\/02\/Censo-CAPES-2025-Banner-310x174.png 310w, https:\/\/sites.usp.br\/ppgcm\/wp-content\/uploads\/sites\/670\/2026\/02\/Censo-CAPES-2025-Banner-400x225.png 400w\" sizes=\"(max-width: 1280px) 100vw, 1280px\" \/>\t\t\t\t\t\t\t\t\t\t\t\t\t<\/div>\n\t\t\t\t<\/div>\n\t\t\t\t<div class=\"elementor-element elementor-element-34f2ef3 elementor-widget elementor-widget-text-editor\" data-id=\"34f2ef3\" data-element_type=\"widget\" data-widget_type=\"text-editor.default\">\n\t\t\t\t<div class=\"elementor-widget-container\">\n\t\t\t\t\t\t\t<h4><strong>Prezados discentes, docentes e p\u00f3s-doutorandos do Programa de P\u00f3s-Gradua\u00e7\u00e3o em Ci\u00eancias M\u00e9dicas.<\/strong><\/h4><p>Lembrando de uma etapa muito importante e obrigat\u00f3ria para todos \u00e0queles vinculados ao Programa de P\u00f3s-Gradua\u00e7\u00e3o em Ci\u00eancias M\u00e9dicas: o Censo CAPES 2025, que deve ser preenchido diretamente na Plataforma Sucupira.<\/p><p>\u2705 Quem deve responder (stricto sensu):<\/p><ul><li>Discentes (Mestrado e Doutorado);<\/li><li>Docentes (permanentes e colaboradores);<\/li><li>P\u00f3s-doutorandos.<\/li><\/ul><p>\ud83d\uddd3\ufe0f Per\u00edodo de preenchimento: 03\/12\/2025 a 26\/02\/2026<\/p><p>\u26a0\ufe0f Aten\u00e7\u00e3o: o preenchimento \u00e9 obrigat\u00f3rio e essencial para a avalia\u00e7\u00e3o da P\u00f3s-Gradua\u00e7\u00e3o.<\/p><p>\ud83d\udd17 Acesso: <a href=\"https:\/\/sucupira.capes.gov.br\/\">https:\/\/sucupira.capes.gov.br\/<\/a><\/p><p>\ud83d\udd10 Login: entrar com conta gov.br (mesmo usu\u00e1rio e senha do gov.br)<\/p><p>\ud83d\udccc Como encontrar o formul\u00e1rio (passo a passo):<\/p><ul><li>Acesse o site da Sucupira e fa\u00e7a login com sua conta <a href=\"http:\/\/gov.br\">gov.br<\/a><\/li><li>Na p\u00e1gina inicial, clique no banner amarelo \u201cResponder agora\u201d, ou acesse o menu PESSOAL<\/li><li>Localize e preencha o formul\u00e1rio do Censo CAPES 2025<\/li><li>Cordialmente, contamos com a colabora\u00e7\u00e3o de todos dentro do prazo.<\/li><\/ul><p>Se algu\u00e9m tiver qualquer dificuldade para localizar o formul\u00e1rio ou acessar o sistema, entre em contato com a Secretaria da P\u00f3s-Gradua\u00e7\u00e3o para sanar suas d\u00favidas!<\/p><h4><strong>Para mais informa\u00e7\u00f5es, siga o tutorial em v\u00eddeo abaixo:<\/strong><\/h4>\t\t\t\t\t\t<\/div>\n\t\t\t\t<\/div>\n\t\t\t\t<div class=\"elementor-element elementor-element-2ce1363 elementor-widget elementor-widget-video\" data-id=\"2ce1363\" data-element_type=\"widget\" data-settings=\"{&quot;youtube_url&quot;:&quot;https:\\\/\\\/www.youtube.com\\\/watch?v=QNSxIy_IbKc?v=XHOmBV4js_E&quot;,&quot;video_type&quot;:&quot;youtube&quot;,&quot;controls&quot;:&quot;yes&quot;}\" data-widget_type=\"video.default\">\n\t\t\t\t<div class=\"elementor-widget-container\">\n\t\t\t\t\t<div class=\"elementor-wrapper elementor-open-inline\">\n\t\t\t<div class=\"elementor-video\"><\/div>\t\t<\/div>\n\t\t\t\t<\/div>\n\t\t\t\t<\/div>\n\t\t\t\t<div class=\"elementor-element elementor-element-eca3aa1 elementor-widget elementor-widget-text-editor\" data-id=\"eca3aa1\" data-element_type=\"widget\" data-widget_type=\"text-editor.default\">\n\t\t\t\t<div class=\"elementor-widget-container\">\n\t\t\t\t\t\t\t<h4><strong>Ou acesse o v\u00eddeo <a href=\"https:\/\/www.youtube.com\/watch?v=QNSxIy_IbKc?v=XHOmBV4js_E\">aqui<\/a><\/strong><\/h4>\t\t\t\t\t\t<\/div>\n\t\t\t\t<\/div>\n\t\t\t\t\t<\/div>\n\t\t<\/div>\n\t\t\t\t\t<\/div>\n\t\t<\/section>\n\t\t\t\t<\/div>\n\t\t","protected":false},"excerpt":{"rendered":"<p>Prezados discentes, docentes e p\u00f3s-doutorandos do Programa de P\u00f3s-Gradua\u00e7\u00e3o em Ci\u00eancias M\u00e9dicas. Lembrando de uma etapa muito importante e obrigat\u00f3ria para todos \u00e0queles vinculados ao Programa de P\u00f3s-Gradua\u00e7\u00e3o em Ci\u00eancias M\u00e9dicas: o Censo CAPES 2025, que deve ser preenchido diretamente na Plataforma Sucupira. \u2705 Quem deve responder (stricto sensu): Discentes (Mestrado e Doutorado); Docentes (permanentes<a href=\"https:\/\/sites.usp.br\/ppgcm\/censo-da-pos-graduacao-capes\/\">[&#8230;]<\/a><\/p>\n","protected":false},"author":24519,"featured_media":0,"parent":0,"menu_order":0,"comment_status":"closed","ping_status":"closed","template":"","meta":{"footnotes":"","_links_to":"","_links_to_target":""},"class_list":["post-1909","page","type-page","status-publish","hentry"],"yoast_head":"<!-- This site is optimized with the Yoast SEO plugin v27.3 - https:\/\/yoast.com\/product\/yoast-seo-wordpress\/ -->\n<title>Censo da P\u00f3s-Gradua\u00e7\u00e3o CAPES - P\u00f3s-Gradua\u00e7\u00e3o em Ci\u00eancias M\u00e9dicas<\/title>\n<meta name=\"robots\" content=\"index, follow, max-snippet:-1, max-image-preview:large, max-video-preview:-1\" \/>\n<link rel=\"canonical\" href=\"https:\/\/sites.usp.br\/ppgcm\/censo-da-pos-graduacao-capes\/\" \/>\n<meta name=\"twitter:label1\" content=\"Est. tempo de leitura\" \/>\n\t<meta name=\"twitter:data1\" content=\"1 minuto\" \/>\n<script type=\"application\/ld+json\" class=\"yoast-schema-graph\">{\"@context\":\"https:\\\/\\\/schema.org\",\"@graph\":[{\"@type\":\"WebPage\",\"@id\":\"https:\\\/\\\/sites.usp.br\\\/ppgcm\\\/censo-da-pos-graduacao-capes\\\/\",\"url\":\"https:\\\/\\\/sites.usp.br\\\/ppgcm\\\/censo-da-pos-graduacao-capes\\\/\",\"name\":\"Censo da P\u00f3s-Gradua\u00e7\u00e3o CAPES - P\u00f3s-Gradua\u00e7\u00e3o em Ci\u00eancias M\u00e9dicas\",\"isPartOf\":{\"@id\":\"https:\\\/\\\/sites.usp.br\\\/ppgcm\\\/#website\"},\"primaryImageOfPage\":{\"@id\":\"https:\\\/\\\/sites.usp.br\\\/ppgcm\\\/censo-da-pos-graduacao-capes\\\/#primaryimage\"},\"image\":{\"@id\":\"https:\\\/\\\/sites.usp.br\\\/ppgcm\\\/censo-da-pos-graduacao-capes\\\/#primaryimage\"},\"thumbnailUrl\":\"https:\\\/\\\/sites.usp.br\\\/ppgcm\\\/wp-content\\\/uploads\\\/sites\\\/670\\\/2026\\\/02\\\/Censo-CAPES-2025-Banner.png\",\"datePublished\":\"2026-02-01T16:31:16+00:00\",\"dateModified\":\"2026-02-03T21:21:36+00:00\",\"inLanguage\":\"pt-BR\",\"potentialAction\":[{\"@type\":\"ReadAction\",\"target\":[\"https:\\\/\\\/sites.usp.br\\\/ppgcm\\\/censo-da-pos-graduacao-capes\\\/\"]}]},{\"@type\":\"ImageObject\",\"inLanguage\":\"pt-BR\",\"@id\":\"https:\\\/\\\/sites.usp.br\\\/ppgcm\\\/censo-da-pos-graduacao-capes\\\/#primaryimage\",\"url\":\"https:\\\/\\\/sites.usp.br\\\/ppgcm\\\/wp-content\\\/uploads\\\/sites\\\/670\\\/2026\\\/02\\\/Censo-CAPES-2025-Banner.png\",\"contentUrl\":\"https:\\\/\\\/sites.usp.br\\\/ppgcm\\\/wp-content\\\/uploads\\\/sites\\\/670\\\/2026\\\/02\\\/Censo-CAPES-2025-Banner.png\",\"width\":1280,\"height\":720},{\"@type\":\"WebSite\",\"@id\":\"https:\\\/\\\/sites.usp.br\\\/ppgcm\\\/#website\",\"url\":\"https:\\\/\\\/sites.usp.br\\\/ppgcm\\\/\",\"name\":\"P\u00f3s-Gradua\u00e7\u00e3o em Ci\u00eancias M\u00e9dicas\",\"description\":\"| FMUSP |\",\"potentialAction\":[{\"@type\":\"SearchAction\",\"target\":{\"@type\":\"EntryPoint\",\"urlTemplate\":\"https:\\\/\\\/sites.usp.br\\\/ppgcm\\\/?s={search_term_string}\"},\"query-input\":{\"@type\":\"PropertyValueSpecification\",\"valueRequired\":true,\"valueName\":\"search_term_string\"}}],\"inLanguage\":\"pt-BR\"}]}<\/script>\n<!-- \/ Yoast SEO plugin. -->","yoast_head_json":{"title":"Censo da P\u00f3s-Gradua\u00e7\u00e3o CAPES - P\u00f3s-Gradua\u00e7\u00e3o em Ci\u00eancias M\u00e9dicas","robots":{"index":"index","follow":"follow","max-snippet":"max-snippet:-1","max-image-preview":"max-image-preview:large","max-video-preview":"max-video-preview:-1"},"canonical":"https:\/\/sites.usp.br\/ppgcm\/censo-da-pos-graduacao-capes\/","twitter_misc":{"Est. tempo de leitura":"1 minuto"},"schema":{"@context":"https:\/\/schema.org","@graph":[{"@type":"WebPage","@id":"https:\/\/sites.usp.br\/ppgcm\/censo-da-pos-graduacao-capes\/","url":"https:\/\/sites.usp.br\/ppgcm\/censo-da-pos-graduacao-capes\/","name":"Censo da P\u00f3s-Gradua\u00e7\u00e3o CAPES - P\u00f3s-Gradua\u00e7\u00e3o em Ci\u00eancias M\u00e9dicas","isPartOf":{"@id":"https:\/\/sites.usp.br\/ppgcm\/#website"},"primaryImageOfPage":{"@id":"https:\/\/sites.usp.br\/ppgcm\/censo-da-pos-graduacao-capes\/#primaryimage"},"image":{"@id":"https:\/\/sites.usp.br\/ppgcm\/censo-da-pos-graduacao-capes\/#primaryimage"},"thumbnailUrl":"https:\/\/sites.usp.br\/ppgcm\/wp-content\/uploads\/sites\/670\/2026\/02\/Censo-CAPES-2025-Banner.png","datePublished":"2026-02-01T16:31:16+00:00","dateModified":"2026-02-03T21:21:36+00:00","inLanguage":"pt-BR","potentialAction":[{"@type":"ReadAction","target":["https:\/\/sites.usp.br\/ppgcm\/censo-da-pos-graduacao-capes\/"]}]},{"@type":"ImageObject","inLanguage":"pt-BR","@id":"https:\/\/sites.usp.br\/ppgcm\/censo-da-pos-graduacao-capes\/#primaryimage","url":"https:\/\/sites.usp.br\/ppgcm\/wp-content\/uploads\/sites\/670\/2026\/02\/Censo-CAPES-2025-Banner.png","contentUrl":"https:\/\/sites.usp.br\/ppgcm\/wp-content\/uploads\/sites\/670\/2026\/02\/Censo-CAPES-2025-Banner.png","width":1280,"height":720},{"@type":"WebSite","@id":"https:\/\/sites.usp.br\/ppgcm\/#website","url":"https:\/\/sites.usp.br\/ppgcm\/","name":"P\u00f3s-Gradua\u00e7\u00e3o em Ci\u00eancias M\u00e9dicas","description":"| FMUSP |","potentialAction":[{"@type":"SearchAction","target":{"@type":"EntryPoint","urlTemplate":"https:\/\/sites.usp.br\/ppgcm\/?s={search_term_string}"},"query-input":{"@type":"PropertyValueSpecification","valueRequired":true,"valueName":"search_term_string"}}],"inLanguage":"pt-BR"}]}},"_links":{"self":[{"href":"https:\/\/sites.usp.br\/ppgcm\/wp-json\/wp\/v2\/pages\/1909","targetHints":{"allow":["GET"]}}],"collection":[{"href":"https:\/\/sites.usp.br\/ppgcm\/wp-json\/wp\/v2\/pages"}],"about":[{"href":"https:\/\/sites.usp.br\/ppgcm\/wp-json\/wp\/v2\/types\/page"}],"author":[{"embeddable":true,"href":"https:\/\/sites.usp.br\/ppgcm\/wp-json\/wp\/v2\/users\/24519"}],"replies":[{"embeddable":true,"href":"https:\/\/sites.usp.br\/ppgcm\/wp-json\/wp\/v2\/comments?post=1909"}],"version-history":[{"count":4,"href":"https:\/\/sites.usp.br\/ppgcm\/wp-json\/wp\/v2\/pages\/1909\/revisions"}],"predecessor-version":[{"id":1936,"href":"https:\/\/sites.usp.br\/ppgcm\/wp-json\/wp\/v2\/pages\/1909\/revisions\/1936"}],"wp:attachment":[{"href":"https:\/\/sites.usp.br\/ppgcm\/wp-json\/wp\/v2\/media?parent=1909"}],"curies":[{"name":"wp","href":"https:\/\/api.w.org\/{rel}","templated":true}]}}