{"id":203,"date":"2020-03-05T20:00:41","date_gmt":"2020-03-05T22:00:41","guid":{"rendered":"https:\/\/sites.usp.br\/ppgcm\/?page_id=203"},"modified":"2025-10-06T18:51:45","modified_gmt":"2025-10-06T20:51:45","slug":"bolsas-de-estudo","status":"publish","type":"page","link":"https:\/\/sites.usp.br\/ppgcm\/bolsas-de-estudo\/","title":{"rendered":"PAE \u2013 Programa de Aperfei\u00e7oamento de Ensino"},"content":{"rendered":"\t\t<div data-elementor-type=\"wp-page\" data-elementor-id=\"203\" class=\"elementor elementor-203\" data-elementor-post-type=\"page\">\n\t\t\t\t\t\t<section class=\"elementor-section elementor-top-section elementor-element elementor-element-38eea726 elementor-section-full_width elementor-section-height-default elementor-section-height-default\" data-id=\"38eea726\" data-element_type=\"section\">\n\t\t\t\t\t\t<div class=\"elementor-container elementor-column-gap-no\">\n\t\t\t\t\t<div class=\"elementor-column elementor-col-100 elementor-top-column elementor-element elementor-element-1a48c7f4\" data-id=\"1a48c7f4\" data-element_type=\"column\">\n\t\t\t<div class=\"elementor-widget-wrap elementor-element-populated\">\n\t\t\t\t\t\t<section class=\"elementor-section elementor-inner-section elementor-element elementor-element-6564d126 elementor-section-boxed elementor-section-height-default elementor-section-height-default\" data-id=\"6564d126\" data-element_type=\"section\">\n\t\t\t\t\t\t<div class=\"elementor-container elementor-column-gap-default\">\n\t\t\t\t\t<div class=\"elementor-column elementor-col-100 elementor-inner-column elementor-element elementor-element-7ae1322d\" data-id=\"7ae1322d\" data-element_type=\"column\">\n\t\t\t<div class=\"elementor-widget-wrap elementor-element-populated\">\n\t\t\t\t\t\t<div class=\"elementor-element elementor-element-b60d15b elementor-widget elementor-widget-accordion\" data-id=\"b60d15b\" data-element_type=\"widget\" data-widget_type=\"accordion.default\">\n\t\t\t\t<div class=\"elementor-widget-container\">\n\t\t\t\t\t<div class=\"elementor-accordion\">\n\t\t\t\t\t\t\t<div class=\"elementor-accordion-item\">\n\t\t\t\t\t<div id=\"elementor-tab-title-1901\" class=\"elementor-tab-title\" data-tab=\"1\" role=\"button\" aria-controls=\"elementor-tab-content-1901\" aria-expanded=\"false\">\n\t\t\t\t\t\t\t\t\t\t\t\t\t<span class=\"elementor-accordion-icon elementor-accordion-icon-left\" aria-hidden=\"true\">\n\t\t\t\t\t\t\t\t\t\t\t\t\t\t\t<span class=\"elementor-accordion-icon-closed\"><i class=\"fas fa-plus\"><\/i><\/span>\n\t\t\t\t\t\t\t\t<span class=\"elementor-accordion-icon-opened\"><i class=\"fas fa-minus\"><\/i><\/span>\n\t\t\t\t\t\t\t\t\t\t\t\t\t\t<\/span>\n\t\t\t\t\t\t\t\t\t\t\t\t<a class=\"elementor-accordion-title\" tabindex=\"0\">O que \u00e9 o Programa de Aperfei\u00e7oamento de Ensino<\/a>\n\t\t\t\t\t<\/div>\n\t\t\t\t\t<div id=\"elementor-tab-content-1901\" class=\"elementor-tab-content elementor-clearfix\" data-tab=\"1\" role=\"region\" aria-labelledby=\"elementor-tab-title-1901\"><p class=\"panel-grid-cell\" data-weight=\"0.21384861636256\">O Programa de Aperfei\u00e7oamento de Ensino \u00e9 regulamentado pela Portaria GR 3588, de 10 de maio de 2005, destina-se exclusivamente a alunos de P\u00f3s-Gradua\u00e7\u00e3o matriculados na Universidade de S\u00e3o Paulo nos cursos de mestrado e doutorado.<\/p><div id=\"pgc-203-0-1\" class=\"panel-grid-cell\" data-weight=\"0.78615138363744\"><div id=\"panel-203-0-1-0\" class=\"so-panel widget widget_sow-editor panel-first-child panel-last-child\" data-index=\"1\" data-style=\"{&quot;background_image_attachment&quot;:false,&quot;background_display&quot;:&quot;tile&quot;}\"><div class=\"so-widget-sow-editor so-widget-sow-editor-base\"><div class=\"siteorigin-widget-tinymce textwidget\"><p>Seu principal objetivo \u00e9 aprimorar a forma\u00e7\u00e3o do p\u00f3s-graduando para atividade did\u00e1tica de gradua\u00e7\u00e3o. O Programa consiste de uma etapa preliminar obrigat\u00f3ria: Prepara\u00e7\u00e3o Pedag\u00f3gica e de uma etapa posterior: Est\u00e1gio Supervisionado em Doc\u00eancia.<\/p><h6><strong>Alunos que possuem bolsa de mestrado e de doutorado por cota de demanda social (CAPES) s\u00e3o obrigados a fazerem o PAE.<\/strong><\/h6><\/div><\/div><\/div><\/div><\/div>\n\t\t\t\t<\/div>\n\t\t\t\t\t\t\t<div class=\"elementor-accordion-item\">\n\t\t\t\t\t<div id=\"elementor-tab-title-1902\" class=\"elementor-tab-title\" data-tab=\"2\" role=\"button\" aria-controls=\"elementor-tab-content-1902\" aria-expanded=\"false\">\n\t\t\t\t\t\t\t\t\t\t\t\t\t<span class=\"elementor-accordion-icon elementor-accordion-icon-left\" aria-hidden=\"true\">\n\t\t\t\t\t\t\t\t\t\t\t\t\t\t\t<span class=\"elementor-accordion-icon-closed\"><i class=\"fas fa-plus\"><\/i><\/span>\n\t\t\t\t\t\t\t\t<span class=\"elementor-accordion-icon-opened\"><i class=\"fas fa-minus\"><\/i><\/span>\n\t\t\t\t\t\t\t\t\t\t\t\t\t\t<\/span>\n\t\t\t\t\t\t\t\t\t\t\t\t<a class=\"elementor-accordion-title\" tabindex=\"0\">Est\u00e1gio Supervisionado em Doc\u00eancia<\/a>\n\t\t\t\t\t<\/div>\n\t\t\t\t\t<div id=\"elementor-tab-content-1902\" class=\"elementor-tab-content elementor-clearfix\" data-tab=\"2\" role=\"region\" aria-labelledby=\"elementor-tab-title-1902\"><p>O Est\u00e1gio Supervisionado em Doc\u00eancia \u00e9 oferecido semestralmente. Para realizar o est\u00e1gio no 1\u00ba semestre do ano, as inscri\u00e7\u00f5es s\u00e3o abertas em outubro. Para o 2\u00ba semestre do ano, as inscri\u00e7\u00f5es ocorrem em abril.<\/p><p>O est\u00e1gio deve estar compreendido dentro do semestre vigente, tendo dura\u00e7\u00e3o de 120 horas presenciais, sendo exigido boletim de frequ\u00eancia mensal segundo o cronograma.<\/p><p>Est\u00e1gio Supervisionado em Doc\u00eancia do PAE ser\u00e1 realizado em uma \u00fanica disciplina de gradua\u00e7\u00e3o dos cursos de Fisioterapia, Fonoaudiologia, Medicina ou Terapia Ocupacional, sob supervis\u00e3o do Docente Respons\u00e1vel. Por determina\u00e7\u00e3o da Comiss\u00e3o PAE\/FMUSP, o Supervisor poder\u00e1 se responsabilizar por, no m\u00e1ximo, 3 estagi\u00e1rios no semestre. A disciplina de gradua\u00e7\u00e3o deve ser de car\u00e1ter obrigat\u00f3rio na grade curricular, no semestre em refer\u00eancia, exigindo-se como pr\u00e9-requisito que o(a) p\u00f3s-graduando(a) j\u00e1 tenha cumprido a disciplina da Etapa de Prepara\u00e7\u00e3o Pedag\u00f3gica.<\/p><p>Ao final do est\u00e1gio, depois de cumpridas as formalidades, ou seja, apresenta\u00e7\u00e3o de relat\u00f3rio das atividades do est\u00e1gio, e ficha de avalia\u00e7\u00e3o do supervisor(a) da disciplina, e aprova\u00e7\u00e3o deste pela Comiss\u00e3o PAE\/FMUSP e CPG\/FMUSP e pelo menos 70% de frequ\u00eancia nas reuni\u00f5es, os participantes t\u00eam direito a 1(um) cr\u00e9dito pela atividade. Ao ser aprovado o Relat\u00f3rio pela Comiss\u00e3o PAE\/USP t\u00eam direito a um certificado da atividade.<\/p><p>Caso o aluno esteja cursando a disciplina da Etapa de Prepara\u00e7\u00e3o Pedag\u00f3gica no semestre da inscri\u00e7\u00e3o do PAE, a matr\u00edcula no est\u00e1gio ficar\u00e1 condicionada \u00e0 sua aprova\u00e7\u00e3o na disciplina.<\/p><h4><strong>Atualmente o programa em Ci\u00eancias M\u00e9dicas possui dois professores que aceitam alunos para a realiza\u00e7\u00e3o do est\u00e1gio PAE, o Prof. Bruno Carameli e a Prof\u00aa. Dr\u00aa. Juliana Pereira.<\/strong><\/h4><\/div>\n\t\t\t\t<\/div>\n\t\t\t\t\t\t\t<div class=\"elementor-accordion-item\">\n\t\t\t\t\t<div id=\"elementor-tab-title-1903\" class=\"elementor-tab-title\" data-tab=\"3\" role=\"button\" aria-controls=\"elementor-tab-content-1903\" aria-expanded=\"false\">\n\t\t\t\t\t\t\t\t\t\t\t\t\t<span class=\"elementor-accordion-icon elementor-accordion-icon-left\" aria-hidden=\"true\">\n\t\t\t\t\t\t\t\t\t\t\t\t\t\t\t<span class=\"elementor-accordion-icon-closed\"><i class=\"fas fa-plus\"><\/i><\/span>\n\t\t\t\t\t\t\t\t<span class=\"elementor-accordion-icon-opened\"><i class=\"fas fa-minus\"><\/i><\/span>\n\t\t\t\t\t\t\t\t\t\t\t\t\t\t<\/span>\n\t\t\t\t\t\t\t\t\t\t\t\t<a class=\"elementor-accordion-title\" tabindex=\"0\">Editais<\/a>\n\t\t\t\t\t<\/div>\n\t\t\t\t\t<div id=\"elementor-tab-content-1903\" class=\"elementor-tab-content elementor-clearfix\" data-tab=\"3\" role=\"region\" aria-labelledby=\"elementor-tab-title-1903\"><h4><strong><a href=\"https:\/\/sites.usp.br\/ppgcm\/wp-content\/uploads\/sites\/670\/2025\/10\/Edital-Programa-de-Aperfeicoamento-em-Ensino.pdf\">Edital 33\/2025 &#8211; 1\u00ba Semestre (1\u00ba de fevereiro a 30 de junho) de 2026<\/a><\/strong><\/h4><p>De conformidade com a Portaria GR-3588, de 10\/5\/2005, estar\u00e3o abertas as inscri\u00e7\u00f5es para o Est\u00e1gio Supervisionado em Doc\u00eancia do PAE na FMUSP, para o 1\u00ba semestre de 2026, <strong>no per\u00edodo de 3 de outubro a 14 de novembro de 2026.<\/strong><\/p><p><strong>N\u00e3o ser\u00e3o aceitas inscri\u00e7\u00f5es fora deste per\u00edodo.<\/strong><\/p><p><strong>Poder\u00e3o candidatar-se ao programa alunos de p\u00f3s-gradua\u00e7\u00e3o da Universidade de S\u00e3o Paulo, regularmente matriculados em cursos de Mestrado ou Doutorado, com o prazo para dep\u00f3sito da disserta\u00e7\u00e3o ou tese posterior a 30\/06\/2026 e que tenham conclu\u00eddo ou estejam cursando uma disciplina de Prepara\u00e7\u00e3o Pedag\u00f3gica com 3 ou mais cr\u00e9ditos.<\/strong><\/p><p>A inscri\u00e7\u00e3o ser\u00e1 feita mediante:<\/p><p>1. Preenchimento da Ficha de Inscri\u00e7\u00e3o do Programa de Aperfei\u00e7oamento de Ensino no site do <a href=\"https:\/\/uspdigital.usp.br\/janus\">Sistema Janus<\/a>.<\/p><p>PAE \u2192 Inscri\u00e7\u00e3o \u2192 1\u00ba semestre de 2026 \u2192 Adicionar\/Alterar.<\/p><p>O Plano de Trabalho, a ser preenchido na ficha de inscri\u00e7\u00e3o, dever\u00e1 ser elaborado em conjunto com o Supervisor do est\u00e1gio (docente respons\u00e1vel pela disciplina de gradua\u00e7\u00e3o). Devem ser especificadas as tarefas a serem desenvolvidas sob responsabilidade do(a) p\u00f3s-graduando(a), levando-se em considera\u00e7\u00e3o que sua participa\u00e7\u00e3o deve ocorrer nas m\u00faltiplas dimens\u00f5es da doc\u00eancia, a saber:<\/p><p style=\"padding-left: 40px;\">a) organizativa (sele\u00e7\u00e3o de conte\u00fados e bibliografia de apoio, organiza\u00e7\u00e3o dos recursos did\u00e1ticos e materiais);<\/p><p style=\"padding-left: 40px;\">b) t\u00e9cnica (organiza\u00e7\u00e3o operacional das listas de frequ\u00eancia, de notas e de acompanhamento das atividades);<\/p><p style=\"padding-left: 40px;\">c) did\u00e1tico-pedag\u00f3gica (desenvolvimento das aulas e distribui\u00e7\u00e3o temporal das atividades did\u00e1ticas);<\/p><p style=\"padding-left: 40px;\">d) rela\u00e7\u00e3o professor-aluno (atividades que favore\u00e7am a participa\u00e7\u00e3o dos alunos e facilitem a interlocu\u00e7\u00e3o);<\/p><p style=\"padding-left: 40px;\">e) avaliativa (sele\u00e7\u00e3o de instrumentos de avalia\u00e7\u00e3o adequados e seus crit\u00e9rios).<\/p><p>A inscri\u00e7\u00e3o dever\u00e1 ser avalizada no Sistema Janus tanto pelo (a) Supervisor (a) como pelo (a) Orientador (a): PAE \u2192 Avaliza\u00e7\u00e3o.<\/p><p>Ap\u00f3s selecionar o aluno, abrir o plano de trabalho e ao final da p\u00e1gina, clicar em avalizar ou desautorizar, at\u00e9 o dia 01\/12\/2025.<\/p><p>Caso o Supervisor (a) ou o Orientador (a) n\u00e3o se manifeste, a inscri\u00e7\u00e3o ser\u00e1 cancelada; a negativa de pelo menos um deles \u00e9 suficiente para o cancelamento. Compete ao P\u00f3s-Graduando (a) comunicar o Supervisor (a) e o Orientador (a) sobre a necessidade da avaliza\u00e7\u00e3o no sistema Janus.<\/p><p>Dever\u00e1 ser enviada para o e-mail <a href=\"mailto:paefmusp@usp.br\"><strong>paefmusp@usp.br<\/strong><\/a> a ficha JANUS atualizada do (a) p\u00f3s-graduando (a) constando o pr\u00e9-requisito &#8220;Disciplina da Etapa de Prepara\u00e7\u00e3o Pedag\u00f3gica&#8221; com 3 ou mais cr\u00e9ditos (conclu\u00edda anteriormente ou em andamento).<\/p><p>As disciplinas de Prepara\u00e7\u00e3o Pedag\u00f3gica que j\u00e1 foram, anteriormente, referendadas pela Comiss\u00e3o PAE\/FMUSP est\u00e3o publicadas <a href=\"http:\/\/fm.usp.br\/pae\/o-pae\/disciplina-de-preparacao-pedagogica\"><strong>aqui<\/strong><\/a><\/p><\/div>\n\t\t\t\t<\/div>\n\t\t\t\t\t\t\t<div class=\"elementor-accordion-item\">\n\t\t\t\t\t<div id=\"elementor-tab-title-1904\" class=\"elementor-tab-title\" data-tab=\"4\" role=\"button\" aria-controls=\"elementor-tab-content-1904\" aria-expanded=\"false\">\n\t\t\t\t\t\t\t\t\t\t\t\t\t<span class=\"elementor-accordion-icon elementor-accordion-icon-left\" aria-hidden=\"true\">\n\t\t\t\t\t\t\t\t\t\t\t\t\t\t\t<span class=\"elementor-accordion-icon-closed\"><i class=\"fas fa-plus\"><\/i><\/span>\n\t\t\t\t\t\t\t\t<span class=\"elementor-accordion-icon-opened\"><i class=\"fas fa-minus\"><\/i><\/span>\n\t\t\t\t\t\t\t\t\t\t\t\t\t\t<\/span>\n\t\t\t\t\t\t\t\t\t\t\t\t<a class=\"elementor-accordion-title\" tabindex=\"0\">Mais informa\u00e7\u00f5es<\/a>\n\t\t\t\t\t<\/div>\n\t\t\t\t\t<div id=\"elementor-tab-content-1904\" class=\"elementor-tab-content elementor-clearfix\" data-tab=\"4\" role=\"region\" aria-labelledby=\"elementor-tab-title-1904\"><p>Para mais informa\u00e7\u00f5es, acesse: <a href=\"https:\/\/www.fm.usp.br\/pae\/portal\/\">https:\/\/www.fm.usp.br\/pae\/portal\/<\/a><\/p><p>Acesse os regulamentos vigentes do PAE nos links abaixo:<\/p><h4><a href=\"https:\/\/leginf.usp.br\/portarias\/portaria-gr-no-3588-de-10-de-maio-de-2005\/\"><strong>Portaria GR n\u00ba 3588, de 10 de maio de 2005<\/strong><\/a><\/h4><h4><strong><a href=\"https:\/\/leginf.usp.br\/?portaria=portaria-gr-no-8829-de-22-de-maio-de-2025\">Portaria GR n\u00ba 8829, de 22 de maio de 2025<\/a><\/strong><\/h4><\/div>\n\t\t\t\t<\/div>\n\t\t\t\t\t\t\t\t<\/div>\n\t\t\t\t<\/div>\n\t\t\t\t<\/div>\n\t\t\t\t\t<\/div>\n\t\t<\/div>\n\t\t\t\t\t<\/div>\n\t\t<\/section>\n\t\t\t\t\t<\/div>\n\t\t<\/div>\n\t\t\t\t\t<\/div>\n\t\t<\/section>\n\t\t\t\t<\/div>\n\t\t","protected":false},"excerpt":{"rendered":"<p>O que \u00e9 o Programa de Aperfei\u00e7oamento de Ensino O Programa de Aperfei\u00e7oamento de Ensino \u00e9 regulamentado pela Portaria GR 3588, de 10 de maio de 2005, destina-se exclusivamente a alunos de P\u00f3s-Gradua\u00e7\u00e3o matriculados na Universidade de S\u00e3o Paulo nos cursos de mestrado e doutorado. Seu principal objetivo \u00e9 aprimorar a forma\u00e7\u00e3o do p\u00f3s-graduando para<a href=\"https:\/\/sites.usp.br\/ppgcm\/bolsas-de-estudo\/\">[&#8230;]<\/a><\/p>\n","protected":false},"author":1278,"featured_media":0,"parent":0,"menu_order":0,"comment_status":"closed","ping_status":"closed","template":"","meta":{"footnotes":"","_links_to":"","_links_to_target":""},"class_list":["post-203","page","type-page","status-publish","hentry"],"yoast_head":"<!-- This site is optimized with the Yoast SEO plugin v27.2 - https:\/\/yoast.com\/product\/yoast-seo-wordpress\/ -->\n<title>PAE \u2013 Programa de Aperfei\u00e7oamento de Ensino - P\u00f3s-Gradua\u00e7\u00e3o em Ci\u00eancias M\u00e9dicas<\/title>\n<meta name=\"robots\" content=\"index, follow, max-snippet:-1, max-image-preview:large, max-video-preview:-1\" \/>\n<link rel=\"canonical\" href=\"https:\/\/sites.usp.br\/ppgcm\/bolsas-de-estudo\/\" \/>\n<meta name=\"twitter:label1\" content=\"Est. tempo de leitura\" \/>\n\t<meta name=\"twitter:data1\" content=\"5 minutos\" \/>\n<script type=\"application\/ld+json\" class=\"yoast-schema-graph\">{\"@context\":\"https:\/\/schema.org\",\"@graph\":[{\"@type\":\"WebPage\",\"@id\":\"https:\/\/sites.usp.br\/ppgcm\/bolsas-de-estudo\/\",\"url\":\"https:\/\/sites.usp.br\/ppgcm\/bolsas-de-estudo\/\",\"name\":\"PAE \u2013 Programa de Aperfei\u00e7oamento de Ensino - P\u00f3s-Gradua\u00e7\u00e3o em Ci\u00eancias M\u00e9dicas\",\"isPartOf\":{\"@id\":\"https:\/\/sites.usp.br\/ppgcm\/#website\"},\"datePublished\":\"2020-03-05T22:00:41+00:00\",\"dateModified\":\"2025-10-06T20:51:45+00:00\",\"inLanguage\":\"pt-BR\",\"potentialAction\":[{\"@type\":\"ReadAction\",\"target\":[\"https:\/\/sites.usp.br\/ppgcm\/bolsas-de-estudo\/\"]}]},{\"@type\":\"WebSite\",\"@id\":\"https:\/\/sites.usp.br\/ppgcm\/#website\",\"url\":\"https:\/\/sites.usp.br\/ppgcm\/\",\"name\":\"P\u00f3s-Gradua\u00e7\u00e3o em Ci\u00eancias M\u00e9dicas\",\"description\":\"| FMUSP |\",\"potentialAction\":[{\"@type\":\"SearchAction\",\"target\":{\"@type\":\"EntryPoint\",\"urlTemplate\":\"https:\/\/sites.usp.br\/ppgcm\/?s={search_term_string}\"},\"query-input\":{\"@type\":\"PropertyValueSpecification\",\"valueRequired\":true,\"valueName\":\"search_term_string\"}}],\"inLanguage\":\"pt-BR\"}]}<\/script>\n<!-- \/ Yoast SEO plugin. -->","yoast_head_json":{"title":"PAE \u2013 Programa de Aperfei\u00e7oamento de Ensino - P\u00f3s-Gradua\u00e7\u00e3o em Ci\u00eancias M\u00e9dicas","robots":{"index":"index","follow":"follow","max-snippet":"max-snippet:-1","max-image-preview":"max-image-preview:large","max-video-preview":"max-video-preview:-1"},"canonical":"https:\/\/sites.usp.br\/ppgcm\/bolsas-de-estudo\/","twitter_misc":{"Est. tempo de leitura":"5 minutos"},"schema":{"@context":"https:\/\/schema.org","@graph":[{"@type":"WebPage","@id":"https:\/\/sites.usp.br\/ppgcm\/bolsas-de-estudo\/","url":"https:\/\/sites.usp.br\/ppgcm\/bolsas-de-estudo\/","name":"PAE \u2013 Programa de Aperfei\u00e7oamento de Ensino - P\u00f3s-Gradua\u00e7\u00e3o em Ci\u00eancias M\u00e9dicas","isPartOf":{"@id":"https:\/\/sites.usp.br\/ppgcm\/#website"},"datePublished":"2020-03-05T22:00:41+00:00","dateModified":"2025-10-06T20:51:45+00:00","inLanguage":"pt-BR","potentialAction":[{"@type":"ReadAction","target":["https:\/\/sites.usp.br\/ppgcm\/bolsas-de-estudo\/"]}]},{"@type":"WebSite","@id":"https:\/\/sites.usp.br\/ppgcm\/#website","url":"https:\/\/sites.usp.br\/ppgcm\/","name":"P\u00f3s-Gradua\u00e7\u00e3o em Ci\u00eancias M\u00e9dicas","description":"| FMUSP |","potentialAction":[{"@type":"SearchAction","target":{"@type":"EntryPoint","urlTemplate":"https:\/\/sites.usp.br\/ppgcm\/?s={search_term_string}"},"query-input":{"@type":"PropertyValueSpecification","valueRequired":true,"valueName":"search_term_string"}}],"inLanguage":"pt-BR"}]}},"_links":{"self":[{"href":"https:\/\/sites.usp.br\/ppgcm\/wp-json\/wp\/v2\/pages\/203","targetHints":{"allow":["GET"]}}],"collection":[{"href":"https:\/\/sites.usp.br\/ppgcm\/wp-json\/wp\/v2\/pages"}],"about":[{"href":"https:\/\/sites.usp.br\/ppgcm\/wp-json\/wp\/v2\/types\/page"}],"author":[{"embeddable":true,"href":"https:\/\/sites.usp.br\/ppgcm\/wp-json\/wp\/v2\/users\/1278"}],"replies":[{"embeddable":true,"href":"https:\/\/sites.usp.br\/ppgcm\/wp-json\/wp\/v2\/comments?post=203"}],"version-history":[{"count":4,"href":"https:\/\/sites.usp.br\/ppgcm\/wp-json\/wp\/v2\/pages\/203\/revisions"}],"predecessor-version":[{"id":1874,"href":"https:\/\/sites.usp.br\/ppgcm\/wp-json\/wp\/v2\/pages\/203\/revisions\/1874"}],"wp:attachment":[{"href":"https:\/\/sites.usp.br\/ppgcm\/wp-json\/wp\/v2\/media?parent=203"}],"curies":[{"name":"wp","href":"https:\/\/api.w.org\/{rel}","templated":true}]}}