{"id":230,"date":"2020-03-05T20:14:23","date_gmt":"2020-03-05T22:14:23","guid":{"rendered":"https:\/\/sites.usp.br\/ppgcm\/?page_id=230"},"modified":"2025-04-08T20:56:16","modified_gmt":"2025-04-08T22:56:16","slug":"apoio-psicologico","status":"publish","type":"page","link":"https:\/\/sites.usp.br\/ppgcm\/apoio-psicologico\/","title":{"rendered":"Avalia\u00e7\u00e3o e Apoio Psicol\u00f3gico"},"content":{"rendered":"\t\t<div data-elementor-type=\"wp-page\" data-elementor-id=\"230\" class=\"elementor elementor-230\" data-elementor-post-type=\"page\">\n\t\t\t\t\t\t<section class=\"elementor-section elementor-top-section elementor-element elementor-element-62e1122e elementor-section-full_width elementor-section-height-default elementor-section-height-default\" data-id=\"62e1122e\" data-element_type=\"section\">\n\t\t\t\t\t\t<div class=\"elementor-container elementor-column-gap-no\">\n\t\t\t\t\t<div class=\"elementor-column elementor-col-100 elementor-top-column elementor-element elementor-element-53de5a54\" data-id=\"53de5a54\" data-element_type=\"column\">\n\t\t\t<div class=\"elementor-widget-wrap elementor-element-populated\">\n\t\t\t\t\t\t<section class=\"elementor-section elementor-inner-section elementor-element elementor-element-6e4d2e63 elementor-section-boxed elementor-section-height-default elementor-section-height-default\" data-id=\"6e4d2e63\" data-element_type=\"section\">\n\t\t\t\t\t\t<div class=\"elementor-container elementor-column-gap-default\">\n\t\t\t\t\t<div class=\"elementor-column elementor-col-100 elementor-inner-column elementor-element elementor-element-7b0287ce\" data-id=\"7b0287ce\" data-element_type=\"column\">\n\t\t\t<div class=\"elementor-widget-wrap elementor-element-populated\">\n\t\t\t\t\t\t<div class=\"elementor-element elementor-element-39fec1ba elementor-widget elementor-widget-text-editor\" data-id=\"39fec1ba\" data-element_type=\"widget\" data-widget_type=\"text-editor.default\">\n\t\t\t\t<div class=\"elementor-widget-container\">\n\t\t\t\t\t\t\t<p>Caro aluno: caso voc\u00ea esteja precisando de ajuda ou se voc\u00ea tem conhecimento de algum colega que esteja necessitando de algum tipo de apoio psicol\u00f3gico n\u00e3o hesite em nos procurar. Estamos aqui para auxili\u00e1-lo!<\/p><p>O Programa de P\u00f3s-Gradua\u00e7\u00e3o em Ci\u00eancias M\u00e9dicas conta com a assist\u00eancia do Instituto de Psiquiatria da FMUSP que atende os nossos alunos conforme necessidade. Vale ressaltar que a avalia\u00e7\u00e3o e o apoio psicol\u00f3gico s\u00e3o sigilosos.\u00a0<\/p><p>Entre em contato com a secretaria do programa.\u00a0<\/p><p>Secretaria de P\u00f3s-Gradua\u00e7\u00e3o em Ci\u00eancias M\u00e9dicas: cienciasmedicaspg.ichc@hc.fm.usp.br\u00a0<\/p><p>Telefone: 2661-6412 \/ 7570 (Angelica) | 2661-7571 (Rose)<\/p>\t\t\t\t\t\t<\/div>\n\t\t\t\t<\/div>\n\t\t\t\t\t<\/div>\n\t\t<\/div>\n\t\t\t\t\t<\/div>\n\t\t<\/section>\n\t\t\t\t\t<\/div>\n\t\t<\/div>\n\t\t\t\t\t<\/div>\n\t\t<\/section>\n\t\t\t\t<\/div>\n\t\t","protected":false},"excerpt":{"rendered":"<p>Caro aluno: caso voc\u00ea esteja precisando de ajuda ou se voc\u00ea tem conhecimento de algum colega que esteja necessitando de algum tipo de apoio psicol\u00f3gico n\u00e3o hesite em nos procurar. Estamos aqui para auxili\u00e1-lo! O Programa de P\u00f3s-Gradua\u00e7\u00e3o em Ci\u00eancias M\u00e9dicas conta com a assist\u00eancia do Instituto de Psiquiatria da FMUSP que atende os nossos<a href=\"https:\/\/sites.usp.br\/ppgcm\/apoio-psicologico\/\">[&#8230;]<\/a><\/p>\n","protected":false},"author":1278,"featured_media":0,"parent":0,"menu_order":0,"comment_status":"closed","ping_status":"closed","template":"","meta":{"footnotes":"","_links_to":"","_links_to_target":""},"class_list":["post-230","page","type-page","status-publish","hentry"],"yoast_head":"<!-- This site is optimized with the Yoast SEO plugin v27.2 - https:\/\/yoast.com\/product\/yoast-seo-wordpress\/ -->\n<title>Avalia\u00e7\u00e3o e Apoio Psicol\u00f3gico - P\u00f3s-Gradua\u00e7\u00e3o em Ci\u00eancias M\u00e9dicas<\/title>\n<meta name=\"robots\" content=\"index, follow, max-snippet:-1, max-image-preview:large, max-video-preview:-1\" \/>\n<link rel=\"canonical\" href=\"https:\/\/sites.usp.br\/ppgcm\/apoio-psicologico\/\" \/>\n<meta name=\"twitter:label1\" content=\"Est. tempo de leitura\" \/>\n\t<meta name=\"twitter:data1\" content=\"1 minuto\" \/>\n<script type=\"application\/ld+json\" class=\"yoast-schema-graph\">{\"@context\":\"https:\/\/schema.org\",\"@graph\":[{\"@type\":\"WebPage\",\"@id\":\"https:\/\/sites.usp.br\/ppgcm\/apoio-psicologico\/\",\"url\":\"https:\/\/sites.usp.br\/ppgcm\/apoio-psicologico\/\",\"name\":\"Avalia\u00e7\u00e3o e Apoio Psicol\u00f3gico - P\u00f3s-Gradua\u00e7\u00e3o em Ci\u00eancias M\u00e9dicas\",\"isPartOf\":{\"@id\":\"https:\/\/sites.usp.br\/ppgcm\/#website\"},\"datePublished\":\"2020-03-05T22:14:23+00:00\",\"dateModified\":\"2025-04-08T22:56:16+00:00\",\"inLanguage\":\"pt-BR\",\"potentialAction\":[{\"@type\":\"ReadAction\",\"target\":[\"https:\/\/sites.usp.br\/ppgcm\/apoio-psicologico\/\"]}]},{\"@type\":\"WebSite\",\"@id\":\"https:\/\/sites.usp.br\/ppgcm\/#website\",\"url\":\"https:\/\/sites.usp.br\/ppgcm\/\",\"name\":\"P\u00f3s-Gradua\u00e7\u00e3o em Ci\u00eancias M\u00e9dicas\",\"description\":\"| FMUSP |\",\"potentialAction\":[{\"@type\":\"SearchAction\",\"target\":{\"@type\":\"EntryPoint\",\"urlTemplate\":\"https:\/\/sites.usp.br\/ppgcm\/?s={search_term_string}\"},\"query-input\":{\"@type\":\"PropertyValueSpecification\",\"valueRequired\":true,\"valueName\":\"search_term_string\"}}],\"inLanguage\":\"pt-BR\"}]}<\/script>\n<!-- \/ Yoast SEO plugin. -->","yoast_head_json":{"title":"Avalia\u00e7\u00e3o e Apoio Psicol\u00f3gico - P\u00f3s-Gradua\u00e7\u00e3o em Ci\u00eancias M\u00e9dicas","robots":{"index":"index","follow":"follow","max-snippet":"max-snippet:-1","max-image-preview":"max-image-preview:large","max-video-preview":"max-video-preview:-1"},"canonical":"https:\/\/sites.usp.br\/ppgcm\/apoio-psicologico\/","twitter_misc":{"Est. tempo de leitura":"1 minuto"},"schema":{"@context":"https:\/\/schema.org","@graph":[{"@type":"WebPage","@id":"https:\/\/sites.usp.br\/ppgcm\/apoio-psicologico\/","url":"https:\/\/sites.usp.br\/ppgcm\/apoio-psicologico\/","name":"Avalia\u00e7\u00e3o e Apoio Psicol\u00f3gico - P\u00f3s-Gradua\u00e7\u00e3o em Ci\u00eancias M\u00e9dicas","isPartOf":{"@id":"https:\/\/sites.usp.br\/ppgcm\/#website"},"datePublished":"2020-03-05T22:14:23+00:00","dateModified":"2025-04-08T22:56:16+00:00","inLanguage":"pt-BR","potentialAction":[{"@type":"ReadAction","target":["https:\/\/sites.usp.br\/ppgcm\/apoio-psicologico\/"]}]},{"@type":"WebSite","@id":"https:\/\/sites.usp.br\/ppgcm\/#website","url":"https:\/\/sites.usp.br\/ppgcm\/","name":"P\u00f3s-Gradua\u00e7\u00e3o em Ci\u00eancias M\u00e9dicas","description":"| FMUSP |","potentialAction":[{"@type":"SearchAction","target":{"@type":"EntryPoint","urlTemplate":"https:\/\/sites.usp.br\/ppgcm\/?s={search_term_string}"},"query-input":{"@type":"PropertyValueSpecification","valueRequired":true,"valueName":"search_term_string"}}],"inLanguage":"pt-BR"}]}},"_links":{"self":[{"href":"https:\/\/sites.usp.br\/ppgcm\/wp-json\/wp\/v2\/pages\/230","targetHints":{"allow":["GET"]}}],"collection":[{"href":"https:\/\/sites.usp.br\/ppgcm\/wp-json\/wp\/v2\/pages"}],"about":[{"href":"https:\/\/sites.usp.br\/ppgcm\/wp-json\/wp\/v2\/types\/page"}],"author":[{"embeddable":true,"href":"https:\/\/sites.usp.br\/ppgcm\/wp-json\/wp\/v2\/users\/1278"}],"replies":[{"embeddable":true,"href":"https:\/\/sites.usp.br\/ppgcm\/wp-json\/wp\/v2\/comments?post=230"}],"version-history":[{"count":4,"href":"https:\/\/sites.usp.br\/ppgcm\/wp-json\/wp\/v2\/pages\/230\/revisions"}],"predecessor-version":[{"id":1579,"href":"https:\/\/sites.usp.br\/ppgcm\/wp-json\/wp\/v2\/pages\/230\/revisions\/1579"}],"wp:attachment":[{"href":"https:\/\/sites.usp.br\/ppgcm\/wp-json\/wp\/v2\/media?parent=230"}],"curies":[{"name":"wp","href":"https:\/\/api.w.org\/{rel}","templated":true}]}}