{"id":376,"date":"2020-03-12T16:56:11","date_gmt":"2020-03-12T18:56:11","guid":{"rendered":"https:\/\/sites.usp.br\/ppgcm\/?page_id=376"},"modified":"2025-04-16T20:40:07","modified_gmt":"2025-04-16T22:40:07","slug":"relacoes-internacionais","status":"publish","type":"page","link":"https:\/\/sites.usp.br\/ppgcm\/relacoes-internacionais\/","title":{"rendered":"Rela\u00e7\u00f5es Internacionais"},"content":{"rendered":"\t\t<div data-elementor-type=\"wp-page\" data-elementor-id=\"376\" class=\"elementor elementor-376\" data-elementor-post-type=\"page\">\n\t\t\t\t\t\t<section class=\"elementor-section elementor-top-section elementor-element elementor-element-c66acab elementor-section-boxed elementor-section-height-default elementor-section-height-default\" data-id=\"c66acab\" data-element_type=\"section\">\n\t\t\t\t\t\t<div class=\"elementor-container elementor-column-gap-default\">\n\t\t\t\t\t<div class=\"elementor-column elementor-col-100 elementor-top-column elementor-element elementor-element-2bd38f6\" data-id=\"2bd38f6\" data-element_type=\"column\">\n\t\t\t<div class=\"elementor-widget-wrap elementor-element-populated\">\n\t\t\t\t\t\t<div class=\"elementor-element elementor-element-0cf9b43 elementor-widget elementor-widget-text-editor\" data-id=\"0cf9b43\" data-element_type=\"widget\" data-widget_type=\"text-editor.default\">\n\t\t\t\t<div class=\"elementor-widget-container\">\n\t\t\t\t\t\t\t<h2 id=\"pgc-376-0-0\" class=\"panel-grid-cell panel-grid-cell-empty\" data-weight=\"0.21384861636256\">AUCANI<\/h2><p>A <strong>Ag\u00eancia USP de Coopera\u00e7\u00e3o Acad\u00eamica Nacional e Internacional (Aucani)<\/strong> tem como miss\u00e3o fortalecer a integra\u00e7\u00e3o da USP com institui\u00e7\u00f5es universit\u00e1rias, \u00f3rg\u00e3os p\u00fablicos e a sociedade, promovendo e apoiando a coopera\u00e7\u00e3o acad\u00eamica em ensino, pesquisa, cultura e extens\u00e3o, tanto no cen\u00e1rio nacional quanto internacional.<\/p>\t\t\t\t\t\t<\/div>\n\t\t\t\t<\/div>\n\t\t\t\t\t<\/div>\n\t\t<\/div>\n\t\t\t\t\t<\/div>\n\t\t<\/section>\n\t\t\t\t<section class=\"elementor-section elementor-top-section elementor-element elementor-element-20fbe19 elementor-section-boxed elementor-section-height-default elementor-section-height-default\" data-id=\"20fbe19\" data-element_type=\"section\">\n\t\t\t\t\t\t<div class=\"elementor-container elementor-column-gap-default\">\n\t\t\t\t\t<div class=\"elementor-column elementor-col-100 elementor-top-column elementor-element elementor-element-1f471b2\" data-id=\"1f471b2\" data-element_type=\"column\">\n\t\t\t<div class=\"elementor-widget-wrap elementor-element-populated\">\n\t\t\t\t\t\t<div class=\"elementor-element elementor-element-0248356 elementor-widget elementor-widget-accordion\" data-id=\"0248356\" data-element_type=\"widget\" data-widget_type=\"accordion.default\">\n\t\t\t\t<div class=\"elementor-widget-container\">\n\t\t\t\t\t<div class=\"elementor-accordion\">\n\t\t\t\t\t\t\t<div class=\"elementor-accordion-item\">\n\t\t\t\t\t<div id=\"elementor-tab-title-2391\" class=\"elementor-tab-title\" data-tab=\"1\" role=\"button\" aria-controls=\"elementor-tab-content-2391\" aria-expanded=\"false\">\n\t\t\t\t\t\t\t\t\t\t\t\t\t<span class=\"elementor-accordion-icon elementor-accordion-icon-left\" aria-hidden=\"true\">\n\t\t\t\t\t\t\t\t\t\t\t\t\t\t\t<span class=\"elementor-accordion-icon-closed\"><i class=\"fas fa-plus\"><\/i><\/span>\n\t\t\t\t\t\t\t\t<span class=\"elementor-accordion-icon-opened\"><i class=\"fas fa-minus\"><\/i><\/span>\n\t\t\t\t\t\t\t\t\t\t\t\t\t\t<\/span>\n\t\t\t\t\t\t\t\t\t\t\t\t<a class=\"elementor-accordion-title\" tabindex=\"0\">Escrit\u00f3rio de Recep\u00e7\u00e3o Acad\u00eamica<\/a>\n\t\t\t\t\t<\/div>\n\t\t\t\t\t<div id=\"elementor-tab-content-2391\" class=\"elementor-tab-content elementor-clearfix\" data-tab=\"1\" role=\"region\" aria-labelledby=\"elementor-tab-title-2391\"><p>Neste novo espa\u00e7o, localizado no CDI \u2013 Centro de Difus\u00e3o Internacional, no Campus Butant\u00e3, ser\u00e3o recebidas as delega\u00e7\u00f5es estrangeiras e nacionais que visitam a Universidade de S\u00e3o Paulo, no intuito de gerar e desenvolver oportunidades de coopera\u00e7\u00e3o acad\u00eamica.<\/p><p>O escrit\u00f3rio tamb\u00e9m promover\u00e1, assim como os escrit\u00f3rios internacionais locais, o atendimento presencial para recep\u00e7\u00e3o e orienta\u00e7\u00e3o a alunos de gradua\u00e7\u00e3o e p\u00f3s-gradua\u00e7\u00e3o, t\u00e9cnicos e professores oriundos de outros pa\u00edses. Al\u00e9m disso, facilitar\u00e1 a internacionaliza\u00e7\u00e3o e a otimiza\u00e7\u00e3o das a\u00e7\u00f5es j\u00e1 desenvolvidas pela Aucani, como a propaga\u00e7\u00e3o de material instrutivo em ingl\u00eas ao p\u00fablico internacional, o suporte \u00e0s Unidades e \u00d3rg\u00e3os no agendamento junto \u00e0 Pol\u00edcia Federal para legaliza\u00e7\u00e3o da estadia de estrangeiros no Brasil, e a coordena\u00e7\u00e3o de programas voltados aos intercambistas, como o USP iFriends.<\/p><p>Al\u00e9m do atendimento presencial, o escrit\u00f3rio realizar\u00e1 atendimento virtual para quem busca informa\u00e7\u00f5es gerais sobre as atividades internacionais da USP (international.info@usp.br), atuar\u00e1 juntamente com os escrit\u00f3rios internacionais locais na realiza\u00e7\u00e3o de agendamentos junto \u00e0 Pol\u00edcia Federal (estrangeiros@usp.br) e coordenar\u00e1 o programa de voluntariado USP iFriends (ifriends@usp.br).<\/p><h5><strong>Informa\u00e7\u00f5es de contato:<\/strong><\/h5><p><strong>Endere\u00e7o:<\/strong> Av. Prof. L\u00facio Martins Rodrigues, 310 \u2013 Bloco B \u2013 1\u00ba andar<\/p><p><strong>Atendimento pessoal:<\/strong> 10:00 \u2013 16:00, de segunda \u00e0 sexta-feira<\/p><p><strong>Atendimento por telefone:<\/strong> 2648-1551 \/ 3091-3529<\/p><p><strong>Atendimento para Delega\u00e7\u00f5es:<\/strong> 2648-0183 \/ aucani.ara@usp.br<\/p><p><strong>Atendimento por e-mail para informa\u00e7\u00f5es gerais:<\/strong> international.info@usp.br<\/p><p><strong>Atendimento por e-mail \u00e0s Unidades e \u00d3rg\u00e3os:<\/strong> estrangeiros@usp.br<\/p><p><strong>Atendimento por e-mail para o USP iFriends:<\/strong> ifriends@usp.br<\/p><\/div>\n\t\t\t\t<\/div>\n\t\t\t\t\t\t\t<div class=\"elementor-accordion-item\">\n\t\t\t\t\t<div id=\"elementor-tab-title-2392\" class=\"elementor-tab-title\" data-tab=\"2\" role=\"button\" aria-controls=\"elementor-tab-content-2392\" aria-expanded=\"false\">\n\t\t\t\t\t\t\t\t\t\t\t\t\t<span class=\"elementor-accordion-icon elementor-accordion-icon-left\" aria-hidden=\"true\">\n\t\t\t\t\t\t\t\t\t\t\t\t\t\t\t<span class=\"elementor-accordion-icon-closed\"><i class=\"fas fa-plus\"><\/i><\/span>\n\t\t\t\t\t\t\t\t<span class=\"elementor-accordion-icon-opened\"><i class=\"fas fa-minus\"><\/i><\/span>\n\t\t\t\t\t\t\t\t\t\t\t\t\t\t<\/span>\n\t\t\t\t\t\t\t\t\t\t\t\t<a class=\"elementor-accordion-title\" tabindex=\"0\">Escrit\u00f3rios Locais<\/a>\n\t\t\t\t\t<\/div>\n\t\t\t\t\t<div id=\"elementor-tab-content-2392\" class=\"elementor-tab-content elementor-clearfix\" data-tab=\"2\" role=\"region\" aria-labelledby=\"elementor-tab-title-2392\"><p>As a\u00e7\u00f5es de internacionaliza\u00e7\u00e3o da Universidade de S\u00e3o Paulo (USP) s\u00e3o desempenhadas em n\u00edvel central pela Aucani, e, de forma descentralizada, pelos escrit\u00f3rios estabelecidos nas Unidades de Ensino e Pesquisa, representados pelas Comiss\u00f5es locais respons\u00e1veis pelas rela\u00e7\u00f5es internacionais no \u00e2mbito das faculdades, escolas e dos institutos da USP.<\/p><\/div>\n\t\t\t\t<\/div>\n\t\t\t\t\t\t\t<div class=\"elementor-accordion-item\">\n\t\t\t\t\t<div id=\"elementor-tab-title-2393\" class=\"elementor-tab-title\" data-tab=\"3\" role=\"button\" aria-controls=\"elementor-tab-content-2393\" aria-expanded=\"false\">\n\t\t\t\t\t\t\t\t\t\t\t\t\t<span class=\"elementor-accordion-icon elementor-accordion-icon-left\" aria-hidden=\"true\">\n\t\t\t\t\t\t\t\t\t\t\t\t\t\t\t<span class=\"elementor-accordion-icon-closed\"><i class=\"fas fa-plus\"><\/i><\/span>\n\t\t\t\t\t\t\t\t<span class=\"elementor-accordion-icon-opened\"><i class=\"fas fa-minus\"><\/i><\/span>\n\t\t\t\t\t\t\t\t\t\t\t\t\t\t<\/span>\n\t\t\t\t\t\t\t\t\t\t\t\t<a class=\"elementor-accordion-title\" tabindex=\"0\">Modalidades de Interc\u00e2mbio de P\u00f3s-Gradua\u00e7\u00e3o<\/a>\n\t\t\t\t\t<\/div>\n\t\t\t\t\t<div id=\"elementor-tab-content-2393\" class=\"elementor-tab-content elementor-clearfix\" data-tab=\"3\" role=\"region\" aria-labelledby=\"elementor-tab-title-2393\"><p>A Reitoria e Unidades USP mant\u00eam conv\u00eanios acad\u00eamicos com diversas institui\u00e7\u00f5es de ensino superior (IES) estrangeiras e, atrav\u00e9s dessas coopera\u00e7\u00f5es, s\u00e3o negociadas vagas para interc\u00e2mbio de estudantes das institui\u00e7\u00f5es envolvidas prevendo isen\u00e7\u00e3o de taxas acad\u00eamicas.<\/p><p><strong>Interc\u00e2mbio pela unidade USP de origem<\/strong>: Consulte a CRInt\/CCInt ou o Servi\u00e7o de P\u00f3s-gradua\u00e7\u00e3o da sua Unidade USP de origem para obter informa\u00e7\u00f5es sobre oportunidades de interc\u00e2mbios internacionais por meio dos conv\u00eanios locais;<\/p><p><strong>Interc\u00e2mbio por meio de editais espec\u00edficos da <a href=\"https:\/\/www.prpg.usp.br\/pt-br\">Pr\u00f3-Reitoria de P\u00f3s-Gradua\u00e7\u00e3o<\/a> ou de terceiros<\/strong>: Oportunidades oferecidas por meio de editais\u00a0de internacionaliza\u00e7\u00e3o espec\u00edficos da Pr\u00f3-Reitoria de P\u00f3s-gradua\u00e7\u00e3o (PRPG), como o <strong>Programa CAPES-Print<\/strong> (<a href=\"mailto:print@usp.br\">print@usp.br<\/a>) <strong>(<a href=\"https:\/\/sites.usp.br\/print\/\">Acesse aqui<\/a>)<\/strong>, ou editais de terceiros s\u00e3o tratados\u00a0 diretamente com seus gestores por meio de seus pr\u00f3prios canais de atendimento;<\/p><p><strong>Interc\u00e2mbio por meio de editais espec\u00edficos da Aucani:<\/strong> Oportunidades espec\u00edficas de interc\u00e2mbio (programas, redes e outros) s\u00e3o publicadas\u00a0no sistema Mundus, de acordo com as pol\u00edticas de coopera\u00e7\u00e3o internacional vigentes \u00e0 \u00e9poca da publica\u00e7\u00e3o de cada edital. Assim, poss\u00edveis\u00a0altera\u00e7\u00f5es s\u00e3o\u00a0 observadas nas diferentes chamadas, fazendo com que os editais passados sirvam apenas como refer\u00eancia para conhecimento\u00a0de poss\u00edveis crit\u00e9rios de sele\u00e7\u00e3o ou benef\u00edcios oferecidos. <strong>Para acompanhar a publica\u00e7\u00e3o de editais, visite regularmente o Sistema Mundus (op\u00e7\u00e3o: Editais &gt; Alunos de P\u00f3s-gradua\u00e7\u00e3o) (<a href=\"https:\/\/uspdigital.usp.br\/mundus\/\">Acesse aqui<\/a>). <br \/><\/strong><\/p><p><strong>Interc\u00e2mbio sob demanda individual (fluxo cont\u00ednuo) por meio da Aucani<\/strong>: Consultas sobre a possibilidade de interc\u00e2mbio no exterior em\u00a0n\u00edvel de p\u00f3s-gradua\u00e7\u00e3o por meio de conv\u00eanios acad\u00eamicos gerais firmados com interveni\u00eancia da Reitoria da USP ser\u00e3o recebidas em fluxo\u00a0cont\u00ednuo por sua representante, a Aucani.<\/p><\/div>\n\t\t\t\t<\/div>\n\t\t\t\t\t\t\t<div class=\"elementor-accordion-item\">\n\t\t\t\t\t<div id=\"elementor-tab-title-2394\" class=\"elementor-tab-title\" data-tab=\"4\" role=\"button\" aria-controls=\"elementor-tab-content-2394\" aria-expanded=\"false\">\n\t\t\t\t\t\t\t\t\t\t\t\t\t<span class=\"elementor-accordion-icon elementor-accordion-icon-left\" aria-hidden=\"true\">\n\t\t\t\t\t\t\t\t\t\t\t\t\t\t\t<span class=\"elementor-accordion-icon-closed\"><i class=\"fas fa-plus\"><\/i><\/span>\n\t\t\t\t\t\t\t\t<span class=\"elementor-accordion-icon-opened\"><i class=\"fas fa-minus\"><\/i><\/span>\n\t\t\t\t\t\t\t\t\t\t\t\t\t\t<\/span>\n\t\t\t\t\t\t\t\t\t\t\t\t<a class=\"elementor-accordion-title\" tabindex=\"0\">CRInt \u2014 FMUSP<\/a>\n\t\t\t\t\t<\/div>\n\t\t\t\t\t<div id=\"elementor-tab-content-2394\" class=\"elementor-tab-content elementor-clearfix\" data-tab=\"4\" role=\"region\" aria-labelledby=\"elementor-tab-title-2394\"><div><p>A Faculdade de Medicina da Universidade de S\u00e3o Paulo (FMUSP), reconhecida pelo pioneirismo e excel\u00eancia no ensino, pesquisa e extens\u00e3o universit\u00e1ria, tem como um de seus pilares a internacionaliza\u00e7\u00e3o de seu corpo acad\u00eamico e dos programas de ensino e pesquisa.<\/p><\/div><div><div><p align=\"justify\">Com o objetivo de tornar a FMUSP um centro educacional de refer\u00eancia mundial, a Comiss\u00e3o de Rela\u00e7\u00f5es Internacionais (CRInt), atrav\u00e9s de seu Escrit\u00f3rio Internacional, vem estabelecendo parcerias estrat\u00e9gicas com novos parceiros e fortalecendo os la\u00e7os j\u00e1 existentes com entidades de diversos pa\u00edses e regi\u00f5es do globo.<\/p><\/div><\/div><div><div spellcheck=\"true\"><p align=\"justify\">Cabe ao Escrit\u00f3rio Internacional da FMUSP a responsabilidade de implementar a miss\u00e3o estrat\u00e9gica de internacionaliza\u00e7\u00e3o idealizada pela CRInt-FMUSP. As a\u00e7\u00f5es do Escrit\u00f3rio Internacional da FMUSP compreendem a delibera\u00e7\u00e3o dos diversos aspectos relativos \u00e0 internacionaliza\u00e7\u00e3o, tais como: assinatura e formata\u00e7\u00e3o de conv\u00eanios internacionais, promo\u00e7\u00e3o de mobilidade docente e discente, bem como do corpo de pesquisadores e de Residentes M\u00e9dicos estrangeiros.<\/p><\/div><\/div><div><div><p align=\"justify\">Entre os objetivos da internacionaliza\u00e7\u00e3o est\u00e3o a visibilidade global da institui\u00e7\u00e3o como um todo, o estreitamento da coopera\u00e7\u00e3o cient\u00edfica visando ao maior impacto das pesquisas e da produ\u00e7\u00e3o acad\u00eamica da FMUSP, al\u00e9m da capacita\u00e7\u00e3o profissional, incremento cultural e promo\u00e7\u00e3o da diversidade entre pesquisadores, docentes e discentes.<\/p><h5 align=\"justify\"><strong>Informa\u00e7\u00f5es de contato:<\/strong><\/h5><p><b>Endere\u00e7o: <\/b>Av. Dr. Arnaldo, 455 &#8211; 2\u00ba andar &#8211; sala 2105 &#8211; Cerqueira C\u00e9sar, S\u00e3o Paulo, Brasil &#8211; CEP: 01246-903<\/p><p align=\"justify\"><strong>D\u00favidas gerais<\/strong>: <a href=\"mailto:international@fm.usp.br\">international@fm.usp.br<\/a><\/p><p align=\"justify\"><strong>Talita de Almeida<\/strong> (Coordena\u00e7\u00e3o do Escrit\u00f3rio, Conv\u00eanios Acad\u00eamicos, Delega\u00e7\u00f5es Internacionais, D\u00favidas sobre Mobilidade <i>Outgoing <\/i>e Bolsas USP): <a href=\"mailto:talita.almeida@fm.usp.br\">talita.almeida@fm.usp.br<\/a><\/p><p align=\"justify\"><strong>Douglas Bartholomeu<\/strong> (Mobilidade <i>Incoming <\/i>e <i>Outgoing, <\/i>Professor Visitante): <a href=\"mailto:douglas.bartholomeu@fm.usp.br\">douglas.bartholomeu@fm.usp.br<\/a><\/p><p align=\"justify\"><strong>Jo\u00e3o Reis<\/strong> (Solicita\u00e7\u00e3o de vaga na moradia &#8211; visitantes internacionais): <a href=\"mailto:international@fm.usp.br\">international@fm.usp.br<\/a><\/p><\/div><\/div><\/div>\n\t\t\t\t<\/div>\n\t\t\t\t\t\t\t\t<\/div>\n\t\t\t\t<\/div>\n\t\t\t\t<\/div>\n\t\t\t\t<div class=\"elementor-element elementor-element-a2624f2 elementor-widget elementor-widget-text-editor\" data-id=\"a2624f2\" data-element_type=\"widget\" data-widget_type=\"text-editor.default\">\n\t\t\t\t<div class=\"elementor-widget-container\">\n\t\t\t\t\t\t\t<h5>Visite <a href=\"https:\/\/internationaloffice.usp.br\/new\/\">aqui<\/a> o site da Aucani &#8211; Ag\u00eancia USP de Coopera\u00e7\u00e3o Acad\u00eamica Nacional e Internacional<\/h5>\t\t\t\t\t\t<\/div>\n\t\t\t\t<\/div>\n\t\t\t\t\t<\/div>\n\t\t<\/div>\n\t\t\t\t\t<\/div>\n\t\t<\/section>\n\t\t\t\t<\/div>\n\t\t","protected":false},"excerpt":{"rendered":"<p>AUCANI A Ag\u00eancia USP de Coopera\u00e7\u00e3o Acad\u00eamica Nacional e Internacional (Aucani) tem como miss\u00e3o fortalecer a integra\u00e7\u00e3o da USP com institui\u00e7\u00f5es universit\u00e1rias, \u00f3rg\u00e3os p\u00fablicos e a sociedade, promovendo e apoiando a coopera\u00e7\u00e3o acad\u00eamica em ensino, pesquisa, cultura e extens\u00e3o, tanto no cen\u00e1rio nacional quanto internacional. Escrit\u00f3rio de Recep\u00e7\u00e3o Acad\u00eamica Neste novo espa\u00e7o, localizado no CDI<a href=\"https:\/\/sites.usp.br\/ppgcm\/relacoes-internacionais\/\">[&#8230;]<\/a><\/p>\n","protected":false},"author":1278,"featured_media":0,"parent":0,"menu_order":0,"comment_status":"closed","ping_status":"closed","template":"","meta":{"footnotes":"","_links_to":"","_links_to_target":""},"class_list":["post-376","page","type-page","status-publish","hentry"],"yoast_head":"<!-- This site is optimized with the Yoast SEO plugin v27.2 - https:\/\/yoast.com\/product\/yoast-seo-wordpress\/ -->\n<title>Rela\u00e7\u00f5es Internacionais - P\u00f3s-Gradua\u00e7\u00e3o em Ci\u00eancias M\u00e9dicas<\/title>\n<meta name=\"robots\" content=\"index, follow, max-snippet:-1, max-image-preview:large, max-video-preview:-1\" \/>\n<link rel=\"canonical\" href=\"https:\/\/sites.usp.br\/ppgcm\/relacoes-internacionais\/\" \/>\n<meta name=\"twitter:label1\" content=\"Est. tempo de leitura\" \/>\n\t<meta name=\"twitter:data1\" content=\"5 minutos\" \/>\n<script type=\"application\/ld+json\" class=\"yoast-schema-graph\">{\"@context\":\"https:\/\/schema.org\",\"@graph\":[{\"@type\":\"WebPage\",\"@id\":\"https:\/\/sites.usp.br\/ppgcm\/relacoes-internacionais\/\",\"url\":\"https:\/\/sites.usp.br\/ppgcm\/relacoes-internacionais\/\",\"name\":\"Rela\u00e7\u00f5es Internacionais - P\u00f3s-Gradua\u00e7\u00e3o em Ci\u00eancias M\u00e9dicas\",\"isPartOf\":{\"@id\":\"https:\/\/sites.usp.br\/ppgcm\/#website\"},\"datePublished\":\"2020-03-12T18:56:11+00:00\",\"dateModified\":\"2025-04-16T22:40:07+00:00\",\"inLanguage\":\"pt-BR\",\"potentialAction\":[{\"@type\":\"ReadAction\",\"target\":[\"https:\/\/sites.usp.br\/ppgcm\/relacoes-internacionais\/\"]}]},{\"@type\":\"WebSite\",\"@id\":\"https:\/\/sites.usp.br\/ppgcm\/#website\",\"url\":\"https:\/\/sites.usp.br\/ppgcm\/\",\"name\":\"P\u00f3s-Gradua\u00e7\u00e3o em Ci\u00eancias M\u00e9dicas\",\"description\":\"| FMUSP |\",\"potentialAction\":[{\"@type\":\"SearchAction\",\"target\":{\"@type\":\"EntryPoint\",\"urlTemplate\":\"https:\/\/sites.usp.br\/ppgcm\/?s={search_term_string}\"},\"query-input\":{\"@type\":\"PropertyValueSpecification\",\"valueRequired\":true,\"valueName\":\"search_term_string\"}}],\"inLanguage\":\"pt-BR\"}]}<\/script>\n<!-- \/ Yoast SEO plugin. -->","yoast_head_json":{"title":"Rela\u00e7\u00f5es Internacionais - P\u00f3s-Gradua\u00e7\u00e3o em Ci\u00eancias M\u00e9dicas","robots":{"index":"index","follow":"follow","max-snippet":"max-snippet:-1","max-image-preview":"max-image-preview:large","max-video-preview":"max-video-preview:-1"},"canonical":"https:\/\/sites.usp.br\/ppgcm\/relacoes-internacionais\/","twitter_misc":{"Est. tempo de leitura":"5 minutos"},"schema":{"@context":"https:\/\/schema.org","@graph":[{"@type":"WebPage","@id":"https:\/\/sites.usp.br\/ppgcm\/relacoes-internacionais\/","url":"https:\/\/sites.usp.br\/ppgcm\/relacoes-internacionais\/","name":"Rela\u00e7\u00f5es Internacionais - P\u00f3s-Gradua\u00e7\u00e3o em Ci\u00eancias M\u00e9dicas","isPartOf":{"@id":"https:\/\/sites.usp.br\/ppgcm\/#website"},"datePublished":"2020-03-12T18:56:11+00:00","dateModified":"2025-04-16T22:40:07+00:00","inLanguage":"pt-BR","potentialAction":[{"@type":"ReadAction","target":["https:\/\/sites.usp.br\/ppgcm\/relacoes-internacionais\/"]}]},{"@type":"WebSite","@id":"https:\/\/sites.usp.br\/ppgcm\/#website","url":"https:\/\/sites.usp.br\/ppgcm\/","name":"P\u00f3s-Gradua\u00e7\u00e3o em Ci\u00eancias M\u00e9dicas","description":"| FMUSP |","potentialAction":[{"@type":"SearchAction","target":{"@type":"EntryPoint","urlTemplate":"https:\/\/sites.usp.br\/ppgcm\/?s={search_term_string}"},"query-input":{"@type":"PropertyValueSpecification","valueRequired":true,"valueName":"search_term_string"}}],"inLanguage":"pt-BR"}]}},"_links":{"self":[{"href":"https:\/\/sites.usp.br\/ppgcm\/wp-json\/wp\/v2\/pages\/376","targetHints":{"allow":["GET"]}}],"collection":[{"href":"https:\/\/sites.usp.br\/ppgcm\/wp-json\/wp\/v2\/pages"}],"about":[{"href":"https:\/\/sites.usp.br\/ppgcm\/wp-json\/wp\/v2\/types\/page"}],"author":[{"embeddable":true,"href":"https:\/\/sites.usp.br\/ppgcm\/wp-json\/wp\/v2\/users\/1278"}],"replies":[{"embeddable":true,"href":"https:\/\/sites.usp.br\/ppgcm\/wp-json\/wp\/v2\/comments?post=376"}],"version-history":[{"count":4,"href":"https:\/\/sites.usp.br\/ppgcm\/wp-json\/wp\/v2\/pages\/376\/revisions"}],"predecessor-version":[{"id":1755,"href":"https:\/\/sites.usp.br\/ppgcm\/wp-json\/wp\/v2\/pages\/376\/revisions\/1755"}],"wp:attachment":[{"href":"https:\/\/sites.usp.br\/ppgcm\/wp-json\/wp\/v2\/media?parent=376"}],"curies":[{"name":"wp","href":"https:\/\/api.w.org\/{rel}","templated":true}]}}