{"id":610,"date":"2020-08-13T14:01:54","date_gmt":"2020-08-13T16:01:54","guid":{"rendered":"https:\/\/sites.usp.br\/ppgcm\/?page_id=610"},"modified":"2025-04-16T22:06:00","modified_gmt":"2025-04-17T00:06:00","slug":"credenciamento","status":"publish","type":"page","link":"https:\/\/sites.usp.br\/ppgcm\/credenciamento\/","title":{"rendered":"Credenciamento de Orientadores e Coorientadores"},"content":{"rendered":"\t\t<div data-elementor-type=\"wp-page\" data-elementor-id=\"610\" class=\"elementor elementor-610\" data-elementor-post-type=\"page\">\n\t\t\t\t\t\t<section class=\"elementor-section elementor-top-section elementor-element elementor-element-a852317 elementor-section-boxed elementor-section-height-default elementor-section-height-default\" data-id=\"a852317\" data-element_type=\"section\">\n\t\t\t\t\t\t<div class=\"elementor-container elementor-column-gap-default\">\n\t\t\t\t\t<div class=\"elementor-column elementor-col-100 elementor-top-column elementor-element elementor-element-0877e68\" data-id=\"0877e68\" data-element_type=\"column\">\n\t\t\t<div class=\"elementor-widget-wrap elementor-element-populated\">\n\t\t\t\t\t\t<div class=\"elementor-element elementor-element-a6974f2 elementor-widget elementor-widget-text-editor\" data-id=\"a6974f2\" data-element_type=\"widget\" data-widget_type=\"text-editor.default\">\n\t\t\t\t<div class=\"elementor-widget-container\">\n\t\t\t\t\t\t\t<h5><strong>Crit\u00e9rios para credenciamento de Orientadores e Coorientadores, de acordo com a Resolu\u00e7\u00e3o CoPGr N\u00ba 7693, de 05 de Junho de 2019 (Regulamento do Programa de P\u00f3s-Gradua\u00e7\u00e3o em Ci\u00eancias M\u00e9dicas da Faculdade de Medicina \u2013 FM).<\/strong><\/h5><p>\u00a0<\/p><p><strong>X \u2013 ORIENTADORES E COORIENTADORES<\/strong><\/p><p>X.1 O credenciamento ou recredenciamento de um orientador ser\u00e1 baseado:<\/p><p style=\"padding-left: 40px;\">a. Na sua capacidade de coordenar e participar de projetos de pesquisa, conseguir financiamento para os mesmos e estabelecer rela\u00e7\u00f5es de trabalho harm\u00f4nicas e produtivas com os demais membros dos projetos de pesquisa.<\/p><p style=\"padding-left: 40px;\">b. Em sua experi\u00eancia pr\u00e9via em orienta\u00e7\u00e3o de alunos de inicia\u00e7\u00e3o cient\u00edfica, e\/ou p\u00f3s gradua\u00e7\u00e3o lato sensu, e\/ou p\u00f3s-gradua\u00e7\u00e3o stricto sensu e\/ou p\u00f3s-doutorado.<\/p><p style=\"padding-left: 40px;\">c. Na sua capacidade de gerar publica\u00e7\u00f5es em peri\u00f3dicos de circula\u00e7\u00e3o internacional com arbitragem a partir dos resultados de suas pesquisas.<\/p><p style=\"padding-left: 40px;\">d. Na sua participa\u00e7\u00e3o em eventos cient\u00edficos e realiza\u00e7\u00e3o de est\u00e1gios de p\u00f3s-doutorado.<\/p><p>X.2 O n\u00famero m\u00e1ximo de orientados por orientador \u00e9 dez. Adicionalmente, o orientador poder\u00e1 coorientar at\u00e9 dez alunos, desde que a soma de orienta\u00e7\u00f5es e coorienta\u00e7\u00f5es n\u00e3o ultrapasse quinze. O n\u00famero de orienta\u00e7\u00f5es de um orientador poder\u00e1 exceder o limite m\u00e1ximo estabelecido pela USP (dez), por proposta circunstanciada da CCP, aprovada pela CPG e CaA do CoPGr.<\/p><p>X.3 Os credenciamentos ser\u00e3o para orienta\u00e7\u00e3o plena ou espec\u00edfica, assim definidas:<\/p><p style=\"padding-left: 40px;\">a. Considera-se Orienta\u00e7\u00e3o Plena aquela em que o orientador esteja engajado em todas as atividades do Programa.<\/p><p style=\"padding-left: 40px;\">b. Considera-se Orienta\u00e7\u00e3o Espec\u00edfica aquela dedicada para um determinado aluno.<\/p><p>X.4 O credenciamento pleno de orientadores ter\u00e1 validade de quatro anos.<\/p><p>X.5 Para credenciamento ou recredenciamento, o solicitante dever\u00e1 encaminhar pedido formal circunstanciado \u00e0 CCP indicando objetivamente suas qualifica\u00e7\u00f5es para atuar junto ao programa. Dever\u00e1 informar o \u201clink\u201d do curr\u00edculo Lattes atualizado ou Curriculum Vitae (no caso de candidatos estrangeiros sem Curr\u00edculo Lattes) atualizado e cadastro no Research ID e ORCID.<\/p><p><strong>X.6 Credenciamento Pleno de Orientadores<\/strong><\/p><p>X.6.1 A decis\u00e3o sobre o credenciamento ou recredenciamento de um orientador ser\u00e1 deliberada pela CPG ap\u00f3s encaminhamento pela CCP, circunstanciado na excel\u00eancia de sua produ\u00e7\u00e3o cient\u00edfica, e na coordena\u00e7\u00e3o e\/ou participa\u00e7\u00e3o em projetos de pesquisa financiados, experi\u00eancia pr\u00e9via em orienta\u00e7\u00e3o de: alunos de inicia\u00e7\u00e3o cient\u00edfica ou alunos de p\u00f3s-gradua\u00e7\u00e3o lato sensu com artigo cient\u00edfico publicado, p\u00f3s-gradua\u00e7\u00e3o stricto sensu ou P\u00f3s-Doutor, conforme crit\u00e9rios m\u00ednimos especificados neste regulamento.<\/p><p>X.6.2 O docente dever\u00e1 ter pelo menos 8 (oito) manuscritos aceitos para publica\u00e7\u00e3o ou publicados nos \u00faltimos 4 (quatro) anos, em peri\u00f3dicos indexados nas bases de dados internacionais (ISI, Scopus, ou equivalentes) e situados em estratos superiores (acima da mediana) conforme os crit\u00e9rios de qualifica\u00e7\u00e3o de peri\u00f3dicos das \u00e1reas de inser\u00e7\u00e3o do Programa.<\/p><p><strong>X.7 Recredenciamento de Orientadores<\/strong><\/p><p>X.7.1 Para o recredenciamento pleno, o docente dever\u00e1 cumprir com os requisitos de credenciamento especificados no item X.6 e:<\/p><p style=\"padding-left: 40px;\">a. Ter conduzido duas ou mais orienta\u00e7\u00f5es de mestrado ou doutorado nos \u00faltimos quatro anos.<\/p><p style=\"padding-left: 40px;\">b. Ter publicado nos \u00faltimos 4 anos pelo menos 1 manuscrito oriundo da(s) orienta\u00e7\u00e3o (s) de aluno (s) em peri\u00f3dicos indexados nas bases de dados internacionais.<\/p><p><strong>X.8 Credenciamento Espec\u00edfico de Orientadores<\/strong><\/p><p>X.8.1 O primeiro credenciamento de um orientador ser\u00e1 preferencialmente espec\u00edfico, seguindo os crit\u00e9rios exigidos no item X.6.<\/p><p><strong>X.9 Credenciamento de Coorientadores<\/strong><\/p><p>X.9.1 O prazo para o credenciamento de coorientador no curso de mestrado ser\u00e1 de no m\u00e1ximo 80% do prazo regimental a contar da matr\u00edcula inicial do aluno.<\/p><p>X.9.2 O prazo para o credenciamento de coorientador no curso de doutorado ser\u00e1 de no m\u00e1ximo 80% do prazo regimental a contar da matr\u00edcula inicial do aluno.<\/p><p>X.9.3 O prazo para o credenciamento de coorientador no curso de doutorado direto ser\u00e1 de no m\u00e1ximo 80% do prazo regimental a contar da matr\u00edcula inicial do aluno.<\/p><p>X.9.4 Para credenciamento de coorientadores, ser\u00e1 utilizado o mesmo crit\u00e9rio de credenciamento de orientadores espec\u00edficos no item X.8, acrescida de justificativa circunstanciada evidenciando a complementaridade da atua\u00e7\u00e3o do coorientador em rela\u00e7\u00e3o ao orientador.<\/p><p><strong>X.10 Orientadores vinculados ao complexo FMUSP-HC<\/strong><\/p><p>X.10.1 M\u00e9dicos e demais profissionais vinculados ao complexo FMUSP-HC poder\u00e3o solicitar o credenciamento seguindo as mesmas normas do credenciamento especificadas no item X.6.<\/p><p><strong>X.11 Orientadores Externos \u00e0 USP<\/strong><\/p><p>X.11.1 Nos pedidos referentes ao credenciamento de orientadores externos \u00e0 USP, incluindo, Jovens Pesquisadores, P\u00f3s-doutores, Professores Visitantes, Pesquisadores Estagi\u00e1rios e outros, dever\u00e3o ser observados os crit\u00e9rios observados no item X.6 e os seguintes aspectos adicionais:<\/p><p style=\"padding-left: 40px;\">a) Justificativa circunstanciada do solicitante quanto \u00e0 contribui\u00e7\u00e3o inovadora do projeto para o programa de p\u00f3s-gradua\u00e7\u00e3o.<\/p><p style=\"padding-left: 40px;\">b) Identifica\u00e7\u00e3o do v\u00ednculo do interessado (ex: jovem pesquisador), mencionando a vig\u00eancia do programa e linha de pesquisa.<\/p><p style=\"padding-left: 40px;\">c) Demonstrar a exist\u00eancia de infraestrutura (f\u00edsica, material e\/ou de equipamento).<\/p><p style=\"padding-left: 40px;\">d) Demonstrar a exist\u00eancia de recursos para financiamento do projeto proposto para orienta\u00e7\u00e3o do p\u00f3s-graduando.<\/p><p style=\"padding-left: 40px;\">e) Manifesta\u00e7\u00e3o do respons\u00e1vel pelo grupo de pesquisa, espa\u00e7o ou estrutura do complexo FMUSP-HC a ser utilizado no projeto, demonstrando concord\u00e2ncia quanto \u00e0 utiliza\u00e7\u00e3o do espa\u00e7o para o desenvolvimento da orienta\u00e7\u00e3o solicitada e \u00e0 manuten\u00e7\u00e3o das condi\u00e7\u00f5es para a execu\u00e7\u00e3o do projeto do p\u00f3s-graduando.<\/p><h5><a href=\"#\"><strong>Voltar para o topo<\/strong><\/a><\/h5>\t\t\t\t\t\t<\/div>\n\t\t\t\t<\/div>\n\t\t\t\t\t<\/div>\n\t\t<\/div>\n\t\t\t\t\t<\/div>\n\t\t<\/section>\n\t\t\t\t<\/div>\n\t\t","protected":false},"excerpt":{"rendered":"<p>Crit\u00e9rios para credenciamento de Orientadores e Coorientadores, de acordo com a Resolu\u00e7\u00e3o CoPGr N\u00ba 7693, de 05 de Junho de 2019 (Regulamento do Programa de P\u00f3s-Gradua\u00e7\u00e3o em Ci\u00eancias M\u00e9dicas da Faculdade de Medicina \u2013 FM). \u00a0 X \u2013 ORIENTADORES E COORIENTADORES X.1 O credenciamento ou recredenciamento de um orientador ser\u00e1 baseado: a. Na sua capacidade<a href=\"https:\/\/sites.usp.br\/ppgcm\/credenciamento\/\">[&#8230;]<\/a><\/p>\n","protected":false},"author":1278,"featured_media":0,"parent":0,"menu_order":1,"comment_status":"closed","ping_status":"closed","template":"","meta":{"footnotes":"","_links_to":"","_links_to_target":""},"class_list":["post-610","page","type-page","status-publish","hentry"],"yoast_head":"<!-- This site is optimized with the Yoast SEO plugin v27.3 - https:\/\/yoast.com\/product\/yoast-seo-wordpress\/ -->\n<title>Credenciamento de Orientadores e Coorientadores - P\u00f3s-Gradua\u00e7\u00e3o em Ci\u00eancias M\u00e9dicas<\/title>\n<meta name=\"robots\" content=\"index, follow, max-snippet:-1, max-image-preview:large, max-video-preview:-1\" \/>\n<link rel=\"canonical\" href=\"https:\/\/sites.usp.br\/ppgcm\/credenciamento\/\" \/>\n<meta name=\"twitter:label1\" content=\"Est. tempo de leitura\" \/>\n\t<meta name=\"twitter:data1\" content=\"4 minutos\" \/>\n<script type=\"application\/ld+json\" class=\"yoast-schema-graph\">{\"@context\":\"https:\\\/\\\/schema.org\",\"@graph\":[{\"@type\":\"WebPage\",\"@id\":\"https:\\\/\\\/sites.usp.br\\\/ppgcm\\\/credenciamento\\\/\",\"url\":\"https:\\\/\\\/sites.usp.br\\\/ppgcm\\\/credenciamento\\\/\",\"name\":\"Credenciamento de Orientadores e Coorientadores - P\u00f3s-Gradua\u00e7\u00e3o em Ci\u00eancias M\u00e9dicas\",\"isPartOf\":{\"@id\":\"https:\\\/\\\/sites.usp.br\\\/ppgcm\\\/#website\"},\"datePublished\":\"2020-08-13T16:01:54+00:00\",\"dateModified\":\"2025-04-17T00:06:00+00:00\",\"inLanguage\":\"pt-BR\",\"potentialAction\":[{\"@type\":\"ReadAction\",\"target\":[\"https:\\\/\\\/sites.usp.br\\\/ppgcm\\\/credenciamento\\\/\"]}]},{\"@type\":\"WebSite\",\"@id\":\"https:\\\/\\\/sites.usp.br\\\/ppgcm\\\/#website\",\"url\":\"https:\\\/\\\/sites.usp.br\\\/ppgcm\\\/\",\"name\":\"P\u00f3s-Gradua\u00e7\u00e3o em Ci\u00eancias M\u00e9dicas\",\"description\":\"| FMUSP |\",\"potentialAction\":[{\"@type\":\"SearchAction\",\"target\":{\"@type\":\"EntryPoint\",\"urlTemplate\":\"https:\\\/\\\/sites.usp.br\\\/ppgcm\\\/?s={search_term_string}\"},\"query-input\":{\"@type\":\"PropertyValueSpecification\",\"valueRequired\":true,\"valueName\":\"search_term_string\"}}],\"inLanguage\":\"pt-BR\"}]}<\/script>\n<!-- \/ Yoast SEO plugin. -->","yoast_head_json":{"title":"Credenciamento de Orientadores e Coorientadores - P\u00f3s-Gradua\u00e7\u00e3o em Ci\u00eancias M\u00e9dicas","robots":{"index":"index","follow":"follow","max-snippet":"max-snippet:-1","max-image-preview":"max-image-preview:large","max-video-preview":"max-video-preview:-1"},"canonical":"https:\/\/sites.usp.br\/ppgcm\/credenciamento\/","twitter_misc":{"Est. tempo de leitura":"4 minutos"},"schema":{"@context":"https:\/\/schema.org","@graph":[{"@type":"WebPage","@id":"https:\/\/sites.usp.br\/ppgcm\/credenciamento\/","url":"https:\/\/sites.usp.br\/ppgcm\/credenciamento\/","name":"Credenciamento de Orientadores e Coorientadores - P\u00f3s-Gradua\u00e7\u00e3o em Ci\u00eancias M\u00e9dicas","isPartOf":{"@id":"https:\/\/sites.usp.br\/ppgcm\/#website"},"datePublished":"2020-08-13T16:01:54+00:00","dateModified":"2025-04-17T00:06:00+00:00","inLanguage":"pt-BR","potentialAction":[{"@type":"ReadAction","target":["https:\/\/sites.usp.br\/ppgcm\/credenciamento\/"]}]},{"@type":"WebSite","@id":"https:\/\/sites.usp.br\/ppgcm\/#website","url":"https:\/\/sites.usp.br\/ppgcm\/","name":"P\u00f3s-Gradua\u00e7\u00e3o em Ci\u00eancias M\u00e9dicas","description":"| FMUSP |","potentialAction":[{"@type":"SearchAction","target":{"@type":"EntryPoint","urlTemplate":"https:\/\/sites.usp.br\/ppgcm\/?s={search_term_string}"},"query-input":{"@type":"PropertyValueSpecification","valueRequired":true,"valueName":"search_term_string"}}],"inLanguage":"pt-BR"}]}},"_links":{"self":[{"href":"https:\/\/sites.usp.br\/ppgcm\/wp-json\/wp\/v2\/pages\/610","targetHints":{"allow":["GET"]}}],"collection":[{"href":"https:\/\/sites.usp.br\/ppgcm\/wp-json\/wp\/v2\/pages"}],"about":[{"href":"https:\/\/sites.usp.br\/ppgcm\/wp-json\/wp\/v2\/types\/page"}],"author":[{"embeddable":true,"href":"https:\/\/sites.usp.br\/ppgcm\/wp-json\/wp\/v2\/users\/1278"}],"replies":[{"embeddable":true,"href":"https:\/\/sites.usp.br\/ppgcm\/wp-json\/wp\/v2\/comments?post=610"}],"version-history":[{"count":4,"href":"https:\/\/sites.usp.br\/ppgcm\/wp-json\/wp\/v2\/pages\/610\/revisions"}],"predecessor-version":[{"id":1770,"href":"https:\/\/sites.usp.br\/ppgcm\/wp-json\/wp\/v2\/pages\/610\/revisions\/1770"}],"wp:attachment":[{"href":"https:\/\/sites.usp.br\/ppgcm\/wp-json\/wp\/v2\/media?parent=610"}],"curies":[{"name":"wp","href":"https:\/\/api.w.org\/{rel}","templated":true}]}}