{"id":79,"date":"2014-02-24T16:51:20","date_gmt":"2014-02-24T18:51:20","guid":{"rendered":"http:\/\/sites.usp.br\/ppgcm\/?page_id=79"},"modified":"2026-03-10T18:33:14","modified_gmt":"2026-03-10T20:33:14","slug":"pagina-inicial","status":"publish","type":"page","link":"https:\/\/sites.usp.br\/ppgcm\/","title":{"rendered":"Destaques"},"content":{"rendered":"\t\t<div data-elementor-type=\"wp-page\" data-elementor-id=\"79\" class=\"elementor elementor-79\" data-elementor-post-type=\"page\">\n\t\t\t\t\t\t<section class=\"elementor-section elementor-top-section elementor-element elementor-element-3ae9bf5 elementor-section-full_width elementor-section-height-default elementor-section-height-default\" data-id=\"3ae9bf5\" data-element_type=\"section\">\n\t\t\t\t\t\t<div class=\"elementor-container elementor-column-gap-no\">\n\t\t\t\t\t<div class=\"elementor-column elementor-col-100 elementor-top-column elementor-element elementor-element-b3104fb\" data-id=\"b3104fb\" data-element_type=\"column\">\n\t\t\t<div class=\"elementor-widget-wrap elementor-element-populated\">\n\t\t\t\t\t\t<div class=\"elementor-element elementor-element-e34633d elementor--h-position-center elementor--v-position-middle elementor-arrows-position-inside elementor-pagination-position-inside elementor-widget elementor-widget-slides\" data-id=\"e34633d\" data-element_type=\"widget\" data-settings=\"{&quot;transition_speed&quot;:1000,&quot;navigation&quot;:&quot;both&quot;,&quot;autoplay&quot;:&quot;yes&quot;,&quot;pause_on_hover&quot;:&quot;yes&quot;,&quot;pause_on_interaction&quot;:&quot;yes&quot;,&quot;autoplay_speed&quot;:5000,&quot;infinite&quot;:&quot;yes&quot;,&quot;transition&quot;:&quot;slide&quot;}\" data-widget_type=\"slides.default\">\n\t\t\t\t<div class=\"elementor-widget-container\">\n\t\t\t\t\t<div class=\"elementor-swiper\">\n\t\t\t<div class=\"elementor-slides-wrapper elementor-main-swiper swiper\" dir=\"ltr\" data-animation=\"fadeInUp\">\n\t\t\t\t<div class=\"swiper-wrapper elementor-slides\">\n\t\t\t\t\t\t\t\t\t\t<div class=\"elementor-repeater-item-9e0d12c swiper-slide\"><div class=\"swiper-slide-bg\" role=\"img\"><\/div><a class=\"swiper-slide-inner\" href=\"https:\/\/sites.usp.br\/ppgcm\/matricula-e-ingresso\/\"><div class=\"swiper-slide-contents\"><\/div><\/a><\/div><div class=\"elementor-repeater-item-8f44b71 swiper-slide\"><div class=\"swiper-slide-bg\" role=\"img\"><\/div><a class=\"swiper-slide-inner\" href=\"https:\/\/sites.usp.br\/ppgcm\/wp-content\/uploads\/sites\/670\/2026\/01\/Edital-PDSE-16-2025-resultado.pdf\"><div class=\"swiper-slide-contents\"><\/div><\/a><\/div><div class=\"elementor-repeater-item-4ab2946 swiper-slide\"><div class=\"swiper-slide-bg\" role=\"img\"><\/div><a class=\"swiper-slide-inner\" href=\"https:\/\/sites.usp.br\/ppgcm\/censo-da-pos-graduacao-capes\/\"><div class=\"swiper-slide-contents\"><\/div><\/a><\/div>\t\t\t\t<\/div>\n\t\t\t\t\t\t\t\t\t\t\t\t\t\t\t<div class=\"swiper-pagination\"><\/div>\n\t\t\t\t\t\t\t\t\t\t\t\t\t\t\t\t<div class=\"elementor-swiper-button elementor-swiper-button-prev\" role=\"button\" tabindex=\"0\">\n\t\t\t\t\t\t\t<i aria-hidden=\"true\" class=\"eicon-chevron-left\"><\/i>\t\t\t\t\t\t\t<span class=\"elementor-screen-only\">Previous slide<\/span>\n\t\t\t\t\t\t<\/div>\n\t\t\t\t\t\t<div class=\"elementor-swiper-button elementor-swiper-button-next\" role=\"button\" tabindex=\"0\">\n\t\t\t\t\t\t\t<i aria-hidden=\"true\" class=\"eicon-chevron-right\"><\/i>\t\t\t\t\t\t\t<span class=\"elementor-screen-only\">Next slide<\/span>\n\t\t\t\t\t\t<\/div>\n\t\t\t\t\t\t\t\t\t\t\t\t<\/div>\n\t\t<\/div>\n\t\t\t\t<\/div>\n\t\t\t\t<\/div>\n\t\t\t\t<div class=\"elementor-element elementor-element-0016a0d elementor-widget elementor-widget-spacer\" data-id=\"0016a0d\" data-element_type=\"widget\" data-widget_type=\"spacer.default\">\n\t\t\t\t<div class=\"elementor-widget-container\">\n\t\t\t\t\t<div class=\"elementor-spacer\">\n\t\t\t<div class=\"elementor-spacer-inner\"><\/div>\n\t\t<\/div>\n\t\t\t\t<\/div>\n\t\t\t\t<\/div>\n\t\t\t\t<div class=\"elementor-element elementor-element-68defde elementor-widget elementor-widget-heading\" data-id=\"68defde\" data-element_type=\"widget\" data-widget_type=\"heading.default\">\n\t\t\t\t<div class=\"elementor-widget-container\">\n\t\t\t<h2 class=\"elementor-heading-title elementor-size-default\">Acesso R\u00e1pido<\/h2>\t\t<\/div>\n\t\t\t\t<\/div>\n\t\t\t\t\t<\/div>\n\t\t<\/div>\n\t\t\t\t\t<\/div>\n\t\t<\/section>\n\t\t\t\t<section class=\"elementor-section elementor-top-section elementor-element elementor-element-acdd2a7 elementor-section-boxed elementor-section-height-default elementor-section-height-default\" data-id=\"acdd2a7\" data-element_type=\"section\">\n\t\t\t\t\t\t<div class=\"elementor-container elementor-column-gap-default\">\n\t\t\t\t\t<div class=\"elementor-column elementor-col-100 elementor-top-column elementor-element elementor-element-681cc27\" data-id=\"681cc27\" data-element_type=\"column\">\n\t\t\t<div class=\"elementor-widget-wrap elementor-element-populated\">\n\t\t\t\t\t\t<div class=\"elementor-element elementor-element-cbd693d elementor-widget-divider--view-line elementor-widget elementor-widget-divider\" data-id=\"cbd693d\" data-element_type=\"widget\" data-widget_type=\"divider.default\">\n\t\t\t\t<div class=\"elementor-widget-container\">\n\t\t\t\t\t<div class=\"elementor-divider\">\n\t\t\t<span class=\"elementor-divider-separator\">\n\t\t\t\t\t\t<\/span>\n\t\t<\/div>\n\t\t\t\t<\/div>\n\t\t\t\t<\/div>\n\t\t\t\t<div class=\"elementor-element elementor-element-bf96783 elementor-widget elementor-widget-html\" data-id=\"bf96783\" data-element_type=\"widget\" data-widget_type=\"html.default\">\n\t\t\t\t<div class=\"elementor-widget-container\">\n\t\t\t  <div class=\"custom-box-grid\">\n  <a class=\"custom-box\" href=\"https:\/\/sites.usp.br\/ppgcm\/matricula-e-ingresso\/\">\n    <img decoding=\"async\" src=\"https:\/\/sites.usp.br\/ppgcm\/wp-content\/uploads\/sites\/670\/2025\/04\/Matricula-scaled.jpg\">\n    <div class=\"overlay\">\n      <div class=\"subtitle\">Informa\u00e7\u00f5es sobre<\/div>\n      <h2>Matr\u00edcula e Ingresso<\/h2>\n      <div class=\"line\"><\/div>\n    <\/div>\n  <\/a>\n\n  <a class=\"custom-box\" href=\"https:\/\/sites.usp.br\/ppgcm\/docentes-orientadores\/\">\n    <img decoding=\"async\" src=\"https:\/\/sites.usp.br\/ppgcm\/wp-content\/uploads\/sites\/670\/2020\/12\/stethoscope-1584223_1920.jpg\">\n    <div class=\"overlay\">\n      <div class=\"subtitle\">Conhe\u00e7a os<\/div>\n      <h2>Orientadores<\/h2>\n      <div class=\"line\"><\/div>\n    <\/div>\n  <\/a>\n\n  <a class=\"custom-box\" href=\"https:\/\/sites.usp.br\/ppgcm\/areas-de-concentracao-linhas-de-pesquisa\/\">\n    <img decoding=\"async\" src=\"https:\/\/sites.usp.br\/ppgcm\/wp-content\/uploads\/sites\/670\/2025\/04\/Linhas-de-Pesquisa-scaled.jpg\">\n    <div class=\"overlay\">\n      <div class=\"subtitle\">Conhe\u00e7a as<\/div>\n      <h2>Linhas de Pesquisa<\/h2>\n      <div class=\"line\"><\/div>\n    <\/div>\n  <\/a>\n\n  <a class=\"custom-box\" href=\"https:\/\/sites.usp.br\/ppgcm\/em-construcao\/\">\n    <img decoding=\"async\" src=\"https:\/\/sites.usp.br\/ppgcm\/wp-content\/uploads\/sites\/670\/2025\/04\/Laboratorios-scaled.jpg\">\n    <div class=\"overlay\">\n      <div class=\"subtitle\">Conhe\u00e7a os<\/div>\n      <h2>Laborat\u00f3rios<\/h2>\n      <div class=\"line\"><\/div>\n    <\/div>\n  <\/a>\n<\/div>\n\t\t<\/div>\n\t\t\t\t<\/div>\n\t\t\t\t\t<\/div>\n\t\t<\/div>\n\t\t\t\t\t<\/div>\n\t\t<\/section>\n\t\t\t\t<\/div>\n\t\t","protected":false},"excerpt":{"rendered":"<p>Previous slide Next slide Acesso R\u00e1pido Informa\u00e7\u00f5es sobre Matr\u00edcula e Ingresso Conhe\u00e7a os Orientadores Conhe\u00e7a as Linhas de Pesquisa Conhe\u00e7a os Laborat\u00f3rios<\/p>\n","protected":false},"author":1,"featured_media":0,"parent":0,"menu_order":0,"comment_status":"closed","ping_status":"closed","template":"","meta":{"footnotes":"","_links_to":"","_links_to_target":""},"class_list":["post-79","page","type-page","status-publish","hentry"],"yoast_head":"<!-- This site is optimized with the Yoast SEO plugin v27.2 - https:\/\/yoast.com\/product\/yoast-seo-wordpress\/ -->\n<title>Destaques - P\u00f3s-Gradua\u00e7\u00e3o em Ci\u00eancias M\u00e9dicas<\/title>\n<meta name=\"robots\" content=\"index, follow, max-snippet:-1, max-image-preview:large, max-video-preview:-1\" \/>\n<link rel=\"canonical\" href=\"https:\/\/sites.usp.br\/ppgcm\/\" \/>\n<script type=\"application\/ld+json\" class=\"yoast-schema-graph\">{\"@context\":\"https:\/\/schema.org\",\"@graph\":[{\"@type\":\"WebPage\",\"@id\":\"https:\/\/sites.usp.br\/ppgcm\/\",\"url\":\"https:\/\/sites.usp.br\/ppgcm\/\",\"name\":\"Destaques - P\u00f3s-Gradua\u00e7\u00e3o em Ci\u00eancias M\u00e9dicas\",\"isPartOf\":{\"@id\":\"https:\/\/sites.usp.br\/ppgcm\/#website\"},\"primaryImageOfPage\":{\"@id\":\"https:\/\/sites.usp.br\/ppgcm\/#primaryimage\"},\"image\":{\"@id\":\"https:\/\/sites.usp.br\/ppgcm\/#primaryimage\"},\"thumbnailUrl\":\"https:\/\/sites.usp.br\/ppgcm\/wp-content\/uploads\/sites\/670\/2025\/04\/Matricula-scaled.jpg\",\"datePublished\":\"2014-02-24T18:51:20+00:00\",\"dateModified\":\"2026-03-10T20:33:14+00:00\",\"inLanguage\":\"pt-BR\",\"potentialAction\":[{\"@type\":\"ReadAction\",\"target\":[\"https:\/\/sites.usp.br\/ppgcm\/\"]}]},{\"@type\":\"ImageObject\",\"inLanguage\":\"pt-BR\",\"@id\":\"https:\/\/sites.usp.br\/ppgcm\/#primaryimage\",\"url\":\"https:\/\/sites.usp.br\/ppgcm\/wp-content\/uploads\/sites\/670\/2025\/04\/Matricula-scaled.jpg\",\"contentUrl\":\"https:\/\/sites.usp.br\/ppgcm\/wp-content\/uploads\/sites\/670\/2025\/04\/Matricula-scaled.jpg\",\"width\":2560,\"height\":1707},{\"@type\":\"WebSite\",\"@id\":\"https:\/\/sites.usp.br\/ppgcm\/#website\",\"url\":\"https:\/\/sites.usp.br\/ppgcm\/\",\"name\":\"P\u00f3s-Gradua\u00e7\u00e3o em Ci\u00eancias M\u00e9dicas\",\"description\":\"| FMUSP |\",\"potentialAction\":[{\"@type\":\"SearchAction\",\"target\":{\"@type\":\"EntryPoint\",\"urlTemplate\":\"https:\/\/sites.usp.br\/ppgcm\/?s={search_term_string}\"},\"query-input\":{\"@type\":\"PropertyValueSpecification\",\"valueRequired\":true,\"valueName\":\"search_term_string\"}}],\"inLanguage\":\"pt-BR\"}]}<\/script>\n<!-- \/ Yoast SEO plugin. -->","yoast_head_json":{"title":"Destaques - P\u00f3s-Gradua\u00e7\u00e3o em Ci\u00eancias M\u00e9dicas","robots":{"index":"index","follow":"follow","max-snippet":"max-snippet:-1","max-image-preview":"max-image-preview:large","max-video-preview":"max-video-preview:-1"},"canonical":"https:\/\/sites.usp.br\/ppgcm\/","schema":{"@context":"https:\/\/schema.org","@graph":[{"@type":"WebPage","@id":"https:\/\/sites.usp.br\/ppgcm\/","url":"https:\/\/sites.usp.br\/ppgcm\/","name":"Destaques - P\u00f3s-Gradua\u00e7\u00e3o em Ci\u00eancias M\u00e9dicas","isPartOf":{"@id":"https:\/\/sites.usp.br\/ppgcm\/#website"},"primaryImageOfPage":{"@id":"https:\/\/sites.usp.br\/ppgcm\/#primaryimage"},"image":{"@id":"https:\/\/sites.usp.br\/ppgcm\/#primaryimage"},"thumbnailUrl":"https:\/\/sites.usp.br\/ppgcm\/wp-content\/uploads\/sites\/670\/2025\/04\/Matricula-scaled.jpg","datePublished":"2014-02-24T18:51:20+00:00","dateModified":"2026-03-10T20:33:14+00:00","inLanguage":"pt-BR","potentialAction":[{"@type":"ReadAction","target":["https:\/\/sites.usp.br\/ppgcm\/"]}]},{"@type":"ImageObject","inLanguage":"pt-BR","@id":"https:\/\/sites.usp.br\/ppgcm\/#primaryimage","url":"https:\/\/sites.usp.br\/ppgcm\/wp-content\/uploads\/sites\/670\/2025\/04\/Matricula-scaled.jpg","contentUrl":"https:\/\/sites.usp.br\/ppgcm\/wp-content\/uploads\/sites\/670\/2025\/04\/Matricula-scaled.jpg","width":2560,"height":1707},{"@type":"WebSite","@id":"https:\/\/sites.usp.br\/ppgcm\/#website","url":"https:\/\/sites.usp.br\/ppgcm\/","name":"P\u00f3s-Gradua\u00e7\u00e3o em Ci\u00eancias M\u00e9dicas","description":"| FMUSP |","potentialAction":[{"@type":"SearchAction","target":{"@type":"EntryPoint","urlTemplate":"https:\/\/sites.usp.br\/ppgcm\/?s={search_term_string}"},"query-input":{"@type":"PropertyValueSpecification","valueRequired":true,"valueName":"search_term_string"}}],"inLanguage":"pt-BR"}]}},"_links":{"self":[{"href":"https:\/\/sites.usp.br\/ppgcm\/wp-json\/wp\/v2\/pages\/79","targetHints":{"allow":["GET"]}}],"collection":[{"href":"https:\/\/sites.usp.br\/ppgcm\/wp-json\/wp\/v2\/pages"}],"about":[{"href":"https:\/\/sites.usp.br\/ppgcm\/wp-json\/wp\/v2\/types\/page"}],"author":[{"embeddable":true,"href":"https:\/\/sites.usp.br\/ppgcm\/wp-json\/wp\/v2\/users\/1"}],"replies":[{"embeddable":true,"href":"https:\/\/sites.usp.br\/ppgcm\/wp-json\/wp\/v2\/comments?post=79"}],"version-history":[{"count":4,"href":"https:\/\/sites.usp.br\/ppgcm\/wp-json\/wp\/v2\/pages\/79\/revisions"}],"predecessor-version":[{"id":1941,"href":"https:\/\/sites.usp.br\/ppgcm\/wp-json\/wp\/v2\/pages\/79\/revisions\/1941"}],"wp:attachment":[{"href":"https:\/\/sites.usp.br\/ppgcm\/wp-json\/wp\/v2\/media?parent=79"}],"curies":[{"name":"wp","href":"https:\/\/api.w.org\/{rel}","templated":true}]}}