{"id":111,"date":"2017-03-27T00:01:13","date_gmt":"2017-03-27T02:01:13","guid":{"rendered":"http:\/\/sites.usp.br\/ppgemp\/?page_id=111"},"modified":"2025-06-30T16:39:14","modified_gmt":"2025-06-30T18:39:14","slug":"contato-3","status":"publish","type":"page","link":"https:\/\/sites.usp.br\/ppgemp\/contato-3\/","title":{"rendered":"Contato"},"content":{"rendered":"\t\t<div data-elementor-type=\"wp-page\" data-elementor-id=\"111\" class=\"elementor elementor-111\">\n\t\t\t\t\t\t<section class=\"elementor-section elementor-top-section elementor-element elementor-element-98afc6e elementor-section-boxed elementor-section-height-default elementor-section-height-default\" data-id=\"98afc6e\" data-element_type=\"section\">\n\t\t\t\t\t\t<div class=\"elementor-container elementor-column-gap-default\">\n\t\t\t\t\t<div class=\"elementor-column elementor-col-50 elementor-top-column elementor-element elementor-element-432ff85\" data-id=\"432ff85\" data-element_type=\"column\">\n\t\t\t<div class=\"elementor-widget-wrap elementor-element-populated\">\n\t\t\t\t\t\t<div class=\"elementor-element elementor-element-3797eb2 elementor-widget elementor-widget-text-editor\" data-id=\"3797eb2\" data-element_type=\"widget\" data-widget_type=\"text-editor.default\">\n\t\t\t\t<div class=\"elementor-widget-container\">\n\t\t\t\t\t\t\t<p><strong>Hor\u00e1rio de atendimento:<br \/><\/strong>De segunda a sexta-feira das 7h \u00e0s 12h e das 14h00 \u00e0s 15h00<\/p><p><strong>Endere\u00e7os e telefones:<\/strong><\/p><p><strong>S\u00e3o Paulo (Cidade Universit\u00e1ria)<\/strong><br \/>Departamento de Engenharia de Minas e de Petr\u00f3leo<br \/>Escola Polit\u00e9cnica da Universidade de S\u00e3o Paulo<br \/>Av. Prof. Mello Moraes, 2373, Butant\u00e3 \u2013 S\u00e3o Paulo \u2013 SP, Brasil CEP 05508-030<br \/>(entrada pelo estacionamento GOLF 14 \u2013 Av. Prof. Mello Moraes 2231)<\/p><p><em>Secret\u00e1ria Elisabete Aparecida Fernandes da Silva Ramos<\/em><br \/>Tel.: +55 11 2648-1303<br \/>E-mail:\u00a0<a href=\"mailto:ppg.mineral@usp.br\">ppg.mineral@usp.br<\/a><\/p>\t\t\t\t\t\t<\/div>\n\t\t\t\t<\/div>\n\t\t\t\t\t<\/div>\n\t\t<\/div>\n\t\t\t\t<div class=\"elementor-column elementor-col-50 elementor-top-column elementor-element elementor-element-65d4a4b\" data-id=\"65d4a4b\" data-element_type=\"column\">\n\t\t\t<div class=\"elementor-widget-wrap elementor-element-populated\">\n\t\t\t\t\t\t<div class=\"elementor-element elementor-element-1ebe0fd elementor-widget elementor-widget-google_maps\" data-id=\"1ebe0fd\" data-element_type=\"widget\" data-widget_type=\"google_maps.default\">\n\t\t\t\t<div class=\"elementor-widget-container\">\n\t\t\t\t\t<div class=\"elementor-custom-embed\">\n\t\t\t<iframe loading=\"lazy\"\n\t\t\t\t\tsrc=\"https:\/\/maps.google.com\/maps?q=Av.%20Prof.%20Mello%20Moraes%2C%202373%2C%20Butant%C3%A3%20CEP%2005508-030&#038;t=m&#038;z=14&#038;output=embed&#038;iwloc=near\"\n\t\t\t\t\ttitle=\"Av. Prof. Mello Moraes, 2373, Butant\u00e3 CEP 05508-030\"\n\t\t\t\t\taria-label=\"Av. Prof. Mello Moraes, 2373, Butant\u00e3 CEP 05508-030\"\n\t\t\t><\/iframe>\n\t\t<\/div>\n\t\t\t\t<\/div>\n\t\t\t\t<\/div>\n\t\t\t\t\t<\/div>\n\t\t<\/div>\n\t\t\t\t\t<\/div>\n\t\t<\/section>\n\t\t\t\t<section class=\"elementor-section elementor-top-section elementor-element elementor-element-ab7f514 elementor-section-boxed elementor-section-height-default elementor-section-height-default\" data-id=\"ab7f514\" data-element_type=\"section\">\n\t\t\t\t\t\t<div class=\"elementor-container elementor-column-gap-default\">\n\t\t\t\t\t<div class=\"elementor-column elementor-col-50 elementor-top-column elementor-element elementor-element-8bfe5e2\" data-id=\"8bfe5e2\" data-element_type=\"column\">\n\t\t\t<div class=\"elementor-widget-wrap elementor-element-populated\">\n\t\t\t\t\t\t<div class=\"elementor-element elementor-element-e2c747e elementor-widget__width-initial elementor-widget elementor-widget-text-editor\" data-id=\"e2c747e\" data-element_type=\"widget\" data-widget_type=\"text-editor.default\">\n\t\t\t\t<div class=\"elementor-widget-container\">\n\t\t\t\t\t\t\t<p><strong>Santos (Vila Mathias)<br \/><\/strong>Departamento de Engenharia de Minas e de Petr\u00f3leo<strong><br \/><\/strong>Escola Polit\u00e9cnica da Universidade de S\u00e3o Paulo<br \/>Pra\u00e7a Narciso de Andrade s\/n \u2013 Vila Mathias \u2013 Santos \u2013 SP Brasil \u2013 CEP 11013-560,<\/p><p><em>Secret\u00e1ria\u00a0Regiane Isabel da Silva<\/em><br \/>Tel.: +55 13\u00a03229-2710<br \/>E-mail:\u00a0<a href=\"mailto:posgraduacaopmi@gmail.com\">regianes@usp.br<\/a><\/p>\t\t\t\t\t\t<\/div>\n\t\t\t\t<\/div>\n\t\t\t\t\t<\/div>\n\t\t<\/div>\n\t\t\t\t<div class=\"elementor-column elementor-col-50 elementor-top-column elementor-element elementor-element-392a625\" data-id=\"392a625\" data-element_type=\"column\">\n\t\t\t<div class=\"elementor-widget-wrap elementor-element-populated\">\n\t\t\t\t\t\t<div class=\"elementor-element elementor-element-f9bcd51 elementor-widget elementor-widget-google_maps\" data-id=\"f9bcd51\" data-element_type=\"widget\" data-widget_type=\"google_maps.default\">\n\t\t\t\t<div class=\"elementor-widget-container\">\n\t\t\t\t\t<div class=\"elementor-custom-embed\">\n\t\t\t<iframe loading=\"lazy\"\n\t\t\t\t\tsrc=\"https:\/\/maps.google.com\/maps?q=Pra%C3%A7a%20Coronel%20Narciso%20de%20Andrade%2C%20s%2Fn%20%E2%80%93%20Vila%20Matias%20%E2%80%93%20Santos%20CEP%3A%2011013-560&#038;t=m&#038;z=15&#038;output=embed&#038;iwloc=near\"\n\t\t\t\t\ttitle=\"Pra\u00e7a Coronel Narciso de Andrade, s\/n \u2013 Vila Matias \u2013 Santos CEP: 11013-560\"\n\t\t\t\t\taria-label=\"Pra\u00e7a Coronel Narciso de Andrade, s\/n \u2013 Vila Matias \u2013 Santos CEP: 11013-560\"\n\t\t\t><\/iframe>\n\t\t<\/div>\n\t\t\t\t<\/div>\n\t\t\t\t<\/div>\n\t\t\t\t\t<\/div>\n\t\t<\/div>\n\t\t\t\t\t<\/div>\n\t\t<\/section>\n\t\t\t\t<section class=\"elementor-section elementor-top-section elementor-element elementor-element-1d03985 elementor-section-boxed elementor-section-height-default elementor-section-height-default\" data-id=\"1d03985\" data-element_type=\"section\">\n\t\t\t\t\t\t<div class=\"elementor-container elementor-column-gap-default\">\n\t\t\t\t\t<div class=\"elementor-column elementor-col-100 elementor-top-column elementor-element elementor-element-a8b04e6\" data-id=\"a8b04e6\" data-element_type=\"column\">\n\t\t\t<div class=\"elementor-widget-wrap elementor-element-populated\">\n\t\t\t\t\t\t<div class=\"elementor-element elementor-element-f8c7abf elementor-widget elementor-widget-shortcode\" data-id=\"f8c7abf\" data-element_type=\"widget\" data-widget_type=\"shortcode.default\">\n\t\t\t\t<div class=\"elementor-widget-container\">\n\t\t\t\t\t<div class=\"elementor-shortcode\">\n<div class=\"wpcf7 no-js\" id=\"wpcf7-f25-o1\" lang=\"pt-BR\" dir=\"ltr\" data-wpcf7-id=\"25\">\n<div class=\"screen-reader-response\"><p role=\"status\" aria-live=\"polite\" aria-atomic=\"true\"><\/p> <ul><\/ul><\/div>\n<form action=\"\/ppgemp\/wp-json\/wp\/v2\/pages\/111#wpcf7-f25-o1\" method=\"post\" class=\"wpcf7-form init\" aria-label=\"Formul\u00e1rios de contato\" novalidate=\"novalidate\" data-status=\"init\">\n<fieldset class=\"hidden-fields-container\"><input type=\"hidden\" name=\"_wpcf7\" value=\"25\" \/><input type=\"hidden\" name=\"_wpcf7_version\" value=\"6.1.5\" \/><input type=\"hidden\" name=\"_wpcf7_locale\" value=\"pt_BR\" \/><input type=\"hidden\" name=\"_wpcf7_unit_tag\" value=\"wpcf7-f25-o1\" \/><input type=\"hidden\" name=\"_wpcf7_container_post\" value=\"0\" \/><input type=\"hidden\" name=\"_wpcf7_posted_data_hash\" value=\"\" \/><input type=\"hidden\" name=\"_wpcf7_recaptcha_response\" value=\"\" \/>\n<\/fieldset>\n<p><b>Envie uma mensagem:<\/b>\n<\/p>\n<p>Nome (obrigat\u00f3rio)<br \/>\n<span class=\"wpcf7-form-control-wrap\" data-name=\"your-name\"><input size=\"40\" maxlength=\"400\" class=\"wpcf7-form-control wpcf7-text wpcf7-validates-as-required\" aria-required=\"true\" aria-invalid=\"false\" value=\"\" type=\"text\" name=\"your-name\" \/><\/span>\n<\/p>\n<p>E-mail (obrigat\u00f3rio)<br \/>\n<span class=\"wpcf7-form-control-wrap\" data-name=\"your-email\"><input size=\"40\" maxlength=\"400\" class=\"wpcf7-form-control wpcf7-email wpcf7-validates-as-required wpcf7-text wpcf7-validates-as-email\" aria-required=\"true\" aria-invalid=\"false\" value=\"\" type=\"email\" name=\"your-email\" \/><\/span>\n<\/p>\n<p>Assunto<br \/>\n<span class=\"wpcf7-form-control-wrap\" data-name=\"your-subject\"><input size=\"40\" maxlength=\"400\" class=\"wpcf7-form-control wpcf7-text\" aria-invalid=\"false\" value=\"\" type=\"text\" name=\"your-subject\" \/><\/span>\n<\/p>\n<p>Mensagem<br \/>\n<span class=\"wpcf7-form-control-wrap\" data-name=\"your-message\"><textarea cols=\"40\" rows=\"10\" maxlength=\"2000\" class=\"wpcf7-form-control wpcf7-textarea\" aria-invalid=\"false\" name=\"your-message\"><\/textarea><\/span>\n<\/p>\n<p><input class=\"wpcf7-form-control wpcf7-submit has-spinner\" type=\"submit\" value=\"Enviar\" \/>\n<\/p><div class=\"wpcf7-response-output\" aria-hidden=\"true\"><\/div>\n<\/form>\n<\/div>\n<\/div>\n\t\t\t\t<\/div>\n\t\t\t\t<\/div>\n\t\t\t\t\t<\/div>\n\t\t<\/div>\n\t\t\t\t\t<\/div>\n\t\t<\/section>\n\t\t\t\t<\/div>\n\t\t","protected":false},"excerpt":{"rendered":"<p>Hor\u00e1rio de atendimento:De segunda a sexta-feira das 7h \u00e0s 12h e das 14h00 \u00e0s 15h00 Endere\u00e7os e telefones: S\u00e3o Paulo (Cidade Universit\u00e1ria)Departamento de Engenharia de Minas e de Petr\u00f3leoEscola Polit\u00e9cnica da Universidade de S\u00e3o PauloAv. Prof. Mello Moraes, 2373, Butant\u00e3 \u2013 S\u00e3o Paulo \u2013 SP, Brasil CEP 05508-030(entrada pelo estacionamento GOLF 14 \u2013 Av. Prof.<a href=\"https:\/\/sites.usp.br\/ppgemp\/contato-3\/\">[&#8230;]<\/a><\/p>\n","protected":false},"author":309,"featured_media":0,"parent":0,"menu_order":2,"comment_status":"closed","ping_status":"closed","template":"","meta":{"footnotes":"","_links_to":"","_links_to_target":""},"class_list":["post-111","page","type-page","status-publish","hentry"],"_links":{"self":[{"href":"https:\/\/sites.usp.br\/ppgemp\/wp-json\/wp\/v2\/pages\/111","targetHints":{"allow":["GET"]}}],"collection":[{"href":"https:\/\/sites.usp.br\/ppgemp\/wp-json\/wp\/v2\/pages"}],"about":[{"href":"https:\/\/sites.usp.br\/ppgemp\/wp-json\/wp\/v2\/types\/page"}],"author":[{"embeddable":true,"href":"https:\/\/sites.usp.br\/ppgemp\/wp-json\/wp\/v2\/users\/309"}],"replies":[{"embeddable":true,"href":"https:\/\/sites.usp.br\/ppgemp\/wp-json\/wp\/v2\/comments?post=111"}],"version-history":[{"count":4,"href":"https:\/\/sites.usp.br\/ppgemp\/wp-json\/wp\/v2\/pages\/111\/revisions"}],"predecessor-version":[{"id":2101,"href":"https:\/\/sites.usp.br\/ppgemp\/wp-json\/wp\/v2\/pages\/111\/revisions\/2101"}],"wp:attachment":[{"href":"https:\/\/sites.usp.br\/ppgemp\/wp-json\/wp\/v2\/media?parent=111"}],"curies":[{"name":"wp","href":"https:\/\/api.w.org\/{rel}","templated":true}]}}