{"id":2007,"date":"2025-06-09T15:26:17","date_gmt":"2025-06-09T17:26:17","guid":{"rendered":"https:\/\/sites.usp.br\/ppgemp\/?page_id=2007"},"modified":"2025-06-16T08:49:19","modified_gmt":"2025-06-16T10:49:19","slug":"publicacoes","status":"publish","type":"page","link":"https:\/\/sites.usp.br\/ppgemp\/publicacoes\/","title":{"rendered":"Produ\u00e7\u00e3o Bibliogr\u00e1fica"},"content":{"rendered":"\t\t<div data-elementor-type=\"wp-page\" data-elementor-id=\"2007\" class=\"elementor elementor-2007\">\n\t\t\t\t\t\t<section class=\"elementor-section elementor-top-section elementor-element elementor-element-d890787 elementor-section-boxed elementor-section-height-default elementor-section-height-default\" data-id=\"d890787\" data-element_type=\"section\">\n\t\t\t\t\t\t<div class=\"elementor-container elementor-column-gap-default\">\n\t\t\t\t\t<div class=\"elementor-column elementor-col-100 elementor-top-column elementor-element elementor-element-46f68a6\" data-id=\"46f68a6\" data-element_type=\"column\">\n\t\t\t<div class=\"elementor-widget-wrap elementor-element-populated\">\n\t\t\t\t\t\t<div class=\"elementor-element elementor-element-e3a3786 elementor-widget elementor-widget-text-editor\" data-id=\"e3a3786\" data-element_type=\"widget\" data-widget_type=\"text-editor.default\">\n\t\t\t\t<div class=\"elementor-widget-container\">\n\t\t\t\t\t\t\t<p><span style=\"font-family: Poppins, sans-serif; font-style: normal; font-weight: 400;\">A produ\u00e7\u00e3o bibliogr\u00e1fica da <strong>Engenharia Mineral &#8211; EPUSP<\/strong> est\u00e1 dispon\u00edvel no\u00a0<\/span><a style=\"font-variant-numeric: inherit; font-variant-east-asian: inherit; font-variant-alternates: inherit; font-variant-position: inherit; font-variant-emoji: inherit; font-stretch: inherit; line-height: inherit; font-optical-sizing: inherit; font-size-adjust: inherit; font-kerning: inherit; font-feature-settings: inherit; font-variation-settings: inherit; font-family: Poppins, sans-serif; font-style: normal; font-weight: 400; background-color: #ffffff; color: #057ea2; transition-duration: 0.3s; transition-property: all;\" href=\"https:\/\/uspdigital.usp.br\/datausp\/publico\/indicador\/indicadoresPosPrograma.jsp?anoiniSelecionado=2000&amp;anofimSelecionado=2024&amp;colegiadoSelecionado=3&amp;programaSelecionado=3009\" target=\"_blank\" rel=\"noopener\"><span style=\"font-variant: inherit; font-stretch: inherit; line-height: inherit; font-optical-sizing: inherit; font-size-adjust: inherit; font-kerning: inherit; font-feature-settings: inherit; font-variation-settings: inherit; font-weight: 600;\">Portal DataUSP<\/span><\/a><\/p><p><span style=\"font-family: Poppins, sans-serif; font-style: normal; font-weight: 400;\">Clicando em \u2018<strong>Exibir Docentes<\/strong>\u2019 e \u2018<strong>Exibir Produ\u00e7\u00f5es<\/strong>\u2019 \u00e9 poss\u00edvel obter todos os detalhes.<\/span><\/p>\t\t\t\t\t\t<\/div>\n\t\t\t\t<\/div>\n\t\t\t\t\t<\/div>\n\t\t<\/div>\n\t\t\t\t\t<\/div>\n\t\t<\/section>\n\t\t\t\t<section class=\"elementor-section elementor-top-section elementor-element elementor-element-7e845c1 elementor-section-boxed elementor-section-height-default elementor-section-height-default\" data-id=\"7e845c1\" data-element_type=\"section\">\n\t\t\t\t\t\t<div class=\"elementor-container elementor-column-gap-default\">\n\t\t\t\t\t<div class=\"elementor-column elementor-col-100 elementor-top-column elementor-element elementor-element-dcbb5a8\" data-id=\"dcbb5a8\" data-element_type=\"column\">\n\t\t\t<div class=\"elementor-widget-wrap elementor-element-populated\">\n\t\t\t\t\t\t<div class=\"elementor-element elementor-element-aa7c851 elementor-widget elementor-widget-image\" data-id=\"aa7c851\" data-element_type=\"widget\" data-widget_type=\"image.default\">\n\t\t\t\t<div class=\"elementor-widget-container\">\n\t\t\t\t\t\t\t\t\t\t\t\t\t<img fetchpriority=\"high\" decoding=\"async\" width=\"910\" height=\"984\" src=\"https:\/\/sites.usp.br\/ppgemp\/wp-content\/uploads\/sites\/1342\/2025\/06\/dadosPos.jpg\" class=\"attachment-full size-full wp-image-2009\" alt=\"\" srcset=\"https:\/\/sites.usp.br\/ppgemp\/wp-content\/uploads\/sites\/1342\/2025\/06\/dadosPos.jpg 910w, https:\/\/sites.usp.br\/ppgemp\/wp-content\/uploads\/sites\/1342\/2025\/06\/dadosPos-277x300.jpg 277w, https:\/\/sites.usp.br\/ppgemp\/wp-content\/uploads\/sites\/1342\/2025\/06\/dadosPos-768x830.jpg 768w, https:\/\/sites.usp.br\/ppgemp\/wp-content\/uploads\/sites\/1342\/2025\/06\/dadosPos-400x433.jpg 400w\" sizes=\"(max-width: 910px) 100vw, 910px\" \/>\t\t\t\t\t\t\t\t\t\t\t\t\t<\/div>\n\t\t\t\t<\/div>\n\t\t\t\t\t<\/div>\n\t\t<\/div>\n\t\t\t\t\t<\/div>\n\t\t<\/section>\n\t\t\t\t<\/div>\n\t\t","protected":false},"excerpt":{"rendered":"<p>A produ\u00e7\u00e3o bibliogr\u00e1fica da Engenharia Mineral &#8211; EPUSP est\u00e1 dispon\u00edvel no\u00a0Portal DataUSP Clicando em \u2018Exibir Docentes\u2019 e \u2018Exibir Produ\u00e7\u00f5es\u2019 \u00e9 poss\u00edvel obter todos os detalhes.<\/p>\n","protected":false},"author":23929,"featured_media":0,"parent":0,"menu_order":0,"comment_status":"closed","ping_status":"closed","template":"","meta":{"footnotes":"","_links_to":"","_links_to_target":""},"class_list":["post-2007","page","type-page","status-publish","hentry"],"_links":{"self":[{"href":"https:\/\/sites.usp.br\/ppgemp\/wp-json\/wp\/v2\/pages\/2007","targetHints":{"allow":["GET"]}}],"collection":[{"href":"https:\/\/sites.usp.br\/ppgemp\/wp-json\/wp\/v2\/pages"}],"about":[{"href":"https:\/\/sites.usp.br\/ppgemp\/wp-json\/wp\/v2\/types\/page"}],"author":[{"embeddable":true,"href":"https:\/\/sites.usp.br\/ppgemp\/wp-json\/wp\/v2\/users\/23929"}],"replies":[{"embeddable":true,"href":"https:\/\/sites.usp.br\/ppgemp\/wp-json\/wp\/v2\/comments?post=2007"}],"version-history":[{"count":4,"href":"https:\/\/sites.usp.br\/ppgemp\/wp-json\/wp\/v2\/pages\/2007\/revisions"}],"predecessor-version":[{"id":2058,"href":"https:\/\/sites.usp.br\/ppgemp\/wp-json\/wp\/v2\/pages\/2007\/revisions\/2058"}],"wp:attachment":[{"href":"https:\/\/sites.usp.br\/ppgemp\/wp-json\/wp\/v2\/media?parent=2007"}],"curies":[{"name":"wp","href":"https:\/\/api.w.org\/{rel}","templated":true}]}}