{"id":327,"date":"2023-09-13T18:36:22","date_gmt":"2023-09-13T20:36:22","guid":{"rendered":"https:\/\/sites.usp.br\/ppgemp\/contato\/apresentacao\/"},"modified":"2025-07-01T14:22:22","modified_gmt":"2025-07-01T16:22:22","slug":"apresentacao","status":"publish","type":"page","link":"https:\/\/sites.usp.br\/ppgemp\/contato\/apresentacao\/","title":{"rendered":"Apresenta\u00e7\u00e3o"},"content":{"rendered":"\t\t<div data-elementor-type=\"wp-page\" data-elementor-id=\"327\" class=\"elementor elementor-327\">\n\t\t\t\t\t\t<section class=\"elementor-section elementor-top-section elementor-element elementor-element-36e1f561 elementor-section-boxed elementor-section-height-default elementor-section-height-default\" data-id=\"36e1f561\" data-element_type=\"section\">\n\t\t\t\t\t\t<div class=\"elementor-container elementor-column-gap-default\">\n\t\t\t\t\t<div class=\"elementor-column elementor-col-100 elementor-top-column elementor-element elementor-element-403c17a3\" data-id=\"403c17a3\" data-element_type=\"column\">\n\t\t\t<div class=\"elementor-widget-wrap elementor-element-populated\">\n\t\t\t\t\t\t<div class=\"elementor-element elementor-element-5d2c7cb7 elementor-widget elementor-widget-text-editor\" data-id=\"5d2c7cb7\" data-element_type=\"widget\" data-widget_type=\"text-editor.default\">\n\t\t\t\t<div class=\"elementor-widget-container\">\n\t\t\t\t\t\t\t<p>O Programa de P\u00f3s-Gradua\u00e7\u00e3o em Engenharia Mineral e de Petr\u00f3leo (PPGEMP) visa formar mestres e doutores no dom\u00ednio da engenharia atrav\u00e9s da gera\u00e7\u00e3o de conhecimento (PD&amp;I), tendo como vis\u00e3o buscar o equil\u00edbrio entre asas e ra\u00edzes:<\/p><p>(a) Ra\u00edzes para dar continuidade \u00e0 tradicional e prof\u00edcua intera\u00e7\u00e3o com a ind\u00fastria extrativa mineral e de bens energ\u00e9ticos, valorizando o conhecimento aplicado e o desenvolvimento com base tecnol\u00f3gica que traz entregas concretas \u00e0 Sociedade;<\/p><p>(b) Asas para acompanhar as transforma\u00e7\u00f5es postas pelo s\u00e9culo XXI, cultivando a inova\u00e7\u00e3o e a busca de novos horizontes. Asas para n\u00e3o se acomodar \u00e0 tradicional abordagem tecnol\u00f3gica, fomentando pesquisas de cunho cient\u00edfico para melhor fundamentar o desenvolvimento tecnol\u00f3gico, ampliando a natureza e consist\u00eancia das entregas do Programa \u00e0 Sociedade.<\/p><p>Fundamentado em suas asas e ra\u00edzes, o PPGEMP tem a miss\u00e3o de servir ao Brasil atrav\u00e9s da forma\u00e7\u00e3o de profissionais preparados para dar respostas aos desafios postos pela ind\u00fastria extrativa mineral e de bens energ\u00e9ticos. Mais ainda, uma vez que a forma\u00e7\u00e3o de recursos humanos no n\u00edvel de p\u00f3s-gradua\u00e7\u00e3o em engenharia est\u00e1 associada \u00e0 execu\u00e7\u00e3o de atividades de PD&amp;I, a miss\u00e3o do PPGEMP de servir \u00e0 na\u00e7\u00e3o ganha maior dimens\u00e3o e significado com a ado\u00e7\u00e3o de temas que t\u00eam potencial de gerar inova\u00e7\u00e3o e contribuir para o desenvolvimento nacional. Uma vez que min\u00e9rios e bens energ\u00e9ticos (\u00f3leo e g\u00e1s) constituem recursos naturais n\u00e3o renov\u00e1veis, o PPGEMP cultiva como valores a responsabilidade social atrav\u00e9s do aproveitamento racional desses recursos com vistas \u00e0 sustentabilidade, respeito \u00e0 vida e exerc\u00edcio consciente da cidadania.<\/p><p>Para cumprir sua miss\u00e3o e exercitar seus valores, o PPGEMP tem como objetivos:<\/p><p>I) Formar profissionais preparados para resolver problemas postos pela ind\u00fastria extrativa de min\u00e9rios, petr\u00f3leo e g\u00e1s;<\/p><p>II) Realizar pesquisas cient\u00edficas e tecnol\u00f3gicas que apoiem as atividades extrativas, contribuindo para aumentar sua competitividade e sustentabilidade;<\/p><p>III) Dialogar com Governo e Sociedade, buscando contribuir tecnicamente para tornar a ind\u00fastria extrativa mineral e de bens energ\u00e9ticos mais competitiva, produtiva e sustent\u00e1vel;<\/p><p>IV) Contribuir para diminuir as desigualdades sociais no Brasil.<\/p><p>A Universidade de Sa\u0303o Paulo oferece uma ampla gama de oportunidades cientificas e culturais, pela sua qualidade e reputa\u00e7\u00e3o mundial. Ela vem sendo considerada a primeira colocada no ranking do The Times Higher Education na Am\u00e9rica Latina. Os alunos do PPGEMP participam, em geral, de interc\u00e2mbios com outras universidades de primeira linha no exterior, para realizar parte dos estudos.<\/p><p>Al\u00e9m disto, a USP esta\u0301 plenamente integrada ao ambiente de uma das metr\u00f3poles mais estimulantes do mundo.<\/p><h2>Organiza\u00e7\u00e3o<\/h2><p style=\"text-align: justify;\">O Programa de P\u00f3s-Gradua\u00e7\u00e3o em Engenharia Mineral e de Petr\u00f3leo \u2013 PPGEMP \u00e9 administrado por uma Comiss\u00e3o Coordenadora do Programa (CCP) composta de quatro membros titulares, sendo tr\u00eas docentes orientadores plenos credenciados no Programa e um representante discente, tendo cada membro titular o seu suplente.<\/p><p style=\"text-align: justify;\">As disciplinas e o desenvolvimento das pesquisas ocorrem no Departamento de Engenharia de Minas e de Petr\u00f3leo da Escola Polit\u00e9cnica, no campus do Butant\u00e3 da Universidade de S\u00e3o Paulo.<\/p><p style=\"text-align: justify;\">O Coordenador e\u00a0o Vice-Coordenador\u00a0s\u00e3o escolhidos dentre os membros titulares docentes da CCP. Os atuais membros da CCP s\u00e3o:<\/p><table><thead><tr><td width=\"308\"><p><strong>Titular<\/strong><\/p><\/td><td width=\"229\"><p><strong>Suplente<\/strong><\/p><\/td><\/tr><\/thead><tbody><tr><td width=\"308\"><p><strong>(Coordenador)<\/strong>\u00a0Maur\u00edcio Guimar\u00e3es Bergerman<\/p><\/td><td width=\"229\"><p><strong>(Supl. Coord.)<\/strong>\u00a0Nara Ang\u00e9lica Policarpo<\/p><\/td><\/tr><tr><td width=\"308\"><p>Laurindo de Salles Leal Filho<\/p><\/td><td width=\"229\"><p>Cleyton de Carvalho Carneiro<\/p><\/td><\/tr><tr><td width=\"308\"><p>Maur\u00edcio Guimar\u00e3es Bergerman<\/p><p>Nara Ang\u00e9lica Policarpo<\/p><\/td><td width=\"229\"><p>Jean Vicente Ferrari<\/p><p>Carina Ulsen<\/p><\/td><\/tr><tr><td width=\"308\"><p>(Discente) Osvaldo Guilherme da Cunha<\/p><\/td><td width=\"229\"><p>\u00a0<\/p><\/td><\/tr><\/tbody><\/table><table class=\" aligncenter\" style=\"height: 6px;\" border=\"0\" width=\"335\"><tbody><tr><td>\u00a0<\/td><td>\u00a0<\/td><td>\u00a0<\/td><\/tr><tr><td>\u00a0<\/td><td>\u00a0<\/td><td>\u00a0<\/td><\/tr><tr><td>\u00a0<\/td><td>\u00a0<\/td><td>\u00a0<\/td><\/tr><tr><td>\u00a0<\/td><td>\u00a0<\/td><td>\u00a0<\/td><\/tr><\/tbody><\/table>\t\t\t\t\t\t<\/div>\n\t\t\t\t<\/div>\n\t\t\t\t\t<\/div>\n\t\t<\/div>\n\t\t\t\t\t<\/div>\n\t\t<\/section>\n\t\t\t\t<section class=\"elementor-section elementor-top-section elementor-element elementor-element-430fb26 elementor-section-boxed elementor-section-height-default elementor-section-height-default\" data-id=\"430fb26\" data-element_type=\"section\">\n\t\t\t\t\t\t<div class=\"elementor-container elementor-column-gap-default\">\n\t\t\t\t\t<div class=\"elementor-column elementor-col-100 elementor-top-column elementor-element elementor-element-1655d89\" data-id=\"1655d89\" data-element_type=\"column\">\n\t\t\t<div class=\"elementor-widget-wrap elementor-element-populated\">\n\t\t\t\t\t\t\t<\/div>\n\t\t<\/div>\n\t\t\t\t\t<\/div>\n\t\t<\/section>\n\t\t\t\t<\/div>\n\t\t","protected":false},"excerpt":{"rendered":"<p>O Programa de P\u00f3s-Gradua\u00e7\u00e3o em Engenharia Mineral e de Petr\u00f3leo (PPGEMP) visa formar mestres e doutores no dom\u00ednio da engenharia atrav\u00e9s da gera\u00e7\u00e3o de conhecimento (PD&amp;I), tendo como vis\u00e3o buscar o equil\u00edbrio entre asas e ra\u00edzes: (a) Ra\u00edzes para dar continuidade \u00e0 tradicional e prof\u00edcua intera\u00e7\u00e3o com a ind\u00fastria extrativa mineral e de bens energ\u00e9ticos,<a href=\"https:\/\/sites.usp.br\/ppgemp\/contato\/apresentacao\/\">[&#8230;]<\/a><\/p>\n","protected":false},"author":23255,"featured_media":0,"parent":26,"menu_order":1,"comment_status":"closed","ping_status":"closed","template":"","meta":{"footnotes":"","_links_to":"","_links_to_target":""},"class_list":["post-327","page","type-page","status-publish","hentry"],"_links":{"self":[{"href":"https:\/\/sites.usp.br\/ppgemp\/wp-json\/wp\/v2\/pages\/327","targetHints":{"allow":["GET"]}}],"collection":[{"href":"https:\/\/sites.usp.br\/ppgemp\/wp-json\/wp\/v2\/pages"}],"about":[{"href":"https:\/\/sites.usp.br\/ppgemp\/wp-json\/wp\/v2\/types\/page"}],"author":[{"embeddable":true,"href":"https:\/\/sites.usp.br\/ppgemp\/wp-json\/wp\/v2\/users\/23255"}],"replies":[{"embeddable":true,"href":"https:\/\/sites.usp.br\/ppgemp\/wp-json\/wp\/v2\/comments?post=327"}],"version-history":[{"count":4,"href":"https:\/\/sites.usp.br\/ppgemp\/wp-json\/wp\/v2\/pages\/327\/revisions"}],"predecessor-version":[{"id":2114,"href":"https:\/\/sites.usp.br\/ppgemp\/wp-json\/wp\/v2\/pages\/327\/revisions\/2114"}],"up":[{"embeddable":true,"href":"https:\/\/sites.usp.br\/ppgemp\/wp-json\/wp\/v2\/pages\/26"}],"wp:attachment":[{"href":"https:\/\/sites.usp.br\/ppgemp\/wp-json\/wp\/v2\/media?parent=327"}],"curies":[{"name":"wp","href":"https:\/\/api.w.org\/{rel}","templated":true}]}}