{"id":340,"date":"2023-09-13T18:51:13","date_gmt":"2023-09-13T20:51:13","guid":{"rendered":"https:\/\/sites.usp.br\/ppgemp\/pagina-2\/pos-graduacao-na-poli\/"},"modified":"2024-04-22T11:50:34","modified_gmt":"2024-04-22T13:50:34","slug":"pos-graduacao-na-poli","status":"publish","type":"page","link":"https:\/\/sites.usp.br\/ppgemp\/pos-graduacao-na-poli\/","title":{"rendered":"P\u00f3s-Gradua\u00e7\u00e3o na POLI"},"content":{"rendered":"\t\t<div data-elementor-type=\"wp-page\" data-elementor-id=\"340\" class=\"elementor elementor-340\">\n\t\t\t\t\t\t<section class=\"elementor-section elementor-top-section elementor-element elementor-element-63f9cea elementor-section-boxed elementor-section-height-default elementor-section-height-default\" data-id=\"63f9cea\" data-element_type=\"section\">\n\t\t\t\t\t\t<div class=\"elementor-container elementor-column-gap-default\">\n\t\t\t\t\t<div class=\"elementor-column elementor-col-100 elementor-top-column elementor-element elementor-element-fea252f\" data-id=\"fea252f\" data-element_type=\"column\">\n\t\t\t<div class=\"elementor-widget-wrap elementor-element-populated\">\n\t\t\t\t\t\t<div class=\"elementor-element elementor-element-ef09cb8 elementor-widget elementor-widget-spacer\" data-id=\"ef09cb8\" data-element_type=\"widget\" data-widget_type=\"spacer.default\">\n\t\t\t\t<div class=\"elementor-widget-container\">\n\t\t\t\t\t<div class=\"elementor-spacer\">\n\t\t\t<div class=\"elementor-spacer-inner\"><\/div>\n\t\t<\/div>\n\t\t\t\t<\/div>\n\t\t\t\t<\/div>\n\t\t\t\t\t<\/div>\n\t\t<\/div>\n\t\t\t\t\t<\/div>\n\t\t<\/section>\n\t\t\t\t<section class=\"elementor-section elementor-top-section elementor-element elementor-element-b398625 elementor-section-boxed elementor-section-height-default elementor-section-height-default\" data-id=\"b398625\" data-element_type=\"section\">\n\t\t\t\t\t\t<div class=\"elementor-container elementor-column-gap-default\">\n\t\t\t\t\t<div class=\"elementor-column elementor-col-100 elementor-top-column elementor-element elementor-element-7223e96\" data-id=\"7223e96\" data-element_type=\"column\">\n\t\t\t<div class=\"elementor-widget-wrap elementor-element-populated\">\n\t\t\t\t\t\t<div class=\"elementor-element elementor-element-647c692 elementor-widget elementor-widget-text-editor\" data-id=\"647c692\" data-element_type=\"widget\" data-widget_type=\"text-editor.default\">\n\t\t\t\t<div class=\"elementor-widget-container\">\n\t\t\t\t\t\t\t<p class=\"MsoNormal\" style=\"text-align: justify;\"><span style=\"font-size: 14.0pt; line-height: 107%; font-family: 'Verdana',sans-serif; color: #4472c4; mso-themecolor: accent1;\">Modalidades<\/span><\/p><p class=\"MsoNormal\" style=\"text-align: justify;\">O Programa de P\u00f3s-Gradua\u00e7\u00e3o em Engenharia Mineral e de Petr\u00f3leo da Escola Polit\u00e9cnica da USP (PPGEMP\/EPUSP) oferece cursos de MESTRADO e de DOUTORADO.<\/p><p class=\"MsoNormal\" style=\"text-align: justify;\">Os alunos de p\u00f3s-gradua\u00e7\u00e3o da EPUSP s\u00e3o divididos em duas categorias:<\/p><p class=\"MsoNormal\" style=\"text-align: justify;\">Alunos Regulares: matriculados nos cursos de Mestrado ou Doutorado e com um orientador credenciado no programa.<\/p><p class=\"MsoNormal\" style=\"text-align: justify;\">Alunos Especiais: profissionais que queiram cursar disciplinas avulsas de p\u00f3s-gradua\u00e7\u00e3o. Ao serem aprovados como alunos regulares, alunos que cursaram disciplinas como especiais podem utilizar os cr\u00e9ditos que em tenham sido aprovados nos tr\u00eas anos que antecedem o seu ingresso.<\/p><p class=\"MsoNormal\" style=\"text-align: justify;\">A p\u00f3s-gradua\u00e7\u00e3o pode ser cursada em dedica\u00e7\u00e3o exclusiva com bolsas institucionais ou de projetos de pesquisa de MESTRADO e DOUTORADO, ou pode ser cursada em dedica\u00e7\u00e3o parcial sem bolsa de estudos.<\/p><p class=\"MsoNormal\" style=\"text-align: justify;\">\u00a0<\/p><p class=\"MsoNormal\" style=\"text-align: justify;\"><span style=\"font-size: 14.0pt; line-height: 107%; font-family: 'Verdana',sans-serif; color: #4472c4; mso-themecolor: accent1;\">Conhecendo a P\u00f3s-Gradua\u00e7\u00e3o na USP<\/span><\/p><p class=\"MsoNormal\" style=\"text-align: justify;\">A Pr\u00f3-Reitoria de P\u00f3s-Gradua\u00e7\u00e3o disponibiliza o <a href=\"https:\/\/www.youtube.com\/playlist?list=PLBtF8ROa1urGutobx6tGzP93pHSMKPmBH\" target=\"_blank\" rel=\"noopener\">Curso de Introdu\u00e7\u00e3o \u00e0 P\u00f3s-Gradua\u00e7\u00e3o<\/a> que tem como objetivo transmitir aos alunos ingressantes conhecimento necess\u00e1rios sobre o funcionamento da p\u00f3s-gradua\u00e7\u00e3o na USP.<\/p>\t\t\t\t\t\t<\/div>\n\t\t\t\t<\/div>\n\t\t\t\t\t<\/div>\n\t\t<\/div>\n\t\t\t\t\t<\/div>\n\t\t<\/section>\n\t\t\t\t<section class=\"elementor-section elementor-top-section elementor-element elementor-element-4621589 elementor-section-boxed elementor-section-height-default elementor-section-height-default\" data-id=\"4621589\" data-element_type=\"section\">\n\t\t\t\t\t\t<div class=\"elementor-container elementor-column-gap-default\">\n\t\t\t\t\t<div class=\"elementor-column elementor-col-100 elementor-top-column elementor-element elementor-element-45726d6\" data-id=\"45726d6\" data-element_type=\"column\">\n\t\t\t<div class=\"elementor-widget-wrap elementor-element-populated\">\n\t\t\t\t\t\t<div class=\"elementor-element elementor-element-bdf0e9f elementor-widget elementor-widget-spacer\" data-id=\"bdf0e9f\" data-element_type=\"widget\" data-widget_type=\"spacer.default\">\n\t\t\t\t<div class=\"elementor-widget-container\">\n\t\t\t\t\t<div class=\"elementor-spacer\">\n\t\t\t<div class=\"elementor-spacer-inner\"><\/div>\n\t\t<\/div>\n\t\t\t\t<\/div>\n\t\t\t\t<\/div>\n\t\t\t\t\t<\/div>\n\t\t<\/div>\n\t\t\t\t\t<\/div>\n\t\t<\/section>\n\t\t\t\t<\/div>\n\t\t","protected":false},"excerpt":{"rendered":"<p>Modalidades O Programa de P\u00f3s-Gradua\u00e7\u00e3o em Engenharia Mineral e de Petr\u00f3leo da Escola Polit\u00e9cnica da USP (PPGEMP\/EPUSP) oferece cursos de MESTRADO e de DOUTORADO. Os alunos de p\u00f3s-gradua\u00e7\u00e3o da EPUSP s\u00e3o divididos em duas categorias: Alunos Regulares: matriculados nos cursos de Mestrado ou Doutorado e com um orientador credenciado no programa. Alunos Especiais: profissionais que<a href=\"https:\/\/sites.usp.br\/ppgemp\/pos-graduacao-na-poli\/\">[&#8230;]<\/a><\/p>\n","protected":false},"author":23255,"featured_media":0,"parent":0,"menu_order":1,"comment_status":"closed","ping_status":"closed","template":"","meta":{"footnotes":"","_links_to":"","_links_to_target":""},"class_list":["post-340","page","type-page","status-publish","hentry"],"_links":{"self":[{"href":"https:\/\/sites.usp.br\/ppgemp\/wp-json\/wp\/v2\/pages\/340","targetHints":{"allow":["GET"]}}],"collection":[{"href":"https:\/\/sites.usp.br\/ppgemp\/wp-json\/wp\/v2\/pages"}],"about":[{"href":"https:\/\/sites.usp.br\/ppgemp\/wp-json\/wp\/v2\/types\/page"}],"author":[{"embeddable":true,"href":"https:\/\/sites.usp.br\/ppgemp\/wp-json\/wp\/v2\/users\/23255"}],"replies":[{"embeddable":true,"href":"https:\/\/sites.usp.br\/ppgemp\/wp-json\/wp\/v2\/comments?post=340"}],"version-history":[{"count":4,"href":"https:\/\/sites.usp.br\/ppgemp\/wp-json\/wp\/v2\/pages\/340\/revisions"}],"predecessor-version":[{"id":1334,"href":"https:\/\/sites.usp.br\/ppgemp\/wp-json\/wp\/v2\/pages\/340\/revisions\/1334"}],"wp:attachment":[{"href":"https:\/\/sites.usp.br\/ppgemp\/wp-json\/wp\/v2\/media?parent=340"}],"curies":[{"name":"wp","href":"https:\/\/api.w.org\/{rel}","templated":true}]}}