{"id":342,"date":"2023-09-13T18:51:48","date_gmt":"2023-09-13T20:51:48","guid":{"rendered":"https:\/\/sites.usp.br\/ppgemp\/pagina-2\/processo-seletivo\/"},"modified":"2026-03-27T15:01:59","modified_gmt":"2026-03-27T17:01:59","slug":"processo-seletivo","status":"publish","type":"page","link":"https:\/\/sites.usp.br\/ppgemp\/processo-seletivo\/","title":{"rendered":"Processo Seletivo"},"content":{"rendered":"\t\t<div data-elementor-type=\"wp-page\" data-elementor-id=\"342\" class=\"elementor elementor-342\">\n\t\t\t\t\t\t<section class=\"elementor-section elementor-top-section elementor-element elementor-element-dac2a78 elementor-section-boxed elementor-section-height-default elementor-section-height-default\" data-id=\"dac2a78\" data-element_type=\"section\">\n\t\t\t\t\t\t<div class=\"elementor-container elementor-column-gap-default\">\n\t\t\t\t\t<div class=\"elementor-column elementor-col-100 elementor-top-column elementor-element elementor-element-e573dd2\" data-id=\"e573dd2\" data-element_type=\"column\">\n\t\t\t<div class=\"elementor-widget-wrap elementor-element-populated\">\n\t\t\t\t\t\t<div class=\"elementor-element elementor-element-fc94e85 elementor-widget elementor-widget-text-editor\" data-id=\"fc94e85\" data-element_type=\"widget\" data-widget_type=\"text-editor.default\">\n\t\t\t\t<div class=\"elementor-widget-container\">\n\t\t\t\t\t\t\t<p>Edital de\u00a0 Ingresso de 2026 \u2013 <a href=\"https:\/\/sites.usp.br\/ppgemp\/wp-content\/uploads\/sites\/1342\/2025\/12\/Edital-PPGEMP-2026_251201_095100.pdf\">Clique aqui<\/a><\/p><p>Edital de\u00a0 Ingresso de 2025 \u2013 <a href=\"https:\/\/sites.usp.br\/ppgemp\/wp-content\/uploads\/sites\/1342\/2025\/12\/Edital-PPGEMP-2026_251201_095100.pdf\">Clique aqui<\/a><\/p><p>1\u00aa fase: Formul\u00e1rio para inscri\u00e7\u00e3o.\u00a0 Enviar via Google Forms (copie e cole no navegador): <a href=\"https:\/\/forms.gle\/AUStqLozmiDwj6wR9\" target=\"_blank\" rel=\"noopener\">https:\/\/forms.gle\/nXb46a2hUQBB32LD9<\/a><\/p><p>Exame de Profici\u00eancia em L\u00edngua Inglesa \u2013 Centro Interdepartamental de L\u00ednguas da FFLCH USP: veja as instru\u00e7\u00f5es completas em \u201cEditais\u2033 acessando <a href=\"https:\/\/clinguas.fflch.usp.br\/proficiencia-ingles\" target=\"_blank\" rel=\"noopener\">https:\/\/clinguas.fflch.usp.br\/proficiencia-ingles<\/a>.\u00a0<\/p><p><a href=\"https:\/\/sites.usp.br\/ppgemp\/wp-content\/uploads\/sites\/1342\/2025\/12\/Edital-2612-Poli-Mineral.docx.pdf\" target=\"_blank\" rel=\"noopener\">EDITAL PARA O EXAME DE PROFICI\u00caNCIA EM INGL\u00caS 2612 Poli-Mineral -2026<\/a><\/p><p><a href=\"https:\/\/sites.usp.br\/ppgemp\/wp-content\/uploads\/sites\/1342\/2025\/12\/Edital-2610-Poli-Mineral.docx.pdf\" target=\"_blank\" rel=\"noopener\">EDITAL PARA O EXAME DE PROFICI\u00caNCIA EM INGL\u00caS 2610 Poli-Mineral -2026<\/a><\/p><p><a href=\"https:\/\/sites.usp.br\/ppgemp\/wp-content\/uploads\/sites\/1342\/2025\/12\/Edital-2608-Poli-Mineral.docx.pdf\" target=\"_blank\" rel=\"noopener\">EDITAL PARA O EXAME DE PROFICI\u00caNCIA EM INGL\u00caS 2608 Poli-Mineral -2026<\/a><\/p><p><a href=\"https:\/\/sites.usp.br\/ppgemp\/wp-content\/uploads\/sites\/1342\/2025\/12\/Edital-2605-Poli-Mineral.docx.pdf\" target=\"_blank\" rel=\"noopener\">EDITAL PARA O EXAME DE PROFICI\u00caNCIA EM INGL\u00caS 2605 Poli-Mineral -2026<\/a><\/p><p><a href=\"https:\/\/sites.usp.br\/ppgemp\/wp-content\/uploads\/sites\/1342\/2025\/12\/2602-Poli-Mineral-EDITAL.docx.pdf\" target=\"_blank\" rel=\"noopener\">EDITAL PA<\/a><a href=\"https:\/\/sites.usp.br\/ppgemp\/wp-content\/uploads\/sites\/1342\/2025\/12\/Edital-2603-Poli-Mineral.docx.pdf\">RA O EXAME DE PROFICI\u00caNCIA EM INGL\u00caS 2603 Poli-Mineral -2026<\/a><\/p><p><a href=\"https:\/\/sites.usp.br\/ppgemp\/wp-content\/uploads\/sites\/1342\/2025\/12\/2602-Poli-Mineral-EDITAL.docx.pdf\" target=\"_blank\" rel=\"noopener\">EDITAL PARA O EXAME DE PROFICI\u00caNCIA EM INGL\u00caS 2602 Poli-Mineral -2026<\/a><\/p>\t\t\t\t\t\t<\/div>\n\t\t\t\t<\/div>\n\t\t\t\t\t<\/div>\n\t\t<\/div>\n\t\t\t\t\t<\/div>\n\t\t<\/section>\n\t\t\t\t<section class=\"elementor-section elementor-top-section elementor-element elementor-element-d6f5254 elementor-section-boxed elementor-section-height-default elementor-section-height-default\" data-id=\"d6f5254\" data-element_type=\"section\">\n\t\t\t\t\t\t<div class=\"elementor-container elementor-column-gap-default\">\n\t\t\t\t\t<div class=\"elementor-column elementor-col-100 elementor-top-column elementor-element elementor-element-0e93a1f\" data-id=\"0e93a1f\" data-element_type=\"column\">\n\t\t\t<div class=\"elementor-widget-wrap elementor-element-populated\">\n\t\t\t\t\t\t<div class=\"elementor-element elementor-element-e10c094 elementor-widget elementor-widget-text-editor\" data-id=\"e10c094\" data-element_type=\"widget\" data-widget_type=\"text-editor.default\">\n\t\t\t\t<div class=\"elementor-widget-container\">\n\t\t\t\t\t\t\t<h3><strong>RESULTADOS:<\/strong><\/h3>\t\t\t\t\t\t<\/div>\n\t\t\t\t<\/div>\n\t\t\t\t\t<\/div>\n\t\t<\/div>\n\t\t\t\t\t<\/div>\n\t\t<\/section>\n\t\t\t\t<section class=\"elementor-section elementor-top-section elementor-element elementor-element-881169e elementor-section-boxed elementor-section-height-default elementor-section-height-default\" data-id=\"881169e\" data-element_type=\"section\">\n\t\t\t\t\t\t<div class=\"elementor-container elementor-column-gap-default\">\n\t\t\t\t\t<div class=\"elementor-column elementor-col-100 elementor-top-column elementor-element elementor-element-730750a\" data-id=\"730750a\" data-element_type=\"column\">\n\t\t\t<div class=\"elementor-widget-wrap elementor-element-populated\">\n\t\t\t\t\t\t<div class=\"elementor-element elementor-element-03a1c6f elementor-widget elementor-widget-text-editor\" data-id=\"03a1c6f\" data-element_type=\"widget\" data-widget_type=\"text-editor.default\">\n\t\t\t\t<div class=\"elementor-widget-container\">\n\t\t\t\t\t\t\t<h6>Resultado Processo Seletivo 2025 &#8211; junho &#8211;\u00a0<a href=\"https:\/\/sites.usp.br\/ppgemp\/wp-content\/uploads\/sites\/1342\/2025\/07\/PROCESSO-SELETIVO-EDITAL-PPGEMP-2025.pdf\" target=\"_blank\" rel=\"noopener\">Clique aqui<\/a><\/h6><h6>Resultado Processo Seletivo 2024 &#8211; fevereiro &#8211; <a href=\"https:\/\/sites.usp.br\/ppgemp\/wp-content\/uploads\/sites\/1342\/2024\/03\/RESULTADO-DA-FASE-2-DO-EDITAL-PPGEMP-2024-2.pdf\">Clique aqui<\/a><\/h6><h6>Resultado Processo Seletivo 2023 &#8211; <a href=\"https:\/\/sites.usp.br\/ppgemp\/wp-content\/uploads\/sites\/1342\/2024\/06\/Resultado-da-Segunda-Fase-2023.3.png\">Clique aqui<\/a><\/h6>\t\t\t\t\t\t<\/div>\n\t\t\t\t<\/div>\n\t\t\t\t\t<\/div>\n\t\t<\/div>\n\t\t\t\t\t<\/div>\n\t\t<\/section>\n\t\t\t\t<section class=\"elementor-section elementor-top-section elementor-element elementor-element-942bf34 elementor-section-boxed elementor-section-height-default elementor-section-height-default\" data-id=\"942bf34\" data-element_type=\"section\">\n\t\t\t\t\t\t<div class=\"elementor-container elementor-column-gap-default\">\n\t\t\t\t\t<div class=\"elementor-column elementor-col-100 elementor-top-column elementor-element elementor-element-88683b2\" data-id=\"88683b2\" data-element_type=\"column\">\n\t\t\t<div class=\"elementor-widget-wrap elementor-element-populated\">\n\t\t\t\t\t\t<div class=\"elementor-element elementor-element-17298b4 elementor-widget elementor-widget-text-editor\" data-id=\"17298b4\" data-element_type=\"widget\" data-widget_type=\"text-editor.default\">\n\t\t\t\t<div class=\"elementor-widget-container\">\n\t\t\t\t\t\t\t<h6>\u00a0<\/h6><h6><span style=\"font-family: Roboto, sans-serif; font-style: normal; font-weight: 400; font-size: 1.6rem;\">Profici\u00eancia em Ingl\u00eas 2026\u00a0 2603 &#8211;\u00a0<\/span><span style=\"background-color: #ffffff; transition-property: all; font-size: 1.6rem;\"><a href=\"https:\/\/sites.usp.br\/ppgemp\/wp-content\/uploads\/sites\/1342\/2026\/03\/Resultado-Proficiencia-Mar.2026.pdf\">Clique aqui<\/a><\/span><\/h6><h6><span style=\"font-family: Roboto, sans-serif; font-style: normal; font-weight: 400; font-size: 1.6rem;\">Profici\u00eancia em Ingl\u00eas 2026\u00a0 2602 &#8211;\u00a0<\/span><a style=\"background-color: #ffffff; font-size: 1.6rem;\" href=\"https:\/\/sites.usp.br\/ppgemp\/wp-content\/uploads\/sites\/1342\/2026\/02\/Resultado-Proficiencia-Fev.2026.pdf\" target=\"_blank\" rel=\"noopener\">Clique aqui<\/a><\/h6><h6>Profici\u00eancia em Ingl\u00eas 2025\u00a0 2510 &#8211; <a href=\"https:\/\/sites.usp.br\/ppgemp\/wp-content\/uploads\/sites\/1342\/2025\/10\/2510-Poli-Mineral-LISTA-DE-RESULTADOS.pdf\">Clique aqui<\/a><\/h6><h6>Profici\u00eancia em Ingl\u00eas 2025\u00a0 2506 &#8211; <a href=\"https:\/\/sites.usp.br\/ppgemp\/wp-content\/uploads\/sites\/1342\/2025\/07\/2506MineralRESULTADOS.pdf\" target=\"_blank\" rel=\"noopener\">Clique aqui<\/a><\/h6><h6>Profici\u00eancia em Ingl\u00eas 2024\u00a0 2411 &#8211; <a href=\"https:\/\/sites.usp.br\/ppgemp\/wp-content\/uploads\/sites\/1342\/2024\/11\/2411-Poli-Mineral-Lista-de-resultados.pdf\" target=\"_blank\" rel=\"noopener\">Clique aqui<\/a><\/h6><h6>Profici\u00eancia em Ingl\u00eas 2024\u00a0 2410 &#8211; <a href=\"https:\/\/sites.usp.br\/ppgemp\/wp-content\/uploads\/sites\/1342\/2024\/10\/2410-Poli-Mineral-resultados-retifi.pdf\" target=\"_blank\" rel=\"noopener\">Clique aqui<\/a><\/h6><h6>Profici\u00eancia em Ingl\u00eas 2024\u00a0 2409 &#8211; <a href=\"https:\/\/sites.usp.br\/ppgemp\/wp-content\/uploads\/sites\/1342\/2024\/09\/Lista-de-Resultado-2409-19-09-24-1.pdf\" target=\"_blank\" rel=\"noopener\">Clique aqui<\/a><\/h6><h6>Profici\u00eancia em Ingl\u00eas 2024 &#8211; <a href=\"https:\/\/sites.usp.br\/ppgemp\/wp-content\/uploads\/sites\/1342\/2024\/08\/2408-Poli-Mineral-Lista-de-Resultados-1-1.pdf\" target=\"_blank\" rel=\"noopener\">Clique aqui<\/a><\/h6><h6>Profici\u00eancia em Ingl\u00eas 2023 &#8211; <a href=\"https:\/\/sites.usp.br\/ppgemp\/wp-content\/uploads\/sites\/1342\/2024\/06\/Resultados-2311-Poli-Mineral-Lista-5-1.xlsx\" target=\"_blank\" rel=\"noopener\">Clique aqui<\/a><\/h6>\t\t\t\t\t\t<\/div>\n\t\t\t\t<\/div>\n\t\t\t\t\t<\/div>\n\t\t<\/div>\n\t\t\t\t\t<\/div>\n\t\t<\/section>\n\t\t\t\t<section class=\"elementor-section elementor-top-section elementor-element elementor-element-c1a1aaa elementor-section-boxed elementor-section-height-default elementor-section-height-default\" data-id=\"c1a1aaa\" data-element_type=\"section\">\n\t\t\t\t\t\t<div class=\"elementor-container elementor-column-gap-default\">\n\t\t\t\t\t<div class=\"elementor-column elementor-col-100 elementor-top-column elementor-element elementor-element-34d478b\" data-id=\"34d478b\" data-element_type=\"column\">\n\t\t\t<div class=\"elementor-widget-wrap elementor-element-populated\">\n\t\t\t\t\t\t<div class=\"elementor-element elementor-element-e5c57de elementor-widget elementor-widget-spacer\" data-id=\"e5c57de\" data-element_type=\"widget\" data-widget_type=\"spacer.default\">\n\t\t\t\t<div class=\"elementor-widget-container\">\n\t\t\t\t\t<div class=\"elementor-spacer\">\n\t\t\t<div class=\"elementor-spacer-inner\"><\/div>\n\t\t<\/div>\n\t\t\t\t<\/div>\n\t\t\t\t<\/div>\n\t\t\t\t<div class=\"elementor-element elementor-element-5431f2c elementor-widget elementor-widget-text-editor\" data-id=\"5431f2c\" data-element_type=\"widget\" data-widget_type=\"text-editor.default\">\n\t\t\t\t<div class=\"elementor-widget-container\">\n\t\t\t\t\t\t\t<h5 style=\"margin-top: 1.71429rem; margin-bottom: 1.71429rem; padding-left: 40px; font-size: 0.928571rem; line-height: 1.84615; color: #444444; font-family: 'Open Sans', Helvetica, Arial, sans-serif; font-style: normal; font-variant-ligatures: normal; font-variant-caps: normal;\"><strong style=\"font-size: 13px;\">\u00a0<\/strong><strong style=\"font-size: 13px;\">DOCUMENTOS DE REFER\u00caNCIA<\/strong><\/h5><ul style=\"margin-bottom: 1.71429rem; margin-left: 0px; font-size: 14px; list-style-position: outside; line-height: 1.71429; color: #444444; font-family: 'Open Sans', Helvetica, Arial, sans-serif; font-style: normal; font-weight: 400;\"><li style=\"margin-left: 2.57143rem; list-style-type: none;\"><ul style=\"margin-left: 0px; list-style-position: outside; line-height: 1.71429;\"><li style=\"margin-left: 2.57143rem;\"><a style=\"outline-style: none; outline-width: initial; color: #0000ff;\" href=\"http:\/\/www.leginf.usp.br\/?resolucao=resolucao-no-7493-de-27-de-marco-de-2018\" target=\"_blank\" rel=\"noopener noreferrer\">Regimento de p\u00f3s-gradua\u00e7\u00e3o da Universidade de S\u00e3o Paulo<\/a><span style=\"color: #0000ff;\">\u00a0(2018)<\/span><\/li><li style=\"margin-left: 2.57143rem;\"><span style=\"color: #0000ff;\"><a style=\"outline-style: none; outline-width: initial; color: #0000ff;\" href=\"http:\/\/www.leginf.usp.br\/?resolucao=resolucao-copgr-no-7612-de-21-de-fevereiro-de-2019\" target=\"_blank\" rel=\"noopener noreferrer\">Regimento de p\u00f3s-gradua\u00e7\u00e3o da Escola Polit\u00e9cnica da USP<\/a>\u00a0(2019)<\/span><\/li><li style=\"margin-left: 2.57143rem;\"><a href=\"https:\/\/leginf.usp.br\/?resolucao=resolucao-copgr-no-8528-de-22-de-novembro-de-2023\" target=\"_blank\" rel=\"noopener\">Regulamento de p\u00f3s-gradua\u00e7\u00e3o do PPGEMP\u00a0(a partir de 23\/11\/2023)<\/a><\/li><li style=\"margin-left: 2.57143rem;\"><a style=\"outline-style: none; outline-width: initial; color: #0000ff;\" href=\"https:\/\/www.livrosabertos.abcd.usp.br\/portaldelivrosUSP\/catalog\/book\/1353\" target=\"_blank\" rel=\"noopener noreferrer\">Diretrizes para apresenta\u00e7\u00e3o de disserta\u00e7\u00f5es e teses da USP (ABNT), 5\u00aa Edi\u00e7\u00e3o, 2024<\/a><\/li><\/ul><\/li><\/ul>\t\t\t\t\t\t<\/div>\n\t\t\t\t<\/div>\n\t\t\t\t\t<\/div>\n\t\t<\/div>\n\t\t\t\t\t<\/div>\n\t\t<\/section>\n\t\t\t\t<section class=\"elementor-section elementor-top-section elementor-element elementor-element-af2a209 elementor-section-boxed elementor-section-height-default elementor-section-height-default\" data-id=\"af2a209\" data-element_type=\"section\">\n\t\t\t\t\t\t<div class=\"elementor-container elementor-column-gap-default\">\n\t\t\t\t\t<div class=\"elementor-column elementor-col-100 elementor-top-column elementor-element elementor-element-7aa4bc3\" data-id=\"7aa4bc3\" data-element_type=\"column\">\n\t\t\t<div class=\"elementor-widget-wrap elementor-element-populated\">\n\t\t\t\t\t\t<div class=\"elementor-element elementor-element-f537231 elementor-widget elementor-widget-spacer\" data-id=\"f537231\" data-element_type=\"widget\" data-widget_type=\"spacer.default\">\n\t\t\t\t<div class=\"elementor-widget-container\">\n\t\t\t\t\t<div class=\"elementor-spacer\">\n\t\t\t<div class=\"elementor-spacer-inner\"><\/div>\n\t\t<\/div>\n\t\t\t\t<\/div>\n\t\t\t\t<\/div>\n\t\t\t\t\t<\/div>\n\t\t<\/div>\n\t\t\t\t\t<\/div>\n\t\t<\/section>\n\t\t\t\t<\/div>\n\t\t","protected":false},"excerpt":{"rendered":"<p>Edital de\u00a0 Ingresso de 2026 \u2013 Clique aqui Edital de\u00a0 Ingresso de 2025 \u2013 Clique aqui 1\u00aa fase: Formul\u00e1rio para inscri\u00e7\u00e3o.\u00a0 Enviar via Google Forms (copie e cole no navegador): https:\/\/forms.gle\/nXb46a2hUQBB32LD9 Exame de Profici\u00eancia em L\u00edngua Inglesa \u2013 Centro Interdepartamental de L\u00ednguas da FFLCH USP: veja as instru\u00e7\u00f5es completas em \u201cEditais\u2033 acessando https:\/\/clinguas.fflch.usp.br\/proficiencia-ingles.\u00a0 EDITAL PARA<a href=\"https:\/\/sites.usp.br\/ppgemp\/processo-seletivo\/\">[&#8230;]<\/a><\/p>\n","protected":false},"author":23255,"featured_media":0,"parent":0,"menu_order":1,"comment_status":"closed","ping_status":"closed","template":"","meta":{"footnotes":"","_links_to":"","_links_to_target":""},"class_list":["post-342","page","type-page","status-publish","hentry"],"_links":{"self":[{"href":"https:\/\/sites.usp.br\/ppgemp\/wp-json\/wp\/v2\/pages\/342","targetHints":{"allow":["GET"]}}],"collection":[{"href":"https:\/\/sites.usp.br\/ppgemp\/wp-json\/wp\/v2\/pages"}],"about":[{"href":"https:\/\/sites.usp.br\/ppgemp\/wp-json\/wp\/v2\/types\/page"}],"author":[{"embeddable":true,"href":"https:\/\/sites.usp.br\/ppgemp\/wp-json\/wp\/v2\/users\/23255"}],"replies":[{"embeddable":true,"href":"https:\/\/sites.usp.br\/ppgemp\/wp-json\/wp\/v2\/comments?post=342"}],"version-history":[{"count":4,"href":"https:\/\/sites.usp.br\/ppgemp\/wp-json\/wp\/v2\/pages\/342\/revisions"}],"predecessor-version":[{"id":2438,"href":"https:\/\/sites.usp.br\/ppgemp\/wp-json\/wp\/v2\/pages\/342\/revisions\/2438"}],"wp:attachment":[{"href":"https:\/\/sites.usp.br\/ppgemp\/wp-json\/wp\/v2\/media?parent=342"}],"curies":[{"name":"wp","href":"https:\/\/api.w.org\/{rel}","templated":true}]}}