{"id":344,"date":"2023-09-13T18:52:41","date_gmt":"2023-09-13T20:52:41","guid":{"rendered":"https:\/\/sites.usp.br\/ppgemp\/pagina-2\/bolsas-e-auxilios\/"},"modified":"2023-09-26T12:27:46","modified_gmt":"2023-09-26T14:27:46","slug":"bolsas-e-auxilios","status":"publish","type":"page","link":"https:\/\/sites.usp.br\/ppgemp\/bolsas-e-auxilios\/","title":{"rendered":"Bolsas e Aux\u00edlios"},"content":{"rendered":"\t\t<div data-elementor-type=\"wp-page\" data-elementor-id=\"344\" class=\"elementor elementor-344\">\n\t\t\t\t\t\t<section class=\"elementor-section elementor-top-section elementor-element elementor-element-92ac51d elementor-section-boxed elementor-section-height-default elementor-section-height-default\" data-id=\"92ac51d\" data-element_type=\"section\">\n\t\t\t\t\t\t<div class=\"elementor-container elementor-column-gap-default\">\n\t\t\t\t\t<div class=\"elementor-column elementor-col-100 elementor-top-column elementor-element elementor-element-c6d8bf5\" data-id=\"c6d8bf5\" data-element_type=\"column\">\n\t\t\t<div class=\"elementor-widget-wrap elementor-element-populated\">\n\t\t\t\t\t\t<div class=\"elementor-element elementor-element-a835a09 elementor-widget elementor-widget-spacer\" data-id=\"a835a09\" data-element_type=\"widget\" data-widget_type=\"spacer.default\">\n\t\t\t\t<div class=\"elementor-widget-container\">\n\t\t\t\t\t<div class=\"elementor-spacer\">\n\t\t\t<div class=\"elementor-spacer-inner\"><\/div>\n\t\t<\/div>\n\t\t\t\t<\/div>\n\t\t\t\t<\/div>\n\t\t\t\t\t<\/div>\n\t\t<\/div>\n\t\t\t\t\t<\/div>\n\t\t<\/section>\n\t\t\t\t<section class=\"elementor-section elementor-top-section elementor-element elementor-element-c1db0eb elementor-section-boxed elementor-section-height-default elementor-section-height-default\" data-id=\"c1db0eb\" data-element_type=\"section\">\n\t\t\t\t\t\t<div class=\"elementor-container elementor-column-gap-default\">\n\t\t\t\t\t<div class=\"elementor-column elementor-col-100 elementor-top-column elementor-element elementor-element-b896aa9\" data-id=\"b896aa9\" data-element_type=\"column\">\n\t\t\t<div class=\"elementor-widget-wrap elementor-element-populated\">\n\t\t\t\t\t\t\t<\/div>\n\t\t<\/div>\n\t\t\t\t\t<\/div>\n\t\t<\/section>\n\t\t\t\t<section class=\"elementor-section elementor-top-section elementor-element elementor-element-b19f7ea elementor-section-boxed elementor-section-height-default elementor-section-height-default\" data-id=\"b19f7ea\" data-element_type=\"section\">\n\t\t\t\t\t\t<div class=\"elementor-container elementor-column-gap-default\">\n\t\t\t\t\t<div class=\"elementor-column elementor-col-100 elementor-top-column elementor-element elementor-element-bbe3501\" data-id=\"bbe3501\" data-element_type=\"column\">\n\t\t\t<div class=\"elementor-widget-wrap elementor-element-populated\">\n\t\t\t\t\t\t<div class=\"elementor-element elementor-element-ba94d79 elementor-widget elementor-widget-text-editor\" data-id=\"ba94d79\" data-element_type=\"widget\" data-widget_type=\"text-editor.default\">\n\t\t\t\t<div class=\"elementor-widget-container\">\n\t\t\t\t\t\t\t<p class=\"MsoNormal\" style=\"text-align: justify;\">Para alunos em dedica\u00e7\u00e3o integral \u00e0 pesquisa, o PPGEMP oferece acesso a:<\/p><ul><li class=\"MsoListParagraphCxSpFirst\" style=\"text-align: justify;\">Bolsas institucionais CAPES e CNPq para candidatos com \u00f3timo desempenho no processo seletivo.<\/li><li class=\"MsoListParagraphCxSpMiddle\" style=\"text-align: justify;\">Bolsas de projetos de pesquisa junto a institui\u00e7\u00f5es, empresas e ag\u00eancias de fomento como FAPESP.<\/li><li class=\"MsoListParagraphCxSpLast\" style=\"text-align: justify;\">Bolsas de doutorado sandu\u00edche no exterior.<\/li><\/ul><p class=\"MsoNormal\" style=\"text-align: justify;\">O programa disp\u00f5e de um n\u00famero finito de bolsas institucionais CNPq e CAPES para os alunos regulares de mestrado e doutorado com interesse em realizar as atividades do projeto de pesquisa com dedica\u00e7\u00e3o integral. As bolsas dispon\u00edveis ser\u00e3o indicadas aos candidatos do processo seletivo com base no desempenho nas avalia\u00e7\u00f5es. Bolsas de projetos de pesquisa est\u00e3o tamb\u00e9m dispon\u00edveis nos grupos de pesquisa do programa; contate os orientadores para mais detalhes.<\/p><p>\u00a0<\/p><p class=\"MsoNormal\" style=\"text-align: justify;\">A Universidade de S\u00e3o Paulo n\u00e3o cobre nenhuma taxa nem mensalidade pelos estudos em programas de p\u00f3s-gradua\u00e7\u00e3o Strictu Sensu.<\/p>\t\t\t\t\t\t<\/div>\n\t\t\t\t<\/div>\n\t\t\t\t\t<\/div>\n\t\t<\/div>\n\t\t\t\t\t<\/div>\n\t\t<\/section>\n\t\t\t\t<section class=\"elementor-section elementor-top-section elementor-element elementor-element-030bffc elementor-section-boxed elementor-section-height-default elementor-section-height-default\" data-id=\"030bffc\" data-element_type=\"section\">\n\t\t\t\t\t\t<div class=\"elementor-container elementor-column-gap-default\">\n\t\t\t\t\t<div class=\"elementor-column elementor-col-100 elementor-top-column elementor-element elementor-element-14dc5c9\" data-id=\"14dc5c9\" data-element_type=\"column\">\n\t\t\t<div class=\"elementor-widget-wrap elementor-element-populated\">\n\t\t\t\t\t\t<div class=\"elementor-element elementor-element-e71fb5a elementor-widget elementor-widget-spacer\" data-id=\"e71fb5a\" data-element_type=\"widget\" data-widget_type=\"spacer.default\">\n\t\t\t\t<div class=\"elementor-widget-container\">\n\t\t\t\t\t<div class=\"elementor-spacer\">\n\t\t\t<div class=\"elementor-spacer-inner\"><\/div>\n\t\t<\/div>\n\t\t\t\t<\/div>\n\t\t\t\t<\/div>\n\t\t\t\t\t<\/div>\n\t\t<\/div>\n\t\t\t\t\t<\/div>\n\t\t<\/section>\n\t\t\t\t<\/div>\n\t\t","protected":false},"excerpt":{"rendered":"<p>Para alunos em dedica\u00e7\u00e3o integral \u00e0 pesquisa, o PPGEMP oferece acesso a: Bolsas institucionais CAPES e CNPq para candidatos com \u00f3timo desempenho no processo seletivo. Bolsas de projetos de pesquisa junto a institui\u00e7\u00f5es, empresas e ag\u00eancias de fomento como FAPESP. Bolsas de doutorado sandu\u00edche no exterior. O programa disp\u00f5e de um n\u00famero finito de bolsas<a href=\"https:\/\/sites.usp.br\/ppgemp\/bolsas-e-auxilios\/\">[&#8230;]<\/a><\/p>\n","protected":false},"author":23255,"featured_media":0,"parent":0,"menu_order":1,"comment_status":"closed","ping_status":"closed","template":"","meta":{"footnotes":"","_links_to":"","_links_to_target":""},"class_list":["post-344","page","type-page","status-publish","hentry"],"_links":{"self":[{"href":"https:\/\/sites.usp.br\/ppgemp\/wp-json\/wp\/v2\/pages\/344","targetHints":{"allow":["GET"]}}],"collection":[{"href":"https:\/\/sites.usp.br\/ppgemp\/wp-json\/wp\/v2\/pages"}],"about":[{"href":"https:\/\/sites.usp.br\/ppgemp\/wp-json\/wp\/v2\/types\/page"}],"author":[{"embeddable":true,"href":"https:\/\/sites.usp.br\/ppgemp\/wp-json\/wp\/v2\/users\/23255"}],"replies":[{"embeddable":true,"href":"https:\/\/sites.usp.br\/ppgemp\/wp-json\/wp\/v2\/comments?post=344"}],"version-history":[{"count":4,"href":"https:\/\/sites.usp.br\/ppgemp\/wp-json\/wp\/v2\/pages\/344\/revisions"}],"predecessor-version":[{"id":787,"href":"https:\/\/sites.usp.br\/ppgemp\/wp-json\/wp\/v2\/pages\/344\/revisions\/787"}],"wp:attachment":[{"href":"https:\/\/sites.usp.br\/ppgemp\/wp-json\/wp\/v2\/media?parent=344"}],"curies":[{"name":"wp","href":"https:\/\/api.w.org\/{rel}","templated":true}]}}