{"id":348,"date":"2023-09-13T18:53:39","date_gmt":"2023-09-13T20:53:39","guid":{"rendered":"https:\/\/sites.usp.br\/ppgemp\/pagina-2\/matricula-regular\/"},"modified":"2024-09-02T16:05:45","modified_gmt":"2024-09-02T18:05:45","slug":"matricula-regular","status":"publish","type":"page","link":"https:\/\/sites.usp.br\/ppgemp\/matricula-regular\/","title":{"rendered":"Matr\u00edcula Regular"},"content":{"rendered":"\t\t<div data-elementor-type=\"wp-page\" data-elementor-id=\"348\" class=\"elementor elementor-348\">\n\t\t\t\t\t\t<section class=\"elementor-section elementor-top-section elementor-element elementor-element-d666d79 elementor-section-boxed elementor-section-height-default elementor-section-height-default\" data-id=\"d666d79\" data-element_type=\"section\">\n\t\t\t\t\t\t<div class=\"elementor-container elementor-column-gap-default\">\n\t\t\t\t\t<div class=\"elementor-column elementor-col-100 elementor-top-column elementor-element elementor-element-b045bdd\" data-id=\"b045bdd\" data-element_type=\"column\">\n\t\t\t<div class=\"elementor-widget-wrap elementor-element-populated\">\n\t\t\t\t\t\t<div class=\"elementor-element elementor-element-ad798e0 elementor-widget elementor-widget-spacer\" data-id=\"ad798e0\" data-element_type=\"widget\" data-widget_type=\"spacer.default\">\n\t\t\t\t<div class=\"elementor-widget-container\">\n\t\t\t\t\t<div class=\"elementor-spacer\">\n\t\t\t<div class=\"elementor-spacer-inner\"><\/div>\n\t\t<\/div>\n\t\t\t\t<\/div>\n\t\t\t\t<\/div>\n\t\t\t\t\t<\/div>\n\t\t<\/div>\n\t\t\t\t\t<\/div>\n\t\t<\/section>\n\t\t\t\t<section class=\"elementor-section elementor-top-section elementor-element elementor-element-1cf9889 elementor-section-boxed elementor-section-height-default elementor-section-height-default\" data-id=\"1cf9889\" data-element_type=\"section\">\n\t\t\t\t\t\t<div class=\"elementor-container elementor-column-gap-default\">\n\t\t\t\t\t<div class=\"elementor-column elementor-col-100 elementor-top-column elementor-element elementor-element-1951e02\" data-id=\"1951e02\" data-element_type=\"column\">\n\t\t\t<div class=\"elementor-widget-wrap elementor-element-populated\">\n\t\t\t\t\t\t<div class=\"elementor-element elementor-element-87d7c89 elementor-widget elementor-widget-spacer\" data-id=\"87d7c89\" data-element_type=\"widget\" data-widget_type=\"spacer.default\">\n\t\t\t\t<div class=\"elementor-widget-container\">\n\t\t\t\t\t<div class=\"elementor-spacer\">\n\t\t\t<div class=\"elementor-spacer-inner\"><\/div>\n\t\t<\/div>\n\t\t\t\t<\/div>\n\t\t\t\t<\/div>\n\t\t\t\t\t<\/div>\n\t\t<\/div>\n\t\t\t\t\t<\/div>\n\t\t<\/section>\n\t\t\t\t<section class=\"elementor-section elementor-top-section elementor-element elementor-element-c36e3c6 elementor-section-boxed elementor-section-height-default elementor-section-height-default\" data-id=\"c36e3c6\" data-element_type=\"section\">\n\t\t\t\t\t\t<div class=\"elementor-container elementor-column-gap-default\">\n\t\t\t\t\t<div class=\"elementor-column elementor-col-100 elementor-top-column elementor-element elementor-element-2bd2f40\" data-id=\"2bd2f40\" data-element_type=\"column\">\n\t\t\t<div class=\"elementor-widget-wrap elementor-element-populated\">\n\t\t\t\t\t\t<div class=\"elementor-element elementor-element-7ed24f9 elementor-widget elementor-widget-text-editor\" data-id=\"7ed24f9\" data-element_type=\"widget\" data-widget_type=\"text-editor.default\">\n\t\t\t\t<div class=\"elementor-widget-container\">\n\t\t\t\t\t\t\t<p class=\"MsoNormal\" style=\"text-align: justify;\"><span style=\"font-size: 14.0pt; line-height: 107%; font-family: 'Verdana',sans-serif; color: #4472c4; mso-themecolor: accent1;\">Matr\u00edcula como aluno regular<\/span><\/p><p class=\"MsoNormal\" style=\"text-align: justify;\"><span style=\"font-size: 14.0pt; line-height: 107%; font-family: 'Verdana',sans-serif; color: #4472c4; mso-themecolor: accent1;\">\u00a0<\/span><\/p><p class=\"MsoNormal\" style=\"text-align: justify;\">Aluno aprovado em processo seletivo de ingresso pode solicitar a primeira matr\u00edcula como aluno regular dentro da validade do resultado do processo seletivo. Disciplinas podem ser inclu\u00eddas somente nas datas de \u201cMatr\u00edcula dos alunos regulares novos e alunos especiais (fora da internet)\u201d. Fora destas datas \u00e9 permitida apenas a \u201cmatr\u00edcula de acompanhamento\u201d. Vide Calend\u00e1rio Escolar P\u00f3s-gradua\u00e7\u00e3o EPUSP.<\/p><p class=\"MsoNormal\" style=\"text-align: justify;\">Para primeira matr\u00edcula, entregar na secretaria do PPGEMP-EPUSP:<\/p><p class=\"MsoNormal\" style=\"text-align: justify;\"><a href=\"https:\/\/sites.usp.br\/ppgemp\/wp-content\/uploads\/sites\/1342\/2024\/09\/REQUERIMENTO-DE-MATRICULA.docx\">\u2013 Requerimento de matr\u00edcula.<\/a><\/p><p class=\"MsoNormal\" style=\"text-align: justify;\">\u2013 Certificado de Profici\u00eancia em L\u00edngua Inglesa (conforme o edital).<\/p><p class=\"MsoNormal\" style=\"text-align: justify;\">\u2013 Documentos que n\u00e3o tenham sido entregues na inscri\u00e7\u00e3o do processo seletivo: a) Certificados de conclus\u00e3o de gradua\u00e7\u00e3o e\/ou de mestrado; b) Para estrangeiros, c\u00f3pia do passaporte com visto.<\/p><p class=\"MsoNormal\" style=\"text-align: justify;\">Ap\u00f3s a primeira matr\u00edcula, o aluno ser\u00e1 inserido no Sistema Janus e far\u00e1 as matr\u00edculas seguintes, seja em disciplinas ou de acompanhamento, eletronicamente de acordo com as datas para \u201cPr\u00e9-matr\u00edcula dos alunos regulares (pela internet)\u201d no Calend\u00e1rio Escolar P\u00f3s-gradua\u00e7\u00e3o EPUSP.<\/p>\t\t\t\t\t\t<\/div>\n\t\t\t\t<\/div>\n\t\t\t\t\t<\/div>\n\t\t<\/div>\n\t\t\t\t\t<\/div>\n\t\t<\/section>\n\t\t\t\t<section class=\"elementor-section elementor-top-section elementor-element elementor-element-ac5ac2b elementor-section-boxed elementor-section-height-default elementor-section-height-default\" data-id=\"ac5ac2b\" data-element_type=\"section\">\n\t\t\t\t\t\t<div class=\"elementor-container elementor-column-gap-default\">\n\t\t\t\t\t<div class=\"elementor-column elementor-col-100 elementor-top-column elementor-element elementor-element-a663fb0\" data-id=\"a663fb0\" data-element_type=\"column\">\n\t\t\t<div class=\"elementor-widget-wrap elementor-element-populated\">\n\t\t\t\t\t\t<div class=\"elementor-element elementor-element-c7ac45f elementor-widget elementor-widget-spacer\" data-id=\"c7ac45f\" data-element_type=\"widget\" data-widget_type=\"spacer.default\">\n\t\t\t\t<div class=\"elementor-widget-container\">\n\t\t\t\t\t<div class=\"elementor-spacer\">\n\t\t\t<div class=\"elementor-spacer-inner\"><\/div>\n\t\t<\/div>\n\t\t\t\t<\/div>\n\t\t\t\t<\/div>\n\t\t\t\t\t<\/div>\n\t\t<\/div>\n\t\t\t\t\t<\/div>\n\t\t<\/section>\n\t\t\t\t<\/div>\n\t\t","protected":false},"excerpt":{"rendered":"<p>Matr\u00edcula como aluno regular \u00a0 Aluno aprovado em processo seletivo de ingresso pode solicitar a primeira matr\u00edcula como aluno regular dentro da validade do resultado do processo seletivo. Disciplinas podem ser inclu\u00eddas somente nas datas de \u201cMatr\u00edcula dos alunos regulares novos e alunos especiais (fora da internet)\u201d. Fora destas datas \u00e9 permitida apenas a \u201cmatr\u00edcula<a href=\"https:\/\/sites.usp.br\/ppgemp\/matricula-regular\/\">[&#8230;]<\/a><\/p>\n","protected":false},"author":23255,"featured_media":0,"parent":0,"menu_order":1,"comment_status":"closed","ping_status":"closed","template":"","meta":{"footnotes":"","_links_to":"","_links_to_target":""},"class_list":["post-348","page","type-page","status-publish","hentry"],"_links":{"self":[{"href":"https:\/\/sites.usp.br\/ppgemp\/wp-json\/wp\/v2\/pages\/348","targetHints":{"allow":["GET"]}}],"collection":[{"href":"https:\/\/sites.usp.br\/ppgemp\/wp-json\/wp\/v2\/pages"}],"about":[{"href":"https:\/\/sites.usp.br\/ppgemp\/wp-json\/wp\/v2\/types\/page"}],"author":[{"embeddable":true,"href":"https:\/\/sites.usp.br\/ppgemp\/wp-json\/wp\/v2\/users\/23255"}],"replies":[{"embeddable":true,"href":"https:\/\/sites.usp.br\/ppgemp\/wp-json\/wp\/v2\/comments?post=348"}],"version-history":[{"count":4,"href":"https:\/\/sites.usp.br\/ppgemp\/wp-json\/wp\/v2\/pages\/348\/revisions"}],"predecessor-version":[{"id":1649,"href":"https:\/\/sites.usp.br\/ppgemp\/wp-json\/wp\/v2\/pages\/348\/revisions\/1649"}],"wp:attachment":[{"href":"https:\/\/sites.usp.br\/ppgemp\/wp-json\/wp\/v2\/media?parent=348"}],"curies":[{"name":"wp","href":"https:\/\/api.w.org\/{rel}","templated":true}]}}