{"id":350,"date":"2023-09-13T18:54:06","date_gmt":"2023-09-13T20:54:06","guid":{"rendered":"https:\/\/sites.usp.br\/ppgemp\/pagina-2\/alunos-especiais\/"},"modified":"2025-02-21T11:01:15","modified_gmt":"2025-02-21T13:01:15","slug":"aluno-especial","status":"publish","type":"page","link":"https:\/\/sites.usp.br\/ppgemp\/aluno-especial\/","title":{"rendered":"Aluno Especial"},"content":{"rendered":"\t\t<div data-elementor-type=\"wp-page\" data-elementor-id=\"350\" class=\"elementor elementor-350\">\n\t\t\t\t\t\t<section class=\"elementor-section elementor-top-section elementor-element elementor-element-6232661 elementor-section-boxed elementor-section-height-default elementor-section-height-default\" data-id=\"6232661\" data-element_type=\"section\">\n\t\t\t\t\t\t<div class=\"elementor-container elementor-column-gap-default\">\n\t\t\t\t\t<div class=\"elementor-column elementor-col-100 elementor-top-column elementor-element elementor-element-839097f\" data-id=\"839097f\" data-element_type=\"column\">\n\t\t\t<div class=\"elementor-widget-wrap elementor-element-populated\">\n\t\t\t\t\t\t<div class=\"elementor-element elementor-element-8bef353 elementor-widget elementor-widget-spacer\" data-id=\"8bef353\" data-element_type=\"widget\" data-widget_type=\"spacer.default\">\n\t\t\t\t<div class=\"elementor-widget-container\">\n\t\t\t\t\t<div class=\"elementor-spacer\">\n\t\t\t<div class=\"elementor-spacer-inner\"><\/div>\n\t\t<\/div>\n\t\t\t\t<\/div>\n\t\t\t\t<\/div>\n\t\t\t\t\t<\/div>\n\t\t<\/div>\n\t\t\t\t\t<\/div>\n\t\t<\/section>\n\t\t\t\t<section class=\"elementor-section elementor-top-section elementor-element elementor-element-5bbbbcb elementor-section-boxed elementor-section-height-default elementor-section-height-default\" data-id=\"5bbbbcb\" data-element_type=\"section\">\n\t\t\t\t\t\t<div class=\"elementor-container elementor-column-gap-default\">\n\t\t\t\t\t<div class=\"elementor-column elementor-col-100 elementor-top-column elementor-element elementor-element-0f61d3b\" data-id=\"0f61d3b\" data-element_type=\"column\">\n\t\t\t<div class=\"elementor-widget-wrap elementor-element-populated\">\n\t\t\t\t\t\t<div class=\"elementor-element elementor-element-48049a5 elementor-widget elementor-widget-text-editor\" data-id=\"48049a5\" data-element_type=\"widget\" data-widget_type=\"text-editor.default\">\n\t\t\t\t<div class=\"elementor-widget-container\">\n\t\t\t\t\t\t\t<p style=\"text-align: justify;\"><span style=\"font-size: 14.0pt; line-height: 107%; font-family: 'Verdana',sans-serif; color: #4472c4; mso-themecolor: accent1;\">Matr\u00edcula como aluno especial<\/span><\/p><p style=\"text-align: justify;\">Alunos especiais s\u00e3o aqueles matriculados apenas em disciplinas isoladas. A matr\u00edcula como aluno especial pode ser realizada somente nas datas de \u201cMatr\u00edcula dos alunos regulares novos e alunos especiais (fora da internet)\u201d, conforme Calend\u00e1rio Escolar P\u00f3s-gradua\u00e7\u00e3o EPUSP.<\/p><p style=\"text-align: justify;\">O interessado em cursar disciplinas como aluno especial deve entrar em contato com o docente respons\u00e1vel pela disciplina para pedir autoriza\u00e7\u00e3o para cursar a disciplina.<\/p><p style=\"text-align: justify;\">Enviar documentos abaixo para o e-mail regianes@usp.br:<\/p><p style=\"text-align: justify;\">\u00a0<span style=\"font-family: Roboto, sans-serif; font-style: normal; font-weight: 400; color: var( --e-global-color-text ); font-size: 1.6rem;\">\u2013<\/span><span style=\"font-family: Roboto, sans-serif; font-style: normal; font-weight: 400; color: var( --e-global-color-text ); font-size: 1.6rem;\">\u00a0<a href=\"https:\/\/sites.usp.br\/ppgemp\/wp-content\/uploads\/sites\/1342\/2024\/12\/Formulario_aluno-especial-1.docx\" target=\"_blank\" rel=\"noopener\">Formul\u00e1rio Matr\u00edcula Disciplinas PMI &#8211; Aluno Especial<\/a><\/span><\/p><p style=\"text-align: justify;\">a) C\u00f3pia de documentos: carteira de identidade; CPF; quita\u00e7\u00e3o com servi\u00e7o militar; t\u00edtulo de eleitor. Se estrangeiro: c\u00f3pia do passaporte v\u00e1lido com visto tempor\u00e1rio ou permanente.<\/p><p style=\"text-align: justify;\">b) C\u00f3pia do diploma de gradua\u00e7\u00e3o ou certificado de conclus\u00e3o do curso de gradua\u00e7\u00e3o.<\/p><p style=\"text-align: justify;\">c) C\u00f3pia do hist\u00f3rico escolar de gradua\u00e7\u00e3o.<\/p><p style=\"text-align: justify;\">d) C\u00f3pia do hist\u00f3rico escolar de p\u00f3s-gradua\u00e7\u00e3o.<\/p><p>e) A\u00a0matr\u00edcula ser\u00e1 efetivada somente com a anu\u00eancia do docente respons\u00e1vel e mediante envio do comprovante de pagamento da taxa de matr\u00edcula no valor de R$100,00 por disciplina para o email\u00a0<a href=\"mailto:regianes@usp.br\" target=\"_blank\" rel=\"noopener\">regianes@usp.br<\/a>,\u00a0cc ppg.<a href=\"mailto:mineral@usp.br\" target=\"_blank\" rel=\"noopener\">mineral@usp.br<\/a>, conforme o regimento da Comiss\u00e3o de P\u00f3s-Gradua\u00e7\u00e3o\u00a0 da POLI\u00a0<a href=\"https:\/\/leginf.usp.br\/?resolucao=resolucao-copgr-no-7612-de-21-de-fevereiro-de-2019\" target=\"_blank\" rel=\"noopener\" data-saferedirecturl=\"https:\/\/www.google.com\/url?q=https:\/\/leginf.usp.br\/?resolucao%3Dresolucao-copgr-no-7612-de-21-de-fevereiro-de-2019&amp;source=gmail&amp;ust=1740162878139000&amp;usg=AOvVaw2KZjmpJ9Cbd60LNHPLER-b\">https:\/\/leginf.usp.br\/?<wbr \/>resolucao=resolucao-copgr-no-<wbr \/>7612-de-21-de-fevereiro-de-<wbr \/>2019<\/a><\/p><div>\u00a0<\/div>\t\t\t\t\t\t<\/div>\n\t\t\t\t<\/div>\n\t\t\t\t\t<\/div>\n\t\t<\/div>\n\t\t\t\t\t<\/div>\n\t\t<\/section>\n\t\t\t\t<section class=\"elementor-section elementor-top-section elementor-element elementor-element-8e397b0 elementor-section-boxed elementor-section-height-default elementor-section-height-default\" data-id=\"8e397b0\" data-element_type=\"section\">\n\t\t\t\t\t\t<div class=\"elementor-container elementor-column-gap-default\">\n\t\t\t\t\t<div class=\"elementor-column elementor-col-100 elementor-top-column elementor-element elementor-element-8b9b188\" data-id=\"8b9b188\" data-element_type=\"column\">\n\t\t\t<div class=\"elementor-widget-wrap elementor-element-populated\">\n\t\t\t\t\t\t<div class=\"elementor-element elementor-element-81db70b elementor-widget elementor-widget-spacer\" data-id=\"81db70b\" data-element_type=\"widget\" data-widget_type=\"spacer.default\">\n\t\t\t\t<div class=\"elementor-widget-container\">\n\t\t\t\t\t<div class=\"elementor-spacer\">\n\t\t\t<div class=\"elementor-spacer-inner\"><\/div>\n\t\t<\/div>\n\t\t\t\t<\/div>\n\t\t\t\t<\/div>\n\t\t\t\t\t<\/div>\n\t\t<\/div>\n\t\t\t\t\t<\/div>\n\t\t<\/section>\n\t\t\t\t<\/div>\n\t\t","protected":false},"excerpt":{"rendered":"<p>Matr\u00edcula como aluno especial Alunos especiais s\u00e3o aqueles matriculados apenas em disciplinas isoladas. A matr\u00edcula como aluno especial pode ser realizada somente nas datas de \u201cMatr\u00edcula dos alunos regulares novos e alunos especiais (fora da internet)\u201d, conforme Calend\u00e1rio Escolar P\u00f3s-gradua\u00e7\u00e3o EPUSP. O interessado em cursar disciplinas como aluno especial deve entrar em contato com o<a href=\"https:\/\/sites.usp.br\/ppgemp\/aluno-especial\/\">[&#8230;]<\/a><\/p>\n","protected":false},"author":23255,"featured_media":0,"parent":0,"menu_order":1,"comment_status":"closed","ping_status":"closed","template":"","meta":{"footnotes":"","_links_to":"","_links_to_target":""},"class_list":["post-350","page","type-page","status-publish","hentry"],"_links":{"self":[{"href":"https:\/\/sites.usp.br\/ppgemp\/wp-json\/wp\/v2\/pages\/350","targetHints":{"allow":["GET"]}}],"collection":[{"href":"https:\/\/sites.usp.br\/ppgemp\/wp-json\/wp\/v2\/pages"}],"about":[{"href":"https:\/\/sites.usp.br\/ppgemp\/wp-json\/wp\/v2\/types\/page"}],"author":[{"embeddable":true,"href":"https:\/\/sites.usp.br\/ppgemp\/wp-json\/wp\/v2\/users\/23255"}],"replies":[{"embeddable":true,"href":"https:\/\/sites.usp.br\/ppgemp\/wp-json\/wp\/v2\/comments?post=350"}],"version-history":[{"count":4,"href":"https:\/\/sites.usp.br\/ppgemp\/wp-json\/wp\/v2\/pages\/350\/revisions"}],"predecessor-version":[{"id":1895,"href":"https:\/\/sites.usp.br\/ppgemp\/wp-json\/wp\/v2\/pages\/350\/revisions\/1895"}],"wp:attachment":[{"href":"https:\/\/sites.usp.br\/ppgemp\/wp-json\/wp\/v2\/media?parent=350"}],"curies":[{"name":"wp","href":"https:\/\/api.w.org\/{rel}","templated":true}]}}