{"id":367,"date":"2023-09-13T19:54:48","date_gmt":"2023-09-13T21:54:48","guid":{"rendered":"https:\/\/sites.usp.br\/ppgemp\/informacoes\/para-alunos\/"},"modified":"2025-09-16T19:32:16","modified_gmt":"2025-09-16T21:32:16","slug":"para-alunos","status":"publish","type":"page","link":"https:\/\/sites.usp.br\/ppgemp\/informacoes\/para-alunos\/","title":{"rendered":"Para Alunos"},"content":{"rendered":"\t\t<div data-elementor-type=\"wp-page\" data-elementor-id=\"367\" class=\"elementor elementor-367\">\n\t\t\t\t\t\t<section class=\"elementor-section elementor-top-section elementor-element elementor-element-be3b2b8 elementor-section-boxed elementor-section-height-default elementor-section-height-default\" data-id=\"be3b2b8\" data-element_type=\"section\">\n\t\t\t\t\t\t<div class=\"elementor-container elementor-column-gap-default\">\n\t\t\t\t\t<div class=\"elementor-column elementor-col-100 elementor-top-column elementor-element elementor-element-5186e77\" data-id=\"5186e77\" data-element_type=\"column\">\n\t\t\t<div class=\"elementor-widget-wrap elementor-element-populated\">\n\t\t\t\t\t\t<div class=\"elementor-element elementor-element-90410fa elementor-widget elementor-widget-spacer\" data-id=\"90410fa\" data-element_type=\"widget\" data-widget_type=\"spacer.default\">\n\t\t\t\t<div class=\"elementor-widget-container\">\n\t\t\t\t\t<div class=\"elementor-spacer\">\n\t\t\t<div class=\"elementor-spacer-inner\"><\/div>\n\t\t<\/div>\n\t\t\t\t<\/div>\n\t\t\t\t<\/div>\n\t\t\t\t\t<\/div>\n\t\t<\/div>\n\t\t\t\t\t<\/div>\n\t\t<\/section>\n\t\t\t\t<section class=\"elementor-section elementor-top-section elementor-element elementor-element-3d7a7d2 elementor-section-boxed elementor-section-height-default elementor-section-height-default\" data-id=\"3d7a7d2\" data-element_type=\"section\">\n\t\t\t\t\t\t<div class=\"elementor-container elementor-column-gap-default\">\n\t\t\t\t\t<div class=\"elementor-column elementor-col-50 elementor-top-column elementor-element elementor-element-2973671\" data-id=\"2973671\" data-element_type=\"column\">\n\t\t\t<div class=\"elementor-widget-wrap elementor-element-populated\">\n\t\t\t\t\t\t<div class=\"elementor-element elementor-element-a5282b0 elementor-widget__width-initial elementor-widget elementor-widget-text-editor\" data-id=\"a5282b0\" data-element_type=\"widget\" data-widget_type=\"text-editor.default\">\n\t\t\t\t<div class=\"elementor-widget-container\">\n\t\t\t\t\t\t\t<h3 style=\"margin-top: 1.71429rem; margin-bottom: 1.71429rem; padding-left: 40px; font-size: 1.14286rem; line-height: 1.84615; color: #444444; font-family: 'Open Sans', Helvetica, Arial, sans-serif; font-style: normal; font-variant-ligatures: normal; font-variant-caps: normal;\"><strong style=\"font-size: 16px;\">INSTRU\u00c7\u00d5ES PARA ALUNOS NOVOS<\/strong><\/h3><ul style=\"margin-bottom: 1.71429rem; margin-left: 0px; font-size: 14px; list-style-position: outside; line-height: 1.71429; color: #444444; font-family: 'Open Sans', Helvetica, Arial, sans-serif; font-style: normal; font-weight: 400;\"><li style=\"margin-left: 2.57143rem; list-style-type: none;\"><ul style=\"margin-left: 0px; list-style-position: outside; line-height: 1.71429;\"><li style=\"list-style-type: none;\"><ul style=\"margin-left: 0px; list-style-position: outside; line-height: 1.71429;\"><li style=\"margin-left: 2.57143rem; list-style-type: none;\"><ol style=\"margin-left: 0px; list-style-position: outside; line-height: 1.71429;\"><li style=\"margin-left: 2.57143rem;\">Criar E-MAIL USP: escolha PRIMEIRO ACESSO no link:\u00a0<a style=\"outline-style: none; outline-width: initial; color: #21759b;\" href=\"https:\/\/id.usp.br\/\" target=\"_blank\" rel=\"noopener noreferrer\" data-saferedirecturl=\"https:\/\/www.google.com\/url?q=https:\/\/id.usp.br\/&amp;source=gmail&amp;ust=1622138651681000&amp;usg=AFQjCNE6V6s9_6UBDJbeW5IVLCU3GESSPw\">https:\/\/id.usp.br\/<\/a>\u00a0(<wbr \/>IMPORTANTE:<b style=\"margin: 0px; padding: 0px; border: 0px; vertical-align: baseline;\">\u00a0<u style=\"margin: 0px; padding: 0px; border: 0px; vertical-align: baseline;\">favor enviar o E-MAIL USP\u00a0<\/u><\/b>\u00a0para\u00a0<a style=\"outline-style: none; outline-width: initial; color: #21759b;\" href=\"mailto:ppg.mineral@usp.br\">ppg.mineral@usp.br<\/a>\u00a0a fim de que o sistema JANUS\u00a0 de P\u00f3s-Gradua\u00e7\u00e3o da USP envie informa\u00e7\u00f5es e prazos\u00a0importantes do seu curso, acompanhe diariamente as mensagens recebidas no e-mail USP;<\/li><li style=\"margin-left: 2.57143rem;\">Requerimentos de aproveitamento de cr\u00e9ditos, trancamentos, etc: veja o TUTORIAL de Requerimentos na aba normas e documentos: <a href=\"https:\/\/sites.usp.br\/ppgemp\/informacoes\/normas\/\">https:\/\/sites.usp.br\/ppgemp\/informacoes\/normas\/<\/a><\/li><li style=\"margin-left: 2.57143rem;\">Instru\u00e7\u00f5es para obter carteirinha USP, Bilhete USP (n\u00e3o \u00e9 bilhete \u00fanico) e cadastro de dependente no Hospital Universit\u00e1rio:\u00a0<a style=\"outline-style: none; outline-width: initial; color: #21759b;\" href=\"https:\/\/www.poli.usp.br\/pos-graduacao-alunos-regulares\">https:\/\/www.poli.usp.br\/pos-graduacao-alunos-regulares<\/a><\/li><\/ol><\/li><\/ul><\/li><\/ul><p style=\"margin-bottom: 1.71429rem; padding-left: 40px; line-height: 1.71429; font-family: 'Open Sans', Helvetica, Arial, sans-serif; font-style: normal; font-weight: 400;\">4. Acompanhar com frequ\u00eancia a sua situa\u00e7\u00e3o acad\u00eamica no Sistema Janus da USP e tamb\u00e9m o Calend\u00e1rio Escolar da P\u00f3s-Gradua\u00e7\u00e3o EPUSP, principalmente as disciplinas oferecidas por per\u00edodo divulgados oportunamente no site do PMI\u00a0<a style=\"outline-style: none; outline-width: initial; color: #21759b;\" href=\"http:\/\/www.pmi.poli.usp.br\/?page_id=258\" target=\"_blank\" rel=\"noopener noreferrer\" data-saferedirecturl=\"https:\/\/www.google.com\/url?q=http:\/\/www.pmi.poli.usp.br\/?page_id%3D258&amp;source=gmail&amp;ust=1622138651681000&amp;usg=AFQjCNHRgh_dTpKPtCAMCnOBl65QyzasLQ\">http:\/\/www.pmi.poli.usp.<wbr \/>br\/?page_id=258<\/a>.\u00a0 Realizar sempre no Sistema Janus a matr\u00edcula prevista no calend\u00e1rio, em disciplinas ou MATR\u00cdCULA DE ACOMPANHAMENTO caso tenha conclu\u00eddo todos os cr\u00e9ditos, sob risco de perder o v\u00ednculo com a USP e ser desligado do Programa, conforme Regimento.<\/p><p style=\"margin-bottom: 1.71429rem; padding-left: 40px; line-height: 1.71429; font-family: 'Open Sans', Helvetica, Arial, sans-serif; font-style: normal; font-weight: 400;\">5.\u00a0Compare\u00e7a \u00e0 AULA INAUGURAL, evento realizado no in\u00edcio de cada ano letivo, com palestra e rodada de perguntas sobre o programa.<\/p><p style=\"margin-bottom: 1.71429rem; padding-left: 40px; line-height: 1.71429; font-family: 'Open Sans', Helvetica, Arial, sans-serif; font-style: normal; font-weight: 400;\"><span style=\"font-family: 'Open Sans', Helvetica, Arial, sans-serif; font-style: normal; font-weight: 400;\">6. Caso tenha cursado disciplinas como aluno especial, solicite o quanto antes o APROVEITAMENTO DE CR\u00c9DITOS\u00a0<\/span><span style=\"font-family: 'Open Sans', Helvetica, Arial, sans-serif; font-style: normal; font-weight: 400;\">via requerimentos do Sistema Janus. O prazo m\u00e1ximo \u00e9 de 3 anos ap\u00f3s conclus\u00e3o de cada disciplina.<\/span><\/p><p style=\"margin-bottom: 1.71429rem; padding-left: 40px; line-height: 1.71429; font-family: 'Open Sans', Helvetica, Arial, sans-serif; font-style: normal; font-weight: 400;\"><span style=\"font-family: 'Open Sans', Helvetica, Arial, sans-serif; font-style: normal; font-weight: 400;\">7. Leia com aten\u00e7\u00e3o o Regimento de P\u00f3s-Gradua\u00e7\u00e3o da USP\u00a0<\/span><a style=\"font-family: 'Open Sans', Helvetica, Arial, sans-serif; font-style: normal; font-weight: 400; background-color: #ffffff; outline-style: none; outline-width: initial; color: #21759b;\" href=\"http:\/\/www.pmi.poli.usp.br\/wp-content\/uploads\/2021\/05\/RESOLU%C3%87%C3%83O-N%C2%BA-7493-DE-27-DE-MAR%C3%87O-DE-2018-_-P%C3%B3s-Grad-USP.pdf\">RESOLU\u00c7\u00c3O N\u00ba 7493, DE 27 DE MAR\u00c7O DE 2018<\/a><span style=\"font-family: 'Open Sans', Helvetica, Arial, sans-serif; font-style: normal; font-weight: 400;\">) e tamb\u00e9m o Regulamento do Programa (<\/span><a style=\"font-family: 'Open Sans', Helvetica, Arial, sans-serif; font-style: normal; font-weight: 400; background-color: #ffffff; outline-style: none; outline-width: initial; color: #21759b;\" href=\"https:\/\/leginf.usp.br\/?resolucao=resolucao-copgr-no-7613-de-21-de-fevereiro-de-2019\">RESOLU\u00c7\u00c3O CoPGr N\u00ba 7613, DE 21 DE FEVEREIRO DE 2019 _ Normas USP<\/a><span style=\"font-family: 'Open Sans', Helvetica, Arial, sans-serif; font-style: normal; font-weight: 400;\">, e\u00a0<\/span><strong style=\"font-family: 'Open Sans', Helvetica, Arial, sans-serif; font-style: normal;\">caso persista a d\u00favida<\/strong><span style=\"font-family: 'Open Sans', Helvetica, Arial, sans-serif; font-style: normal; font-weight: 400;\">, ent\u00e3o consulte a Secretaria do PPGEMin (<\/span><a style=\"font-family: 'Open Sans', Helvetica, Arial, sans-serif; font-style: normal; font-weight: 400; background-color: #ffffff; outline-style: none; outline-width: initial; color: #21759b;\" href=\"mailto:ppg.mineral@usp.br\">ppg.mineral@usp.br<\/a><span style=\"font-family: 'Open Sans', Helvetica, Arial, sans-serif; font-style: normal; font-weight: 400;\">)\u00a0informando\u00a0o\u00a0<\/span><strong style=\"font-family: 'Open Sans', Helvetica, Arial, sans-serif; font-style: normal;\">NOME COMPLETO e o N\u00daMERO USP.<\/strong><\/p><\/li><\/ul>\t\t\t\t\t\t<\/div>\n\t\t\t\t<\/div>\n\t\t\t\t\t<\/div>\n\t\t<\/div>\n\t\t\t\t<div class=\"elementor-column elementor-col-50 elementor-top-column elementor-element elementor-element-12065b0\" data-id=\"12065b0\" data-element_type=\"column\">\n\t\t\t<div class=\"elementor-widget-wrap elementor-element-populated\">\n\t\t\t\t\t\t<div class=\"elementor-element elementor-element-1fa5fd9 elementor-widget elementor-widget-spacer\" data-id=\"1fa5fd9\" data-element_type=\"widget\" data-widget_type=\"spacer.default\">\n\t\t\t\t<div class=\"elementor-widget-container\">\n\t\t\t\t\t<div class=\"elementor-spacer\">\n\t\t\t<div class=\"elementor-spacer-inner\"><\/div>\n\t\t<\/div>\n\t\t\t\t<\/div>\n\t\t\t\t<\/div>\n\t\t\t\t\t<\/div>\n\t\t<\/div>\n\t\t\t\t\t<\/div>\n\t\t<\/section>\n\t\t\t\t<section class=\"elementor-section elementor-top-section elementor-element elementor-element-7a89ed2 elementor-section-boxed elementor-section-height-default elementor-section-height-default\" data-id=\"7a89ed2\" data-element_type=\"section\">\n\t\t\t\t\t\t<div class=\"elementor-container elementor-column-gap-default\">\n\t\t\t\t\t<div class=\"elementor-column elementor-col-100 elementor-top-column elementor-element elementor-element-3f78067\" data-id=\"3f78067\" data-element_type=\"column\">\n\t\t\t<div class=\"elementor-widget-wrap elementor-element-populated\">\n\t\t\t\t\t\t<div class=\"elementor-element elementor-element-d4aeaad elementor-widget elementor-widget-spacer\" data-id=\"d4aeaad\" data-element_type=\"widget\" data-widget_type=\"spacer.default\">\n\t\t\t\t<div class=\"elementor-widget-container\">\n\t\t\t\t\t<div class=\"elementor-spacer\">\n\t\t\t<div class=\"elementor-spacer-inner\"><\/div>\n\t\t<\/div>\n\t\t\t\t<\/div>\n\t\t\t\t<\/div>\n\t\t\t\t\t<\/div>\n\t\t<\/div>\n\t\t\t\t\t<\/div>\n\t\t<\/section>\n\t\t\t\t<section class=\"elementor-section elementor-top-section elementor-element elementor-element-32d609a elementor-section-boxed elementor-section-height-default elementor-section-height-default\" data-id=\"32d609a\" data-element_type=\"section\">\n\t\t\t\t\t\t<div class=\"elementor-container elementor-column-gap-default\">\n\t\t\t\t\t<div class=\"elementor-column elementor-col-100 elementor-top-column elementor-element elementor-element-eef5d04\" data-id=\"eef5d04\" data-element_type=\"column\">\n\t\t\t<div class=\"elementor-widget-wrap elementor-element-populated\">\n\t\t\t\t\t\t<div class=\"elementor-element elementor-element-2649768 elementor-widget elementor-widget-text-editor\" data-id=\"2649768\" data-element_type=\"widget\" data-widget_type=\"text-editor.default\">\n\t\t\t\t<div class=\"elementor-widget-container\">\n\t\t\t\t\t\t\t<h2 style=\"margin-top: 1.71429rem; margin-bottom: 1.71429rem; padding-left: 40px; font-size: 1.28571rem; line-height: 1.6; color: #444444; font-family: 'Open Sans', Helvetica, Arial, sans-serif; font-style: normal; font-variant-ligatures: normal; font-variant-caps: normal;\"><strong style=\"font-size: 18px;\">RELAT\u00d3RIO ANUAL DE ATIVIDADES DE\u00a0ALUNOS<\/strong><\/h2><div><strong style=\"font-size: 18px;\">\u00a0<\/strong><\/div><div><strong style=\"font-size: 18px;\">\u00a0<\/strong><\/div><p style=\"margin-bottom: 1.71429rem; padding-left: 40px; font-size: 14px; line-height: 1.71429; color: #444444; font-family: 'Open Sans', Helvetica, Arial, sans-serif; font-style: normal; font-weight: 400; text-align: justify;\">Roteiro para elaborar\u00a0\u00a0o RAA:\u00a0\u00a0<a style=\"outline-style: none; outline-width: initial; color: #21759b;\" href=\"http:\/\/www.pmi.poli.usp.br\/wp-content\/uploads\/2014\/10\/ROTEIRO-RAA-aprovado-14%C2%AA-CCP-PPGEMin-1.docx\">ROTEIRO RAA aprovado 14\u00aa CCP-PPGEMin (1)<\/a><\/p><p style=\"margin-bottom: 1.71429rem; padding-left: 40px; font-size: 14px; line-height: 1.71429; color: #444444; font-family: 'Open Sans', Helvetica, Arial, sans-serif; font-style: normal; font-weight: 400; text-align: justify;\">Enviar pelo Google Forms at\u00e9 28 fevereiro de cada ano, impreterivelmente:\u00a0<a style=\"outline-style: none; outline-width: initial; color: #21759b;\" href=\"https:\/\/forms.gle\/jyq7XG5JeWS151RQA\">https:\/\/forms.gle\/jyq7XG5JeWS151RQA<\/a><\/p><p style=\"margin-bottom: 1.71429rem; padding-left: 40px; font-size: 14px; line-height: 1.71429; color: #444444; font-family: 'Open Sans', Helvetica, Arial, sans-serif; font-style: normal; font-weight: 400; text-align: justify;\">LEGISLA\u00c7\u00c3O:<\/p><p style=\"margin-bottom: 1.71429rem; padding-left: 40px; font-size: 14px; line-height: 1.71429; color: #444444; font-family: 'Open Sans', Helvetica, Arial, sans-serif; font-style: normal; font-weight: 400; text-align: justify;\">SE\u00c7\u00c3O IX \u2013 AVALIA\u00c7\u00c3O DO DESEMPENHO ACAD\u00caMICO E CIENT\u00cdFICO DO ALUNO (RESOLU\u00c7\u00c3O CoPGr 7613\/2019 \u2013 REGULAMENTO DO PROGRAMA)<br \/>IX.1 Os alunos ser\u00e3o avaliados por meio de relat\u00f3rio anual de atividades, a ser apresentado at\u00e9 o final do\u00a0m\u00eas de fevereiro subsequente ao do exerc\u00edcio findo. A CCP designar\u00e1 um relator dentre os docentes\u00a0credenciados no programa para avalia\u00e7\u00e3o do relat\u00f3rio anual. O parecer concluindo pela sufici\u00eancia ou\u00a0n\u00e3o dever\u00e1 considerar os seguintes aspectos:<br \/>a) atividades realizadas, sua conson\u00e2ncia com o plano de pesquisa proposto e eventuais altera\u00e7\u00f5es;<br \/>b) justificativas de eventuais reprova\u00e7\u00f5es em disciplinas.<br \/>IX.2 O relat\u00f3rio dever\u00e1 conter um resumo do projeto de pesquisa do aluno, descri\u00e7\u00e3o das atividades\u00a0realizadas e do cumprimento das metas planejadas, planejamento ou replanejamento das atividades\u00a0futuras. Dever\u00e1 tamb\u00e9m ser acompanhado da avalia\u00e7\u00e3o, pelo orientador, do desempenho acad\u00eamico e\u00a0cient\u00edfico do aluno.<br \/>IX.3 O aluno que tiver seu relat\u00f3rio reprovado dever\u00e1 providenciar a entrega de novo relat\u00f3rio no prazo\u00a0m\u00e1ximo de 30 (trinta) dias, contados a partir da data de homologa\u00e7\u00e3o da reprova\u00e7\u00e3o pela CCP.<br \/>IX.4 Al\u00e9m das regras estabelecidas no artigo 49 do\u00a0<a style=\"outline-style: none; outline-width: initial; color: #21759b;\" href=\"http:\/\/www.leginf.usp.br\/?resolucao=resolucao-no-7493-de-27-de-marco-de-2018\">Regimento de P\u00f3s-Gradua\u00e7\u00e3o da USP<\/a>, o aluno\u00a0poder\u00e1 ser desligado do programa de p\u00f3s-gradua\u00e7\u00e3o, em qualquer um dos cursos (Mestrado, Doutorado e Doutorado Direto), por desempenho acad\u00eamico e cient\u00edfico insatisfat\u00f3rio, se ocorrer uma das seguintes\u00a0situa\u00e7\u00f5es:<br \/>a) se o aluno deixar de apresentar o relat\u00f3rio anual de atividades \u00e0 CCP at\u00e9 o final do m\u00eas de fevereiro\u00a0subsequente ao do exerc\u00edcio findo;<br \/>b) se o aluno for reprovado no seu relat\u00f3rio anual de atividades por duas vezes consecutivas.<\/p>\t\t\t\t\t\t<\/div>\n\t\t\t\t<\/div>\n\t\t\t\t\t<\/div>\n\t\t<\/div>\n\t\t\t\t\t<\/div>\n\t\t<\/section>\n\t\t\t\t<section class=\"elementor-section elementor-top-section elementor-element elementor-element-55303f3 elementor-section-boxed elementor-section-height-default elementor-section-height-default\" data-id=\"55303f3\" data-element_type=\"section\">\n\t\t\t\t\t\t<div class=\"elementor-container elementor-column-gap-default\">\n\t\t\t\t\t<div class=\"elementor-column elementor-col-100 elementor-top-column elementor-element elementor-element-e9fc3ca\" data-id=\"e9fc3ca\" data-element_type=\"column\">\n\t\t\t<div class=\"elementor-widget-wrap elementor-element-populated\">\n\t\t\t\t\t\t<div class=\"elementor-element elementor-element-f279226 elementor-widget elementor-widget-spacer\" data-id=\"f279226\" data-element_type=\"widget\" data-widget_type=\"spacer.default\">\n\t\t\t\t<div class=\"elementor-widget-container\">\n\t\t\t\t\t<div class=\"elementor-spacer\">\n\t\t\t<div class=\"elementor-spacer-inner\"><\/div>\n\t\t<\/div>\n\t\t\t\t<\/div>\n\t\t\t\t<\/div>\n\t\t\t\t\t<\/div>\n\t\t<\/div>\n\t\t\t\t\t<\/div>\n\t\t<\/section>\n\t\t\t\t<section class=\"elementor-section elementor-top-section elementor-element elementor-element-ee59f79 elementor-section-boxed elementor-section-height-default elementor-section-height-default\" data-id=\"ee59f79\" data-element_type=\"section\">\n\t\t\t\t\t\t<div class=\"elementor-container elementor-column-gap-default\">\n\t\t\t\t\t<div class=\"elementor-column elementor-col-100 elementor-top-column elementor-element elementor-element-b7f47d8\" data-id=\"b7f47d8\" data-element_type=\"column\">\n\t\t\t<div class=\"elementor-widget-wrap elementor-element-populated\">\n\t\t\t\t\t\t<div class=\"elementor-element elementor-element-7f94062 elementor-widget elementor-widget-text-editor\" data-id=\"7f94062\" data-element_type=\"widget\" data-widget_type=\"text-editor.default\">\n\t\t\t\t<div class=\"elementor-widget-container\">\n\t\t\t\t\t\t\t<h3 style=\"margin-top: 1.71429rem; margin-bottom: 1.71429rem; padding-left: 40px; font-size: 1.14286rem; line-height: 1.84615; color: #444444; font-family: 'Open Sans', Helvetica, Arial, sans-serif; font-style: normal; font-variant-ligatures: normal; font-variant-caps: normal;\"><strong style=\"font-size: 16px;\">FORMUL\u00c1RIOS PARA ALUNOS<\/strong><\/h3><ul><li style=\"list-style-type: none;\"><ul style=\"margin-left: 0px; list-style-position: outside; line-height: 1.71429;\"><li style=\"margin-left: 2.57143rem;\"><strong>NOVO!<\/strong>\u00a0\u2013 TUTORIAL PARA REQUERIMENTOS ONLINE \u2013 Sistema Janus.<br \/><a style=\"outline-style: none; outline-width: initial; color: #21759b;\" href=\"http:\/\/www.pmi.poli.usp.br\/wp-content\/uploads\/2014\/10\/Tutorial-Requerimento-online_Alunos-2.pdf\">Tutorial &#8211; Requerimento Online &#8211; Alunos<\/a><\/li><li style=\"margin-left: 2.57143rem;\"><a href=\"https:\/\/docs.google.com\/document\/d\/1ikhNMGgtRq-vs9KZEM4UQ1Y0Amlfiq3l\/edit\">REQUERIMENTO PARA DEP\u00d3SITO DIGITAL DA DISSERTA\u00c7\u00c3O\/TESE<\/a><a href=\"https:\/\/sites.usp.br\/ppgemp\/wp-content\/uploads\/sites\/1342\/2025\/07\/PPGEMP_Deposito-Digital-Nome-do-Aluno.docx\" target=\"_blank\" rel=\"noopener\">\u00a0<\/a> <br \/>ATEN\u00c7\u00c3O: preencher conforme requisitos do REGULAMENTO pelo ano de ingresso conforme \u201cficha aluno\u201d do Janus.<\/li><li style=\"margin-left: 2.57143rem;\"><a style=\"outline-style: none; outline-width: initial; color: #21759b;\" href=\"http:\/\/www.pmi.poli.usp.br\/wp-content\/uploads\/2023\/05\/Formul%C3%A1rio-atribui%C3%A7%C3%A3o-de-cr%C3%A9ditos-PPGEMin.doc\">Formul\u00e1rio atribui\u00e7\u00e3o de CR\u00c9DITOS ESPECIAIS<\/a>, conforme Se\u00e7\u00e3o IV do Regulamento PPGEMP (Resolu\u00e7\u00e3o CoPGr 7613\/2019).<\/li><li style=\"margin-left: 2.57143rem;\"><a href=\"https:\/\/sites.usp.br\/ppgemp\/wp-content\/uploads\/sites\/1342\/2024\/08\/Formulario_aluno-especial-1.docx\">Requerimento de Matr\u00edcula<\/a><\/li><\/ul><\/li><\/ul>\t\t\t\t\t\t<\/div>\n\t\t\t\t<\/div>\n\t\t\t\t\t<\/div>\n\t\t<\/div>\n\t\t\t\t\t<\/div>\n\t\t<\/section>\n\t\t\t\t<section class=\"elementor-section elementor-top-section elementor-element elementor-element-aa56973 elementor-section-boxed elementor-section-height-default elementor-section-height-default\" data-id=\"aa56973\" data-element_type=\"section\">\n\t\t\t\t\t\t<div class=\"elementor-container elementor-column-gap-default\">\n\t\t\t\t\t<div class=\"elementor-column elementor-col-100 elementor-top-column elementor-element elementor-element-260f7d7\" data-id=\"260f7d7\" data-element_type=\"column\">\n\t\t\t<div class=\"elementor-widget-wrap elementor-element-populated\">\n\t\t\t\t\t\t<div class=\"elementor-element elementor-element-1b06bcd elementor-widget elementor-widget-spacer\" data-id=\"1b06bcd\" data-element_type=\"widget\" data-widget_type=\"spacer.default\">\n\t\t\t\t<div class=\"elementor-widget-container\">\n\t\t\t\t\t<div class=\"elementor-spacer\">\n\t\t\t<div class=\"elementor-spacer-inner\"><\/div>\n\t\t<\/div>\n\t\t\t\t<\/div>\n\t\t\t\t<\/div>\n\t\t\t\t\t<\/div>\n\t\t<\/div>\n\t\t\t\t\t<\/div>\n\t\t<\/section>\n\t\t\t\t<section class=\"elementor-section elementor-top-section elementor-element elementor-element-6328d77 elementor-section-boxed elementor-section-height-default elementor-section-height-default\" data-id=\"6328d77\" data-element_type=\"section\">\n\t\t\t\t\t\t<div class=\"elementor-container elementor-column-gap-default\">\n\t\t\t\t\t<div class=\"elementor-column elementor-col-100 elementor-top-column elementor-element elementor-element-0730d88\" data-id=\"0730d88\" data-element_type=\"column\">\n\t\t\t<div class=\"elementor-widget-wrap\">\n\t\t\t\t\t\t\t<\/div>\n\t\t<\/div>\n\t\t\t\t\t<\/div>\n\t\t<\/section>\n\t\t\t\t<\/div>\n\t\t","protected":false},"excerpt":{"rendered":"<p>INSTRU\u00c7\u00d5ES PARA ALUNOS NOVOS Criar E-MAIL USP: escolha PRIMEIRO ACESSO no link:\u00a0https:\/\/id.usp.br\/\u00a0(IMPORTANTE:\u00a0favor enviar o E-MAIL USP\u00a0\u00a0para\u00a0ppg.mineral@usp.br\u00a0a fim de que o sistema JANUS\u00a0 de P\u00f3s-Gradua\u00e7\u00e3o da USP envie informa\u00e7\u00f5es e prazos\u00a0importantes do seu curso, acompanhe diariamente as mensagens recebidas no e-mail USP; Requerimentos de aproveitamento de cr\u00e9ditos, trancamentos, etc: veja o TUTORIAL de Requerimentos na aba<a href=\"https:\/\/sites.usp.br\/ppgemp\/informacoes\/para-alunos\/\">[&#8230;]<\/a><\/p>\n","protected":false},"author":23255,"featured_media":0,"parent":359,"menu_order":1,"comment_status":"closed","ping_status":"closed","template":"","meta":{"footnotes":"","_links_to":"","_links_to_target":""},"class_list":["post-367","page","type-page","status-publish","hentry"],"_links":{"self":[{"href":"https:\/\/sites.usp.br\/ppgemp\/wp-json\/wp\/v2\/pages\/367","targetHints":{"allow":["GET"]}}],"collection":[{"href":"https:\/\/sites.usp.br\/ppgemp\/wp-json\/wp\/v2\/pages"}],"about":[{"href":"https:\/\/sites.usp.br\/ppgemp\/wp-json\/wp\/v2\/types\/page"}],"author":[{"embeddable":true,"href":"https:\/\/sites.usp.br\/ppgemp\/wp-json\/wp\/v2\/users\/23255"}],"replies":[{"embeddable":true,"href":"https:\/\/sites.usp.br\/ppgemp\/wp-json\/wp\/v2\/comments?post=367"}],"version-history":[{"count":4,"href":"https:\/\/sites.usp.br\/ppgemp\/wp-json\/wp\/v2\/pages\/367\/revisions"}],"predecessor-version":[{"id":2300,"href":"https:\/\/sites.usp.br\/ppgemp\/wp-json\/wp\/v2\/pages\/367\/revisions\/2300"}],"up":[{"embeddable":true,"href":"https:\/\/sites.usp.br\/ppgemp\/wp-json\/wp\/v2\/pages\/359"}],"wp:attachment":[{"href":"https:\/\/sites.usp.br\/ppgemp\/wp-json\/wp\/v2\/media?parent=367"}],"curies":[{"name":"wp","href":"https:\/\/api.w.org\/{rel}","templated":true}]}}