{"id":369,"date":"2023-09-13T19:55:15","date_gmt":"2023-09-13T21:55:15","guid":{"rendered":"https:\/\/sites.usp.br\/ppgemp\/informacoes\/para-orientadores\/"},"modified":"2025-09-16T19:16:11","modified_gmt":"2025-09-16T21:16:11","slug":"para-orientadores","status":"publish","type":"page","link":"https:\/\/sites.usp.br\/ppgemp\/informacoes\/para-orientadores\/","title":{"rendered":"Para Orientadores"},"content":{"rendered":"\t\t<div data-elementor-type=\"wp-page\" data-elementor-id=\"369\" class=\"elementor elementor-369\">\n\t\t\t\t\t\t<section class=\"elementor-section elementor-top-section elementor-element elementor-element-cf9caf0 elementor-section-boxed elementor-section-height-default elementor-section-height-default\" data-id=\"cf9caf0\" data-element_type=\"section\">\n\t\t\t\t\t\t<div class=\"elementor-container elementor-column-gap-default\">\n\t\t\t\t\t<div class=\"elementor-column elementor-col-100 elementor-top-column elementor-element elementor-element-b8c4708\" data-id=\"b8c4708\" data-element_type=\"column\">\n\t\t\t<div class=\"elementor-widget-wrap elementor-element-populated\">\n\t\t\t\t\t\t<div class=\"elementor-element elementor-element-e4ff77a elementor-widget elementor-widget-spacer\" data-id=\"e4ff77a\" data-element_type=\"widget\" data-widget_type=\"spacer.default\">\n\t\t\t\t<div class=\"elementor-widget-container\">\n\t\t\t\t\t<div class=\"elementor-spacer\">\n\t\t\t<div class=\"elementor-spacer-inner\"><\/div>\n\t\t<\/div>\n\t\t\t\t<\/div>\n\t\t\t\t<\/div>\n\t\t\t\t\t<\/div>\n\t\t<\/div>\n\t\t\t\t\t<\/div>\n\t\t<\/section>\n\t\t\t\t<section class=\"elementor-section elementor-top-section elementor-element elementor-element-0b07d7a elementor-section-boxed elementor-section-height-default elementor-section-height-default\" data-id=\"0b07d7a\" data-element_type=\"section\">\n\t\t\t\t\t\t<div class=\"elementor-container elementor-column-gap-default\">\n\t\t\t\t\t<div class=\"elementor-column elementor-col-100 elementor-top-column elementor-element elementor-element-439c92e\" data-id=\"439c92e\" data-element_type=\"column\">\n\t\t\t<div class=\"elementor-widget-wrap elementor-element-populated\">\n\t\t\t\t\t\t<div class=\"elementor-element elementor-element-43bd318 elementor-widget elementor-widget-text-editor\" data-id=\"43bd318\" data-element_type=\"widget\" data-widget_type=\"text-editor.default\">\n\t\t\t\t<div class=\"elementor-widget-container\">\n\t\t\t\t\t\t\t<p><strong style=\"font-size: 16px;\">FORMUL\u00c1RIOS PARA\u00a0DOCENTES<\/strong><\/p><ul style=\"margin-left: 0px; list-style-position: outside; line-height: 1.71429;\"><li style=\"margin-left: 2.57143rem;\"><a style=\"outline-style: none; outline-width: initial; color: #21759b;\" href=\"https:\/\/sites.usp.br\/ppgemp\/wp-content\/uploads\/sites\/1342\/2024\/05\/PPGEMin_Form-Credenciamento_2019_Rev1.docx\" target=\"_blank\" rel=\"noopener noreferrer\">Formul\u00e1rio para solicita\u00e7\u00e3o de (re)credenciamento de docentes no P<\/a>PGEMP\u00a0 (2019)<\/li><li style=\"margin-left: 2.57143rem;\"><a href=\"https:\/\/sites.usp.br\/ppgemp\/wp-content\/uploads\/sites\/1342\/2024\/05\/PPGEMin_Form-Credenciamento_2019_Rev1.docx\">Solicita\u00e7\u00e3o de credenciamento de professores junto a CPG\u00a0<\/a><a style=\"outline-style: none; outline-width: initial; color: #21759b;\" href=\"https:\/\/sites.usp.br\/ppgemp\/wp-content\/uploads\/sites\/1342\/2024\/05\/REQUERIMENTO-DEFESA-REMOTA-4.docx\">R<\/a><a style=\"outline-style: none; outline-width: initial; color: #21759b;\" href=\"https:\/\/sites.usp.br\/ppgemp\/wp-content\/uploads\/sites\/1342\/2024\/05\/REQUERIMENTO-DEFESA-REMOTA-4.docx\">equerimento de defesa remota <\/a><span style=\"color: #3366ff;\">(enviar pedido para autoriza\u00e7\u00e3o CCP), CPG e PRPG.<\/span><\/li><li style=\"margin-left: 2.57143rem;\"><a href=\"https:\/\/sites.usp.br\/ppgemp\/wp-content\/uploads\/sites\/1342\/2025\/07\/PPGEMP_Form_Composicao-de-Banca.docx\" target=\"_blank\" rel=\"noopener\"><span style=\"font-family: verdana, sans-serif;\">Formul\u00e1rio de Composi\u00e7\u00e3o de Banca de Exame de Qualifica\u00e7\u00e3o e\/ou Defesa de Mestrado e\/ou Doutorado<\/span><\/a><\/li><li style=\"margin-left: 2.57143rem;\"><a href=\"https:\/\/sites.usp.br\/ppgemp\/wp-content\/uploads\/sites\/1342\/2024\/05\/Formulario-para-apresentacao-de-disciplina.docx\"><span style=\"color: #3366ff;\">Formul\u00e1rio para apresenta\u00e7\u00e3o de disciplinas<\/span><\/a><\/li><li style=\"margin-left: 2.57143rem;\"><a href=\"https:\/\/sites.usp.br\/ppgemp\/wp-content\/uploads\/sites\/1342\/2024\/03\/SolicitacaoCredenciamentoProfessor.pdf\">Formul\u00e1rio para credenciamento de professor na CPG<\/a><\/li><\/ul>\t\t\t\t\t\t<\/div>\n\t\t\t\t<\/div>\n\t\t\t\t\t<\/div>\n\t\t<\/div>\n\t\t\t\t\t<\/div>\n\t\t<\/section>\n\t\t\t\t<section class=\"elementor-section elementor-top-section elementor-element elementor-element-732c78c elementor-section-boxed elementor-section-height-default elementor-section-height-default\" data-id=\"732c78c\" data-element_type=\"section\">\n\t\t\t\t\t\t<div class=\"elementor-container elementor-column-gap-default\">\n\t\t\t\t\t<div class=\"elementor-column elementor-col-100 elementor-top-column elementor-element elementor-element-af6d3b1\" data-id=\"af6d3b1\" data-element_type=\"column\">\n\t\t\t<div class=\"elementor-widget-wrap elementor-element-populated\">\n\t\t\t\t\t\t<div class=\"elementor-element elementor-element-5e772c8 elementor-widget elementor-widget-spacer\" data-id=\"5e772c8\" data-element_type=\"widget\" data-widget_type=\"spacer.default\">\n\t\t\t\t<div class=\"elementor-widget-container\">\n\t\t\t\t\t<div class=\"elementor-spacer\">\n\t\t\t<div class=\"elementor-spacer-inner\"><\/div>\n\t\t<\/div>\n\t\t\t\t<\/div>\n\t\t\t\t<\/div>\n\t\t\t\t\t<\/div>\n\t\t<\/div>\n\t\t\t\t\t<\/div>\n\t\t<\/section>\n\t\t\t\t<\/div>\n\t\t","protected":false},"excerpt":{"rendered":"<p>FORMUL\u00c1RIOS PARA\u00a0DOCENTES Formul\u00e1rio para solicita\u00e7\u00e3o de (re)credenciamento de docentes no PPGEMP\u00a0 (2019) Solicita\u00e7\u00e3o de credenciamento de professores junto a CPG\u00a0Requerimento de defesa remota (enviar pedido para autoriza\u00e7\u00e3o CCP), CPG e PRPG. Formul\u00e1rio de Composi\u00e7\u00e3o de Banca de Exame de Qualifica\u00e7\u00e3o e\/ou Defesa de Mestrado e\/ou Doutorado Formul\u00e1rio para apresenta\u00e7\u00e3o de disciplinas Formul\u00e1rio para credenciamento de<a href=\"https:\/\/sites.usp.br\/ppgemp\/informacoes\/para-orientadores\/\">[&#8230;]<\/a><\/p>\n","protected":false},"author":23255,"featured_media":0,"parent":359,"menu_order":1,"comment_status":"closed","ping_status":"closed","template":"","meta":{"footnotes":"","_links_to":"","_links_to_target":""},"class_list":["post-369","page","type-page","status-publish","hentry"],"_links":{"self":[{"href":"https:\/\/sites.usp.br\/ppgemp\/wp-json\/wp\/v2\/pages\/369","targetHints":{"allow":["GET"]}}],"collection":[{"href":"https:\/\/sites.usp.br\/ppgemp\/wp-json\/wp\/v2\/pages"}],"about":[{"href":"https:\/\/sites.usp.br\/ppgemp\/wp-json\/wp\/v2\/types\/page"}],"author":[{"embeddable":true,"href":"https:\/\/sites.usp.br\/ppgemp\/wp-json\/wp\/v2\/users\/23255"}],"replies":[{"embeddable":true,"href":"https:\/\/sites.usp.br\/ppgemp\/wp-json\/wp\/v2\/comments?post=369"}],"version-history":[{"count":4,"href":"https:\/\/sites.usp.br\/ppgemp\/wp-json\/wp\/v2\/pages\/369\/revisions"}],"predecessor-version":[{"id":2288,"href":"https:\/\/sites.usp.br\/ppgemp\/wp-json\/wp\/v2\/pages\/369\/revisions\/2288"}],"up":[{"embeddable":true,"href":"https:\/\/sites.usp.br\/ppgemp\/wp-json\/wp\/v2\/pages\/359"}],"wp:attachment":[{"href":"https:\/\/sites.usp.br\/ppgemp\/wp-json\/wp\/v2\/media?parent=369"}],"curies":[{"name":"wp","href":"https:\/\/api.w.org\/{rel}","templated":true}]}}