{"id":383,"date":"2023-09-13T19:59:38","date_gmt":"2023-09-13T21:59:38","guid":{"rendered":"https:\/\/sites.usp.br\/ppgemp\/noticias\/defesas\/"},"modified":"2025-10-29T10:32:56","modified_gmt":"2025-10-29T12:32:56","slug":"defesas","status":"publish","type":"page","link":"https:\/\/sites.usp.br\/ppgemp\/noticias\/defesas\/","title":{"rendered":"Defesas"},"content":{"rendered":"\t\t<div data-elementor-type=\"wp-page\" data-elementor-id=\"383\" class=\"elementor elementor-383\">\n\t\t\t\t\t\t<section class=\"elementor-section elementor-top-section elementor-element elementor-element-190dc7ec elementor-section-boxed elementor-section-height-default elementor-section-height-default\" data-id=\"190dc7ec\" data-element_type=\"section\">\n\t\t\t\t\t\t<div class=\"elementor-container elementor-column-gap-default\">\n\t\t\t\t\t<div class=\"elementor-column elementor-col-100 elementor-top-column elementor-element elementor-element-21b70dd0\" data-id=\"21b70dd0\" data-element_type=\"column\">\n\t\t\t<div class=\"elementor-widget-wrap elementor-element-populated\">\n\t\t\t\t\t\t<div class=\"elementor-element elementor-element-4bdaa244 elementor-widget__width-initial elementor-widget elementor-widget-text-editor\" data-id=\"4bdaa244\" data-element_type=\"widget\" data-widget_type=\"text-editor.default\">\n\t\t\t\t<div class=\"elementor-widget-container\">\n\t\t\t\t\t\t\t<p>Defesa de Disserta\u00e7\u00e3o de Mestrado<\/p><p>T\u00edtulo: <strong>\u201cDimensionamento emp\u00edrico de realces pelo m\u00e9todo<\/strong><br \/><strong>Sublevel Stoping para prever os riscos associados \u00e0 dilui\u00e7\u00e3o n\u00e3o planejada\u201d.<\/strong><\/p><p>Candidato (a): Tha\u00eds Janine Oliveira<\/p><p>Data: 05\/12\/2025<\/p><p>Hor\u00e1rio: 09h<\/p><p>Orientador: rof.(a)Dr.(a) Anna Luiza Marques Ayres da Silva<\/p><p>Local: DEFESA VIRTUAL DO PROGRAMA DE P\u00d3S-GRADUA\u00c7\u00c3O EM<br \/>ENGENHARIA MINERAL.<br \/>Comiss\u00e3o Julgadora:<br \/>Prof.(a)Dr.(a) Anna Luiza Marques Ayres da Silva \u2013 PMI (Presidente)<br \/>Prof.(a)Dr.(a) Jos\u00e9 Margarida da Silva \u2013 UFOP<br \/>Prof.(a)Dr.(a) Cl\u00e1udio L\u00facio Lopes Pinto \u2013 UFMG<\/p><p>Defesa de Disserta\u00e7\u00e3o de Mestrado<\/p><p>T\u00edtulo: <strong>\u201cSepara\u00e7\u00e3o granulom\u00e9trica de pelotas de min\u00e9rio de ferro<\/strong><br \/><strong>por via \u00f3ptica\u201d.<\/strong><\/p><p>Candidato (a): Eric Augustin<\/p><p>Orientador: Prof.(a)Dr.(a) Arthur Pinto Chaves<\/p><p>Data:\u00a0 11\/11\/2025<\/p><p>Hor\u00e1rio: 14h<\/p><p>Local: SALA DE REUNI\u00d5ES DO DEPARTAMENTO DE ENGENHARIA DE MINAS E<br \/>DE PETR\u00d3LEO.<\/p><p>Comiss\u00e3o Julgadora:<br \/>Prof.(a)Dr.(a) Arthur Pinto Chaves \u2013 PMI (Presidente)<br \/>Prof.(a)Dr.(a) Fl\u00e1vio de Castro Dutra \u2013 VALE S.A. (Videoconfer\u00eancia)<br \/>Prof.(a)Dr.(a) Priscila Maria Esteves Brand\u00e3o \u2013 STEINERT<\/p><p>Defesa de Disserta\u00e7\u00e3o de Mestrado<\/p><p>T\u00edtulo: <strong>\u201cAn\u00e1lise espacial de impactos sobre biodiversidade na<\/strong><br \/><strong>minera\u00e7\u00e3o de bauxita na Amaz\u00f4nia e coer\u00eancia dos programas de<\/strong><br \/><strong>monitoramento: li\u00e7\u00f5es aprendidas em Juruti (Par\u00e1)\u201d<\/strong>.<\/p><p>Candidato (a): Larissa Ribeiro Souza<\/p><p>Orientador: Prof.(a)Dr.(a) Luis Enrique S\u00e1nchez<\/p><p>Dia: 05\/11\/2025<\/p><p>Hor\u00e1rio: 09h<\/p><p>Local: DEPARTAMENTO DE ENGENHARIA DE MINAS E DE PETR\u00d3LEO.<\/p><p>Comiss\u00e3o Julgadora:<br \/>Prof.(a)Dr.(a) Luis Enrique S\u00e1nchez \u2013 PMI (Presidente)<br \/>Prof.(a)Dr.(a) Elisa Hardt Alves Vieira \u2013 UNIFESP<br \/>Prof.(a)Dr.(a) Victor Eduardo Lima Ranieri \u2013 EESC\/USP (Videoconfer\u00eancia)<\/p><p>Defesa de Disserta\u00e7\u00e3o de Mestrado<\/p><p>T\u00edtulo: <strong>\u201cAprimoramento da Seguran\u00e7a em Minera\u00e7\u00e3o a C\u00e9u Aberto:<\/strong><br \/><strong>Estrutura Orientada a Dados para Avalia\u00e7\u00e3o de Riscos com Sistemas de Alerta<\/strong><br \/><strong>de Colis\u00e3o via GPS\u201d.<\/strong><\/p><p>Candidato (a): Gabriel Alencar Silva Almeida Dantas<\/p><p>Orientador: Prof. Dr.Giorgio Francesco Cesare de Tomi\u00a0<\/p><p>Dia: 04\/08\/2025<\/p><p>Hor\u00e1rio: 10h<\/p><p>Local: DEPARTAMENTO DE ENGENHARIA DE MINAS E DE PETR\u00d3LEO \u2013<br \/>SALA DE REUNI\u00d5ES DO CONSELHO DO PMI<\/p><p>Comiss\u00e3o Julgadora:<br \/>Prof.(\u00aa)Dr.(\u00aa) Giorgio Francesco Cesare de Tomi \u2013 PMI (Presidente)<br \/>Prof.(\u00aa)Dr.(\u00aa) Ricardo Martins Abreu Silva \u2013 UFPE (Videoconfer\u00eancia)<br \/>Prof.(\u00aa)Dr.(\u00aa) Jorge Luiz Valen\u00e7a Mariz\u2013 UFRGS (Videoconfer\u00eancia)<\/p><p>Defesa de Tese de Doutorado<\/p><p>Titulo:\u00a0<strong>&#8220;Desenvolvimento de Metodologia Baseadas em Dados para Predi\u00e7\u00e3o de Anomalias e Garantia de Integridades de Po\u00e7os na Produ\u00e7\u00e3o Offshore de Petr\u00f3leo Utilizando Abordagens de\u00a0 Aprendizado de M\u00e1quina&#8221;<\/strong><\/p><p>Candidato (a) Pedro Esteves Aranha<\/p><p>Orientador Prof. Dr. Marcio Augusto Sampaio Pinto<\/p><p>Dia: 31\/07\/2025<\/p><p>Hor\u00e1rio; 09h00<\/p><p>Local: Defesa sera\u00a0 Remota<\/p><p>Defesa de Disserta\u00e7\u00e3o de Mestrado<\/p><p>T\u00edtulo: <strong>\u201cPerfis Sint\u00e9ticos de Raz\u00f5es Elementares para Avalia\u00e7\u00e3o<\/strong><br \/><strong>da Qualidade Faciol\u00f3gica de Reservat\u00f3rios da FM. Cabe\u00e7as, Bacia do<\/strong><br \/><strong>Parna\u00edba\u201d.<\/strong><\/p><p>Candidato (a): Henrique Antunes Padoves<\/p><p>Dia: 30\/05\/2025<\/p><p>Hor\u00e1rio: 14h<\/p><p>Local: SALA DE REUNI\u00c3O DO CONSELHO DO DEPARTAMENTO DE<br \/>ENGENHARIA DE MINAS E DE PETR\u00d3LEO.<\/p><p>Comiss\u00e3o Julgadora:<br \/>Prof.(a)Dr.(a) Cleyton de Carvalho Carneiro \u2013 PMI (Presidente)<br \/>Prof.(a)Dr.(a) Camila Duelis Viana \u2013 IGC\/USP<br \/>Prof.(a)Dr.(a) Alvaro penteado Cr\u00f3sta \u2013 UNICAMP\/IG<\/p><p>Defesa de Disserta\u00e7\u00e3o de Mestrado<\/p><p>T\u00edtulo:<strong> &#8220;Proposta de Modelo para Estimativa de Emiss\u00f5es de <\/strong><strong>CO2 no Transporte de Min\u00e9rio em Minera\u00e7\u00e3o a C\u00e9u Aberto&#8221;<\/strong><\/p><p>Candidato (a): Gaby Gabriela Galindo Gonzales<\/p><p>Orientador: Prof.(a)Dr.(a) Giorgio Francesco Cesare de Tomi\u00a0<\/p><p>Dia: 26\/03\/2025<\/p><p>Hor\u00e1rio: 10h<\/p><p>Local: SALA DE REUNI\u00c3O DO NAP MINERA\u00c7\u00c3O DO<br \/>DEPARTAMENTO DE ENGENHARIA DE MINAS E DE PETR\u00d3LEO.<\/p><p>Comiss\u00e3o Julgadora:<br \/>Prof.(a)Dr.(a) Giorgio Francesco Cesare de Tomi \u2013 PMI (Presidente)<br \/>Prof.(a)Dr.(a) Alizeibek Saleimen Nader &#8211; UFMG<br \/>Prof.(a)Dr.(a) Ant\u00f4nio Carlos da Costa Martins \u2013 FMU<\/p><p>Defesa de Disserta\u00e7\u00e3o de Mestrado<\/p><p><strong>T\u00edtulo: \u201cUma abordagem integrada para planejamento de curto prazo de p\u00e1tios de min\u00e9rio com modelagem din\u00e2mica de blocos em ambiente multi-mina\u201d.<\/strong><\/p><p>Candidato: Rafael Josimar Araos Huaman<\/p><p>Orientador: Prof. Dr. Giorgio Francesco Cesare de Tomi<\/p><p>Data: 24\/03\/2025<\/p><p>Horario: 10h00<\/p><p>Local: SALA DE REUNI\u00c3O DO DO NAP MINERA\u00c7\u00c3O\u00a0 DO\u00a0 DEPARTAMENTO DE ENGENHARIA DE MINAS E DE PETR\u00d3LEO (PMI) &#8211;<\/p><p>Defesa de Disserta\u00e7\u00e3o de Mestrado<\/p><p><strong>T\u00edtulo: \u201cAbordagem Estrat\u00e9gica para Definir a Taxa de Produ\u00e7\u00e3o em Projetos Conceituais de Materiais Cr\u00edticos\u201d.<\/strong><\/p><p>Candidato: Lucas Zuchi Silva<\/p><p>Orientador: Profa. Dra. Anna Luiza Marques Ayres da Silva<\/p><p>Data: 17\/03\/2025<\/p><p>Horario: 10h00<\/p><p>Local: SALA DE REUNI\u00c3O DO CONSELHO DO DEPARTAMENTO DE ENGENHARIA DE MINAS E DE PETR\u00d3LEO (PMI) &#8211;<\/p><p>Defesa de Tese de Doutorado<\/p><p><strong>T\u00edtulo: \u201cThe influence of Starch Preparation, Solution Rheology, and Mineral\/Macromolecules Interaction on Hematite Depression\u201d.<\/strong><\/p><p>Candidato: Elaine Cristina Andrade<\/p><p>Orientador: Prof. Dr. Laurindo de Salles Leal Filho<\/p><p>Data da defesa: 14\/03\/2025<\/p><p>Horario: 14h00<\/p><p>Local: SALA DE REUNI\u00c3O DO CONSELHO DO DEPARTAMENTO DE ENGENHARIA DE MINAS E DE PETR\u00d3LEO (PMI) &#8211;<\/p><p>Defesa de Disserta\u00e7\u00e3o de Mestrado<\/p><table width=\"611\"><tbody><tr><td>\u00a0<\/td><\/tr><tr><td>T<b>\u00edtulo: \u201cAvalia\u00e7\u00e3o da correla\u00e7\u00e3o dos indicadores de desempenho de uma mineradora com base nos ODS da Afenda 2030w Principios da Minera\u00e7\u00e3o do setor \u201d.<\/b><\/td><\/tr><tr><td>Candidato: Rhaim\u00e1 do Carmo\u00a0 Silva\u00a0\u00a0<\/td><\/tr><tr><td>Orientador: Profa. Dra. Anna Luiza Marques Ayres da Silva<\/td><\/tr><tr><td>\u00a0<\/td><\/tr><tr><td>Data da Defesa: 06\/11\/2024<\/td><\/tr><tr><td>Hor\u00e1rio: 10h00<\/td><\/tr><tr><td width=\"611\"><p>Local: SALA DE REUNI\u00c3O DO CONSELHO DO DEPARTAMENTO DE ENGENHARIA DE MINAS E DE PETR\u00d3LEO (PMI) &#8211;<\/p><\/td><\/tr><\/tbody><\/table><p>Defesa de Tese de Doutorado<\/p><table width=\"611\"><tbody><tr><td>\u00a0<\/td><\/tr><tr><td>T<b>\u00edtulo: \u201cInflu\u00ebncia da morfologia na molhabilidade de hematita: Fundamentos dao flota\u00e7\u00e3o direta de min\u00e9rio de ferro\u201d.<\/b><\/td><\/tr><tr><td>Candidato: Livia Marques Faustino<\/td><\/tr><tr><td>Orientador: Profa. Dra. Carina Ulsen<\/td><\/tr><tr><td>\u00a0<\/td><\/tr><tr><td>Data da Defesa: 26\/09\/2024<\/td><\/tr><tr><td>Hor\u00e1rio: 09h30<\/td><\/tr><tr><td width=\"611\"><p>Local: DEPARTAMENTO DE ENGENHARIA DE MINAS E DE PETR\u00d3LEO (PMI) &#8211;<\/p><\/td><\/tr><\/tbody><\/table>\t\t\t\t\t\t<\/div>\n\t\t\t\t<\/div>\n\t\t\t\t<div class=\"elementor-element elementor-element-1f0ea58 elementor-widget elementor-widget-text-editor\" data-id=\"1f0ea58\" data-element_type=\"widget\" data-widget_type=\"text-editor.default\">\n\t\t\t\t<div class=\"elementor-widget-container\">\n\t\t\t\t\t\t\t<p>Defesa de Disserta\u00e7\u00e3o de Mestrado<\/p><table width=\"611\"><tbody><tr><td>\u00a0<\/td><\/tr><tr><td>T<b>\u00edtulo: \u201cAvalia\u00e7\u00e3o da correla\u00e7\u00e3o dos indicadores \u201d.<\/b><\/td><\/tr><tr><td>Candidato: Livia Marques Faustino<\/td><\/tr><tr><td>Orientador: Profa. Dra. Carina Ulsen<\/td><\/tr><tr><td>\u00a0<\/td><\/tr><tr><td>Data da Defesa: 26\/09\/2024<\/td><\/tr><tr><td>Hor\u00e1rio: 09h30<\/td><\/tr><tr><td width=\"611\"><p>Local: DEPARTAMENTO DE ENGENHARIA DE MINAS E DE PETR\u00d3LEO (PMI) &#8211;<\/p><\/td><\/tr><\/tbody><\/table>\t\t\t\t\t\t<\/div>\n\t\t\t\t<\/div>\n\t\t\t\t<div class=\"elementor-element elementor-element-2a7753d elementor-widget elementor-widget-text-editor\" data-id=\"2a7753d\" data-element_type=\"widget\" data-widget_type=\"text-editor.default\">\n\t\t\t\t<div class=\"elementor-widget-container\">\n\t\t\t\t\t\t\t<p>\u00a0<span style=\"color: var( --e-global-color-text ); font-size: 1.6rem;\">Defesa de Disserta\u00e7\u00e3o de Mestrado<\/span><\/p><table width=\"611\"><tbody><tr><td>\u00a0<\/td><\/tr><tr><td>T<b>\u00edtulo: \u201cGest\u00e3o de recursos e reservas minerais de agregados para constru\u00e7\u00e3o civil\u201d.<\/b><\/td><\/tr><tr><td>Candidato: Rafael Tadeu Pinto e Moura<\/td><\/tr><tr><td>Orientador: Prof. Dr. Giorgio Francesco Cesare de Tomi<\/td><\/tr><tr><td>\u00a0<\/td><\/tr><tr><td>Data da Defesa: 01\/10\/2024<\/td><\/tr><tr><td>Hor\u00e1rio: 14h00<\/td><\/tr><tr><td width=\"611\">Local: DEPARTAMENTO DE ENGENHARIA DE MINAS E DE PETR\u00d3LEO (PMI) &#8211;<br \/><br \/><br \/><br \/><\/td><\/tr><\/tbody><\/table>\t\t\t\t\t\t<\/div>\n\t\t\t\t<\/div>\n\t\t\t\t\t<\/div>\n\t\t<\/div>\n\t\t\t\t\t<\/div>\n\t\t<\/section>\n\t\t\t\t<\/div>\n\t\t","protected":false},"excerpt":{"rendered":"<p>Defesa de Disserta\u00e7\u00e3o de Mestrado T\u00edtulo: \u201cDimensionamento emp\u00edrico de realces pelo m\u00e9todoSublevel Stoping para prever os riscos associados \u00e0 dilui\u00e7\u00e3o n\u00e3o planejada\u201d. Candidato (a): Tha\u00eds Janine Oliveira Data: 05\/12\/2025 Hor\u00e1rio: 09h Orientador: rof.(a)Dr.(a) Anna Luiza Marques Ayres da Silva Local: DEFESA VIRTUAL DO PROGRAMA DE P\u00d3S-GRADUA\u00c7\u00c3O EMENGENHARIA MINERAL.Comiss\u00e3o Julgadora:Prof.(a)Dr.(a) Anna Luiza Marques Ayres da Silva<a href=\"https:\/\/sites.usp.br\/ppgemp\/noticias\/defesas\/\">[&#8230;]<\/a><\/p>\n","protected":false},"author":23255,"featured_media":0,"parent":381,"menu_order":1,"comment_status":"closed","ping_status":"closed","template":"","meta":{"footnotes":"","_links_to":"","_links_to_target":""},"class_list":["post-383","page","type-page","status-publish","hentry"],"_links":{"self":[{"href":"https:\/\/sites.usp.br\/ppgemp\/wp-json\/wp\/v2\/pages\/383","targetHints":{"allow":["GET"]}}],"collection":[{"href":"https:\/\/sites.usp.br\/ppgemp\/wp-json\/wp\/v2\/pages"}],"about":[{"href":"https:\/\/sites.usp.br\/ppgemp\/wp-json\/wp\/v2\/types\/page"}],"author":[{"embeddable":true,"href":"https:\/\/sites.usp.br\/ppgemp\/wp-json\/wp\/v2\/users\/23255"}],"replies":[{"embeddable":true,"href":"https:\/\/sites.usp.br\/ppgemp\/wp-json\/wp\/v2\/comments?post=383"}],"version-history":[{"count":4,"href":"https:\/\/sites.usp.br\/ppgemp\/wp-json\/wp\/v2\/pages\/383\/revisions"}],"predecessor-version":[{"id":2342,"href":"https:\/\/sites.usp.br\/ppgemp\/wp-json\/wp\/v2\/pages\/383\/revisions\/2342"}],"up":[{"embeddable":true,"href":"https:\/\/sites.usp.br\/ppgemp\/wp-json\/wp\/v2\/pages\/381"}],"wp:attachment":[{"href":"https:\/\/sites.usp.br\/ppgemp\/wp-json\/wp\/v2\/media?parent=383"}],"curies":[{"name":"wp","href":"https:\/\/api.w.org\/{rel}","templated":true}]}}