{"id":387,"date":"2023-09-13T20:00:38","date_gmt":"2023-09-13T22:00:38","guid":{"rendered":"https:\/\/sites.usp.br\/ppgemp\/noticias\/novidades\/"},"modified":"2023-09-28T10:19:31","modified_gmt":"2023-09-28T12:19:31","slug":"novidades","status":"publish","type":"page","link":"https:\/\/sites.usp.br\/ppgemp\/noticias\/novidades\/","title":{"rendered":"Novidades"},"content":{"rendered":"\t\t<div data-elementor-type=\"wp-page\" data-elementor-id=\"387\" class=\"elementor elementor-387\">\n\t\t\t\t\t\t<section class=\"elementor-section elementor-top-section elementor-element elementor-element-cedb2e0 elementor-section-boxed elementor-section-height-default elementor-section-height-default\" data-id=\"cedb2e0\" data-element_type=\"section\">\n\t\t\t\t\t\t<div class=\"elementor-container elementor-column-gap-default\">\n\t\t\t\t\t<div class=\"elementor-column elementor-col-100 elementor-top-column elementor-element elementor-element-914f021\" data-id=\"914f021\" data-element_type=\"column\">\n\t\t\t<div class=\"elementor-widget-wrap elementor-element-populated\">\n\t\t\t\t\t\t<div class=\"elementor-element elementor-element-d9fb0df elementor-widget elementor-widget-spacer\" data-id=\"d9fb0df\" data-element_type=\"widget\" data-widget_type=\"spacer.default\">\n\t\t\t\t<div class=\"elementor-widget-container\">\n\t\t\t\t\t<div class=\"elementor-spacer\">\n\t\t\t<div class=\"elementor-spacer-inner\"><\/div>\n\t\t<\/div>\n\t\t\t\t<\/div>\n\t\t\t\t<\/div>\n\t\t\t\t\t<\/div>\n\t\t<\/div>\n\t\t\t\t\t<\/div>\n\t\t<\/section>\n\t\t\t\t<section class=\"elementor-section elementor-top-section elementor-element elementor-element-95177b1 elementor-section-boxed elementor-section-height-default elementor-section-height-default\" data-id=\"95177b1\" data-element_type=\"section\">\n\t\t\t\t\t\t<div class=\"elementor-container elementor-column-gap-default\">\n\t\t\t\t\t<div class=\"elementor-column elementor-col-100 elementor-top-column elementor-element elementor-element-4423b02\" data-id=\"4423b02\" data-element_type=\"column\">\n\t\t\t<div class=\"elementor-widget-wrap elementor-element-populated\">\n\t\t\t\t\t\t<div class=\"elementor-element elementor-element-9fb73a2 elementor-widget elementor-widget-heading\" data-id=\"9fb73a2\" data-element_type=\"widget\" data-widget_type=\"heading.default\">\n\t\t\t\t<div class=\"elementor-widget-container\">\n\t\t\t<h2 class=\"elementor-heading-title elementor-size-default\"><a href=\"https:\/\/www.abmbrasil.com.br\/por\/noticia\/aluno-da-poli-usp-cria-startup-para-atender-demanda-da-industria-do-pre-sal\" target=\"_blank\"><h1 style=\"font-size: 1.87vw;margin-bottom: 1.05vw;line-height: 1.33333;font-family: Roboto;font-style: normal\">Aluno da Poli-USP cria startup para atender demanda da ind\u00fastria do Pr\u00e9-Sal<\/h1><\/a><\/h2>\t\t<\/div>\n\t\t\t\t<\/div>\n\t\t\t\t\t<\/div>\n\t\t<\/div>\n\t\t\t\t\t<\/div>\n\t\t<\/section>\n\t\t\t\t<section class=\"elementor-section elementor-top-section elementor-element elementor-element-1dc8a57 elementor-section-boxed elementor-section-height-default elementor-section-height-default\" data-id=\"1dc8a57\" data-element_type=\"section\">\n\t\t\t\t\t\t<div class=\"elementor-container elementor-column-gap-default\">\n\t\t\t\t\t<div class=\"elementor-column elementor-col-100 elementor-top-column elementor-element elementor-element-7e7c86b\" data-id=\"7e7c86b\" data-element_type=\"column\">\n\t\t\t<div class=\"elementor-widget-wrap elementor-element-populated\">\n\t\t\t\t\t\t<div class=\"elementor-element elementor-element-14d2cee elementor-widget elementor-widget-image\" data-id=\"14d2cee\" data-element_type=\"widget\" data-widget_type=\"image.default\">\n\t\t\t\t<div class=\"elementor-widget-container\">\n\t\t\t\t\t\t\t\t\t\t\t\t\t\t<a href=\"https:\/\/www.abmbrasil.com.br\/por\/noticia\/aluno-da-poli-usp-cria-startup-para-atender-demanda-da-industria-do-pre-sal\" target=\"_blank\">\n\t\t\t\t\t\t\t<img fetchpriority=\"high\" decoding=\"async\" width=\"400\" height=\"266\" src=\"https:\/\/sites.usp.br\/ppgemp\/wp-content\/uploads\/sites\/1342\/2017\/03\/jhonatan.jpg\" class=\"attachment-large size-large wp-image-875\" alt=\"\" srcset=\"https:\/\/sites.usp.br\/ppgemp\/wp-content\/uploads\/sites\/1342\/2017\/03\/jhonatan.jpg 400w, https:\/\/sites.usp.br\/ppgemp\/wp-content\/uploads\/sites\/1342\/2017\/03\/jhonatan-300x200.jpg 300w, https:\/\/sites.usp.br\/ppgemp\/wp-content\/uploads\/sites\/1342\/2017\/03\/jhonatan-272x182.jpg 272w\" sizes=\"(max-width: 400px) 100vw, 400px\" \/>\t\t\t\t\t\t\t\t<\/a>\n\t\t\t\t\t\t\t\t\t\t\t\t\t<\/div>\n\t\t\t\t<\/div>\n\t\t\t\t\t<\/div>\n\t\t<\/div>\n\t\t\t\t\t<\/div>\n\t\t<\/section>\n\t\t\t\t<section class=\"elementor-section elementor-top-section elementor-element elementor-element-401632c elementor-section-boxed elementor-section-height-default elementor-section-height-default\" data-id=\"401632c\" data-element_type=\"section\">\n\t\t\t\t\t\t<div class=\"elementor-container elementor-column-gap-default\">\n\t\t\t\t\t<div class=\"elementor-column elementor-col-100 elementor-top-column elementor-element elementor-element-4077014\" data-id=\"4077014\" data-element_type=\"column\">\n\t\t\t<div class=\"elementor-widget-wrap elementor-element-populated\">\n\t\t\t\t\t\t<div class=\"elementor-element elementor-element-408fed6 elementor-widget elementor-widget-text-editor\" data-id=\"408fed6\" data-element_type=\"widget\" data-widget_type=\"text-editor.default\">\n\t\t\t\t<div class=\"elementor-widget-container\">\n\t\t\t\t\t\t\t<p class=\"MsoNormal\" style=\"text-align: justify;\"><span style=\"font-size: 13.5pt; line-height: 107%; font-family: Roboto; color: #1d1d1d; background: #F6F6F6;\">O engenheiro Jhonatan Arismendi, atualmente doutorando da Poli, observou uma necessidade da ind\u00fastria de \u00f3leo e g\u00e1s enquanto estava realizando o seu mestrado sob orienta\u00e7\u00e3o dos professores Jean Vicente Ferrari e Carina Ulsen. Ele criou uma startup, a PoliPlugs, que confecciona amostras de rochas sint\u00e9ticas personalizadas com caracter\u00edsticas petrof\u00edsicas e qu\u00edmicas \u2013 dentro da faixa destes par\u00e2metros \u2013 similares \u00e0s encontradas nos reservat\u00f3rios de onde s\u00e3o extra\u00eddos \u00f3leo e g\u00e1s nas camadas do Pr\u00e9-Sal.<\/span><\/p>\t\t\t\t\t\t<\/div>\n\t\t\t\t<\/div>\n\t\t\t\t\t<\/div>\n\t\t<\/div>\n\t\t\t\t\t<\/div>\n\t\t<\/section>\n\t\t\t\t<\/div>\n\t\t","protected":false},"excerpt":{"rendered":"<p>Aluno da Poli-USP cria startup para atender demanda da ind\u00fastria do Pr\u00e9-Sal O engenheiro Jhonatan Arismendi, atualmente doutorando da Poli, observou uma necessidade da ind\u00fastria de \u00f3leo e g\u00e1s enquanto estava realizando o seu mestrado sob orienta\u00e7\u00e3o dos professores Jean Vicente Ferrari e Carina Ulsen. Ele criou uma startup, a PoliPlugs, que confecciona amostras de<a href=\"https:\/\/sites.usp.br\/ppgemp\/noticias\/novidades\/\">[&#8230;]<\/a><\/p>\n","protected":false},"author":23255,"featured_media":0,"parent":381,"menu_order":1,"comment_status":"closed","ping_status":"closed","template":"","meta":{"footnotes":"","_links_to":"","_links_to_target":""},"class_list":["post-387","page","type-page","status-publish","hentry"],"_links":{"self":[{"href":"https:\/\/sites.usp.br\/ppgemp\/wp-json\/wp\/v2\/pages\/387","targetHints":{"allow":["GET"]}}],"collection":[{"href":"https:\/\/sites.usp.br\/ppgemp\/wp-json\/wp\/v2\/pages"}],"about":[{"href":"https:\/\/sites.usp.br\/ppgemp\/wp-json\/wp\/v2\/types\/page"}],"author":[{"embeddable":true,"href":"https:\/\/sites.usp.br\/ppgemp\/wp-json\/wp\/v2\/users\/23255"}],"replies":[{"embeddable":true,"href":"https:\/\/sites.usp.br\/ppgemp\/wp-json\/wp\/v2\/comments?post=387"}],"version-history":[{"count":4,"href":"https:\/\/sites.usp.br\/ppgemp\/wp-json\/wp\/v2\/pages\/387\/revisions"}],"predecessor-version":[{"id":890,"href":"https:\/\/sites.usp.br\/ppgemp\/wp-json\/wp\/v2\/pages\/387\/revisions\/890"}],"up":[{"embeddable":true,"href":"https:\/\/sites.usp.br\/ppgemp\/wp-json\/wp\/v2\/pages\/381"}],"wp:attachment":[{"href":"https:\/\/sites.usp.br\/ppgemp\/wp-json\/wp\/v2\/media?parent=387"}],"curies":[{"name":"wp","href":"https:\/\/api.w.org\/{rel}","templated":true}]}}