{"id":424,"date":"2023-09-14T17:19:05","date_gmt":"2023-09-14T19:19:05","guid":{"rendered":"https:\/\/sites.usp.br\/ppgemp\/nova-pagina-inicial\/"},"modified":"2023-09-26T11:09:03","modified_gmt":"2023-09-26T13:09:03","slug":"centros-de-pesquisa","status":"publish","type":"page","link":"https:\/\/sites.usp.br\/ppgemp\/centros-de-pesquisa\/","title":{"rendered":"Centros de Pesquisa"},"content":{"rendered":"\t\t<div data-elementor-type=\"wp-page\" data-elementor-id=\"424\" class=\"elementor elementor-424\">\n\t\t\t\t\t\t<section class=\"elementor-section elementor-top-section elementor-element elementor-element-df7a43e elementor-section-boxed elementor-section-height-default elementor-section-height-default\" data-id=\"df7a43e\" data-element_type=\"section\">\n\t\t\t\t\t\t<div class=\"elementor-container elementor-column-gap-default\">\n\t\t\t\t\t<div class=\"elementor-column elementor-col-100 elementor-top-column elementor-element elementor-element-b79448f\" data-id=\"b79448f\" data-element_type=\"column\">\n\t\t\t<div class=\"elementor-widget-wrap elementor-element-populated\">\n\t\t\t\t\t\t<div class=\"elementor-element elementor-element-1fe4849 elementor-widget elementor-widget-heading\" data-id=\"1fe4849\" data-element_type=\"widget\" data-widget_type=\"heading.default\">\n\t\t\t\t<div class=\"elementor-widget-container\">\n\t\t\t<h2 class=\"elementor-heading-title elementor-size-default\"><br><br><h3 style=\"margin-bottom: 20px;font-size: 18px;line-height: 18px;overflow: hidden;font-family: Arial, sans-serif;font-style: normal\">EPIC - Centro de Inova\u00e7\u00e3o em Produ\u00e7\u00e3o de Energia (Fapesp - Equinor)<\/h3><\/h2>\t\t<\/div>\n\t\t\t\t<\/div>\n\t\t\t\t\t<\/div>\n\t\t<\/div>\n\t\t\t\t\t<\/div>\n\t\t<\/section>\n\t\t\t\t<section class=\"elementor-section elementor-top-section elementor-element elementor-element-8f4f360 elementor-section-boxed elementor-section-height-default elementor-section-height-default\" data-id=\"8f4f360\" data-element_type=\"section\">\n\t\t\t\t\t\t<div class=\"elementor-container elementor-column-gap-default\">\n\t\t\t\t\t<div class=\"elementor-column elementor-col-100 elementor-top-column elementor-element elementor-element-cb8d5a4\" data-id=\"cb8d5a4\" data-element_type=\"column\">\n\t\t\t<div class=\"elementor-widget-wrap elementor-element-populated\">\n\t\t\t\t\t\t<div class=\"elementor-element elementor-element-cdd0d53 elementor-widget elementor-widget-image\" data-id=\"cdd0d53\" data-element_type=\"widget\" data-widget_type=\"image.default\">\n\t\t\t\t<div class=\"elementor-widget-container\">\n\t\t\t\t\t\t\t\t\t\t\t\t\t\t<a href=\"https:\/\/epicenergy.org.br\/\" target=\"_blank\">\n\t\t\t\t\t\t\t<img fetchpriority=\"high\" decoding=\"async\" width=\"379\" height=\"222\" src=\"https:\/\/sites.usp.br\/ppgemp\/wp-content\/uploads\/sites\/1342\/2023\/09\/epic.png\" class=\"attachment-large size-large wp-image-575\" alt=\"\" srcset=\"https:\/\/sites.usp.br\/ppgemp\/wp-content\/uploads\/sites\/1342\/2023\/09\/epic.png 379w, https:\/\/sites.usp.br\/ppgemp\/wp-content\/uploads\/sites\/1342\/2023\/09\/epic-300x176.png 300w\" sizes=\"(max-width: 379px) 100vw, 379px\" \/>\t\t\t\t\t\t\t\t<\/a>\n\t\t\t\t\t\t\t\t\t\t\t\t\t<\/div>\n\t\t\t\t<\/div>\n\t\t\t\t\t<\/div>\n\t\t<\/div>\n\t\t\t\t\t<\/div>\n\t\t<\/section>\n\t\t\t\t<section class=\"elementor-section elementor-top-section elementor-element elementor-element-bb9a95f elementor-section-boxed elementor-section-height-default elementor-section-height-default\" data-id=\"bb9a95f\" data-element_type=\"section\">\n\t\t\t\t\t\t<div class=\"elementor-container elementor-column-gap-default\">\n\t\t\t\t\t<div class=\"elementor-column elementor-col-100 elementor-top-column elementor-element elementor-element-7159240\" data-id=\"7159240\" data-element_type=\"column\">\n\t\t\t<div class=\"elementor-widget-wrap elementor-element-populated\">\n\t\t\t\t\t\t<div class=\"elementor-element elementor-element-8c1c2c4 elementor-widget elementor-widget-spacer\" data-id=\"8c1c2c4\" data-element_type=\"widget\" data-widget_type=\"spacer.default\">\n\t\t\t\t<div class=\"elementor-widget-container\">\n\t\t\t\t\t<div class=\"elementor-spacer\">\n\t\t\t<div class=\"elementor-spacer-inner\"><\/div>\n\t\t<\/div>\n\t\t\t\t<\/div>\n\t\t\t\t<\/div>\n\t\t\t\t<div class=\"elementor-element elementor-element-305f0e8 elementor-widget elementor-widget-text-editor\" data-id=\"305f0e8\" data-element_type=\"widget\" data-widget_type=\"text-editor.default\">\n\t\t\t\t<div class=\"elementor-widget-container\">\n\t\t\t\t\t\t\t<p>Professor envolvido:<\/p><p>Prof. Dr. Marcio Augusto Sampaio Pinto<\/p>\t\t\t\t\t\t<\/div>\n\t\t\t\t<\/div>\n\t\t\t\t<div class=\"elementor-element elementor-element-ba35955 elementor-widget elementor-widget-heading\" data-id=\"ba35955\" data-element_type=\"widget\" data-widget_type=\"heading.default\">\n\t\t\t\t<div class=\"elementor-widget-container\">\n\t\t\t<h2 class=\"elementor-heading-title elementor-size-default\"><br><br><h3 style=\"margin-bottom: 20px;font-size: 18px;line-height: 18px;overflow: hidden;font-family: Arial, sans-serif;font-style: normal\">RCGI \u2013 Centro de Pesquisa para Inova\u00e7\u00e3o em Gases de Efeito Estufa (Fapesp - Shell)<\/h3><\/h2>\t\t<\/div>\n\t\t\t\t<\/div>\n\t\t\t\t\t<\/div>\n\t\t<\/div>\n\t\t\t\t\t<\/div>\n\t\t<\/section>\n\t\t\t\t<section class=\"elementor-section elementor-top-section elementor-element elementor-element-263e769 elementor-section-boxed elementor-section-height-default elementor-section-height-default\" data-id=\"263e769\" data-element_type=\"section\">\n\t\t\t\t\t\t<div class=\"elementor-container elementor-column-gap-default\">\n\t\t\t\t\t<div class=\"elementor-column elementor-col-100 elementor-top-column elementor-element elementor-element-bd1830a\" data-id=\"bd1830a\" data-element_type=\"column\">\n\t\t\t<div class=\"elementor-widget-wrap elementor-element-populated\">\n\t\t\t\t\t\t<div class=\"elementor-element elementor-element-c839a9a elementor-widget elementor-widget-image\" data-id=\"c839a9a\" data-element_type=\"widget\" data-widget_type=\"image.default\">\n\t\t\t\t<div class=\"elementor-widget-container\">\n\t\t\t\t\t\t\t\t\t\t\t\t\t\t<a href=\"https:\/\/sites.usp.br\/rcgi\/\" target=\"_blank\">\n\t\t\t\t\t\t\t<img decoding=\"async\" width=\"640\" height=\"123\" src=\"https:\/\/sites.usp.br\/ppgemp\/wp-content\/uploads\/sites\/1342\/2023\/09\/Logo_RCGI_longo-1024x197.png\" class=\"attachment-large size-large wp-image-576\" alt=\"\" srcset=\"https:\/\/sites.usp.br\/ppgemp\/wp-content\/uploads\/sites\/1342\/2023\/09\/Logo_RCGI_longo-1024x197.png 1024w, https:\/\/sites.usp.br\/ppgemp\/wp-content\/uploads\/sites\/1342\/2023\/09\/Logo_RCGI_longo-300x58.png 300w, https:\/\/sites.usp.br\/ppgemp\/wp-content\/uploads\/sites\/1342\/2023\/09\/Logo_RCGI_longo-768x147.png 768w, https:\/\/sites.usp.br\/ppgemp\/wp-content\/uploads\/sites\/1342\/2023\/09\/Logo_RCGI_longo-1536x295.png 1536w, https:\/\/sites.usp.br\/ppgemp\/wp-content\/uploads\/sites\/1342\/2023\/09\/Logo_RCGI_longo-400x77.png 400w, https:\/\/sites.usp.br\/ppgemp\/wp-content\/uploads\/sites\/1342\/2023\/09\/Logo_RCGI_longo.png 1833w\" sizes=\"(max-width: 640px) 100vw, 640px\" \/>\t\t\t\t\t\t\t\t<\/a>\n\t\t\t\t\t\t\t\t\t\t\t\t\t<\/div>\n\t\t\t\t<\/div>\n\t\t\t\t\t<\/div>\n\t\t<\/div>\n\t\t\t\t\t<\/div>\n\t\t<\/section>\n\t\t\t\t<section class=\"elementor-section elementor-top-section elementor-element elementor-element-6adc19a elementor-section-boxed elementor-section-height-default elementor-section-height-default\" data-id=\"6adc19a\" data-element_type=\"section\">\n\t\t\t\t\t\t<div class=\"elementor-container elementor-column-gap-default\">\n\t\t\t\t\t<div class=\"elementor-column elementor-col-100 elementor-top-column elementor-element elementor-element-d510631\" data-id=\"d510631\" data-element_type=\"column\">\n\t\t\t<div class=\"elementor-widget-wrap elementor-element-populated\">\n\t\t\t\t\t\t<div class=\"elementor-element elementor-element-2c8d55f elementor-widget elementor-widget-spacer\" data-id=\"2c8d55f\" data-element_type=\"widget\" data-widget_type=\"spacer.default\">\n\t\t\t\t<div class=\"elementor-widget-container\">\n\t\t\t\t\t<div class=\"elementor-spacer\">\n\t\t\t<div class=\"elementor-spacer-inner\"><\/div>\n\t\t<\/div>\n\t\t\t\t<\/div>\n\t\t\t\t<\/div>\n\t\t\t\t<div class=\"elementor-element elementor-element-1058528 elementor-widget elementor-widget-text-editor\" data-id=\"1058528\" data-element_type=\"widget\" data-widget_type=\"text-editor.default\">\n\t\t\t\t<div class=\"elementor-widget-container\">\n\t\t\t\t\t\t\t<p>Professores envolvidos:<\/p><p>Prof. Dr. Marcio Augusto Sampaio Pinto<\/p><p>Prof. Dr. Rafael dos Santos Gioria<\/p>\t\t\t\t\t\t<\/div>\n\t\t\t\t<\/div>\n\t\t\t\t\t<\/div>\n\t\t<\/div>\n\t\t\t\t\t<\/div>\n\t\t<\/section>\n\t\t\t\t<section class=\"elementor-section elementor-top-section elementor-element elementor-element-f14418b elementor-section-boxed elementor-section-height-default elementor-section-height-default\" data-id=\"f14418b\" data-element_type=\"section\">\n\t\t\t\t\t\t<div class=\"elementor-container elementor-column-gap-default\">\n\t\t\t\t\t<div class=\"elementor-column elementor-col-100 elementor-top-column elementor-element elementor-element-5642f54\" data-id=\"5642f54\" data-element_type=\"column\">\n\t\t\t<div class=\"elementor-widget-wrap elementor-element-populated\">\n\t\t\t\t\t\t<div class=\"elementor-element elementor-element-e40ffbc elementor-widget elementor-widget-spacer\" data-id=\"e40ffbc\" data-element_type=\"widget\" data-widget_type=\"spacer.default\">\n\t\t\t\t<div class=\"elementor-widget-container\">\n\t\t\t\t\t<div class=\"elementor-spacer\">\n\t\t\t<div class=\"elementor-spacer-inner\"><\/div>\n\t\t<\/div>\n\t\t\t\t<\/div>\n\t\t\t\t<\/div>\n\t\t\t\t\t<\/div>\n\t\t<\/div>\n\t\t\t\t\t<\/div>\n\t\t<\/section>\n\t\t\t\t<\/div>\n\t\t","protected":false},"excerpt":{"rendered":"<p>EPIC &#8211; Centro de Inova\u00e7\u00e3o em Produ\u00e7\u00e3o de Energia (Fapesp &#8211; Equinor) Professor envolvido: Prof. Dr. Marcio Augusto Sampaio Pinto RCGI \u2013 Centro de Pesquisa para Inova\u00e7\u00e3o em Gases de Efeito Estufa (Fapesp &#8211; Shell) Professores envolvidos: Prof. Dr. Marcio Augusto Sampaio Pinto Prof. Dr. Rafael dos Santos Gioria<\/p>\n","protected":false},"author":23255,"featured_media":0,"parent":0,"menu_order":2,"comment_status":"closed","ping_status":"closed","template":"","meta":{"footnotes":"","_links_to":"","_links_to_target":""},"class_list":["post-424","page","type-page","status-publish","hentry"],"_links":{"self":[{"href":"https:\/\/sites.usp.br\/ppgemp\/wp-json\/wp\/v2\/pages\/424","targetHints":{"allow":["GET"]}}],"collection":[{"href":"https:\/\/sites.usp.br\/ppgemp\/wp-json\/wp\/v2\/pages"}],"about":[{"href":"https:\/\/sites.usp.br\/ppgemp\/wp-json\/wp\/v2\/types\/page"}],"author":[{"embeddable":true,"href":"https:\/\/sites.usp.br\/ppgemp\/wp-json\/wp\/v2\/users\/23255"}],"replies":[{"embeddable":true,"href":"https:\/\/sites.usp.br\/ppgemp\/wp-json\/wp\/v2\/comments?post=424"}],"version-history":[{"count":4,"href":"https:\/\/sites.usp.br\/ppgemp\/wp-json\/wp\/v2\/pages\/424\/revisions"}],"predecessor-version":[{"id":721,"href":"https:\/\/sites.usp.br\/ppgemp\/wp-json\/wp\/v2\/pages\/424\/revisions\/721"}],"wp:attachment":[{"href":"https:\/\/sites.usp.br\/ppgemp\/wp-json\/wp\/v2\/media?parent=424"}],"curies":[{"name":"wp","href":"https:\/\/api.w.org\/{rel}","templated":true}]}}