{"id":569,"date":"2023-09-21T11:24:37","date_gmt":"2023-09-21T13:24:37","guid":{"rendered":"https:\/\/sites.usp.br\/ppgemp\/?page_id=569"},"modified":"2023-09-21T15:04:25","modified_gmt":"2023-09-21T17:04:25","slug":"projetos-de-pesquisa","status":"publish","type":"page","link":"https:\/\/sites.usp.br\/ppgemp\/projetos-de-pesquisa\/","title":{"rendered":"Projetos de Pesquisa"},"content":{"rendered":"\t\t<div data-elementor-type=\"wp-page\" data-elementor-id=\"569\" class=\"elementor elementor-569\">\n\t\t\t\t\t\t<section class=\"elementor-section elementor-top-section elementor-element elementor-element-3fc01e22 elementor-section-boxed elementor-section-height-default elementor-section-height-default\" data-id=\"3fc01e22\" data-element_type=\"section\">\n\t\t\t\t\t\t<div class=\"elementor-container elementor-column-gap-default\">\n\t\t\t\t\t<div class=\"elementor-column elementor-col-100 elementor-top-column elementor-element elementor-element-141846e0\" data-id=\"141846e0\" data-element_type=\"column\">\n\t\t\t<div class=\"elementor-widget-wrap elementor-element-populated\">\n\t\t\t\t\t\t<div class=\"elementor-element elementor-element-aa2e8c6 elementor-widget elementor-widget-spacer\" data-id=\"aa2e8c6\" data-element_type=\"widget\" data-widget_type=\"spacer.default\">\n\t\t\t\t<div class=\"elementor-widget-container\">\n\t\t\t\t\t<div class=\"elementor-spacer\">\n\t\t\t<div class=\"elementor-spacer-inner\"><\/div>\n\t\t<\/div>\n\t\t\t\t<\/div>\n\t\t\t\t<\/div>\n\t\t\t\t<div class=\"elementor-element elementor-element-b3db65d elementor-widget elementor-widget-spacer\" data-id=\"b3db65d\" data-element_type=\"widget\" data-widget_type=\"spacer.default\">\n\t\t\t\t<div class=\"elementor-widget-container\">\n\t\t\t\t\t<div class=\"elementor-spacer\">\n\t\t\t<div class=\"elementor-spacer-inner\"><\/div>\n\t\t<\/div>\n\t\t\t\t<\/div>\n\t\t\t\t<\/div>\n\t\t\t\t<div class=\"elementor-element elementor-element-62ab6ff6 elementor-widget elementor-widget-text-editor\" data-id=\"62ab6ff6\" data-element_type=\"widget\" data-widget_type=\"text-editor.default\">\n\t\t\t\t<div class=\"elementor-widget-container\">\n\t\t\t\t\t\t\t<table width=\"566\">\r\n<tbody>\r\n<tr>\r\n<td><strong>Vig\u00eancia<\/strong><\/td>\r\n<td width=\"118\"><strong>Financiamento<\/strong><\/td>\r\n<td width=\"387\"><strong>Nome projeto <\/strong><\/td>\r\n<\/tr>\r\n<tr>\r\n<td>2021<\/td>\r\n<td width=\"118\">FINEP<\/td>\r\n<td width=\"387\">Caracteriza\u00e7\u00e3o microestrutural tridimensional de materiais<\/td>\r\n<\/tr>\r\n<tr>\r\n<td>2025<\/td>\r\n<td width=\"118\">FINEP<\/td>\r\n<td width=\"387\">Amplia\u00e7\u00e3o da Capacita\u00e7\u00e3o do LCT para atendimento multiusu\u00e1rio<\/td>\r\n<\/tr>\r\n<tr>\r\n<td>2022<\/td>\r\n<td width=\"118\">Amigos da Poli<\/td>\r\n<td width=\"387\">Recupera\u00e7\u00e3o de merc\u00fario met\u00e1lico utilizado em laborat\u00f3rios met\u00e1licos<\/td>\r\n<\/tr>\r\n<tr>\r\n<td>2022<\/td>\r\n<td width=\"118\">ANP Petrobr\u00e1s<\/td>\r\n<td width=\"387\">Molhabilidade e Propriedades Petrof\u00edsicas de Rochas Carbon\u00e1ticas e sua Rela\u00e7\u00e3o com a Recupera\u00e7\u00e3o de Hidrocarbonetos<\/td>\r\n<\/tr>\r\n<tr>\r\n<td>2024<\/td>\r\n<td width=\"118\">ANP Petrobr\u00e1s<\/td>\r\n<td width=\"387\">Caracteriza\u00e7\u00e3o composicional de fragmentos de rocha e upscale 2D-3D da mineralogia<\/td>\r\n<\/tr>\r\n<tr>\r\n<td>2023<\/td>\r\n<td width=\"118\">CNPq &#8211; DT<\/td>\r\n<td width=\"387\">Desenvolvimento de m\u00e9todos de caracteriza\u00e7\u00e3o e beneficiamento de pegmatitos visando o aproveitamento do l\u00edtio contido<\/td>\r\n<\/tr>\r\n<tr>\r\n<td>2022<\/td>\r\n<td width=\"118\">CNPq &#8211; Universal<\/td>\r\n<td width=\"387\">Caracteriza\u00e7\u00e3o Tecnol\u00f3gica de rejeito do beneficiamento de t\u00e2ntalo para o aproveitamento do l\u00edtio contigo<\/td>\r\n<\/tr>\r\n<tr>\r\n<td>2022<\/td>\r\n<td width=\"118\">PRP &#8211; PIPAE<\/td>\r\n<td width=\"387\">Estudo multidisciplinar da Eleva\u00e7\u00e3o de Rio Grande: explota\u00e7\u00e3o sustent\u00e1vel de recursos minerais e-tech<\/td>\r\n<\/tr>\r\n<tr>\r\n<td>2022<\/td>\r\n<td width=\"118\">Fapesp &#8211; PIPE II<\/td>\r\n<td width=\"387\">Desenvolvimento de Tecnologia de Reciclagem de L\u00e2mpadas LED<\/td>\r\n<\/tr>\r\n<tr>\r\n<td>2023<\/td>\r\n<td width=\"118\">Amigos da Poli<\/td>\r\n<td width=\"387\">Caracteriza\u00e7\u00e3o Tecnol\u00f3gica de argilas de dep\u00f3sitos do oeste paulista para avalia\u00e7\u00e3o do potencial pozol\u00e2nico<\/td>\r\n<\/tr>\r\n<tr>\r\n<td>2025<\/td>\r\n<td width=\"118\">ANP Petrobr\u00e1s<\/td>\r\n<td width=\"387\">Cen\u00e1rios de intera\u00e7\u00f5es rocha-fluido: molhabilidade das rochas do pr\u00e9-sal com mineralogia controlada como suporte \u00e0 recupera\u00e7\u00e3o de hidrocarbonetos<\/td>\r\n<\/tr>\r\n<tr>\r\n<td>2025<\/td>\r\n<td width=\"118\">FINEP<\/td>\r\n<td width=\"387\">E-Merge: Estudo multidisciplinar de novos minerais estrat\u00e9gicos e avalia\u00e7\u00e3o de risco da minera\u00e7\u00e3o na Eleva\u00e7\u00e3o de Rio Grande (Atl\u00e2ntico Sul)<\/td>\r\n<\/tr>\r\n<tr>\r\n<td>2026<\/td>\r\n<td width=\"118\">CNPq &#8211; PQ<\/td>\r\n<td width=\"387\">\r\n<p style=\"text-align: center;\">Caracteriza\u00e7\u00e3o tecnol\u00f3gica de minerais portadores de terras raras por t\u00e9cnicas espectrosc\u00f3picas<\/p>\r\n<\/td>\r\n<\/tr>\r\n<\/tbody>\r\n<\/table>\t\t\t\t\t\t<\/div>\n\t\t\t\t<\/div>\n\t\t\t\t\t<\/div>\n\t\t<\/div>\n\t\t\t\t\t<\/div>\n\t\t<\/section>\n\t\t\t\t<\/div>\n\t\t","protected":false},"excerpt":{"rendered":"<p>Vig\u00eancia Financiamento Nome projeto 2021 FINEP Caracteriza\u00e7\u00e3o microestrutural tridimensional de materiais 2025 FINEP Amplia\u00e7\u00e3o da Capacita\u00e7\u00e3o do LCT para atendimento multiusu\u00e1rio 2022 Amigos da Poli Recupera\u00e7\u00e3o de merc\u00fario met\u00e1lico utilizado em laborat\u00f3rios met\u00e1licos 2022 ANP Petrobr\u00e1s Molhabilidade e Propriedades Petrof\u00edsicas de Rochas Carbon\u00e1ticas e sua Rela\u00e7\u00e3o com a Recupera\u00e7\u00e3o de Hidrocarbonetos 2024 ANP Petrobr\u00e1s Caracteriza\u00e7\u00e3o<a href=\"https:\/\/sites.usp.br\/ppgemp\/projetos-de-pesquisa\/\">[&#8230;]<\/a><\/p>\n","protected":false},"author":23255,"featured_media":0,"parent":0,"menu_order":0,"comment_status":"closed","ping_status":"closed","template":"","meta":{"footnotes":"","_links_to":"","_links_to_target":""},"class_list":["post-569","page","type-page","status-publish","hentry"],"_links":{"self":[{"href":"https:\/\/sites.usp.br\/ppgemp\/wp-json\/wp\/v2\/pages\/569","targetHints":{"allow":["GET"]}}],"collection":[{"href":"https:\/\/sites.usp.br\/ppgemp\/wp-json\/wp\/v2\/pages"}],"about":[{"href":"https:\/\/sites.usp.br\/ppgemp\/wp-json\/wp\/v2\/types\/page"}],"author":[{"embeddable":true,"href":"https:\/\/sites.usp.br\/ppgemp\/wp-json\/wp\/v2\/users\/23255"}],"replies":[{"embeddable":true,"href":"https:\/\/sites.usp.br\/ppgemp\/wp-json\/wp\/v2\/comments?post=569"}],"version-history":[{"count":4,"href":"https:\/\/sites.usp.br\/ppgemp\/wp-json\/wp\/v2\/pages\/569\/revisions"}],"predecessor-version":[{"id":634,"href":"https:\/\/sites.usp.br\/ppgemp\/wp-json\/wp\/v2\/pages\/569\/revisions\/634"}],"wp:attachment":[{"href":"https:\/\/sites.usp.br\/ppgemp\/wp-json\/wp\/v2\/media?parent=569"}],"curies":[{"name":"wp","href":"https:\/\/api.w.org\/{rel}","templated":true}]}}