{"id":79,"date":"2014-02-24T16:51:20","date_gmt":"2014-02-24T18:51:20","guid":{"rendered":"http:\/\/sites.usp.br\/ppgemp\/?page_id=79"},"modified":"2025-10-29T11:51:04","modified_gmt":"2025-10-29T13:51:04","slug":"pagina-inicial","status":"publish","type":"page","link":"https:\/\/sites.usp.br\/ppgemp\/","title":{"rendered":"___________________________________________________________"},"content":{"rendered":"<div id=\"pl-79\"  class=\"panel-layout\" ><div id=\"pg-79-0\"  class=\"panel-grid panel-no-style\" ><div id=\"pgc-79-0-0\"  class=\"panel-grid-cell\" ><div id=\"panel-79-0-0-0\" class=\"so-panel widget widget_sow-image panel-first-child panel-last-child\" data-index=\"0\" ><div\n\t\t\t\n\t\t\tclass=\"so-widget-sow-image so-widget-sow-image-default-8b5b6f678277-79\"\n\t\t\t\n\t\t>\n<div class=\"sow-image-container\">\n\t\t<img fetchpriority=\"high\" \n\tsrc=\"https:\/\/sites.usp.br\/ppgemp\/wp-content\/uploads\/sites\/1342\/2024\/06\/PRINCIPAL-3-31-1.png\" width=\"868\" height=\"336\" srcset=\"https:\/\/sites.usp.br\/ppgemp\/wp-content\/uploads\/sites\/1342\/2024\/06\/PRINCIPAL-3-31-1.png 868w, https:\/\/sites.usp.br\/ppgemp\/wp-content\/uploads\/sites\/1342\/2024\/06\/PRINCIPAL-3-31-1-300x116.png 300w, https:\/\/sites.usp.br\/ppgemp\/wp-content\/uploads\/sites\/1342\/2024\/06\/PRINCIPAL-3-31-1-768x297.png 768w, https:\/\/sites.usp.br\/ppgemp\/wp-content\/uploads\/sites\/1342\/2024\/06\/PRINCIPAL-3-31-1-400x155.png 400w\" sizes=\"(max-width: 868px) 100vw, 868px\" title=\"PRINCIPAL-3-31\" alt=\"\" \t\tclass=\"so-widget-image\"\/>\n\t<\/div>\n\n<\/div><\/div><\/div><\/div><div id=\"pg-79-1\"  class=\"panel-grid panel-no-style\" ><div id=\"pgc-79-1-0\"  class=\"panel-grid-cell\" ><div id=\"panel-79-1-0-0\" class=\"so-panel widget widget_sow-slider panel-first-child panel-last-child\" data-index=\"1\" ><div\n\t\t\t\n\t\t\tclass=\"so-widget-sow-slider so-widget-sow-slider-default-a04976eef775-79\"\n\t\t\t\n\t\t>\t\t\t\t<div class=\"sow-slider-base\" style=\"display: none\" tabindex=\"0\">\n\t\t\t\t\t<ul\n\t\t\t\t\tclass=\"sow-slider-images\"\n\t\t\t\t\tdata-settings=\"{&quot;pagination&quot;:true,&quot;speed&quot;:800,&quot;timeout&quot;:5000,&quot;paused&quot;:false,&quot;pause_on_hover&quot;:false,&quot;swipe&quot;:true,&quot;nav_always_show_desktop&quot;:&quot;&quot;,&quot;nav_always_show_mobile&quot;:&quot;&quot;,&quot;breakpoint&quot;:&quot;780px&quot;,&quot;unmute&quot;:false,&quot;anchor&quot;:null}\"\n\t\t\t\t\t\t\t\t\t\tdata-anchor-id=\"\"\n\t\t\t\t>\t\t<li class=\"sow-slider-image\" style=\"visibility: visible;;cursor: pointer;\" data-url=\"{&quot;url&quot;:&quot;https:\\\/\\\/www.poli.usp.br\\\/noticias\\\/destaque-home\\\/132805-teses-desenvolvidas-na-escola-politecnica-sao-reconhecidas-no-premio-tese-destaque-da-usp-de-2025.html&quot;,&quot;new_window&quot;:true}\" >\n\t\t\t\t\t\t\t\t\t\t<a href=\"https:\/\/www.poli.usp.br\/noticias\/destaque-home\/132805-teses-desenvolvidas-na-escola-politecnica-sao-reconhecidas-no-premio-tese-destaque-da-usp-de-2025.html\"\n\t\t\t\t\t\t\t\t\t\t\t\t\t\t\ttarget=\"_blank\" \t\t\t\t\t\t\t\t\t\t\t\t\t\t\t\t\t\t\t\trel=\"noopener noreferrer\" \t\t\t\t\t\t\t\t\t>\n\t\t\t<img decoding=\"async\" width=\"997\" height=\"664\" src=\"https:\/\/sites.usp.br\/ppgemp\/wp-content\/uploads\/sites\/1342\/2025\/07\/PremioTeseDestaque2025.jpg\" class=\"sow-slider-background-image\" alt=\"\" style=\"\" srcset=\"https:\/\/sites.usp.br\/ppgemp\/wp-content\/uploads\/sites\/1342\/2025\/07\/PremioTeseDestaque2025.jpg 997w, https:\/\/sites.usp.br\/ppgemp\/wp-content\/uploads\/sites\/1342\/2025\/07\/PremioTeseDestaque2025-300x200.jpg 300w, https:\/\/sites.usp.br\/ppgemp\/wp-content\/uploads\/sites\/1342\/2025\/07\/PremioTeseDestaque2025-768x511.jpg 768w, https:\/\/sites.usp.br\/ppgemp\/wp-content\/uploads\/sites\/1342\/2025\/07\/PremioTeseDestaque2025-750x500.jpg 750w, https:\/\/sites.usp.br\/ppgemp\/wp-content\/uploads\/sites\/1342\/2025\/07\/PremioTeseDestaque2025-272x182.jpg 272w, https:\/\/sites.usp.br\/ppgemp\/wp-content\/uploads\/sites\/1342\/2025\/07\/PremioTeseDestaque2025-400x266.jpg 400w\" sizes=\"(max-width: 997px) 100vw, 997px\" \/><\/a>\t\t<\/li>\n\t\t\t\t<li class=\"sow-slider-image\" style=\"visibility: hidden;;cursor: pointer;\" data-url=\"{&quot;url&quot;:&quot;https:\\\/\\\/www.poli.usp.br\\\/noticias\\\/noticiasdapoliusp\\\/73446-pesquisa-que-relaciona-impactos-da-mineracao-na-biodiversidade-da-amazonia-recebe-reconhecimento-da-capes.html&quot;,&quot;new_window&quot;:true}\" >\n\t\t\t\t\t\t\t\t\t\t<a href=\"https:\/\/www.poli.usp.br\/noticias\/noticiasdapoliusp\/73446-pesquisa-que-relaciona-impactos-da-mineracao-na-biodiversidade-da-amazonia-recebe-reconhecimento-da-capes.html\"\n\t\t\t\t\t\t\t\t\t\t\t\t\t\t\ttarget=\"_blank\" \t\t\t\t\t\t\t\t\t\t\t\t\t\t\t\t\t\t\t\trel=\"noopener noreferrer\" \t\t\t\t\t\t\t\t\t>\n\t\t\t<img decoding=\"async\" width=\"1176\" height=\"644\" src=\"https:\/\/sites.usp.br\/ppgemp\/wp-content\/uploads\/sites\/1342\/2023\/09\/premio-capes-1.png\" class=\"sow-slider-background-image\" alt=\"\" style=\"\" srcset=\"https:\/\/sites.usp.br\/ppgemp\/wp-content\/uploads\/sites\/1342\/2023\/09\/premio-capes-1.png 1176w, https:\/\/sites.usp.br\/ppgemp\/wp-content\/uploads\/sites\/1342\/2023\/09\/premio-capes-1-300x164.png 300w, https:\/\/sites.usp.br\/ppgemp\/wp-content\/uploads\/sites\/1342\/2023\/09\/premio-capes-1-1024x561.png 1024w, https:\/\/sites.usp.br\/ppgemp\/wp-content\/uploads\/sites\/1342\/2023\/09\/premio-capes-1-768x421.png 768w, https:\/\/sites.usp.br\/ppgemp\/wp-content\/uploads\/sites\/1342\/2023\/09\/premio-capes-1-400x219.png 400w\" sizes=\"(max-width: 1176px) 100vw, 1176px\" \/><\/a>\t\t<\/li>\n\t\t\t\t<li class=\"sow-slider-image\" style=\"visibility: hidden;;cursor: pointer;\" data-url=\"{&quot;url&quot;:&quot;https:\\\/\\\/www.poli.usp.br\\\/noticias\\\/noticiasdapoliusp\\\/84712-doutorando-da-poli-recebe-premios-por-pesquisas-sobre-monitoramento-remoto-de-pocos-de-petroleo.html&quot;,&quot;new_window&quot;:true}\" >\n\t\t\t\t\t\t\t\t\t\t<a href=\"https:\/\/www.poli.usp.br\/noticias\/noticiasdapoliusp\/84712-doutorando-da-poli-recebe-premios-por-pesquisas-sobre-monitoramento-remoto-de-pocos-de-petroleo.html\"\n\t\t\t\t\t\t\t\t\t\t\t\t\t\t\ttarget=\"_blank\" \t\t\t\t\t\t\t\t\t\t\t\t\t\t\t\t\t\t\t\trel=\"noopener noreferrer\" \t\t\t\t\t\t\t\t\t>\n\t\t\t<img loading=\"lazy\" decoding=\"async\" width=\"1176\" height=\"644\" src=\"https:\/\/sites.usp.br\/ppgemp\/wp-content\/uploads\/sites\/1342\/2023\/09\/premio-petroleo-1.png\" class=\"sow-slider-background-image\" alt=\"\" style=\"\" srcset=\"https:\/\/sites.usp.br\/ppgemp\/wp-content\/uploads\/sites\/1342\/2023\/09\/premio-petroleo-1.png 1176w, https:\/\/sites.usp.br\/ppgemp\/wp-content\/uploads\/sites\/1342\/2023\/09\/premio-petroleo-1-300x164.png 300w, https:\/\/sites.usp.br\/ppgemp\/wp-content\/uploads\/sites\/1342\/2023\/09\/premio-petroleo-1-1024x561.png 1024w, https:\/\/sites.usp.br\/ppgemp\/wp-content\/uploads\/sites\/1342\/2023\/09\/premio-petroleo-1-768x421.png 768w, https:\/\/sites.usp.br\/ppgemp\/wp-content\/uploads\/sites\/1342\/2023\/09\/premio-petroleo-1-400x219.png 400w\" sizes=\"(max-width: 1176px) 100vw, 1176px\" \/><\/a>\t\t<\/li>\n\t\t\t\t<li class=\"sow-slider-image\" style=\"visibility: hidden;;cursor: pointer;\" data-url=\"{&quot;url&quot;:&quot;https:\\\/\\\/jornal.usp.br\\\/radio-usp\\\/barragens-de-mineracao-nao-completam-todos-os-criterios-tecnicos-no-brasil\\\/&quot;,&quot;new_window&quot;:true}\" >\n\t\t\t\t\t\t\t\t\t\t<a href=\"https:\/\/jornal.usp.br\/radio-usp\/barragens-de-mineracao-nao-completam-todos-os-criterios-tecnicos-no-brasil\/\"\n\t\t\t\t\t\t\t\t\t\t\t\t\t\t\ttarget=\"_blank\" \t\t\t\t\t\t\t\t\t\t\t\t\t\t\t\t\t\t\t\trel=\"noopener noreferrer\" \t\t\t\t\t\t\t\t\t>\n\t\t\t<img loading=\"lazy\" decoding=\"async\" width=\"1152\" height=\"819\" src=\"https:\/\/sites.usp.br\/ppgemp\/wp-content\/uploads\/sites\/1342\/2024\/06\/barragem-e1718211828905.png\" class=\"sow-slider-background-image\" alt=\"\" style=\"\" srcset=\"https:\/\/sites.usp.br\/ppgemp\/wp-content\/uploads\/sites\/1342\/2024\/06\/barragem-e1718211828905.png 1152w, https:\/\/sites.usp.br\/ppgemp\/wp-content\/uploads\/sites\/1342\/2024\/06\/barragem-e1718211828905-300x213.png 300w, https:\/\/sites.usp.br\/ppgemp\/wp-content\/uploads\/sites\/1342\/2024\/06\/barragem-e1718211828905-1024x728.png 1024w, https:\/\/sites.usp.br\/ppgemp\/wp-content\/uploads\/sites\/1342\/2024\/06\/barragem-e1718211828905-768x546.png 768w, https:\/\/sites.usp.br\/ppgemp\/wp-content\/uploads\/sites\/1342\/2024\/06\/barragem-e1718211828905-400x284.png 400w\" sizes=\"(max-width: 1152px) 100vw, 1152px\" \/><\/a>\t\t<\/li>\n\t\t\t\t<li class=\"sow-slider-image\" style=\"visibility: hidden;;cursor: pointer;\" data-url=\"{&quot;url&quot;:&quot;https:\\\/\\\/sites.usp.br\\\/ppgemp\\\/mineracao-e-conservacao-na-floresta-nacional-de-carajas\\\/&quot;,&quot;new_window&quot;:true}\" >\n\t\t\t\t\t\t\t\t\t\t<a href=\"https:\/\/sites.usp.br\/ppgemp\/mineracao-e-conservacao-na-floresta-nacional-de-carajas\/\"\n\t\t\t\t\t\t\t\t\t\t\t\t\t\t\ttarget=\"_blank\" \t\t\t\t\t\t\t\t\t\t\t\t\t\t\t\t\t\t\t\trel=\"noopener noreferrer\" \t\t\t\t\t\t\t\t\t>\n\t\t\t<img loading=\"lazy\" decoding=\"async\" width=\"1004\" height=\"600\" src=\"https:\/\/sites.usp.br\/ppgemp\/wp-content\/uploads\/sites\/1342\/2024\/12\/carajas2.png\" class=\"sow-slider-background-image\" alt=\"\" style=\"\" srcset=\"https:\/\/sites.usp.br\/ppgemp\/wp-content\/uploads\/sites\/1342\/2024\/12\/carajas2.png 1004w, https:\/\/sites.usp.br\/ppgemp\/wp-content\/uploads\/sites\/1342\/2024\/12\/carajas2-300x179.png 300w, https:\/\/sites.usp.br\/ppgemp\/wp-content\/uploads\/sites\/1342\/2024\/12\/carajas2-768x459.png 768w, https:\/\/sites.usp.br\/ppgemp\/wp-content\/uploads\/sites\/1342\/2024\/12\/carajas2-400x239.png 400w\" sizes=\"(max-width: 1004px) 100vw, 1004px\" \/><\/a>\t\t<\/li>\n\t\t\t\t<li class=\"sow-slider-image\" style=\"visibility: hidden;;cursor: pointer;\" data-url=\"{&quot;url&quot;:&quot;https:\\\/\\\/sites.usp.br\\\/ppgemp\\\/doutor-politecnico-desenvolve-iniciativa-inovadora-a-industria-petrolifera\\\/&quot;,&quot;new_window&quot;:true}\" >\n\t\t\t\t\t\t<div class=\"sow-slider-image-container\">\n\t\t\t\t<div class=\"sow-slider-image-wrapper\" style=\"max-width: 1152px\">\n\t\t\t\t\t\t\t\t\t\t\t<a href=\"https:\/\/sites.usp.br\/ppgemp\/doutor-politecnico-desenvolve-iniciativa-inovadora-a-industria-petrolifera\/\"\n\t\t\t\t\t\t\t\t\t\t\t\t\t\t\t\t\t\t\t\t\ttarget=\"_blank\" \t\t\t\t\t\t\t\t\t\t\t\t\t\t\t\t\t\t\t\t\t\t\t\t\t\t\t\trel=\"noopener noreferrer\" \t\t\t\t\t\t\t\t\t\t\t\t\t>\n\t\t\t\t\t\t\t\t\t\t<div class=\"sow-slider-image-foreground-wrapper\">\n\t\t\t\t\t\t<img loading=\"lazy\" decoding=\"async\" width=\"1152\" height=\"684\" src=\"https:\/\/sites.usp.br\/ppgemp\/wp-content\/uploads\/sites\/1342\/2025\/09\/jhonatan.png\" class=\"sow-slider-foreground-image\" alt=\"\" style=\"\" srcset=\"https:\/\/sites.usp.br\/ppgemp\/wp-content\/uploads\/sites\/1342\/2025\/09\/jhonatan.png 1152w, https:\/\/sites.usp.br\/ppgemp\/wp-content\/uploads\/sites\/1342\/2025\/09\/jhonatan-300x178.png 300w, https:\/\/sites.usp.br\/ppgemp\/wp-content\/uploads\/sites\/1342\/2025\/09\/jhonatan-1024x608.png 1024w, https:\/\/sites.usp.br\/ppgemp\/wp-content\/uploads\/sites\/1342\/2025\/09\/jhonatan-768x456.png 768w, https:\/\/sites.usp.br\/ppgemp\/wp-content\/uploads\/sites\/1342\/2025\/09\/jhonatan-400x238.png 400w\" sizes=\"(max-width: 1152px) 100vw, 1152px\" \/>\t\t\t\t\t<\/div>\n\t\t\t\t\t\t\t\t\t\t\t<\/a>\n\t\t\t\t\t\t\t\t\t<\/div>\n\t\t\t<\/div>\n\t\t\t\t\t<\/li>\n\t\t<\/ul>\t\t\t\t<ol class=\"sow-slider-pagination\">\n\t\t\t\t\t\t\t\t\t\t\t<li><a href=\"#\" data-goto=\"0\" aria-label=\"Display slide 1\"><\/a><\/li>\n\t\t\t\t\t\t\t\t\t\t\t<li><a href=\"#\" data-goto=\"1\" aria-label=\"Display slide 2\"><\/a><\/li>\n\t\t\t\t\t\t\t\t\t\t\t<li><a href=\"#\" data-goto=\"2\" aria-label=\"Display slide 3\"><\/a><\/li>\n\t\t\t\t\t\t\t\t\t\t\t<li><a href=\"#\" data-goto=\"3\" aria-label=\"Display slide 4\"><\/a><\/li>\n\t\t\t\t\t\t\t\t\t\t\t<li><a href=\"#\" data-goto=\"4\" aria-label=\"Display slide 5\"><\/a><\/li>\n\t\t\t\t\t\t\t\t\t\t\t<li><a href=\"#\" data-goto=\"5\" aria-label=\"Display slide 6\"><\/a><\/li>\n\t\t\t\t\t\t\t\t\t<\/ol>\n\n\t\t\t\t<div class=\"sow-slide-nav sow-slide-nav-next\">\n\t\t\t\t\t<a href=\"#\" data-goto=\"next\" aria-label=\"Next slide\" data-action=\"next\">\n\t\t\t\t\t\t<em class=\"sow-sld-icon-thin-right\"><\/em>\n\t\t\t\t\t<\/a>\n\t\t\t\t<\/div>\n\n\t\t\t\t<div class=\"sow-slide-nav sow-slide-nav-prev\">\n\t\t\t\t\t<a href=\"#\" data-goto=\"previous\" aria-label=\"Previous slide\" data-action=\"prev\">\n\t\t\t\t\t\t<em class=\"sow-sld-icon-thin-left\"><\/em>\n\t\t\t\t\t<\/a>\n\t\t\t\t<\/div>\n\t\t\t\t<\/div><\/div><\/div><\/div><\/div><div id=\"pg-79-2\"  class=\"panel-grid panel-has-style\" ><div class=\"panel-row-style panel-row-style-for-79-2\" ><div id=\"pgc-79-2-0\"  class=\"panel-grid-cell\" ><div id=\"panel-79-2-0-0\" class=\"so-panel widget widget_sow-image panel-first-child\" data-index=\"2\" ><div\n\t\t\t\n\t\t\tclass=\"so-widget-sow-image so-widget-sow-image-default-8b5b6f678277-79\"\n\t\t\t\n\t\t>\n<div class=\"sow-image-container\">\n\t\t<img loading=\"lazy\" \n\tsrc=\"https:\/\/sites.usp.br\/ppgemp\/wp-content\/uploads\/sites\/1342\/2023\/09\/87978280_2723159021117359_1534386227661242368_n.jpg\" width=\"600\" height=\"450\" srcset=\"https:\/\/sites.usp.br\/ppgemp\/wp-content\/uploads\/sites\/1342\/2023\/09\/87978280_2723159021117359_1534386227661242368_n.jpg 600w, https:\/\/sites.usp.br\/ppgemp\/wp-content\/uploads\/sites\/1342\/2023\/09\/87978280_2723159021117359_1534386227661242368_n-300x225.jpg 300w, https:\/\/sites.usp.br\/ppgemp\/wp-content\/uploads\/sites\/1342\/2023\/09\/87978280_2723159021117359_1534386227661242368_n-285x214.jpg 285w, https:\/\/sites.usp.br\/ppgemp\/wp-content\/uploads\/sites\/1342\/2023\/09\/87978280_2723159021117359_1534386227661242368_n-80x60.jpg 80w, https:\/\/sites.usp.br\/ppgemp\/wp-content\/uploads\/sites\/1342\/2023\/09\/87978280_2723159021117359_1534386227661242368_n-400x300.jpg 400w\" sizes=\"(max-width: 600px) 100vw, 600px\" alt=\"\" \t\tclass=\"so-widget-image\"\/>\n\t<\/div>\n\n<\/div><\/div><div id=\"panel-79-2-0-1\" class=\"so-panel widget widget_sow-editor panel-last-child\" data-index=\"3\" ><div\n\t\t\t\n\t\t\tclass=\"so-widget-sow-editor so-widget-sow-editor-base\"\n\t\t\t\n\t\t><h3 class=\"widget-title\">Novidades<\/h3>\n<div class=\"siteorigin-widget-tinymce textwidget\">\n\t<p>&nbsp;<\/p>\n<p class=\"elementor-heading-title elementor-size-default\"><strong>Professores da Poli apresentam linhas de pesquisas em Engenharia de Minas e Petr\u00f3leo<\/strong><\/p>\n<p>&nbsp;<\/p>\n<p>Professores e alunos do Departamento de Engenharia de Minas e Petr\u00f3leo da Escola Polit\u00e9cnica (Poli) da USP apresentaram as linhas de pesquisas que desenvolvem, durante um workshop interno. O evento foi realizado para promover a troca de conhecimento entre os pesquisadores do departamento, e possibilitar, futuramente, n\u00e3o apenas parcerias internas, mas tamb\u00e9m com empresas por meio de solu\u00e7\u00f5es pr\u00e1ticas para ind\u00fastria.<\/p>\n<\/div>\n<\/div><\/div><\/div><div id=\"pgc-79-2-1\"  class=\"panel-grid-cell\" ><div id=\"panel-79-2-1-0\" class=\"so-panel widget widget_sow-image panel-first-child\" data-index=\"4\" ><div\n\t\t\t\n\t\t\tclass=\"so-widget-sow-image so-widget-sow-image-default-8b5b6f678277-79\"\n\t\t\t\n\t\t>\n<div class=\"sow-image-container\">\n\t\t<img loading=\"lazy\" \n\tsrc=\"https:\/\/sites.usp.br\/ppgemp\/wp-content\/uploads\/sites\/1342\/2023\/09\/pmi.jpg\" width=\"500\" height=\"500\" srcset=\"https:\/\/sites.usp.br\/ppgemp\/wp-content\/uploads\/sites\/1342\/2023\/09\/pmi.jpg 259w, https:\/\/sites.usp.br\/ppgemp\/wp-content\/uploads\/sites\/1342\/2023\/09\/pmi-80x60.jpg 80w\" sizes=\"(max-width: 259px) 100vw, 259px\" alt=\"\" \t\tclass=\"so-widget-image\"\/>\n\t<\/div>\n\n<\/div><\/div><div id=\"panel-79-2-1-1\" class=\"so-panel widget widget_sow-editor panel-last-child\" data-index=\"5\" ><div\n\t\t\t\n\t\t\tclass=\"so-widget-sow-editor so-widget-sow-editor-base\"\n\t\t\t\n\t\t><h3 class=\"widget-title\">Admiss\u00e3o<\/h3>\n<div class=\"siteorigin-widget-tinymce textwidget\">\n\t<p>&nbsp;<\/p>\n<div><b>Processos seletivos de 2025<\/b><\/div>\n<div><b>\u00a0<\/b><\/div>\n<div><b>Inscri\u00e7\u00f5es<\/b>: per\u00edodo de 01 a 10, nos meses de\u00a0<b>fevereiro, junho e outubro<\/b>;<\/div>\n<div><\/div>\n<div><b>Entrevistas\u00a0<\/b>(primeira fase): per\u00edodo de\u00a0<b>11 a 20<\/b>\u00a0do referido m\u00eas<\/div>\n<div><\/div>\n<div><b>Defesa do Projeto<\/b>\u00a0(segunda fase): per\u00edodo de\u00a0\u00a0<b>21 a 28<\/b>\u00a0do referido m\u00eas.<\/div>\n<\/div>\n<\/div><\/div><\/div><div id=\"pgc-79-2-2\"  class=\"panel-grid-cell\" ><div id=\"panel-79-2-2-0\" class=\"so-panel widget widget_sow-image panel-first-child\" data-index=\"6\" ><div\n\t\t\t\n\t\t\tclass=\"so-widget-sow-image so-widget-sow-image-default-8b5b6f678277-79\"\n\t\t\t\n\t\t>\n<div class=\"sow-image-container\">\n\t\t<img loading=\"lazy\" \n\tsrc=\"https:\/\/sites.usp.br\/ppgemp\/wp-content\/uploads\/sites\/1342\/2023\/09\/defesa-paulo-1.png\" width=\"500\" height=\"300\" srcset=\"https:\/\/sites.usp.br\/ppgemp\/wp-content\/uploads\/sites\/1342\/2023\/09\/defesa-paulo-1.png 1195w, https:\/\/sites.usp.br\/ppgemp\/wp-content\/uploads\/sites\/1342\/2023\/09\/defesa-paulo-1-300x225.png 300w, https:\/\/sites.usp.br\/ppgemp\/wp-content\/uploads\/sites\/1342\/2023\/09\/defesa-paulo-1-1024x768.png 1024w, https:\/\/sites.usp.br\/ppgemp\/wp-content\/uploads\/sites\/1342\/2023\/09\/defesa-paulo-1-768x576.png 768w, https:\/\/sites.usp.br\/ppgemp\/wp-content\/uploads\/sites\/1342\/2023\/09\/defesa-paulo-1-285x214.png 285w, https:\/\/sites.usp.br\/ppgemp\/wp-content\/uploads\/sites\/1342\/2023\/09\/defesa-paulo-1-80x60.png 80w, https:\/\/sites.usp.br\/ppgemp\/wp-content\/uploads\/sites\/1342\/2023\/09\/defesa-paulo-1-400x300.png 400w\" sizes=\"(max-width: 400px) 100vw, 400px\" title=\"defesa paulo\" alt=\"\" \t\tclass=\"so-widget-image\"\/>\n\t<\/div>\n\n<\/div><\/div><div id=\"panel-79-2-2-1\" class=\"so-panel widget widget_sow-editor panel-last-child\" data-index=\"7\" ><div\n\t\t\t\n\t\t\tclass=\"so-widget-sow-editor so-widget-sow-editor-base\"\n\t\t\t\n\t\t><h3 class=\"widget-title\">Defesas<\/h3>\n<div class=\"siteorigin-widget-tinymce textwidget\">\n\t<p>Defesa de Disserta\u00e7\u00e3o de Mestrado<\/p>\n<p>T\u00edtulo:<strong> \u00a0\u201cAn\u00e1lise espacial de impactos sobre biodiversidade na<br \/>\nminera\u00e7\u00e3o de bauxita na Amaz\u00f4nia e coer\u00eancia dos programas de<br \/>\nmonitoramento: li\u00e7\u00f5es aprendidas em Juruti (Par\u00e1)\u201d.<\/strong><\/p>\n<p>Candidato (a): Larissa Ribeiro Souza<\/p>\n<p>Orientador: Prof.(a)Dr.(a) Luis Enrique S\u00e1nchez<\/p>\n<p>Dia: 05\/11\/2025<\/p>\n<p>Hor\u00e1rio; 09h00<\/p>\n<p>Local: DEPARTAMENTO DE ENGENHARIA DE MINAS E DE PETR\u00d3LEO.<\/p>\n<p>&nbsp;<\/p>\n<\/div>\n<\/div><\/div><\/div><\/div><\/div><div id=\"pg-79-3\"  class=\"panel-grid panel-no-style\" ><div id=\"pgc-79-3-0\"  class=\"panel-grid-cell panel-grid-cell-empty panel-grid-cell-mobile-last\" ><\/div><div id=\"pgc-79-3-1\"  class=\"panel-grid-cell panel-grid-cell-empty\" ><\/div><\/div><\/div>","protected":false},"excerpt":{"rendered":"<p>Novidades &nbsp; Professores da Poli apresentam linhas de pesquisas em Engenharia de Minas e Petr\u00f3leo &nbsp; Professores e alunos do Departamento de Engenharia de Minas e Petr\u00f3leo da Escola Polit\u00e9cnica (Poli) da USP apresentaram as linhas de pesquisas que desenvolvem, durante um workshop interno. O evento foi realizado para promover a troca de conhecimento entre<a href=\"https:\/\/sites.usp.br\/ppgemp\/\">[&#8230;]<\/a><\/p>\n","protected":false},"author":1,"featured_media":0,"parent":0,"menu_order":1,"comment_status":"closed","ping_status":"closed","template":"","meta":{"footnotes":"","_links_to":"","_links_to_target":""},"class_list":["post-79","page","type-page","status-publish","hentry"],"_links":{"self":[{"href":"https:\/\/sites.usp.br\/ppgemp\/wp-json\/wp\/v2\/pages\/79","targetHints":{"allow":["GET"]}}],"collection":[{"href":"https:\/\/sites.usp.br\/ppgemp\/wp-json\/wp\/v2\/pages"}],"about":[{"href":"https:\/\/sites.usp.br\/ppgemp\/wp-json\/wp\/v2\/types\/page"}],"author":[{"embeddable":true,"href":"https:\/\/sites.usp.br\/ppgemp\/wp-json\/wp\/v2\/users\/1"}],"replies":[{"embeddable":true,"href":"https:\/\/sites.usp.br\/ppgemp\/wp-json\/wp\/v2\/comments?post=79"}],"version-history":[{"count":7,"href":"https:\/\/sites.usp.br\/ppgemp\/wp-json\/wp\/v2\/pages\/79\/revisions"}],"predecessor-version":[{"id":2343,"href":"https:\/\/sites.usp.br\/ppgemp\/wp-json\/wp\/v2\/pages\/79\/revisions\/2343"}],"wp:attachment":[{"href":"https:\/\/sites.usp.br\/ppgemp\/wp-json\/wp\/v2\/media?parent=79"}],"curies":[{"name":"wp","href":"https:\/\/api.w.org\/{rel}","templated":true}]}}