{"id":879,"date":"2023-09-28T10:08:52","date_gmt":"2023-09-28T12:08:52","guid":{"rendered":"https:\/\/sites.usp.br\/ppgemp\/?page_id=879"},"modified":"2024-05-24T11:35:05","modified_gmt":"2024-05-24T13:35:05","slug":"perguntas-frequentes","status":"publish","type":"page","link":"https:\/\/sites.usp.br\/ppgemp\/perguntas-frequentes\/","title":{"rendered":"Perguntas Frequentes"},"content":{"rendered":"\t\t<div data-elementor-type=\"wp-page\" data-elementor-id=\"879\" class=\"elementor elementor-879\">\n\t\t\t\t\t\t<section class=\"elementor-section elementor-top-section elementor-element elementor-element-d5e468b elementor-section-boxed elementor-section-height-default elementor-section-height-default\" data-id=\"d5e468b\" data-element_type=\"section\">\n\t\t\t\t\t\t<div class=\"elementor-container elementor-column-gap-default\">\n\t\t\t\t\t<div class=\"elementor-column elementor-col-100 elementor-top-column elementor-element elementor-element-9e2fb1b\" data-id=\"9e2fb1b\" data-element_type=\"column\">\n\t\t\t<div class=\"elementor-widget-wrap elementor-element-populated\">\n\t\t\t\t\t\t<div class=\"elementor-element elementor-element-71a10c0 elementor-widget elementor-widget-spacer\" data-id=\"71a10c0\" data-element_type=\"widget\" data-widget_type=\"spacer.default\">\n\t\t\t\t<div class=\"elementor-widget-container\">\n\t\t\t\t\t<div class=\"elementor-spacer\">\n\t\t\t<div class=\"elementor-spacer-inner\"><\/div>\n\t\t<\/div>\n\t\t\t\t<\/div>\n\t\t\t\t<\/div>\n\t\t\t\t\t<\/div>\n\t\t<\/div>\n\t\t\t\t\t<\/div>\n\t\t<\/section>\n\t\t\t\t<section class=\"elementor-section elementor-top-section elementor-element elementor-element-2f3f835 elementor-section-boxed elementor-section-height-default elementor-section-height-default\" data-id=\"2f3f835\" data-element_type=\"section\">\n\t\t\t\t\t\t<div class=\"elementor-container elementor-column-gap-default\">\n\t\t\t\t\t<div class=\"elementor-column elementor-col-100 elementor-top-column elementor-element elementor-element-6d4d9f6\" data-id=\"6d4d9f6\" data-element_type=\"column\">\n\t\t\t<div class=\"elementor-widget-wrap elementor-element-populated\">\n\t\t\t\t\t\t<div class=\"elementor-element elementor-element-06f7ac5 elementor-widget elementor-widget-text-editor\" data-id=\"06f7ac5\" data-element_type=\"widget\" data-widget_type=\"text-editor.default\">\n\t\t\t\t<div class=\"elementor-widget-container\">\n\t\t\t\t\t\t\t<h3 style=\"margin-top: 1.71429rem; margin-bottom: 1.71429rem; padding-left: 40px; font-size: 1.14286rem; line-height: 1.84615; color: #444444; font-family: 'Open Sans', Helvetica, Arial, sans-serif; font-style: normal; font-variant-ligatures: normal; font-variant-caps: normal;\"><span style=\"font-size: 16px; color: #333399;\">1.\u00a0Como\u00a0tiro minhas d\u00favidas sobre o Programa de P\u00f3s-Gradua\u00e7\u00e3o em Engenharia Mineral e de Petr\u00f3leo (PPGEMP)?<\/span><\/h3><p style=\"margin-bottom: 1.71429rem; padding-left: 70px; font-size: 14px; line-height: 1.71429; color: #444444; font-family: 'Open Sans', Helvetica, Arial, sans-serif; font-style: normal; font-weight: 400;\">Todas as\u00a0<span style=\"color: #ff0000;\">INFORMA\u00c7\u00d5ES IMPORTANTES<\/span> podem ser encontradas no site do PMI e tamb\u00e9m s\u00e3o apresentadas na Aula Inaugural ministrada anualmente pelo coordenador .\u00a0Caso, ap\u00f3s consultar o site, ainda tenha d\u00favidas, \u00e9 poss\u00edvel conversar com um dos secret\u00e1rios de p\u00f3s-gradua\u00e7\u00e3o: (11) 2648-1303 ou 2648-6074 (S\u00e3o Paulo) ou (13) 3229-2710 (Santos).<\/p><h3 style=\"margin-top: 1.71429rem; margin-bottom: 1.71429rem; padding-left: 40px; font-size: 1.14286rem; line-height: 1.84615; color: #444444; font-family: 'Open Sans', Helvetica, Arial, sans-serif; font-style: normal; font-variant-ligatures: normal; font-variant-caps: normal;\"><span style=\"font-size: 16px; color: #333399;\">2.\u00a0Onde encontro as normas do Programa de P\u00f3s-Gradua\u00e7\u00e3o em Engenharia Mineral e de Petr\u00f3leo (PPGEMP)?<\/span><\/h3><p style=\"margin-bottom: 1.71429rem; padding-left: 70px; line-height: 1.71429;\"><span style=\"color: #444444; font-family: Open Sans, Helvetica, Arial, sans-serif;\"><span style=\"font-size: 14px;\">Em Informa\u00e7\u00f5es\u00a0 \u2192 <a href=\"https:\/\/sites.usp.br\/ppgemp\/informacoes\/normas\/\">Normas: <\/a><\/span><\/span><a href=\"https:\/\/sites.usp.br\/ppgemp\/informacoes\/normas\/\"><span style=\"color: #21759b; font-family: Open Sans, Helvetica, Arial, sans-serif;\"><span style=\"font-size: 14px;\">https:\/\/sites.usp.br\/ppgemp\/informacoes\/normas\/<\/span><\/span><\/a><span style=\"color: #444444; font-family: Open Sans, Helvetica, Arial, sans-serif;\"><span style=\"font-size: 14px;\">.<\/span><\/span><\/p><h3 style=\"margin-top: 1.71429rem; margin-bottom: 1.71429rem; padding-left: 40px; font-size: 1.14286rem; line-height: 1.84615; color: #444444; font-family: 'Open Sans', Helvetica, Arial, sans-serif; font-style: normal; font-variant-ligatures: normal; font-variant-caps: normal;\"><span style=\"font-size: 16px; color: #333399;\">3. Ap\u00f3s a aprova\u00e7\u00e3o no processo seletivo, quantos anos tenho para me tornar aluno regular?\u00a0\u00a0<\/span><\/h3><p style=\"margin-bottom: 1.71429rem; padding-left: 70px; font-size: 14px; line-height: 1.71429; color: #444444; font-family: 'Open Sans', Helvetica, Arial, sans-serif; font-style: normal; font-weight: 400;\">Conforme respectivo Edital do processo seletivo.<\/p><h3 style=\"margin-top: 1.71429rem; margin-bottom: 1.71429rem; padding-left: 40px; font-size: 1.14286rem; line-height: 1.84615; color: #444444; font-family: 'Open Sans', Helvetica, Arial, sans-serif; font-style: normal; font-variant-ligatures: normal; font-variant-caps: normal;\"><span style=\"font-size: 16px; color: #333399;\">4. Posso solicitar assinatura\u00a0<em>ad referendum\u00a0<\/em>ao coordenador do\u00a0programa?<\/span><\/h3><p style=\"margin-bottom: 1.71429rem; padding-left: 70px; font-size: 14px; line-height: 1.71429; color: #444444; font-family: 'Open Sans', Helvetica, Arial, sans-serif; font-style: normal; font-weight: 400;\">O\u00a0coordenador\u00a0apenas assina documentos nas reuni\u00f5es da Comiss\u00e3o Coordenadora do Programa (CCP), cujas datas s\u00e3o publicadas no site do PMI (em Informa\u00e7\u00f5es \u2192 Calend\u00e1rios)\u00a0. Casos excepcionais devem ser solicitados por e-mail pelo orientador do aluno.<\/p><h3 style=\"margin-top: 1.71429rem; margin-bottom: 1.71429rem; padding-left: 40px; font-size: 1.14286rem; line-height: 1.84615; color: #444444; font-family: 'Open Sans', Helvetica, Arial, sans-serif; font-style: normal; font-variant-ligatures: normal; font-variant-caps: normal;\"><span style=\"font-size: 16px; color: #333399;\">5. Quando s\u00e3o realizadas as reuni\u00f5es da Comiss\u00e3o Coordenadora do Programa (CCP)?<\/span><\/h3><p style=\"margin-bottom: 1.71429rem; padding-left: 70px; line-height: 1.71429;\"><span style=\"color: #444444; font-family: Open Sans, Helvetica, Arial, sans-serif;\"><span style=\"font-size: 14px;\">As datas das reuni\u00f5es da CCP s\u00e3o publicadas no site do PMI (<\/span><\/span><span style=\"color: #444444; font-family: 'Open Sans', Helvetica, Arial, sans-serif; font-size: 14px; font-style: normal; font-weight: 400;\">em Informa\u00e7\u00f5es \u2192 Calend\u00e1rios<\/span><span style=\"color: #444444; font-family: Open Sans, Helvetica, Arial, sans-serif;\"><span style=\"font-size: 14px;\">) em dezembro do ano anterior ao vigente: <a href=\"https:\/\/sites.usp.br\/ppgemp\/informacoes\/calendarios\/\">https:\/\/sites.usp.br\/ppgemp\/informacoes\/calendarios\/<\/a><\/span><\/span><\/p><h3 style=\"margin-top: 1.71429rem; margin-bottom: 1.71429rem; padding-left: 40px; font-size: 1.14286rem; line-height: 1.84615; color: #444444; font-family: 'Open Sans', Helvetica, Arial, sans-serif; font-style: normal; font-variant-ligatures: normal; font-variant-caps: normal;\"><span style=\"font-size: 16px; color: #333399;\">6.\u00a0Posso pedir trancamento de matr\u00edcula do curso de mestrado ou doutorado? Quais as regras?<\/span><\/h3><p style=\"margin-bottom: 1.71429rem; padding-left: 70px; font-size: 14px; line-height: 1.71429; color: #444444; font-family: 'Open Sans', Helvetica, Arial, sans-serif; font-style: normal; font-weight: 400;\">Sim, veja a Se\u00e7\u00e3o IV do Cap\u00edtulo I do T\u00edtulo III (\u201cDo Ensino\u201d) do Regimento de P\u00f3s-Gradua\u00e7\u00e3o da Universidade de S\u00e3o Paulo:\u00a0<a href=\"https:\/\/leginf.usp.br\/?resolucao=resolucao-copgr-no-8528-de-22-de-novembro-de-2023\">http:\/\/www.leginf.usp.br\/?resolucao=resolucao-no-8528-de-22-de-novembro-de-2023.<\/a><\/p><h3 style=\"margin-top: 1.71429rem; margin-bottom: 1.71429rem; padding-left: 40px; font-size: 1.14286rem; line-height: 1.84615; color: #444444; font-family: 'Open Sans', Helvetica, Arial, sans-serif; font-style: normal; font-variant-ligatures: normal; font-variant-caps: normal;\"><span style=\"font-size: 16px; color: #333399;\">7.\u00a0Posso\u00a0pedir prorroga\u00e7\u00e3o de prazo para t\u00e9rmino do curso de mestrado ou doutorado? Quais as regras?<strong><br \/><\/strong><\/span><\/h3><p style=\"margin-bottom: 1.71429rem; padding-left: 70px; font-size: 14px; line-height: 1.71429; color: #444444; font-family: 'Open Sans', Helvetica, Arial, sans-serif; font-style: normal; font-weight: 400;\">Sim, veja Se\u00e7\u00e3o V do Cap\u00edtulo I do T\u00edtulo III (\u201cDo Ensino\u201d)\u00a0do Regimento de P\u00f3s-Gradua\u00e7\u00e3o da Universidade de\u00a0S\u00e3o Paulo:\u00a0<a style=\"outline-style: none; outline-width: initial; color: #21759b;\" href=\"http:\/\/www.leginf.usp.br\/?resolucao=resolucao-no-7493-de-27-de-marco-de-2018\">http:\/\/www.leginf.usp.br\/?resolucao=resolucao-no-7493-de-27-de-marco-de-2018<\/a>.<\/p><h3 style=\"margin-top: 1.71429rem; margin-bottom: 1.71429rem; padding-left: 40px; font-size: 1.14286rem; line-height: 1.84615; color: #444444; font-family: 'Open Sans', Helvetica, Arial, sans-serif; font-style: normal; font-variant-ligatures: normal; font-variant-caps: normal;\"><span style=\"font-size: 16px; color: #333399;\">8. Posso ser desligado do programa por algum motivo?<\/span><\/h3><p style=\"margin-bottom: 1.71429rem; padding-left: 70px; font-size: 14px; line-height: 1.71429; color: #444444; font-family: 'Open Sans', Helvetica, Arial, sans-serif; font-style: normal; font-weight: 400;\">Sim, caso apresente desempenho acad\u00eamico insatisfat\u00f3rio, conforme Se\u00e7\u00e3o IX do Regulamento de P\u00f3s-Gradua\u00e7\u00e3o do PPGEMP:\u00a0\u00a0<a style=\"outline-style: none; outline-width: initial; color: #21759b;\" href=\"http:\/\/www.leginf.usp.br\/?resolucao=resolucao-copgr-no-7613-de-21-de-fevereiro-de-2019\">http:\/\/www.leginf.usp.br\/?resolucao=resolucao-copgr-no-7613-de-21-de-fevereiro-de-2019<\/a>.<\/p><h3 style=\"margin-top: 1.71429rem; margin-bottom: 1.71429rem; padding-left: 40px; font-size: 1.14286rem; line-height: 1.84615; color: #444444; font-family: 'Open Sans', Helvetica, Arial, sans-serif; font-style: normal; font-variant-ligatures: normal; font-variant-caps: normal;\"><span style=\"font-size: 16px; color: #333399;\">9. Como aluno regular, sou obrigado a entregar relat\u00f3rio anual de atividades?<\/span><\/h3><p style=\"margin-bottom: 1.71429rem; padding-left: 70px; font-size: 14px; line-height: 1.71429; color: #444444; font-family: 'Open Sans', Helvetica, Arial, sans-serif; font-style: normal; font-weight: 400;\">Sim, conforme Se\u00e7\u00e3o IX do Regulamento de P\u00f3s-Gradua\u00e7\u00e3o do PPGEMP:\u00a0<a style=\"outline-style: none; outline-width: initial; color: #21759b;\" href=\"http:\/\/www.leginf.usp.br\/?resolucao=resolucao-copgr-no-7613-de-21-de-fevereiro-de-2019.\">http:\/\/www.leginf.usp.br\/?resolucao=resolucao-copgr-no-7613-de-21-de-fevereiro-de-2019<\/a>.<\/p><p style=\"margin-bottom: 1.71429rem; padding-left: 70px; font-size: 14px; line-height: 1.71429; color: #444444; font-family: 'Open Sans', Helvetica, Arial, sans-serif; font-style: normal; font-weight: 400;\">Veja Roteiro para elaborar\u00a0\u00a0o RAA no submenu Informa\u00e7\u00f5es\/Para Alunos.<\/p><h3 style=\"margin-top: 1.71429rem; margin-bottom: 1.71429rem; padding-left: 40px; font-size: 1.14286rem; line-height: 1.84615; color: #444444; font-family: 'Open Sans', Helvetica, Arial, sans-serif; font-style: normal; font-variant-ligatures: normal; font-variant-caps: normal;\"><span style=\"font-size: 16px; color: #333399;\">10. Passei no processo seletivo do PPGEMP. Isto, por si s\u00f3, garante minha matr\u00edcula como aluno regular?<\/span><\/h3><p style=\"margin-bottom: 1.71429rem; padding-left: 70px; font-size: 14px; line-height: 1.71429; color: #444444; font-family: 'Open Sans', Helvetica, Arial, sans-serif; font-style: normal; font-weight: 400;\">N\u00e3o. \u00c9 necess\u00e1rio apresentar uma carta de aceite de um orientador credenciado do programa com DATA ATUAL (menos de 90 dias) e apresentar o certificado de profici\u00eancia em l\u00edngua inglesa (conforme o edital).<\/p>\t\t\t\t\t\t<\/div>\n\t\t\t\t<\/div>\n\t\t\t\t\t<\/div>\n\t\t<\/div>\n\t\t\t\t\t<\/div>\n\t\t<\/section>\n\t\t\t\t<\/div>\n\t\t","protected":false},"excerpt":{"rendered":"<p>1.\u00a0Como\u00a0tiro minhas d\u00favidas sobre o Programa de P\u00f3s-Gradua\u00e7\u00e3o em Engenharia Mineral e de Petr\u00f3leo (PPGEMP)? Todas as\u00a0INFORMA\u00c7\u00d5ES IMPORTANTES podem ser encontradas no site do PMI e tamb\u00e9m s\u00e3o apresentadas na Aula Inaugural ministrada anualmente pelo coordenador .\u00a0Caso, ap\u00f3s consultar o site, ainda tenha d\u00favidas, \u00e9 poss\u00edvel conversar com um dos secret\u00e1rios de p\u00f3s-gradua\u00e7\u00e3o: (11) 2648-1303<a href=\"https:\/\/sites.usp.br\/ppgemp\/perguntas-frequentes\/\">[&#8230;]<\/a><\/p>\n","protected":false},"author":23255,"featured_media":0,"parent":0,"menu_order":0,"comment_status":"closed","ping_status":"closed","template":"","meta":{"footnotes":"","_links_to":"","_links_to_target":""},"class_list":["post-879","page","type-page","status-publish","hentry"],"_links":{"self":[{"href":"https:\/\/sites.usp.br\/ppgemp\/wp-json\/wp\/v2\/pages\/879","targetHints":{"allow":["GET"]}}],"collection":[{"href":"https:\/\/sites.usp.br\/ppgemp\/wp-json\/wp\/v2\/pages"}],"about":[{"href":"https:\/\/sites.usp.br\/ppgemp\/wp-json\/wp\/v2\/types\/page"}],"author":[{"embeddable":true,"href":"https:\/\/sites.usp.br\/ppgemp\/wp-json\/wp\/v2\/users\/23255"}],"replies":[{"embeddable":true,"href":"https:\/\/sites.usp.br\/ppgemp\/wp-json\/wp\/v2\/comments?post=879"}],"version-history":[{"count":4,"href":"https:\/\/sites.usp.br\/ppgemp\/wp-json\/wp\/v2\/pages\/879\/revisions"}],"predecessor-version":[{"id":1476,"href":"https:\/\/sites.usp.br\/ppgemp\/wp-json\/wp\/v2\/pages\/879\/revisions\/1476"}],"wp:attachment":[{"href":"https:\/\/sites.usp.br\/ppgemp\/wp-json\/wp\/v2\/media?parent=879"}],"curies":[{"name":"wp","href":"https:\/\/api.w.org\/{rel}","templated":true}]}}