{"id":294,"date":"2024-01-04T18:50:37","date_gmt":"2024-01-04T20:50:37","guid":{"rendered":"https:\/\/sites.usp.br\/ppgen\/?page_id=294"},"modified":"2024-01-11T16:47:56","modified_gmt":"2024-01-11T18:47:56","slug":"historico-e-objetivos","status":"publish","type":"page","link":"https:\/\/sites.usp.br\/ppgen\/historico-e-objetivos\/","title":{"rendered":"Hist\u00f3rico e Objetivos"},"content":{"rendered":"<div id=\"pl-294\" class=\"panel-layout\">\n<div id=\"pg-294-0\" class=\"panel-grid panel-no-style\">\n<div id=\"pgc-294-0-0\" class=\"panel-grid-cell\" data-weight=\"1\">\n<div id=\"panel-294-0-0-0\" class=\"so-panel widget widget_sow-editor panel-first-child panel-last-child\" data-index=\"0\" data-style=\"{&quot;background_image_attachment&quot;:false,&quot;background_display&quot;:&quot;tile&quot;,&quot;background_image_size&quot;:&quot;full&quot;,&quot;background_image_opacity&quot;:&quot;100&quot;,&quot;border_thickness&quot;:&quot;1px&quot;}\">\n<div class=\"so-widget-sow-editor so-widget-sow-editor-base\">\n<div class=\"siteorigin-widget-tinymce textwidget\">\n<p><span style=\"font-weight: 400;\">Criado em 1956 para atender \u00e0s necessidades da emergente ind\u00fastria de constru\u00e7\u00e3o naval nacional e da Marinha do Brasil, o Departamento de Engenharia Naval e Oce\u00e2nica (PNV) da EPUSP possui atualmente um forte foco interdisciplinar centralizado, principalmente, sobre as atividades de engenharia para explora\u00e7\u00e3o e produ\u00e7\u00e3o de petr\u00f3leo e recursos mar\u00edtimos, incluindo as atividades de transporte e log\u00edstica.<\/span><\/p>\n<p><span style=\"font-weight: 400;\">O Departamento tem constantemente se adequado \u00e0 realidade e \u00e0 din\u00e2mica industrial contemplando diversas outras \u00e1reas correlatas da Engenharia como civil, produ\u00e7\u00e3o, aeron\u00e1utica, mec\u00e2nica e nuclear. Para tanto, a atua\u00e7\u00e3o em programas de pesquisa de reconhecida relev\u00e2ncia cient\u00edfica \u00e9 elemento fundamental. Atrav\u00e9s destes programas, patrocinados por ag\u00eancias de fomento governamentais (FAPESP, CNPq, Capes, FINEP e ANP) e por importantes ind\u00fastrias e centros de pesquisas, nossos mestres e doutores possuem oportunidade singular de atua\u00e7\u00e3o em diversos projetos desafiadores e inovadores de engenharia.<\/span><\/p>\n<p><span style=\"font-weight: 400;\">O Programa de P\u00f3s-Gradua\u00e7\u00e3o em Engenharia Naval e Oce\u00e2nica (PPGEN) tem por objetivo a forma\u00e7\u00e3o de profissionais qualificados para atuar em pesquisa e desenvolvimento e\/ou atividades de ensino associadas principalmente a cinco linhas de pesquisa que atualmente estruturam o programa, a saber:<\/span><\/p>\n<ul>\n<li><i><span style=\"font-weight: 400;\">Estruturas Oce\u00e2nicas e Integridade Estrutural;<\/span><\/i><\/li>\n<li style=\"font-weight: 400;\" aria-level=\"1\"><i><span style=\"font-weight: 400;\">Hidrodin\u00e2mica, Din\u00e2mica e Controle de Sistemas Oce\u00e2nicos;<\/span><\/i><\/li>\n<li aria-level=\"1\"><i><span style=\"font-weight: 400;\">Projeto de Navios e Sistemas Oce\u00e2nicos, Confiabilidade e An\u00e1lise de Risco;<\/span><\/i><\/li>\n<li aria-level=\"1\"><i><span style=\"font-weight: 400;\">Transportes Mar\u00edtimo e Fluvial, Planejamento Portu\u00e1rio e Log\u00edstica e;<\/span><\/i><\/li>\n<li aria-level=\"1\"><i><span style=\"font-weight: 400;\">Tecnologias Digitais Integradas ao Uso Sustent\u00e1vel dos Recursos Oce\u00e2nicos.<\/span><\/i><\/li>\n<\/ul>\n<p><span style=\"font-weight: 400;\">Para <\/span><span style=\"font-weight: 400;\">a promo\u00e7\u00e3o de tais objetivos, o programa conta com excelente infraestrutura de ensino e pesquisa. Essa estrutura compreende salas de aula devidamente equipadas, sala de estudos exclusiva para alunos de p\u00f3s-gradua\u00e7\u00e3o, sala de computa\u00e7\u00e3o e biblioteca.<\/span><\/p>\n<p><span style=\"font-weight: 400;\">Al\u00e9m do respaldo institucional da Universidade de S\u00e3o Paulo, a forte e constante intera\u00e7\u00e3o do Departamento de Engenharia Naval e Oce\u00e2nica com diversos setores industriais permite que essa infraestrutura acad\u00eamica seja complementada por um conjunto de laborat\u00f3rios de pesquisa especializados (veja a se\u00e7\u00e3o \u201cLaborat\u00f3rios e centros de pesquisa\u201d), estruturados mediante financiamento de ag\u00eancias de fomento e da ind\u00fastria. Estes n\u00facleos de pesquisa t\u00eam amplo reconhecimento em suas \u00e1reas de atua\u00e7\u00e3o e trabalham em conjunto com diferentes institui\u00e7\u00f5es de ensino e pesquisa nacionais e internacionais. Criam, ao abrigar boa parte dos alunos envolvidos no programa, um ambiente motivador e com ferramentas de ponta para o desenvolvimento de seus estudos e pesquisas.<\/span><\/p>\n<\/div>\n<\/div>\n<\/div>\n<\/div>\n<\/div>\n<\/div>\n","protected":false},"excerpt":{"rendered":"<p>Criado em 1956 para atender \u00e0s necessidades da emergente ind\u00fastria de constru\u00e7\u00e3o naval nacional e da Marinha do Brasil, o Departamento de Engenharia Naval e Oce\u00e2nica (PNV) da EPUSP possui atualmente um forte foco interdisciplinar centralizado, principalmente, sobre as atividades de engenharia para explora\u00e7\u00e3o e produ\u00e7\u00e3o de petr\u00f3leo e recursos mar\u00edtimos, incluindo as atividades de<a href=\"https:\/\/sites.usp.br\/ppgen\/historico-e-objetivos\/\">[&#8230;]<\/a><\/p>\n","protected":false},"author":23876,"featured_media":0,"parent":0,"menu_order":0,"comment_status":"closed","ping_status":"closed","template":"","meta":{"footnotes":"","_links_to":"","_links_to_target":""},"class_list":["post-294","page","type-page","status-publish","hentry"],"_links":{"self":[{"href":"https:\/\/sites.usp.br\/ppgen\/wp-json\/wp\/v2\/pages\/294","targetHints":{"allow":["GET"]}}],"collection":[{"href":"https:\/\/sites.usp.br\/ppgen\/wp-json\/wp\/v2\/pages"}],"about":[{"href":"https:\/\/sites.usp.br\/ppgen\/wp-json\/wp\/v2\/types\/page"}],"author":[{"embeddable":true,"href":"https:\/\/sites.usp.br\/ppgen\/wp-json\/wp\/v2\/users\/23876"}],"replies":[{"embeddable":true,"href":"https:\/\/sites.usp.br\/ppgen\/wp-json\/wp\/v2\/comments?post=294"}],"version-history":[{"count":4,"href":"https:\/\/sites.usp.br\/ppgen\/wp-json\/wp\/v2\/pages\/294\/revisions"}],"predecessor-version":[{"id":611,"href":"https:\/\/sites.usp.br\/ppgen\/wp-json\/wp\/v2\/pages\/294\/revisions\/611"}],"wp:attachment":[{"href":"https:\/\/sites.usp.br\/ppgen\/wp-json\/wp\/v2\/media?parent=294"}],"curies":[{"name":"wp","href":"https:\/\/api.w.org\/{rel}","templated":true}]}}