{"id":302,"date":"2024-01-04T19:06:32","date_gmt":"2024-01-04T21:06:32","guid":{"rendered":"https:\/\/sites.usp.br\/ppgen\/?page_id=302"},"modified":"2025-12-23T20:05:13","modified_gmt":"2025-12-23T23:05:13","slug":"linhas-de-pesquisa","status":"publish","type":"page","link":"https:\/\/sites.usp.br\/ppgen\/linhas-de-pesquisa\/","title":{"rendered":"Linhas de Pesquisa"},"content":{"rendered":"<div id=\"pl-302\"  class=\"panel-layout\" ><div id=\"pg-302-0\"  class=\"panel-grid panel-no-style\" ><div id=\"pgc-302-0-0\"  class=\"panel-grid-cell\" ><div id=\"panel-302-0-0-0\" class=\"so-panel widget widget_sow-editor panel-first-child\" data-index=\"0\" ><div\n\t\t\t\n\t\t\tclass=\"so-widget-sow-editor so-widget-sow-editor-base\"\n\t\t\t\n\t\t>\n<div class=\"siteorigin-widget-tinymce textwidget\">\n\t<p><span style=\"font-weight: 400;\">A forma\u00e7\u00e3o de especialistas \u00e9 crucial para impulsionar a excel\u00eancia em pesquisa e desenvolvimento. As linhas de pesquisa oferecidas pelo PNV proporcionam abordagem interdisciplinar, integrando teoria e pr\u00e1tica, visando formar profissionais capacitados a enfrentar os complexos desafios deste setor. Os alunos de p\u00f3s-gradua\u00e7\u00e3o s\u00e3o incentivados a explorar, questionar e inovar, contribuindo para o avan\u00e7o cont\u00ednuo do setor.<\/span><\/p>\n<p><span style=\"font-weight: 400;\">Atualmente, o programa de P\u00f3s-gradua\u00e7\u00e3o conta com cinco linhas de pesquisa que foram estruturadas com o objetivo de fornecer aos p\u00f3s-graduandos um repert\u00f3rio completo do que \u00e9 requisitado tanto pelas demandas acad\u00eamicas quanto pelo mercado no contexto mar\u00edtimo nacional. Nesse sentido, pode-se observar que cada uma das \u00e1reas descritas abaixo procura abranger segmentos fundamentais da engenharia naval e oce\u00e2nica, alguns dos quais j\u00e1 foram explorados no programa de gradua\u00e7\u00e3o, mas que s\u00e3o devidamente aprofundados e contextualizados pelo programa de P\u00f3s-gradua\u00e7\u00e3o.<\/span><\/p>\n<p>Acesse-as abaixo:<\/p>\n<\/div>\n<\/div><\/div><div id=\"panel-302-0-0-1\" class=\"so-panel widget widget_sow-headline\" data-index=\"1\" ><div\n\t\t\t\n\t\t\tclass=\"so-widget-sow-headline so-widget-sow-headline-default-3ddfe9becab6-302\"\n\t\t\t\n\t\t><div class=\"sow-headline-container \">\n\t\t\t\t\t\t\t<h3 class=\"sow-headline\">\n\t\t\t\t\t\t\t\t\t\t\t\t\t<a href=\"https:\/\/sites.usp.br\/ppgen\/estruturas-oceanicas-e-integridade-estrutural\/\" >\n\t\t\t\t\t\t\t\tEstruturas Oce\u00e2nicas e Integridade Estrutural<\/a>\t\t\t\t\t\t<\/h3>\n\t\t\t\t\t\t\t\t\t\t\t<div class=\"decoration\">\n\t\t\t\t\t\t<div class=\"decoration-inside\"><\/div>\n\t\t\t\t\t<\/div>\n\t\t\t\t\t<\/div>\n<\/div><\/div><div id=\"panel-302-0-0-2\" class=\"so-panel widget widget_sow-headline\" data-index=\"2\" ><div\n\t\t\t\n\t\t\tclass=\"so-widget-sow-headline so-widget-sow-headline-default-3ddfe9becab6-302\"\n\t\t\t\n\t\t><div class=\"sow-headline-container \">\n\t\t\t\t\t\t\t<h3 class=\"sow-headline\">\n\t\t\t\t\t\t\t\t\t\t\t\t\t<a href=\"https:\/\/sites.usp.br\/ppgen\/hidrodinamica-dinamica-e-controle-de-sistemas-oceanicos\/\" >\n\t\t\t\t\t\t\t\tHidrodin\u00e2mica, Din\u00e2mica e Controle de Sistemas Oce\u00e2nicos<\/a>\t\t\t\t\t\t<\/h3>\n\t\t\t\t\t\t\t\t\t\t\t<div class=\"decoration\">\n\t\t\t\t\t\t<div class=\"decoration-inside\"><\/div>\n\t\t\t\t\t<\/div>\n\t\t\t\t\t<\/div>\n<\/div><\/div><div id=\"panel-302-0-0-3\" class=\"so-panel widget widget_sow-headline\" data-index=\"3\" ><div\n\t\t\t\n\t\t\tclass=\"so-widget-sow-headline so-widget-sow-headline-default-dac4275be522-302\"\n\t\t\t\n\t\t><div class=\"sow-headline-container \">\n\t\t\t\t\t\t\t<h3 class=\"sow-headline\">\n\t\t\t\t\t\t\t\t\t\t\t\t\t<a href=\"https:\/\/sites.usp.br\/ppgen\/projeto-de-navios-e-sistemas-oceanicos-confiabilidade-e-analise-de-risco\/\" >\n\t\t\t\t\t\t\t\tProjeto de Navios e Sistemas Oce\u00e2nicos, Confiabilidade e An\u00e1lise de Risco<\/a>\t\t\t\t\t\t<\/h3>\n\t\t\t\t\t\t\t\t\t\t\t<div class=\"decoration\">\n\t\t\t\t\t\t<div class=\"decoration-inside\"><\/div>\n\t\t\t\t\t<\/div>\n\t\t\t\t\t<\/div>\n<\/div><\/div><div id=\"panel-302-0-0-4\" class=\"so-panel widget widget_sow-headline\" data-index=\"4\" ><div\n\t\t\t\n\t\t\tclass=\"so-widget-sow-headline so-widget-sow-headline-default-dac4275be522-302\"\n\t\t\t\n\t\t><div class=\"sow-headline-container \">\n\t\t\t\t\t\t\t<h3 class=\"sow-headline\">\n\t\t\t\t\t\t\t\t\t\t\t\t\t<a href=\"https:\/\/sites.usp.br\/ppgen\/transportes-maritimo-e-fluvial-planejamento-portuario-e-logistica\/\" >\n\t\t\t\t\t\t\t\tTransportes Mar\u00edtimo e Fluvial, Planejamento Portu\u00e1rio e Log\u00edstica<\/a>\t\t\t\t\t\t<\/h3>\n\t\t\t\t\t\t\t\t\t\t\t<div class=\"decoration\">\n\t\t\t\t\t\t<div class=\"decoration-inside\"><\/div>\n\t\t\t\t\t<\/div>\n\t\t\t\t\t<\/div>\n<\/div><\/div><div id=\"panel-302-0-0-5\" class=\"so-panel widget widget_sow-headline panel-last-child\" data-index=\"5\" ><div\n\t\t\t\n\t\t\tclass=\"so-widget-sow-headline so-widget-sow-headline-default-f3d9cfe5517a-302\"\n\t\t\t\n\t\t><div class=\"sow-headline-container \">\n\t\t\t\t\t\t\t<h3 class=\"sow-headline\">\n\t\t\t\t\t\t\t\t\t\t\t\t\t<a href=\"https:\/\/sites.usp.br\/ppgen\/etica_filosofia_tecnologia\/\" >\n\t\t\t\t\t\t\t\t\u00c9tica e Filosofia da Tecnologia<\/a>\t\t\t\t\t\t<\/h3>\n\t\t\t\t\t\t\t\t\t\t\t<div class=\"decoration\">\n\t\t\t\t\t\t<div class=\"decoration-inside\"><\/div>\n\t\t\t\t\t<\/div>\n\t\t\t\t\t<\/div>\n<\/div><\/div><\/div><\/div><\/div>","protected":false},"excerpt":{"rendered":"<p>A forma\u00e7\u00e3o de especialistas \u00e9 crucial para impulsionar a excel\u00eancia em pesquisa e desenvolvimento. As linhas de pesquisa oferecidas pelo PNV proporcionam abordagem interdisciplinar, integrando teoria e pr\u00e1tica, visando formar profissionais capacitados a enfrentar os complexos desafios deste setor. Os alunos de p\u00f3s-gradua\u00e7\u00e3o s\u00e3o incentivados a explorar, questionar e inovar, contribuindo para o avan\u00e7o cont\u00ednuo<a href=\"https:\/\/sites.usp.br\/ppgen\/linhas-de-pesquisa\/\">[&#8230;]<\/a><\/p>\n","protected":false},"author":23876,"featured_media":0,"parent":0,"menu_order":1,"comment_status":"closed","ping_status":"closed","template":"","meta":{"footnotes":"","_links_to":"","_links_to_target":""},"class_list":["post-302","page","type-page","status-publish","hentry"],"_links":{"self":[{"href":"https:\/\/sites.usp.br\/ppgen\/wp-json\/wp\/v2\/pages\/302","targetHints":{"allow":["GET"]}}],"collection":[{"href":"https:\/\/sites.usp.br\/ppgen\/wp-json\/wp\/v2\/pages"}],"about":[{"href":"https:\/\/sites.usp.br\/ppgen\/wp-json\/wp\/v2\/types\/page"}],"author":[{"embeddable":true,"href":"https:\/\/sites.usp.br\/ppgen\/wp-json\/wp\/v2\/users\/23876"}],"replies":[{"embeddable":true,"href":"https:\/\/sites.usp.br\/ppgen\/wp-json\/wp\/v2\/comments?post=302"}],"version-history":[{"count":4,"href":"https:\/\/sites.usp.br\/ppgen\/wp-json\/wp\/v2\/pages\/302\/revisions"}],"predecessor-version":[{"id":950,"href":"https:\/\/sites.usp.br\/ppgen\/wp-json\/wp\/v2\/pages\/302\/revisions\/950"}],"wp:attachment":[{"href":"https:\/\/sites.usp.br\/ppgen\/wp-json\/wp\/v2\/media?parent=302"}],"curies":[{"name":"wp","href":"https:\/\/api.w.org\/{rel}","templated":true}]}}