{"id":304,"date":"2024-01-04T20:13:59","date_gmt":"2024-01-04T22:13:59","guid":{"rendered":"https:\/\/sites.usp.br\/ppgen\/?page_id=304"},"modified":"2024-02-03T19:41:20","modified_gmt":"2024-02-03T22:41:20","slug":"nucleo-de-dinamica-e-fluidos-ndf","status":"publish","type":"page","link":"https:\/\/sites.usp.br\/ppgen\/nucleo-de-dinamica-e-fluidos-ndf\/","title":{"rendered":"N\u00facleo de Din\u00e2mica e Fluidos (NDF)"},"content":{"rendered":"<p><span style=\"font-weight: 400;\">O N\u00facleo de Din\u00e2mica e Fluidos \u00e9 um Grupo de Pesquisa da Escola Polit\u00e9cnica da USP que se dedica \u00e0 realiza\u00e7\u00e3o de pesquisas cient\u00edficas e tecnol\u00f3gicas em mec\u00e2nica dos fluidos e sistemas din\u00e2micos. O portf\u00f3lio de linhas de pesquisa e projetos do grupo \u00e9 bastante diversificado, incluindo abordagens anal\u00edticas, computacionais e experimentais, tanto em problemas fundamentais quanto aplicados. As pesquisas s\u00e3o financiadas por ag\u00eancias de fomento, como FAPESP e CNPq, e por conv\u00eanios de pesquisa com o setor produtivo. O grupo tem longa tradi\u00e7\u00e3o de colabora\u00e7\u00e3o com o setor de energia, \u00f3leo e g\u00e1s, cabos e qu\u00edmicos.<\/span><\/p>\n<p><span style=\"font-weight: 400;\"># Incluir fotos<\/span><\/p>\n<p><span style=\"font-weight: 400;\">O grupo \u00e9 atualmente coordenado pelo Prof. Bruno Souza Carmo e conta com outros oito professores, dos departamentos de Engenharia Mec\u00e2nica, Naval e Oce\u00e2nica, e Minas e Petr\u00f3leo da Escola Polit\u00e9cnica. Os demais membros do grupo s\u00e3o pesquisadores de p\u00f3s-doutorado e alunos de doutorado, mestrado, inicia\u00e7\u00e3o cient\u00edfica e trabalho de formatura, al\u00e9m de pessoal de apoio t\u00e9cnico e administrativo.<\/span><\/p>\n<p><span style=\"font-weight: 400;\">Para mais informa\u00e7\u00f5es, acesse o site atrav\u00e9s do link: <a href=\"https:\/\/ndf.poli.usp.br\/\" target=\"_blank\" rel=\"noopener\">acesso<\/a>.<\/span><\/p>\n","protected":false},"excerpt":{"rendered":"<p>O N\u00facleo de Din\u00e2mica e Fluidos \u00e9 um Grupo de Pesquisa da Escola Polit\u00e9cnica da USP que se dedica \u00e0 realiza\u00e7\u00e3o de pesquisas cient\u00edficas e tecnol\u00f3gicas em mec\u00e2nica dos fluidos e sistemas din\u00e2micos. O portf\u00f3lio de linhas de pesquisa e projetos do grupo \u00e9 bastante diversificado, incluindo abordagens anal\u00edticas, computacionais e experimentais, tanto em problemas<a href=\"https:\/\/sites.usp.br\/ppgen\/nucleo-de-dinamica-e-fluidos-ndf\/\">[&#8230;]<\/a><\/p>\n","protected":false},"author":23876,"featured_media":0,"parent":0,"menu_order":7,"comment_status":"closed","ping_status":"closed","template":"","meta":{"footnotes":"","_links_to":"","_links_to_target":""},"class_list":["post-304","page","type-page","status-publish","hentry"],"_links":{"self":[{"href":"https:\/\/sites.usp.br\/ppgen\/wp-json\/wp\/v2\/pages\/304","targetHints":{"allow":["GET"]}}],"collection":[{"href":"https:\/\/sites.usp.br\/ppgen\/wp-json\/wp\/v2\/pages"}],"about":[{"href":"https:\/\/sites.usp.br\/ppgen\/wp-json\/wp\/v2\/types\/page"}],"author":[{"embeddable":true,"href":"https:\/\/sites.usp.br\/ppgen\/wp-json\/wp\/v2\/users\/23876"}],"replies":[{"embeddable":true,"href":"https:\/\/sites.usp.br\/ppgen\/wp-json\/wp\/v2\/comments?post=304"}],"version-history":[{"count":2,"href":"https:\/\/sites.usp.br\/ppgen\/wp-json\/wp\/v2\/pages\/304\/revisions"}],"predecessor-version":[{"id":647,"href":"https:\/\/sites.usp.br\/ppgen\/wp-json\/wp\/v2\/pages\/304\/revisions\/647"}],"wp:attachment":[{"href":"https:\/\/sites.usp.br\/ppgen\/wp-json\/wp\/v2\/media?parent=304"}],"curies":[{"name":"wp","href":"https:\/\/api.w.org\/{rel}","templated":true}]}}