{"id":320,"date":"2024-01-04T21:10:07","date_gmt":"2024-01-04T23:10:07","guid":{"rendered":"https:\/\/sites.usp.br\/ppgen\/?page_id=320"},"modified":"2024-02-03T19:41:58","modified_gmt":"2024-02-03T22:41:58","slug":"tanque-de-provas-numerico-tpn","status":"publish","type":"page","link":"https:\/\/sites.usp.br\/ppgen\/tanque-de-provas-numerico-tpn\/","title":{"rendered":"Tanque de Provas Num\u00e9rico (TPN)"},"content":{"rendered":"<p><span style=\"font-weight: 400;\">O Tanque de Provas Num\u00e9rico (TPN-USP) \u00e9 um laborat\u00f3rio hidrodin\u00e2mico computacional e experimental voltado para o design e an\u00e1lise de sistemas offshore, portos, plataformas, navios e barca\u00e7as. O laborat\u00f3rio envolve esfor\u00e7os conjuntos de uma equipe de especialistas multidisciplinares e uma parceria pr\u00f3xima entre diferentes universidades, institutos de pesquisa e empresas de petr\u00f3leo. Est\u00e1 localizado no campus principal da Escola Polit\u00e9cnica.<\/span><\/p>\n<p><span style=\"font-weight: 400;\"># Incluir fotos<\/span><\/p>\n<p><span style=\"font-weight: 400;\">Devido \u00e0 extrema complexidade de representar fen\u00f4menos f\u00edsicos reais e \u00e0 necessidade de analisar um caso espec\u00edfico em um prazo razo\u00e1vel e vi\u00e1vel, o laborat\u00f3rio combina instala\u00e7\u00f5es experimentais automatizadas, computa\u00e7\u00e3o de alto desempenho e simuladores totalmente imersivos. As instala\u00e7\u00f5es do laborat\u00f3rio TPN incluem:<\/span><\/p>\n<ul>\n<li style=\"font-weight: 400;\" aria-level=\"1\"><span style=\"font-weight: 400;\">Software de an\u00e1lise din\u00e2mica multibody no dom\u00ednio do tempo e uma sala de visualiza\u00e7\u00e3o 3D para an\u00e1lises p\u00f3s-processadas;<\/span><\/li>\n<li style=\"font-weight: 400;\" aria-level=\"1\"><span style=\"font-weight: 400;\">Um cluster de computadores de 50 teraflops composto por processadores de alto desempenho, permitindo computa\u00e7\u00e3o paralela para resolver as simula\u00e7\u00f5es num\u00e9ricas;<\/span><\/li>\n<li style=\"font-weight: 400;\" aria-level=\"1\"><span style=\"font-weight: 400;\">Uma bacia hidrodin\u00e2mica de 14m x 14m x 4m, e instala\u00e7\u00e3o de teste com gera\u00e7\u00e3o\/absor\u00e7\u00e3o ativa de ondas e;<\/span><\/li>\n<li style=\"font-weight: 400;\" aria-level=\"1\"><span style=\"font-weight: 400;\">Um Centro de Simula\u00e7\u00e3o de Manobras de Navios, composto por 7 simuladores integrados, sendo 2 deles classificados como miss\u00e3o completa.<\/span><\/li>\n<\/ul>\n<p><span style=\"font-weight: 400;\">Para mais informa\u00e7\u00f5es, acesse o site atrav\u00e9s do link: <a href=\"http:\/\/www.tpn.usp.br\/\" target=\"_blank\" rel=\"noopener\">acesso<\/a>.<\/span><\/p>\n","protected":false},"excerpt":{"rendered":"<p>O Tanque de Provas Num\u00e9rico (TPN-USP) \u00e9 um laborat\u00f3rio hidrodin\u00e2mico computacional e experimental voltado para o design e an\u00e1lise de sistemas offshore, portos, plataformas, navios e barca\u00e7as. O laborat\u00f3rio envolve esfor\u00e7os conjuntos de uma equipe de especialistas multidisciplinares e uma parceria pr\u00f3xima entre diferentes universidades, institutos de pesquisa e empresas de petr\u00f3leo. Est\u00e1 localizado no<a href=\"https:\/\/sites.usp.br\/ppgen\/tanque-de-provas-numerico-tpn\/\">[&#8230;]<\/a><\/p>\n","protected":false},"author":23876,"featured_media":0,"parent":0,"menu_order":8,"comment_status":"closed","ping_status":"closed","template":"","meta":{"footnotes":"","_links_to":"","_links_to_target":""},"class_list":["post-320","page","type-page","status-publish","hentry"],"_links":{"self":[{"href":"https:\/\/sites.usp.br\/ppgen\/wp-json\/wp\/v2\/pages\/320","targetHints":{"allow":["GET"]}}],"collection":[{"href":"https:\/\/sites.usp.br\/ppgen\/wp-json\/wp\/v2\/pages"}],"about":[{"href":"https:\/\/sites.usp.br\/ppgen\/wp-json\/wp\/v2\/types\/page"}],"author":[{"embeddable":true,"href":"https:\/\/sites.usp.br\/ppgen\/wp-json\/wp\/v2\/users\/23876"}],"replies":[{"embeddable":true,"href":"https:\/\/sites.usp.br\/ppgen\/wp-json\/wp\/v2\/comments?post=320"}],"version-history":[{"count":2,"href":"https:\/\/sites.usp.br\/ppgen\/wp-json\/wp\/v2\/pages\/320\/revisions"}],"predecessor-version":[{"id":648,"href":"https:\/\/sites.usp.br\/ppgen\/wp-json\/wp\/v2\/pages\/320\/revisions\/648"}],"wp:attachment":[{"href":"https:\/\/sites.usp.br\/ppgen\/wp-json\/wp\/v2\/media?parent=320"}],"curies":[{"name":"wp","href":"https:\/\/api.w.org\/{rel}","templated":true}]}}