{"id":326,"date":"2024-01-04T21:16:34","date_gmt":"2024-01-04T23:16:34","guid":{"rendered":"https:\/\/sites.usp.br\/ppgen\/?page_id=326"},"modified":"2024-02-12T19:12:19","modified_gmt":"2024-02-12T22:12:19","slug":"estruturas-oceanicas-e-integridade-estrutural","status":"publish","type":"page","link":"https:\/\/sites.usp.br\/ppgen\/estruturas-oceanicas-e-integridade-estrutural\/","title":{"rendered":"Estruturas Oce\u00e2nicas e Integridade Estrutural"},"content":{"rendered":"<p><span style=\"font-weight: 400;\">A \u00e1rea de Estruturas Oce\u00e2nicas e Integridade Estrutural concentra-se no design, an\u00e1lise e manuten\u00e7\u00e3o de estruturas mar\u00edtimas, garantindo que resistam aos desafios do ambiente oce\u00e2nico. Isso abrange desde cascos de navios a plataformas offshore. O design de estruturas oce\u00e2nicas envolve a cria\u00e7\u00e3o de cascos e plataformas robustos e eficientes, considerando fatores como resist\u00eancia, estabilidade, carga e condi\u00e7\u00f5es ambientais. Otimizar o arranjo e os materiais para garantir desempenho seguro e eficiente ao longo da vida \u00fatil da estrutura \u00e9 o objetivo.<\/span><\/p>\n<p><span style=\"font-weight: 400;\">A an\u00e1lise de integridade estrutural visa a avaliar o comportamento das estruturas sob diferentes condi\u00e7\u00f5es de carga, levando em considera\u00e7\u00e3o aspectos como fadiga, corros\u00e3o, bem como impactos ambientais. Isso garante que as estruturas se mantenham seguras ao operarem, mesmo diante de condi\u00e7\u00f5es adversas. Neste contexto, deve-se ter sempre em mente as condi\u00e7\u00f5es vari\u00e1veis do mar. A intera\u00e7\u00e3o entre ondas, correntes e ventos demanda uma abordagem especializada para garantir a durabilidade e a seguran\u00e7a dessas estruturas.<\/span><\/p>\n<p><span style=\"font-weight: 400;\">Ao garantir a integridade estrutural, contribui-se para a sustentabilidade da ind\u00fastria naval, pois, assim, garante-se o prolongamento da vida \u00fatil das estruturas e a minimiza\u00e7\u00e3o de impactos. A pesquisa nessa \u00e1rea busca constantemente as inova\u00e7\u00f5es em materiais e t\u00e9cnicas de constru\u00e7\u00e3o para atender aos padr\u00f5es mais rigorosos de seguran\u00e7a e efici\u00eancia.<\/span><\/p>\n<p><span style=\"font-weight: 400;\">Para o p\u00f3s-graduando, esse campo oferece a oportunidade de aprofundar conhecimentos t\u00e9cnicos e pr\u00e1ticos, j\u00e1 que participar\u00e1 ativamente do desenvolvimento de solu\u00e7\u00f5es avan\u00e7adas para os desafios presentes e futuros dado o contexto nacional. A integridade estrutural \u00e9 a espinha dorsal da seguran\u00e7a das estruturas oce\u00e2nicas, e sua compreens\u00e3o \u00e9 essencial para aqueles que buscam destacar-se nesta \u00e1rea especializada. No PNV, essa linha de pesquisa est\u00e1 inserida em um ambiente din\u00e2mico e inovador dedicado \u00e0 descri\u00e7\u00e3o das estruturas mar\u00edtimas, com foco especial nas demandas nacionais.<\/span><\/p>\n<h2>Objetivo:<\/h2>\n<p><span style=\"font-weight: 400;\">O programa tem como principal objetivo aprimorar a compreens\u00e3o das estruturas flutuantes, desenvolvendo solu\u00e7\u00f5es em simula\u00e7\u00f5es num\u00e9ricas e avalia\u00e7\u00f5es de integridade tendo em mente o compromisso em contribuir para o fortalecimento da engenharia naval brasileira. Para isso, as disciplinas oferecem conhecimentos t\u00e9cnicos s\u00f3lidos, pr\u00e1ticos e essenciais.<\/span><\/p>\n<h2>Forma\u00e7\u00e3o dos p\u00f3s-graduandos:<\/h2>\n<p><span style=\"font-weight: 400;\">Ao ingressar nesta Linha de Pesquisa, os estudantes t\u00eam a oportunidade de trabalhar em projetos que t\u00eam um impacto real na ind\u00fastria mar\u00edtima brasileira, contribuindo para o desenvolvimento e a seguran\u00e7a das opera\u00e7\u00f5es. As disciplinas oferecidas para esta linha de pesquisa s\u00e3o:<\/span><\/p>\n<ul>\n<li><a href=\"https:\/\/uspdigital.usp.br\/janus\/componente\/catalogoDisciplinasInicial.jsf?action=3&amp;sgldis=PNV5008\" target=\"_blank\" rel=\"noopener\">PNV5008 &#8211; T\u00f3picos Avan\u00e7ados em Mec\u00e2nica da Fratura e Aplica\u00e7\u00f5es \u00e0 Integridade Estrutural de Componentes de Engenharia<\/a><\/li>\n<li><a href=\"https:\/\/uspdigital.usp.br\/janus\/componente\/catalogoDisciplinasInicial.jsf?action=3&amp;sgldis=PNV5101\" target=\"_blank\" rel=\"noopener\">PNV5101 &#8211; Fadiga de Materiais Estruturais: Fundamentos e Aplica\u00e7\u00f5es<\/a><\/li>\n<li><a href=\"https:\/\/uspdigital.usp.br\/janus\/componente\/catalogoDisciplinasInicial.jsf?action=3&amp;sgldis=PNV5102\" target=\"_blank\" rel=\"noopener\">PNV5102 &#8211; Fundamentos de Mec\u00e2nica da Fratura Aplicada \u00e0 Integridade Estrutural<\/a><\/li>\n<li><a href=\"https:\/\/uspdigital.usp.br\/janus\/componente\/catalogoDisciplinasInicial.jsf?action=3&amp;sgldis=PNV5304\" target=\"_blank\" rel=\"noopener\">PNV5304 &#8211; Geometria Diferencial Aplicada \u00e0 Mec\u00e2nica do Cont\u00ednuo<\/a><\/li>\n<li><a href=\"https:\/\/uspdigital.usp.br\/janus\/componente\/catalogoDisciplinasInicial.jsf?action=3&amp;sgldis=PNV6000\" target=\"_blank\" rel=\"noopener\">PNV6000 &#8211; Risers e Tubula\u00e7\u00f5es Mar\u00edtimos<\/a><\/li>\n<\/ul>\n","protected":false},"excerpt":{"rendered":"<p>A \u00e1rea de Estruturas Oce\u00e2nicas e Integridade Estrutural concentra-se no design, an\u00e1lise e manuten\u00e7\u00e3o de estruturas mar\u00edtimas, garantindo que resistam aos desafios do ambiente oce\u00e2nico. Isso abrange desde cascos de navios a plataformas offshore. O design de estruturas oce\u00e2nicas envolve a cria\u00e7\u00e3o de cascos e plataformas robustos e eficientes, considerando fatores como resist\u00eancia, estabilidade, carga<a href=\"https:\/\/sites.usp.br\/ppgen\/estruturas-oceanicas-e-integridade-estrutural\/\">[&#8230;]<\/a><\/p>\n","protected":false},"author":23876,"featured_media":0,"parent":0,"menu_order":2,"comment_status":"closed","ping_status":"closed","template":"","meta":{"footnotes":"","_links_to":"","_links_to_target":""},"class_list":["post-326","page","type-page","status-publish","hentry"],"_links":{"self":[{"href":"https:\/\/sites.usp.br\/ppgen\/wp-json\/wp\/v2\/pages\/326","targetHints":{"allow":["GET"]}}],"collection":[{"href":"https:\/\/sites.usp.br\/ppgen\/wp-json\/wp\/v2\/pages"}],"about":[{"href":"https:\/\/sites.usp.br\/ppgen\/wp-json\/wp\/v2\/types\/page"}],"author":[{"embeddable":true,"href":"https:\/\/sites.usp.br\/ppgen\/wp-json\/wp\/v2\/users\/23876"}],"replies":[{"embeddable":true,"href":"https:\/\/sites.usp.br\/ppgen\/wp-json\/wp\/v2\/comments?post=326"}],"version-history":[{"count":4,"href":"https:\/\/sites.usp.br\/ppgen\/wp-json\/wp\/v2\/pages\/326\/revisions"}],"predecessor-version":[{"id":707,"href":"https:\/\/sites.usp.br\/ppgen\/wp-json\/wp\/v2\/pages\/326\/revisions\/707"}],"wp:attachment":[{"href":"https:\/\/sites.usp.br\/ppgen\/wp-json\/wp\/v2\/media?parent=326"}],"curies":[{"name":"wp","href":"https:\/\/api.w.org\/{rel}","templated":true}]}}