{"id":339,"date":"2024-01-04T21:36:27","date_gmt":"2024-01-04T23:36:27","guid":{"rendered":"https:\/\/sites.usp.br\/ppgen\/?page_id=339"},"modified":"2025-12-24T10:43:39","modified_gmt":"2025-12-24T13:43:39","slug":"etica_filosofia_tecnologia","status":"publish","type":"page","link":"https:\/\/sites.usp.br\/ppgen\/etica_filosofia_tecnologia\/","title":{"rendered":"\u00c9tica e Filosofia da Tecnologia"},"content":{"rendered":"<p><span style=\"font-weight: 400;\">Esta linha de pesquisa investiga criticamente a tecnologia e a engenharia como pr\u00e1ticas humanas carregadas de valores, significados e consequ\u00eancias sociais, ambientais e culturais. Partindo de fundamentos da \u00e9tica aplicada, da filosofia da tecnologia e de abordagens filos\u00f3ficas interdisciplinares, a linha examina como decis\u00f5es t\u00e9cnicas incorporam pressupostos morais, distribuem riscos e benef\u00edcios e moldam formas de vida. S\u00e3o explorados temas como responsabilidade profissional, inova\u00e7\u00e3o respons\u00e1vel, sustentabilidade, design orientado por valores, an\u00e1lise \u00e9tica de riscos, e o papel do engenheiro na constru\u00e7\u00e3o de tecnologias com prop\u00f3sito. A pesquisa articula teoria e pr\u00e1tica por meio da an\u00e1lise de estudos de caso, c\u00f3digos de conduta, teorias \u00e9ticas normativas e ferramentas filos\u00f3ficas para avalia\u00e7\u00e3o cr\u00edtica de sistemas tecnol\u00f3gicos ao longo de todo o seu ciclo de vida.<\/span><\/p>\n<h2>Objetivo:<\/h2>\n<p>O objetivo desta linha de pesquisa \u00e9 desenvolver referenciais te\u00f3ricos e anal\u00edticos que capacitem engenheiros e pesquisadores a compreender, avaliar e orientar o desenvolvimento tecnol\u00f3gico de forma \u00e9tica, cr\u00edtica e socialmente respons\u00e1vel. Busca-se contribuir para a forma\u00e7\u00e3o e produ\u00e7\u00e3o de conhecimento que integre significado, prop\u00f3sito e consci\u00eancia aos processos de concep\u00e7\u00e3o, projeto e implementa\u00e7\u00e3o de tecnologias, promovendo a sustentabilidade, a inova\u00e7\u00e3o respons\u00e1vel e uma distribui\u00e7\u00e3o justa de riscos e benef\u00edcios. A linha visa, assim, fortalecer o papel da engenharia como pr\u00e1tica comprometida com a qualidade da vida humana e com o bem comum, ampliando a capacidade reflexiva dos profissionais diante dos desafios contempor\u00e2neos da tecnologia.<\/p>\n<h2>Forma\u00e7\u00e3o dos p\u00f3s-graduandos:<\/h2>\n<p><span style=\"font-weight: 400;\">As disciplinas oferecidas s\u00e3o:<\/span><\/p>\n<ul>\n<li aria-level=\"1\"><a href=\"https:\/\/uspdigital.usp.br\/janus\/componente\/catalogoDisciplinasInicial.jsf?action=3&amp;sgldis=PNV5050\" target=\"_blank\" rel=\"noopener\">PNV5050 &#8211; \u00c9tica e Responsabilidade na Tecnologia e Engenharia<\/a><\/li>\n<li aria-level=\"1\"><a href=\"https:\/\/uspdigital.usp.br\/janus\/componente\/catalogoDisciplinasInicial.jsf?action=3&amp;sgldis=PNV5051\" target=\"_blank\" rel=\"noopener\">PNV5051 &#8211; Filosofia da Tecnologia e Engenharia<\/a><\/li>\n<li aria-level=\"1\"><a href=\"https:\/\/uspdigital.usp.br\/janus\/componente\/catalogoDisciplinasInicial.jsf?action=3&amp;sgldis=PNV5052\" target=\"_blank\" rel=\"noopener\">PNV5052 &#8211; Uma Abordagem Filos\u00f3fica para a An\u00e1lise Cr\u00edtica em Engenharia<\/a><\/li>\n<li aria-level=\"1\"><a href=\"https:\/\/uspdigital.usp.br\/janus\/componente\/catalogoDisciplinasInicial.jsf?action=3&amp;sgldis=PNV5302\" target=\"_blank\" rel=\"noopener\">PNV5302 &#8211; \u00c9tica e Filosofia da Tecnologia<\/a><\/li>\n<\/ul>\n","protected":false},"excerpt":{"rendered":"<p>Esta linha de pesquisa investiga criticamente a tecnologia e a engenharia como pr\u00e1ticas humanas carregadas de valores, significados e consequ\u00eancias sociais, ambientais e culturais. Partindo de fundamentos da \u00e9tica aplicada, da filosofia da tecnologia e de abordagens filos\u00f3ficas interdisciplinares, a linha examina como decis\u00f5es t\u00e9cnicas incorporam pressupostos morais, distribuem riscos e benef\u00edcios e moldam formas<a href=\"https:\/\/sites.usp.br\/ppgen\/etica_filosofia_tecnologia\/\">[&#8230;]<\/a><\/p>\n","protected":false},"author":23876,"featured_media":0,"parent":0,"menu_order":6,"comment_status":"closed","ping_status":"closed","template":"","meta":{"footnotes":"","_links_to":"","_links_to_target":""},"class_list":["post-339","page","type-page","status-publish","hentry"],"_links":{"self":[{"href":"https:\/\/sites.usp.br\/ppgen\/wp-json\/wp\/v2\/pages\/339","targetHints":{"allow":["GET"]}}],"collection":[{"href":"https:\/\/sites.usp.br\/ppgen\/wp-json\/wp\/v2\/pages"}],"about":[{"href":"https:\/\/sites.usp.br\/ppgen\/wp-json\/wp\/v2\/types\/page"}],"author":[{"embeddable":true,"href":"https:\/\/sites.usp.br\/ppgen\/wp-json\/wp\/v2\/users\/23876"}],"replies":[{"embeddable":true,"href":"https:\/\/sites.usp.br\/ppgen\/wp-json\/wp\/v2\/comments?post=339"}],"version-history":[{"count":4,"href":"https:\/\/sites.usp.br\/ppgen\/wp-json\/wp\/v2\/pages\/339\/revisions"}],"predecessor-version":[{"id":964,"href":"https:\/\/sites.usp.br\/ppgen\/wp-json\/wp\/v2\/pages\/339\/revisions\/964"}],"wp:attachment":[{"href":"https:\/\/sites.usp.br\/ppgen\/wp-json\/wp\/v2\/media?parent=339"}],"curies":[{"name":"wp","href":"https:\/\/api.w.org\/{rel}","templated":true}]}}