{"id":347,"date":"2024-01-04T21:44:22","date_gmt":"2024-01-04T23:44:22","guid":{"rendered":"https:\/\/sites.usp.br\/ppgen\/?page_id=347"},"modified":"2024-02-03T19:47:08","modified_gmt":"2024-02-03T22:47:08","slug":"347-2","status":"publish","type":"page","link":"https:\/\/sites.usp.br\/ppgen\/347-2\/","title":{"rendered":"N\u00facleo em Mec\u00e2nica da Fratura e Integridade Estrutural (NAMEF)"},"content":{"rendered":"<p><span style=\"font-weight: 400;\">O N\u00facleo em Mec\u00e2nica da Fratura e Integridade Estrutural (NAMEF) da EPUSP concentra-se na pesquisa multidisciplinar de fratura e fadiga de materiais estruturais, com destaque para m\u00e9todos de avalia\u00e7\u00e3o de defeitos e integridade mec\u00e2nica em estruturas cr\u00edticas. Os projetos atuais impactam diretamente opera\u00e7\u00f5es seguras e decis\u00f5es de reparos em estruturas como vasos de press\u00e3o, dutos, gasodutos e plataformas de petr\u00f3leo.<\/span><\/p>\n<p><span style=\"font-weight: 400;\">A pesquisa visa a desenvolver procedimentos robustos para an\u00e1lises de integridade estrutural e avalia\u00e7\u00e3o de criticidade de defeitos (ECA\/FFS). Essa abordagem \u00e9 crucial para o projeto, manuten\u00e7\u00e3o e seguran\u00e7a operacional de instala\u00e7\u00f5es industriais diversas, incluindo dutos, risers, plataformas de petr\u00f3leo, plantas petroqu\u00edmicas e reatores nucleares.<\/span><\/p>\n<p><span style=\"font-weight: 400;\">As linhas de investiga\u00e7\u00e3o incluem modelagem micromec\u00e2nica da fratura, mec\u00e2nica da fratura e fadiga, an\u00e1lise computacional de fratura e an\u00e1lise de integridade estrutural de dutos e risers para transporte de g\u00e1s e petr\u00f3leo, comportamento \u00e0 fratura de juntas soldadas e o desenvolvimento do programa FRACTUS2D.<\/span><\/p>\n<p><span style=\"font-weight: 400;\"># Incluir fotos<\/span><\/p>\n<p><span style=\"font-weight: 400;\">Coordenado pelo Prof. Dr. Claudio Ruggieri, que possui ampla experi\u00eancia internacional e \u00e9 autor de contribui\u00e7\u00f5es significativas, o NAMEF \u00e9 refer\u00eancia na \u00e1rea. Atuando como consultor em Mec\u00e2nica da Fratura e An\u00e1lise de Integridade Estrutural para empresas como PETROBR\u00c1S, Tenaris-Confab e Gerdau A\u00e7ominas, o Prof. Ruggieri tamb\u00e9m \u00e9 docente e coordenador de cursos de especializa\u00e7\u00e3o em Mec\u00e2nica da Fratura Aplicada \u00e0 An\u00e1lise de Integridade Estrutural.<\/span><\/p>\n<p><span style=\"font-weight: 400;\">Para mais informa\u00e7\u00f5es, acesse o site atrav\u00e9s do link: <a href=\"http:\/\/www.usp.br\/namef\/\" target=\"_blank\" rel=\"noopener\">acesso<\/a>.<\/span><\/p>\n","protected":false},"excerpt":{"rendered":"<p>O N\u00facleo em Mec\u00e2nica da Fratura e Integridade Estrutural (NAMEF) da EPUSP concentra-se na pesquisa multidisciplinar de fratura e fadiga de materiais estruturais, com destaque para m\u00e9todos de avalia\u00e7\u00e3o de defeitos e integridade mec\u00e2nica em estruturas cr\u00edticas. Os projetos atuais impactam diretamente opera\u00e7\u00f5es seguras e decis\u00f5es de reparos em estruturas como vasos de press\u00e3o, dutos,<a href=\"https:\/\/sites.usp.br\/ppgen\/347-2\/\">[&#8230;]<\/a><\/p>\n","protected":false},"author":23876,"featured_media":0,"parent":0,"menu_order":10,"comment_status":"closed","ping_status":"closed","template":"","meta":{"footnotes":"","_links_to":"","_links_to_target":""},"class_list":["post-347","page","type-page","status-publish","hentry"],"_links":{"self":[{"href":"https:\/\/sites.usp.br\/ppgen\/wp-json\/wp\/v2\/pages\/347","targetHints":{"allow":["GET"]}}],"collection":[{"href":"https:\/\/sites.usp.br\/ppgen\/wp-json\/wp\/v2\/pages"}],"about":[{"href":"https:\/\/sites.usp.br\/ppgen\/wp-json\/wp\/v2\/types\/page"}],"author":[{"embeddable":true,"href":"https:\/\/sites.usp.br\/ppgen\/wp-json\/wp\/v2\/users\/23876"}],"replies":[{"embeddable":true,"href":"https:\/\/sites.usp.br\/ppgen\/wp-json\/wp\/v2\/comments?post=347"}],"version-history":[{"count":4,"href":"https:\/\/sites.usp.br\/ppgen\/wp-json\/wp\/v2\/pages\/347\/revisions"}],"predecessor-version":[{"id":652,"href":"https:\/\/sites.usp.br\/ppgen\/wp-json\/wp\/v2\/pages\/347\/revisions\/652"}],"wp:attachment":[{"href":"https:\/\/sites.usp.br\/ppgen\/wp-json\/wp\/v2\/media?parent=347"}],"curies":[{"name":"wp","href":"https:\/\/api.w.org\/{rel}","templated":true}]}}