{"id":350,"date":"2024-01-04T21:46:06","date_gmt":"2024-01-04T23:46:06","guid":{"rendered":"https:\/\/sites.usp.br\/ppgen\/?page_id=350"},"modified":"2024-02-03T19:43:14","modified_gmt":"2024-02-03T22:43:14","slug":"otto","status":"publish","type":"page","link":"https:\/\/sites.usp.br\/ppgen\/otto\/","title":{"rendered":"OTTO"},"content":{"rendered":"<p><span style=\"font-weight: 400;\">O laborat\u00f3rio OTTO \u00e9 um grupo de pesquisa situado no Departamento de Engenharia Naval e Oce\u00e2nica (PNV) da Escola Polit\u00e9cnica da Universidade de S\u00e3o Paulo (Poli-USP). O foco do laborat\u00f3rio est\u00e1 na otimiza\u00e7\u00e3o de forma e topologia de problemas <em>multiphysics<\/em>, com expertise em intera\u00e7\u00e3o ac\u00fastica e fluido-estrutura, estresse mec\u00e2nico e din\u00e2mica de fluidos aplicados a estruturas offshore, sistemas de energia e mitiga\u00e7\u00e3o de CO2. O laborat\u00f3rio desenvolveu o m\u00e9todo TOBS, uma abordagem de otimiza\u00e7\u00e3o topol\u00f3gica atrav\u00e9s de programa\u00e7\u00e3o linear inteira sequencial. Os t\u00f3picos de pesquisa incluem:<\/span><\/p>\n<ul>\n<li style=\"font-weight: 400;\" aria-level=\"1\"><span style=\"font-weight: 400;\">Otimiza\u00e7\u00e3o topol\u00f3gica usando programa\u00e7\u00e3o linear inteira sequencial: <\/span><i><span style=\"font-weight: 400;\">Topology optimization using sequential integer linear programming<\/span><\/i><span style=\"font-weight: 400;\"> (TOBS) \u00e9 um m\u00e9todo de otimiza\u00e7\u00e3o topol\u00f3gica baseado em gradientes que emprega vari\u00e1veis de design bin\u00e1rias e programa\u00e7\u00e3o matem\u00e1tica formal. M\u00e9todos convencionais de otimiza\u00e7\u00e3o topol\u00f3gica geralmente apresentam detalhes de cantos acentuados, propensos a problemas num\u00e9ricos em simula\u00e7\u00f5es complexas. Nesse sentido, s\u00e3o explorados procedimentos de suaviza\u00e7\u00e3o de contorno para ampliar as op\u00e7\u00f5es de design, incluindo aspectos est\u00e9ticos.<\/span><\/li>\n<li style=\"font-weight: 400;\" aria-level=\"1\"><span style=\"font-weight: 400;\">Otimiza\u00e7\u00e3o de forma e topologia de problemas de intera\u00e7\u00e3o fluido-estrutura: A incorpora\u00e7\u00e3o de grandes deslocamentos no problema de otimiza\u00e7\u00e3o possibilita solu\u00e7\u00f5es mais pr\u00f3ximas de um design realista, dado que sistemas estruturais demandam respostas n\u00e3o lineares em condi\u00e7\u00f5es reais de opera\u00e7\u00e3o. A maior parte dos estudos na literatura <\/span><i><span style=\"font-weight: 400;\">Topology optimization of Fluid-Structure Interaction <\/span><\/i><span style=\"font-weight: 400;\">(TO-FSI) considera fluxo laminar, distante de aplica\u00e7\u00f5es pr\u00e1ticas. Nesse contexto, prop\u00f5e-se o m\u00e9todo TOBS-GT integrado a uma t\u00e9cnica de suaviza\u00e7\u00e3o baseada em uma fun\u00e7\u00e3o de campo de fase para abordar o problema turbulento de intera\u00e7\u00e3o fluido-estrutura.<\/span><\/li>\n<\/ul>\n<p><span style=\"font-weight: 400;\">Para mais informa\u00e7\u00f5es, acesse o site atrav\u00e9s do link: <a href=\"https:\/\/sites.usp.br\/ottolab\/\" target=\"_blank\" rel=\"noopener\">acesso<\/a>.<\/span><\/p>\n","protected":false},"excerpt":{"rendered":"<p>O laborat\u00f3rio OTTO \u00e9 um grupo de pesquisa situado no Departamento de Engenharia Naval e Oce\u00e2nica (PNV) da Escola Polit\u00e9cnica da Universidade de S\u00e3o Paulo (Poli-USP). O foco do laborat\u00f3rio est\u00e1 na otimiza\u00e7\u00e3o de forma e topologia de problemas multiphysics, com expertise em intera\u00e7\u00e3o ac\u00fastica e fluido-estrutura, estresse mec\u00e2nico e din\u00e2mica de fluidos aplicados a<a href=\"https:\/\/sites.usp.br\/ppgen\/otto\/\">[&#8230;]<\/a><\/p>\n","protected":false},"author":23876,"featured_media":0,"parent":0,"menu_order":11,"comment_status":"closed","ping_status":"closed","template":"","meta":{"footnotes":"","_links_to":"","_links_to_target":""},"class_list":["post-350","page","type-page","status-publish","hentry"],"_links":{"self":[{"href":"https:\/\/sites.usp.br\/ppgen\/wp-json\/wp\/v2\/pages\/350","targetHints":{"allow":["GET"]}}],"collection":[{"href":"https:\/\/sites.usp.br\/ppgen\/wp-json\/wp\/v2\/pages"}],"about":[{"href":"https:\/\/sites.usp.br\/ppgen\/wp-json\/wp\/v2\/types\/page"}],"author":[{"embeddable":true,"href":"https:\/\/sites.usp.br\/ppgen\/wp-json\/wp\/v2\/users\/23876"}],"replies":[{"embeddable":true,"href":"https:\/\/sites.usp.br\/ppgen\/wp-json\/wp\/v2\/comments?post=350"}],"version-history":[{"count":2,"href":"https:\/\/sites.usp.br\/ppgen\/wp-json\/wp\/v2\/pages\/350\/revisions"}],"predecessor-version":[{"id":650,"href":"https:\/\/sites.usp.br\/ppgen\/wp-json\/wp\/v2\/pages\/350\/revisions\/650"}],"wp:attachment":[{"href":"https:\/\/sites.usp.br\/ppgen\/wp-json\/wp\/v2\/media?parent=350"}],"curies":[{"name":"wp","href":"https:\/\/api.w.org\/{rel}","templated":true}]}}