{"id":356,"date":"2024-01-04T21:50:04","date_gmt":"2024-01-04T23:50:04","guid":{"rendered":"https:\/\/sites.usp.br\/ppgen\/?page_id=356"},"modified":"2024-02-03T19:45:00","modified_gmt":"2024-02-03T22:45:00","slug":"lab-transportes","status":"publish","type":"page","link":"https:\/\/sites.usp.br\/ppgen\/lab-transportes\/","title":{"rendered":"RouteLab"},"content":{"rendered":"<p><span style=\"font-weight: 400;\">O RouteLab &#8211; <strong>R<\/strong>esearch on <strong>O<\/strong>ptimization, Sim<strong>u<\/strong>lation, <strong>T<\/strong>ransportation and <strong>E<\/strong>nvironment \u00e9 um grupo de pesquisa situado no Departamento de Engenharia Naval e Oce\u00e2nica (PNV) da Escola Polit\u00e9cnica da Universidade de S\u00e3o Paulo (Poli-USP), especializado em pesquisa na \u00e1rea de otimiza\u00e7\u00e3o para o planejamento de sistemas de transportes sustent\u00e1veis.<\/span><\/p>\n<p><span style=\"font-weight: 400;\">O objetivo do RouteLab \u00e9 desenvolver conhecimento avan\u00e7ado no planejamento de sistemas multimodais de transportes, com especial aten\u00e7\u00e3o ao modal aquavi\u00e1rio e ao planejamento estrat\u00e9gico e operacional de terminais portu\u00e1rios e multimodais. Seu foco est\u00e1 em realizar estudos, pesquisas e projetos que abordem a modelagem e otimiza\u00e7\u00e3o de sistemas log\u00edsticos, englobando aspectos operacionais, econ\u00f4micos, sociais e ambientais, sempre orientados por uma vis\u00e3o de sustentabilidade.<\/span><\/p>\n<p><span style=\"font-weight: 400;\">Para mais informa\u00e7\u00f5es, acesse o site atrav\u00e9s do link: <a href=\"https:\/\/sites.usp.br\/route\/\" target=\"_blank\" rel=\"noopener\">acesso<\/a>.<\/span><\/p>\n","protected":false},"excerpt":{"rendered":"<p>O RouteLab &#8211; Research on Optimization, Simulation, Transportation and Environment \u00e9 um grupo de pesquisa situado no Departamento de Engenharia Naval e Oce\u00e2nica (PNV) da Escola Polit\u00e9cnica da Universidade de S\u00e3o Paulo (Poli-USP), especializado em pesquisa na \u00e1rea de otimiza\u00e7\u00e3o para o planejamento de sistemas de transportes sustent\u00e1veis. O objetivo do RouteLab \u00e9 desenvolver conhecimento<a href=\"https:\/\/sites.usp.br\/ppgen\/lab-transportes\/\">[&#8230;]<\/a><\/p>\n","protected":false},"author":23876,"featured_media":0,"parent":0,"menu_order":13,"comment_status":"closed","ping_status":"closed","template":"","meta":{"footnotes":"","_links_to":"","_links_to_target":""},"class_list":["post-356","page","type-page","status-publish","hentry"],"_links":{"self":[{"href":"https:\/\/sites.usp.br\/ppgen\/wp-json\/wp\/v2\/pages\/356","targetHints":{"allow":["GET"]}}],"collection":[{"href":"https:\/\/sites.usp.br\/ppgen\/wp-json\/wp\/v2\/pages"}],"about":[{"href":"https:\/\/sites.usp.br\/ppgen\/wp-json\/wp\/v2\/types\/page"}],"author":[{"embeddable":true,"href":"https:\/\/sites.usp.br\/ppgen\/wp-json\/wp\/v2\/users\/23876"}],"replies":[{"embeddable":true,"href":"https:\/\/sites.usp.br\/ppgen\/wp-json\/wp\/v2\/comments?post=356"}],"version-history":[{"count":4,"href":"https:\/\/sites.usp.br\/ppgen\/wp-json\/wp\/v2\/pages\/356\/revisions"}],"predecessor-version":[{"id":625,"href":"https:\/\/sites.usp.br\/ppgen\/wp-json\/wp\/v2\/pages\/356\/revisions\/625"}],"wp:attachment":[{"href":"https:\/\/sites.usp.br\/ppgen\/wp-json\/wp\/v2\/media?parent=356"}],"curies":[{"name":"wp","href":"https:\/\/api.w.org\/{rel}","templated":true}]}}