{"id":360,"date":"2024-01-04T21:53:38","date_gmt":"2024-01-04T23:53:38","guid":{"rendered":"https:\/\/sites.usp.br\/ppgen\/?page_id=360"},"modified":"2024-02-03T19:49:04","modified_gmt":"2024-02-03T22:49:04","slug":"offshore-technology-innovation-centre-otic","status":"publish","type":"page","link":"https:\/\/sites.usp.br\/ppgen\/offshore-technology-innovation-centre-otic\/","title":{"rendered":"Offshore Technology Innovation Centre (OTIC)"},"content":{"rendered":"<p><strong>Conte\u00fado em elabora\u00e7\u00e3o.<\/strong><\/p>\n<p><span style=\"font-weight: 400;\">Para mais informa\u00e7\u00f5es, acesse o site atrav\u00e9s do link: <a href=\"https:\/\/sites.usp.br\/otic\/\" target=\"_blank\" rel=\"noopener\">acesso<\/a>. <\/span><\/p>\n","protected":false},"excerpt":{"rendered":"<p>Conte\u00fado em elabora\u00e7\u00e3o. Para mais informa\u00e7\u00f5es, acesse o site atrav\u00e9s do link: acesso.<\/p>\n","protected":false},"author":23876,"featured_media":0,"parent":0,"menu_order":15,"comment_status":"closed","ping_status":"closed","template":"","meta":{"footnotes":"","_links_to":"","_links_to_target":""},"class_list":["post-360","page","type-page","status-publish","hentry"],"_links":{"self":[{"href":"https:\/\/sites.usp.br\/ppgen\/wp-json\/wp\/v2\/pages\/360","targetHints":{"allow":["GET"]}}],"collection":[{"href":"https:\/\/sites.usp.br\/ppgen\/wp-json\/wp\/v2\/pages"}],"about":[{"href":"https:\/\/sites.usp.br\/ppgen\/wp-json\/wp\/v2\/types\/page"}],"author":[{"embeddable":true,"href":"https:\/\/sites.usp.br\/ppgen\/wp-json\/wp\/v2\/users\/23876"}],"replies":[{"embeddable":true,"href":"https:\/\/sites.usp.br\/ppgen\/wp-json\/wp\/v2\/comments?post=360"}],"version-history":[{"count":2,"href":"https:\/\/sites.usp.br\/ppgen\/wp-json\/wp\/v2\/pages\/360\/revisions"}],"predecessor-version":[{"id":654,"href":"https:\/\/sites.usp.br\/ppgen\/wp-json\/wp\/v2\/pages\/360\/revisions\/654"}],"wp:attachment":[{"href":"https:\/\/sites.usp.br\/ppgen\/wp-json\/wp\/v2\/media?parent=360"}],"curies":[{"name":"wp","href":"https:\/\/api.w.org\/{rel}","templated":true}]}}