{"id":480,"date":"2024-01-09T13:57:44","date_gmt":"2024-01-09T15:57:44","guid":{"rendered":"https:\/\/sites.usp.br\/ppgen\/?page_id=480"},"modified":"2024-02-13T16:42:14","modified_gmt":"2024-02-13T19:42:14","slug":"regulamento-do-programa-de-engenharia-naval-e-oceanica","status":"publish","type":"page","link":"https:\/\/sites.usp.br\/ppgen\/regulamento-do-programa-de-engenharia-naval-e-oceanica\/","title":{"rendered":"Regulamento do Programa de Engenharia Naval e Oce\u00e2nica"},"content":{"rendered":"<p>O Regulamento do Programa de Engenharia Naval e Oce\u00e2nica, Resolu\u00e7\u00e3o CoPGr n\u00ba 7842, de 03 de Outubro de 2019,\u00a0 pode ser encontrado no site de Normas da USP (<a href=\"https:\/\/leginf.usp.br\/?resolucao=resolucao-copgr-no-7842-de-03-de-outubro-de-2019\" target=\"_blank\" rel=\"noopener\">acesso<\/a>).<\/p>\n<p>&nbsp;<\/p>\n","protected":false},"excerpt":{"rendered":"<p>O Regulamento do Programa de Engenharia Naval e Oce\u00e2nica, Resolu\u00e7\u00e3o CoPGr n\u00ba 7842, de 03 de Outubro de 2019,\u00a0 pode ser encontrado no site de Normas da USP (acesso). &nbsp;<\/p>\n","protected":false},"author":23876,"featured_media":0,"parent":0,"menu_order":18,"comment_status":"closed","ping_status":"closed","template":"","meta":{"footnotes":"","_links_to":"","_links_to_target":""},"class_list":["post-480","page","type-page","status-publish","hentry"],"_links":{"self":[{"href":"https:\/\/sites.usp.br\/ppgen\/wp-json\/wp\/v2\/pages\/480","targetHints":{"allow":["GET"]}}],"collection":[{"href":"https:\/\/sites.usp.br\/ppgen\/wp-json\/wp\/v2\/pages"}],"about":[{"href":"https:\/\/sites.usp.br\/ppgen\/wp-json\/wp\/v2\/types\/page"}],"author":[{"embeddable":true,"href":"https:\/\/sites.usp.br\/ppgen\/wp-json\/wp\/v2\/users\/23876"}],"replies":[{"embeddable":true,"href":"https:\/\/sites.usp.br\/ppgen\/wp-json\/wp\/v2\/comments?post=480"}],"version-history":[{"count":3,"href":"https:\/\/sites.usp.br\/ppgen\/wp-json\/wp\/v2\/pages\/480\/revisions"}],"predecessor-version":[{"id":760,"href":"https:\/\/sites.usp.br\/ppgen\/wp-json\/wp\/v2\/pages\/480\/revisions\/760"}],"wp:attachment":[{"href":"https:\/\/sites.usp.br\/ppgen\/wp-json\/wp\/v2\/media?parent=480"}],"curies":[{"name":"wp","href":"https:\/\/api.w.org\/{rel}","templated":true}]}}