{"id":483,"date":"2024-01-09T14:01:22","date_gmt":"2024-01-09T16:01:22","guid":{"rendered":"https:\/\/sites.usp.br\/ppgen\/?page_id=483"},"modified":"2024-02-09T12:06:49","modified_gmt":"2024-02-09T15:06:49","slug":"faq","status":"publish","type":"page","link":"https:\/\/sites.usp.br\/ppgen\/faq\/","title":{"rendered":"FAQ"},"content":{"rendered":"<p><span style=\"font-weight: 400;\">Seguem algumas <strong>perguntas frequentes relativas ao Programa de P\u00f3s-gradua\u00e7\u00e3o<\/strong> em Engenharia Naval e Oce\u00e2nica (PNV). Caso sua d\u00favida n\u00e3o conste abaixo, n\u00e3o hesite em entrar em contato com a secretaria acessando a p\u00e1gina &#8220;Contato&#8221; atrav\u00e9s deste <a href=\"https:\/\/sites.usp.br\/ppgen\/contato\/\">link<\/a>.<\/span><\/p>\n<ol>\n<li><strong><b>Como posso me inscrever no programa de P\u00f3s-gradua\u00e7\u00e3o em Engenharia Naval e Oce\u00e2nica da USP?<\/b><\/strong>\n<ul>\n<li>R: <span style=\"font-weight: 400;\">O processo de inscri\u00e7\u00e3o \u00e9 realizado atrav\u00e9s do e-mail <\/span><a href=\"mailto:lcamilo@usp.br\"><span style=\"font-weight: 400;\">lcamilo@usp.br<\/span><\/a><span style=\"font-weight: 400;\">. Consulte as p\u00e1ginas &#8220;<a href=\"https:\/\/sites.usp.br\/ppgen\/edital\/\">Edital<\/a>&#8221; e &#8220;<a href=\"https:\/\/sites.usp.br\/ppgen\/calendario\/\">Calend\u00e1rio<\/a>&#8221; para obter informa\u00e7\u00f5es detalhadas sobre os requisitos e procedimentos.<\/span><\/li>\n<\/ul>\n<\/li>\n<li><b>Quais s\u00e3o os documentos necess\u00e1rios para a inscri\u00e7\u00e3o?<\/b>\n<ul>\n<li>R: <span style=\"font-weight: 400;\">A lista de documentos exigidos pode ser encontrada na se\u00e7\u00e3o &#8220;<a href=\"https:\/\/sites.usp.br\/ppgen\/edital\/\">Edital<\/a>&#8221; atrav\u00e9s do item &#8220;Processo Seletivo&#8221; no menu principal. Certifique-se de fornecer todos os itens solicitados para uma avalia\u00e7\u00e3o adequada.<\/span><\/li>\n<\/ul>\n<\/li>\n<li><b>Existe alguma bolsa de estudos dispon\u00edvel para alunos de P\u00f3s-gradua\u00e7\u00e3o?<\/b>\n<ul>\n<li>R: <span style=\"font-weight: 400;\">Sim, h\u00e1 possibilidades de bolsas oferecidas por ag\u00eancias de fomento e bolsas vinculadas aos projetos de pesquisa coordenados pelos professores do programa de p\u00f3s-gradua\u00e7\u00e3o. Havendo interesse por bolsa, comunicar a secretaria do Programa (<a href=\"https:\/\/sites.usp.br\/ppgen\/contato\/\">contato<\/a>) no ato da sua inscri\u00e7\u00e3o.<\/span><\/li>\n<\/ul>\n<\/li>\n<li><b>Como fa\u00e7o para agendar uma visita ao Departamento de Engenharia Naval e Oce\u00e2nica?<\/b>\n<ul>\n<li>R: <span style=\"font-weight: 400;\">Entre em contato com o departamento atrav\u00e9s dos meios indicados na se\u00e7\u00e3o &#8220;<a href=\"https:\/\/sites.usp.br\/ppgen\/contato\/\">Contato<\/a>&#8221; para agendar uma visita. Ser\u00e1 um prazer fornecer mais informa\u00e7\u00f5es sobre o programa.<\/span><\/li>\n<\/ul>\n<\/li>\n<li><b>Quais s\u00e3o as linhas de pesquisa oferecidas pelo PNV?<\/b>\n<ul>\n<li>R: <span style=\"font-weight: 400;\">Detalhes sobre as linhas de pesquisa est\u00e3o dispon\u00edveis na p\u00e1gina &#8220;<a href=\"https:\/\/sites.usp.br\/ppgen\/linhas-de-pesquisa\/\">Linhas de Pesquisa<\/a>&#8220;. Explore as \u00e1reas de interesse e identifique aquelas que melhor se alinham aos seus objetivos acad\u00eamicos e profissionais.<\/span><\/li>\n<\/ul>\n<\/li>\n<li><b>Como posso obter informa\u00e7\u00f5es sobre eventos e semin\u00e1rios promovidos pelo PNV?<\/b>\n<ul>\n<li>R: <span style=\"font-weight: 400;\">A se\u00e7\u00e3o &#8220;<a href=\"https:\/\/sites.usp.br\/ppgen\/category\/eventos\/\">Eventos<\/a>&#8221; fornece informa\u00e7\u00f5es atualizadas sobre palestras, semin\u00e1rios e eventos promovidos pelo departamento. Fique atento \u00e0s atualiza\u00e7\u00f5es para participar dessas atividades enriquecedoras.<\/span><\/li>\n<\/ul>\n<\/li>\n<li><b>Qual \u00e9 a estrutura laboratorial dispon\u00edvel para os alunos de P\u00f3s-gradua\u00e7\u00e3o?<\/b>\n<ul>\n<li>R: <span style=\"font-weight: 400;\">Consulte o item &#8220;Laborat\u00f3rios e Centros de Pesquisa&#8221; em &#8220;<a href=\"https:\/\/sites.usp.br\/ppgen\/\">Linhas de Pesquisa, Laborat\u00f3rios e Orientadores<\/a>&#8221; para obter detalhes sobre os laborat\u00f3rios dispon\u00edveis, suas instala\u00e7\u00f5es e equipamentos. Isso proporcionar\u00e1 uma vis\u00e3o abrangente das instala\u00e7\u00f5es que podem apoiar sua pesquisa.<\/span><\/li>\n<\/ul>\n<\/li>\n<li><b>Como posso entrar em contato com um orientador espec\u00edfico?<\/b>\n<ul>\n<li>R: <span style=\"font-weight: 400;\">A se\u00e7\u00e3o &#8220;<a href=\"https:\/\/sites.usp.br\/ppgen\/orientadores\/\">Orientadores<\/a>&#8221; lista os professores que atuam junto ao PPGEN. Envie um e-mail diretamente ao orientador de seu interesse para discutir poss\u00edveis orienta\u00e7\u00f5es.<\/span><\/li>\n<\/ul>\n<\/li>\n<li><b>Quais s\u00e3o os requisitos m\u00ednimos para ingressar no programa de P\u00f3s-gradua\u00e7\u00e3o em Engenharia Naval e Oce\u00e2nica da USP?<\/b>\n<ul>\n<li>R: <span style=\"font-weight: 400;\">Consulte a p\u00e1gina &#8220;<a href=\"https:\/\/sites.usp.br\/ppgen\/edital\/\">Edital<\/a>&#8221; e baixe o documento para obter informa\u00e7\u00f5es detalhadas sobre os crit\u00e9rios de admiss\u00e3o, incluindo forma\u00e7\u00e3o acad\u00eamica, experi\u00eancia e outros requisitos espec\u00edficos. Leia-o com aten\u00e7\u00e3o.<\/span><\/li>\n<\/ul>\n<\/li>\n<li><b>\u00c9 poss\u00edvel realizar interc\u00e2mbio durante o curso de P\u00f3s-gradua\u00e7\u00e3o?<\/b>\n<ul>\n<li>R: <span style=\"font-weight: 400;\">Existem diferentes formas de pleitear e viabilizar um interc\u00e2mbio acad\u00eamico na P\u00f3s-gradua\u00e7\u00e3o. O caminho mais usual \u00e9 atrav\u00e9s da inscri\u00e7\u00e3o no programa <a href=\"https:\/\/sites.usp.br\/print\/\">PRINT<\/a> da CAPES, exclusiva para alunos de doutorado. Bolsistas FAPESP, tanto de mestrado quanto de doutorado, podem ser contemplados com um per\u00edodo no exterior se assim estiver previsto em seu projeto de pesquisa. Outra forma poss\u00edvel \u00e9 ser financiado por algum projeto de pesquisa ao qual o aluno esteja vinculado. <\/span><\/li>\n<\/ul>\n<\/li>\n<li><b>Como \u00e9 o processo de sele\u00e7\u00e3o dos candidatos?<\/b>\n<ul>\n<li>R: <span style=\"font-weight: 400;\">Detalhes sobre o processo seletivo, crit\u00e9rios de avalia\u00e7\u00e3o e etapas do processo podem ser encontrados na p\u00e1gina &#8220;Processo Seletivo&#8221; &gt; \u201c<a href=\"https:\/\/sites.usp.br\/ppgen\/edital\/\">Edital<\/a>\u201d. Recomendamos a leitura atenta dessas informa\u00e7\u00f5es ao baixar o documento.<\/span><\/li>\n<\/ul>\n<\/li>\n<li><b>Existe suporte para pesquisa e participa\u00e7\u00e3o em confer\u00eancias?<\/b>\n<ul>\n<li>R: <span style=\"font-weight: 400;\">O programa incentiva a participa\u00e7\u00e3o em congressos e confer\u00eancias tanto no Brasil como no exterior. Periodicamente, a coordena\u00e7\u00e3o do Programa abre um edital para apoiar a participa\u00e7\u00e3o nestes eventos. Os alunos devem sempre estar atentos \u00e0s comunica\u00e7\u00f5es da coordena\u00e7\u00e3o.<\/span><\/li>\n<\/ul>\n<\/li>\n<li><b>Quais s\u00e3o as perspectivas de empregabilidade ap\u00f3s a conclus\u00e3o do programa?<\/b>\n<ul>\n<li>R: <span style=\"font-weight: 400;\">O departamento oferece orienta\u00e7\u00e3o profissional e mant\u00e9m parcerias com a ind\u00fastria. Explore a se\u00e7\u00e3o &#8220;<a href=\"https:\/\/sites.usp.br\/ppgen\/category\/reportagens\/\">Not\u00edcias<\/a>&#8221; para informa\u00e7\u00f5es sobre oportunidades de carreira e networking.<\/span><\/li>\n<\/ul>\n<\/li>\n<li><b>Como funciona a orienta\u00e7\u00e3o de tese durante o curso?<\/b>\n<ul>\n<li>R: A se\u00e7\u00e3o &#8220;<span style=\"font-weight: 400;\"><a href=\"https:\/\/sites.usp.br\/ppgen\/edital\/\">Edital<\/a><\/span>&#8221; o &#8220;<a href=\"https:\/\/sites.usp.br\/ppgen\/regulamento-do-programa-de-engenharia-naval-e-oceanica\/\">Regulamento\u00a0 do Programa<\/a>&#8221; fornecem detalhes sobre o processo de orienta\u00e7\u00e3o, responsabilidades do orientador e expectativas do aluno durante a pesquisa de tese.<\/li>\n<\/ul>\n<\/li>\n<li><b>\u00c9 poss\u00edvel obter informa\u00e7\u00f5es sobre ex-alunos e seus sucessos profissionais?<\/b>\n<ul>\n<li>R: Em <span style=\"font-weight: 400;\">&#8220;Depoimentos&#8221; na P\u00e1gina inicial, h\u00e1 destaques dos feitos de ex-alunos do programa. Esses perfis oferecem insights sobre trajet\u00f3rias profissionais p\u00f3s-gradua\u00e7\u00e3o.<\/span><\/li>\n<\/ul>\n<\/li>\n<li><b>Como s\u00e3o as instala\u00e7\u00f5es de moradia para estudantes de P\u00f3s-gradua\u00e7\u00e3o?<\/b>\n<ul>\n<li>R: Informa\u00e7\u00f5es sobre op\u00e7\u00f5es de moradia, incluindo alojamentos estudantis e orienta\u00e7\u00f5es sobre moradia na cidade podem ser encontradas no &#8220;<a href=\"https:\/\/prip.usp.br\/moradia\/\">Portal USP<\/a>&#8220;.<\/li>\n<\/ul>\n<\/li>\n<\/ol>\n<p>Novamente, e<span style=\"font-weight: 400;\">stas s\u00e3o algumas perguntas comuns. Caso voc\u00ea n\u00e3o encontre a resposta desejada, sinta-se \u00e0 vontade para entrar em contato conosco atrav\u00e9s dos meios dispon\u00edveis.<\/span><\/p>\n<p>&nbsp;<\/p>\n","protected":false},"excerpt":{"rendered":"<p>Seguem algumas perguntas frequentes relativas ao Programa de P\u00f3s-gradua\u00e7\u00e3o em Engenharia Naval e Oce\u00e2nica (PNV). Caso sua d\u00favida n\u00e3o conste abaixo, n\u00e3o hesite em entrar em contato com a secretaria acessando a p\u00e1gina &#8220;Contato&#8221; atrav\u00e9s deste link. Como posso me inscrever no programa de P\u00f3s-gradua\u00e7\u00e3o em Engenharia Naval e Oce\u00e2nica da USP? R: O processo<a href=\"https:\/\/sites.usp.br\/ppgen\/faq\/\">[&#8230;]<\/a><\/p>\n","protected":false},"author":23876,"featured_media":0,"parent":0,"menu_order":19,"comment_status":"closed","ping_status":"closed","template":"","meta":{"footnotes":"","_links_to":"","_links_to_target":""},"class_list":["post-483","page","type-page","status-publish","hentry"],"_links":{"self":[{"href":"https:\/\/sites.usp.br\/ppgen\/wp-json\/wp\/v2\/pages\/483","targetHints":{"allow":["GET"]}}],"collection":[{"href":"https:\/\/sites.usp.br\/ppgen\/wp-json\/wp\/v2\/pages"}],"about":[{"href":"https:\/\/sites.usp.br\/ppgen\/wp-json\/wp\/v2\/types\/page"}],"author":[{"embeddable":true,"href":"https:\/\/sites.usp.br\/ppgen\/wp-json\/wp\/v2\/users\/23876"}],"replies":[{"embeddable":true,"href":"https:\/\/sites.usp.br\/ppgen\/wp-json\/wp\/v2\/comments?post=483"}],"version-history":[{"count":5,"href":"https:\/\/sites.usp.br\/ppgen\/wp-json\/wp\/v2\/pages\/483\/revisions"}],"predecessor-version":[{"id":678,"href":"https:\/\/sites.usp.br\/ppgen\/wp-json\/wp\/v2\/pages\/483\/revisions\/678"}],"wp:attachment":[{"href":"https:\/\/sites.usp.br\/ppgen\/wp-json\/wp\/v2\/media?parent=483"}],"curies":[{"name":"wp","href":"https:\/\/api.w.org\/{rel}","templated":true}]}}