{"id":498,"date":"2024-01-09T18:00:13","date_gmt":"2024-01-09T20:00:13","guid":{"rendered":"https:\/\/sites.usp.br\/ppgen\/?page_id=498"},"modified":"2025-12-24T11:42:39","modified_gmt":"2025-12-24T14:42:39","slug":"edital","status":"publish","type":"page","link":"https:\/\/sites.usp.br\/ppgen\/edital\/","title":{"rendered":"Edital"},"content":{"rendered":"<p style=\"text-align: center;\"><b>Edital 1\/2026:<\/b><strong> Processo Seletivo para Ingresso de Alunos nos Cursos de Mestrado, Doutorado e Doutorado Direto do Programa de P\u00f3s-Gradua\u00e7\u00e3o em Engenharia Naval e Oce\u00e2nica (PPGEN).<\/strong><\/p>\n<p>A Comiss\u00e3o Coordenadora do Programa de P\u00f3s-Gradua\u00e7\u00e3o em Engenharia Naval e Oce\u00e2nica (PPGEN) da EPUSP, de acordo com o Regimento de P\u00f3s-Gradua\u00e7\u00e3o da USP, torna p\u00fablico aos interessados que est\u00e3o abertas as inscri\u00e7\u00f5es, de forma mensal, para ingresso de alunos especiais e regulares nos cursos de mestrado, doutorado e doutorado direto, de janeiro a dezembro de 2026.<\/p>\n<p><strong>1. Informa\u00e7\u00f5es Gerais e Inscri\u00e7\u00f5es<\/strong><\/p>\n<p>O Programa de P\u00f3s-Gradua\u00e7\u00e3o em Engenharia em Engenharia Naval e Oce\u00e2nica (PPGEN) da Escola Polit\u00e9cnica da Universidade de S\u00e3o Paulo oferece cursos de Mestrado e Doutorado nas seguintes \u00e1reas:<\/p>\n<ul>\n<li style=\"font-weight: 400;\" aria-level=\"1\"><i><span style=\"font-weight: 400;\">Hidrodin\u00e2mica, Din\u00e2mica e Controle de Sistemas Oce\u00e2nicos;<\/span><\/i><\/li>\n<li style=\"font-weight: 400;\" aria-level=\"1\"><i><span style=\"font-weight: 400;\">Estruturas Oce\u00e2nicas e Integridade Estrutural;<\/span><\/i><\/li>\n<li style=\"font-weight: 400;\" aria-level=\"1\"><i><span style=\"font-weight: 400;\">Projeto de Sistemas Oce\u00e2nicos, Confiabilidade e An\u00e1lise de Risco e;<\/span><\/i><\/li>\n<li style=\"font-weight: 400;\" aria-level=\"1\"><i><span style=\"font-weight: 400;\">Transportes Mar\u00edtimos e Fluvial, Planejamento Portu\u00e1rio e Log\u00edstica.<\/span><\/i><\/li>\n<\/ul>\n<p>Informa\u00e7\u00f5es sobre cursos, \u00e1reas de pesquisa, orientadores, disciplinas oferecidas, regulamentos e calend\u00e1rio est\u00e3o dispon\u00edveis em <a href=\"https:\/\/sites.usp.br\/ppgen\/\" target=\"_blank\" rel=\"noopener\">https:\/\/sites.usp.br\/ppgen\/<\/a>.<\/p>\n<p>A validade do resultado do processo seletivo \u00e9 de 2 (dois) anos. O aluno aprovado que n\u00e3o regularizar sua matr\u00edcula neste per\u00edodo ter\u00e1 que se submeter a novo processo seletivo.<\/p>\n<p><strong>1.1. Documenta\u00e7\u00e3o Necess\u00e1ria para a Inscri\u00e7\u00e3o<\/strong><\/p>\n<p>Os documentos exigidos para a inscri\u00e7\u00e3o no programa de <strong>Mestrado ou Doutorado Direto<\/strong> s\u00e3o:<\/p>\n<ol>\n<li>uma foto 3 x 4 recente.<\/li>\n<li>Hist\u00f3rico escolar de gradua\u00e7\u00e3o comprovando carga hor\u00e1ria m\u00ednima de 2.200 h.<\/li>\n<li>Prova de conclus\u00e3o de curso superior. Caso o candidato ainda n\u00e3o possua a comprova\u00e7\u00e3o de conclus\u00e3o de curso superior, o mesmo ficar\u00e1 impedido de ser inscrito como aluno regular, conforme a se\u00e7\u00e3o 1.3 deste Edital.<\/li>\n<li>Documento de identifica\u00e7\u00e3o pessoal: carteira de identidade (candidatos brasileiros) ou c\u00f3pia da folha de identifica\u00e7\u00e3o do passaporte (candidatos estrangeiros).<\/li>\n<li>Hist\u00f3rico escolar atualizado de p\u00f3s-gradua\u00e7\u00e3o, caso o aluno j\u00e1 esteja ou tenha sido matriculado em algum outro Programa de PG da USP.<\/li>\n<li>Curriculum Vitae atualizado incluindo atividades acad\u00eamicas e profissionais.<\/li>\n<li>Plano de pesquisa, conforme detalhado na se\u00e7\u00e3o 3.1 deste Edital.<\/li>\n<li>Comprova\u00e7\u00e3o de profici\u00eancia em l\u00edngua inglesa, conforme detalhado na se\u00e7\u00e3o 2 deste Edital.<\/li>\n<li>Memorial de atividades acad\u00eamicas, destacando a participa\u00e7\u00e3o em projeto de inicia\u00e7\u00e3o cient\u00edfica, a coautoria em publica\u00e7\u00f5es, a participa\u00e7\u00e3o em congressos nacionais e\/ou internacionais, e conhecimentos t\u00e9cnicos diferenciados (item necess\u00e1rio apenas para a inscri\u00e7\u00e3o em Doutorado Direto).<\/li>\n<\/ol>\n<p>Os documentos exigidos para a inscri\u00e7\u00e3o no programa de <strong>Doutorado para portadores do t\u00edtulo de Mestre<\/strong> obtido na USP ou com equival\u00eancia por ela reconhecida s\u00e3o:<\/p>\n<ol>\n<li>Uma foto 3 x 4 recente.<\/li>\n<li>Documento de identifica\u00e7\u00e3o pessoal: carteira de identidade (candidatos brasileiros) ou c\u00f3pia da folha de identifica\u00e7\u00e3o do passaporte (candidatos estrangeiros).<\/li>\n<li>Hist\u00f3rico escolar de gradua\u00e7\u00e3o comprovando carga hor\u00e1ria m\u00ednima de 2.200 h.<\/li>\n<li>Prova de conclus\u00e3o de curso superior.<\/li>\n<li>Hist\u00f3rico escolar atualizado de p\u00f3s-gradua\u00e7\u00e3o.<\/li>\n<li>Prova de portador de t\u00edtulo de Mestre outorgado por Programa de PG reconhecido pela CAPES e com nota igual ou superior a 3, ou reconhecimento de t\u00edtulo de Mestre pela USP.<\/li>\n<li>Curriculum Vitae atualizado incluindo atividades acad\u00eamicas e profissionais.<\/li>\n<li>Plano de pesquisa, conforme detalhado na se\u00e7\u00e3o 3.1 deste Edital.<\/li>\n<li>Comprova\u00e7\u00e3o de profici\u00eancia em l\u00edngua inglesa, conforme detalhado na se\u00e7\u00e3o 2 deste Edital.<\/li>\n<\/ol>\n<p><strong>1.2. Prazo e Local de Inscri\u00e7\u00e3o<\/strong><\/p>\n<p>O processo seletivo obedecer\u00e1 aos seguintes prazos:<\/p>\n<ul>\n<li>Do 1\u00b0 ao 15\u00ba dia de cada m\u00eas Per\u00edodo de inscri\u00e7\u00f5es.<\/li>\n<li>Do 20\u00ba ao 25\u00ba dia de cada m\u00eas Argui\u00e7\u00e3o (presencial ou por teleconfer\u00eancia).<\/li>\n<li>Do 26\u00ba ao 28\u00ba dia de cada m\u00eas Divulga\u00e7\u00e3o da lista de aprovados e do per\u00edodo de matr\u00edcula.<\/li>\n<\/ul>\n<p>A inscri\u00e7\u00e3o para o processo seletivo poder\u00e1 ser feita por e-mail, mediante o envio da documenta\u00e7\u00e3o indicada para o endere\u00e7o lcamilo@usp.br,\u00a0ou presencialmente, no endere\u00e7o:<\/p>\n<p>Secretaria do Departamento de Engenharia Naval e Oce\u00e2nica<br \/>\nAv. Prof. Mello Moraes, 2231<br \/>\nCidade Universit\u00e1ria<br \/>\nS\u00e3o Paulo \u2013 SP \u2013 05508-030<\/p>\n<p><strong>1.3. Outras Disposi\u00e7\u00f5es<\/strong><\/p>\n<p>De acordo com o Regimento de P\u00f3s-Gradua\u00e7\u00e3o da Universidade de S\u00e3o Paulo, os candidatos aprovados no processo seletivo dever\u00e3o apresentar, no ato da matr\u00edcula, c\u00f3pia do diploma devidamente registrado, hist\u00f3rico escolar completo ou certificado com a data de conclus\u00e3o de curso de Gradua\u00e7\u00e3o, contendo a data em que foi efetuada a cola\u00e7\u00e3o de grau, obtido em curso oficialmente reconhecido.<\/p>\n<p>Os estudantes estrangeiros que pretendem realizar estudos por mais de um ano dever\u00e3o apresentar, na Se\u00e7\u00e3o de P\u00f3s-Gradua\u00e7\u00e3o, no \u00faltimo m\u00eas de vig\u00eancia do seu visto, comprovante de haver solicitado prorroga\u00e7\u00e3o de sua estada no pa\u00eds.<\/p>\n<p>D\u00favidas sobre este Edital poder\u00e3o ser tiradas na Secretaria do Departamento de Engenharia Naval e Oce\u00e2nica, pelo telefone (11) 3091-5340 ou pelo e-mail lcamilo@usp.br.<\/p>\n<p><strong>2. Profici\u00eancia em L\u00edngua Inglesa<\/strong><\/p>\n<p>O Programa exige comprova\u00e7\u00e3o de profici\u00eancia em l\u00edngua inglesa, tanto para o Mestrado quanto para o Doutorado. Os n\u00edveis m\u00ednimos para aceita\u00e7\u00e3o destes certificados seguem os padr\u00f5es estabelecidos internacionalmente pelo <em>Common European Framework of Reference for Languages<\/em> &#8211; CEFR da seguinte forma: i) Mestrado: n\u00edvel equivalente m\u00ednimo B1; ii) Doutorado e Doutorado Direto: n\u00edvel equivalente m\u00ednimo B2.<\/p>\n<p>Para comprovar a profici\u00eancia ser\u00e3o aceitos certificados v\u00e1lidos de exames como DUOLINGO, TOEFL, IELTS, iTEP e Cambridge, conforme a pontua\u00e7\u00e3o m\u00ednima, a seguir indicada:<\/p>\n<ul>\n<li><strong>DUOLINGO<\/strong>: 75 (Mestrado) &#8211; 100 (Doutorado direto ou ap\u00f3s mestrado)<\/li>\n<li><strong>TOEFL iBT<\/strong>: 42 (Mestrado) &#8211; 72 (Doutorado direto ou ap\u00f3s mestrado)<\/li>\n<li><strong>TOEFL ITP<\/strong>: 460 (Mestrado) &#8211; 543 (Doutorado direto ou ap\u00f3s mestrado)<\/li>\n<li><strong>iTEP Academic Core<\/strong>: 2.5 (Mestrado) &#8211; 3.5 (Doutorado direto ou ap\u00f3s mestrado)<\/li>\n<li><strong>IELTS<\/strong>: 4.0 (Mestrado) &#8211; 6.0 (Doutorado direto ou ap\u00f3s mestrado)<\/li>\n<li><strong>CAMBRIDGE<\/strong>: FCE (Mestrado) &#8211; CAE ou FCE B2 (Doutorado direto ou ap\u00f3s mestrado)<\/li>\n<\/ul>\n<p>Alternativamente, poder\u00e1 ser feito o exame de profici\u00eancia aplicado pelo Centro Interdepartamental de L\u00ednguas da FFLCH-USP nos meses de junho e novembro, cujas normas est\u00e3o descritas em <a href=\"https:\/\/clinguas.fflch.usp.br\/proficiencia-de-ingles\" target=\"_blank\" rel=\"noopener\">Profici\u00eancia de Ingl\u00eas | Centro Interdepartamental de L\u00ednguas<\/a>.<\/p>\n<p>Em casos eventuais, a crit\u00e9rio da CCP, poder\u00e3o ser aceitos outros tipos de exames de profici\u00eancia em l\u00edngua inglesa.<\/p>\n<p>Ao aluno que demonstrar a profici\u00eancia em l\u00edngua inglesa no Mestrado em n\u00edvel B2, n\u00e3o ser\u00e1 exigido o exame no Doutorado.<\/p>\n<p>Alunos nativos de pa\u00edses de l\u00edngua inglesa est\u00e3o dispensados do exame de profici\u00eancia em l\u00edngua inglesa; n\u00e3o ser\u00e1 exigido comprova\u00e7\u00e3o de profici\u00eancia em l\u00edngua portuguesa para alunos estrangeiros.<\/p>\n<p><strong>2.1. A\u00e7\u00f5es Afirmativas<\/strong><\/p>\n<p>Em conson\u00e2ncia com a pol\u00edtica institucional da Universidade de S\u00e3o Paulo e com os princ\u00edpios de equidade e inclus\u00e3o, o Programa de P\u00f3s-Gradua\u00e7\u00e3o em Engenharia Naval e Oce\u00e2nica (PPGEN) adota medidas de A\u00e7\u00f5es Afirmativas destinadas a promover a amplia\u00e7\u00e3o do acesso de candidatos autodeclarados pretos, pardos e ind\u00edgenas (PPI).<\/p>\n<p>Para os candidatos que se enquadrem na categoria PPI, ser\u00e1 concedida redu\u00e7\u00e3o de 20% (vinte por cento) na pontua\u00e7\u00e3o m\u00ednima exigida para a comprova\u00e7\u00e3o de profici\u00eancia em l\u00edngua inglesa, conforme indicado:<\/p>\n<ul>\n<li><strong>DUOLINGO<\/strong>: 60 (Mestrado) &#8211; 80 (Doutorado direto ou ap\u00f3s mestrado)<\/li>\n<li><strong>TOEFL iBT<\/strong>: 34 (Mestrado) &#8211; 58 (Doutorado direto ou ap\u00f3s mestrado)<\/li>\n<li><strong>TOEFL ITP<\/strong>: 368 (Mestrado) &#8211; 435 (Doutorado direto ou ap\u00f3s mestrado)<\/li>\n<li><strong>iTEP Academic Core<\/strong>: 2.0 (Mestrado) &#8211; 2.8 (Doutorado direto ou ap\u00f3s mestrado)<\/li>\n<li><strong>IELTS<\/strong>: 3.0 (Mestrado) &#8211; 4.8 (Doutorado direto ou ap\u00f3s mestrado)<\/li>\n<li><strong>CAMBRIDGE<\/strong>: PET B1 (Mestrado) &#8211; FCE B2 (Doutorado direto ou ap\u00f3s mestrado)<\/li>\n<\/ul>\n<p>Os demais crit\u00e9rios e formas de comprova\u00e7\u00e3o de profici\u00eancia permanecem inalterados, conforme estabelecido na Se\u00e7\u00e3o 2 \u2013 Profici\u00eancia em L\u00edngua Inglesa deste Edital.<\/p>\n<p>O candidato dever\u00e1 autodeclarar-se PPI no momento da inscri\u00e7\u00e3o, anexando a Declara\u00e7\u00e3o de Autodeclara\u00e7\u00e3o \u00c9tnico-Racial conforme <a href=\"https:\/\/sites.usp.br\/ppgen\/wp-content\/uploads\/sites\/1408\/2025\/12\/Formulario-de-AutoDeclaracao-PPI.docx\" target=\"_blank\" rel=\"noopener\">modelo disponibilizado no site do Programa<\/a>.<\/p>\n<p>A Comiss\u00e3o Coordenadora do Programa (CCP) poder\u00e1 solicitar documentos adicionais ou entrevista de verifica\u00e7\u00e3o quando necess\u00e1rio para fins de valida\u00e7\u00e3o da autodeclara\u00e7\u00e3o, conforme diretrizes da Portaria Normativa n\u00ba 13, de 11 de maio de 2016, do Minist\u00e9rio da Educa\u00e7\u00e3o.<\/p>\n<p><strong>3. Crit\u00e9rios de Sele\u00e7\u00e3o<\/strong><\/p>\n<p>O processo seletivo ser\u00e1 composto por 2 (duas) avalia\u00e7\u00f5es. A primeira consistir\u00e1 em uma avalia\u00e7\u00e3o espec\u00edfica sobre o Plano de Pesquisa e o curr\u00edculo acad\u00eamico e profissional, e a segunda de uma avalia\u00e7\u00e3o por meio de uma argui\u00e7\u00e3o. A cada etapa da avalia\u00e7\u00e3o ser\u00e1 atribu\u00edda uma nota.<\/p>\n<p>Ser\u00e3o considerados aprovados os candidatos ao curso de Mestrado que obtiverem a m\u00e9dia aritm\u00e9tica de suas avalia\u00e7\u00f5es igual ou superior a 6 (seis) em 10 (dez), e os candidatos ao curso de Doutorado (direto ou ap\u00f3s mestrado) que obtiverem a m\u00e9dia aritm\u00e9tica de suas avalia\u00e7\u00f5es igual ou superior a 7 (sete) em 10 (dez).<\/p>\n<p><strong>3.1. Avalia\u00e7\u00e3o Espec\u00edfica<\/strong><\/p>\n<p>Esta etapa do processo seletivo consiste na avalia\u00e7\u00e3o do Plano de Pesquisa e do curr\u00edculo acad\u00eamico e profissional dos candidatos por parte da CCP. O Plano de Pesquisa, a ser apresentado no ato da inscri\u00e7\u00e3o, dever\u00e1 estar baseado em um tema dentre os indicados neste Edital, e conter o m\u00ednimo de 10 (dez) p\u00e1ginas, e o m\u00e1ximo de 20 (vinte) p\u00e1ginas, com apresenta\u00e7\u00e3o da motiva\u00e7\u00e3o do projeto, revis\u00e3o bibliogr\u00e1fica, metodologia e fundamenta\u00e7\u00e3o te\u00f3rica, resultados previstos e cronograma de execu\u00e7\u00e3o. Para a elabora\u00e7\u00e3o do Plano de Pesquisa recomenda-se a consulta a algum docente credenciado no Programa.<\/p>\n<p><strong>3.2. Argui\u00e7\u00e3o<\/strong><\/p>\n<p>Nesta etapa, o candidato ser\u00e1 arguido a respeito da proposta preliminar de pesquisa apresentada.<\/p>\n<hr \/>\n<p>Baixe o edital\u00a0 \u00a0(<a href=\"https:\/\/sites.usp.br\/ppgen\/wp-content\/uploads\/sites\/1408\/2025\/12\/Edital_01_PPGNV_2026_portugues.pdf\" target=\"_blank\" rel=\"noopener\">Portugu\u00eas<\/a>).<\/p>\n<p>Descargue la convocatoria (<a href=\"https:\/\/sites.usp.br\/ppgen\/wp-content\/uploads\/sites\/1408\/2025\/12\/Edital_01_PPGNV_2026_espanol.pdf\" target=\"_blank\" rel=\"noopener\">Espa\u00f1ol<\/a>).<\/p>\n<p>Download the call for applications (<a href=\"https:\/\/sites.usp.br\/ppgen\/wp-content\/uploads\/sites\/1408\/2025\/12\/Edital_01_PPGNV_2026_english.pdf\" target=\"_blank\" rel=\"noopener\">English<\/a>).<\/p>\n<p><span style=\"font-weight: 400;\">A Comiss\u00e3o Coordenadora do Programa de P\u00f3s-Gradua\u00e7\u00e3o em Engenharia Naval e Oce\u00e2nica (PPGEN) preparou um roteiro para ajudar os alunos estrangeiros a obterem os documentos b\u00e1sicos exigidos pelo Governo do Brasil: <a href=\"https:\/\/sites.usp.br\/ppgen\/wp-content\/uploads\/sites\/1408\/2025\/12\/Procedure-for-foreign-students.pdf\" target=\"_blank\" rel=\"noopener\">Procedure for foreign students<\/a><\/span><\/p>\n<hr \/>\n\n<div class=\"wpcf7 no-js\" id=\"wpcf7-f970-o1\" lang=\"pt-BR\" dir=\"ltr\" data-wpcf7-id=\"970\">\n<div class=\"screen-reader-response\"><p role=\"status\" aria-live=\"polite\" aria-atomic=\"true\"><\/p> <ul><\/ul><\/div>\n<form action=\"\/ppgen\/wp-json\/wp\/v2\/pages\/498#wpcf7-f970-o1\" method=\"post\" class=\"wpcf7-form init\" aria-label=\"Formul\u00e1rios de contato\" novalidate=\"novalidate\" data-status=\"init\">\n<fieldset class=\"hidden-fields-container\"><input type=\"hidden\" name=\"_wpcf7\" value=\"970\" \/><input type=\"hidden\" name=\"_wpcf7_version\" value=\"6.1.5\" \/><input type=\"hidden\" name=\"_wpcf7_locale\" value=\"pt_BR\" \/><input type=\"hidden\" name=\"_wpcf7_unit_tag\" value=\"wpcf7-f970-o1\" \/><input type=\"hidden\" name=\"_wpcf7_container_post\" value=\"0\" \/><input type=\"hidden\" name=\"_wpcf7_posted_data_hash\" value=\"\" \/><input type=\"hidden\" name=\"_wpcf7_recaptcha_response\" value=\"\" \/>\n<\/fieldset>\n<h3><strong>Inscri\u00e7\u00e3o no Programa de P\u00f3s-Gradua\u00e7\u00e3o em Engenharia Naval e Oce\u00e2nica da USP<\/strong>\n<\/h3>\n<p><label> Nome completo:<br \/>\n<span class=\"wpcf7-form-control-wrap\" data-name=\"nome\"><input size=\"40\" maxlength=\"400\" class=\"wpcf7-form-control wpcf7-text wpcf7-validates-as-required\" aria-required=\"true\" aria-invalid=\"false\" value=\"\" type=\"text\" name=\"nome\" \/><\/span> <\/label>\n<\/p>\n<p><label> E-mail:<br \/>\n<span class=\"wpcf7-form-control-wrap\" data-name=\"email\"><input size=\"40\" maxlength=\"400\" class=\"wpcf7-form-control wpcf7-email wpcf7-validates-as-required wpcf7-text wpcf7-validates-as-email\" aria-required=\"true\" aria-invalid=\"false\" value=\"\" type=\"email\" name=\"email\" \/><\/span> <\/label>\n<\/p>\n<p><label> Modalidade de inscri\u00e7\u00e3o:<br \/>\n<span class=\"wpcf7-form-control-wrap\" data-name=\"modalidade\"><select class=\"wpcf7-form-control wpcf7-select wpcf7-validates-as-required\" aria-required=\"true\" aria-invalid=\"false\" name=\"modalidade\"><option value=\"\">&#8212;Escolha uma op\u00e7\u00e3o&#8212;<\/option><option value=\"Mestrado\">Mestrado<\/option><option value=\"Doutorado\">Doutorado<\/option><option value=\"Doutorado Direto\">Doutorado Direto<\/option><\/select><\/span> <\/label>\n<\/p>\n<p><label> A documenta\u00e7\u00e3o da inscri\u00e7\u00e3o foi elaborada com base nas regras do Edital?<br \/>\n<span class=\"wpcf7-form-control-wrap\" data-name=\"edital\"><select class=\"wpcf7-form-control wpcf7-select wpcf7-validates-as-required\" aria-required=\"true\" aria-invalid=\"false\" name=\"edital\"><option value=\"Sim\">Sim<\/option><option value=\"N\u00e3o\">N\u00e3o<\/option><\/select><\/span> <\/label>\n<\/p>\n<p><input class=\"wpcf7-form-control wpcf7-submit has-spinner\" type=\"submit\" value=\"Enviar inscri\u00e7\u00e3o\" \/>\n<\/p><div class=\"wpcf7-response-output\" aria-hidden=\"true\"><\/div>\n<\/form>\n<\/div>\n\n","protected":false},"excerpt":{"rendered":"<p>Edital 1\/2026: Processo Seletivo para Ingresso de Alunos nos Cursos de Mestrado, Doutorado e Doutorado Direto do Programa de P\u00f3s-Gradua\u00e7\u00e3o em Engenharia Naval e Oce\u00e2nica (PPGEN). A Comiss\u00e3o Coordenadora do Programa de P\u00f3s-Gradua\u00e7\u00e3o em Engenharia Naval e Oce\u00e2nica (PPGEN) da EPUSP, de acordo com o Regimento de P\u00f3s-Gradua\u00e7\u00e3o da USP, torna p\u00fablico aos interessados que<a href=\"https:\/\/sites.usp.br\/ppgen\/edital\/\">[&#8230;]<\/a><\/p>\n","protected":false},"author":23876,"featured_media":0,"parent":0,"menu_order":22,"comment_status":"closed","ping_status":"closed","template":"","meta":{"footnotes":"","_links_to":"","_links_to_target":""},"class_list":["post-498","page","type-page","status-publish","hentry"],"_links":{"self":[{"href":"https:\/\/sites.usp.br\/ppgen\/wp-json\/wp\/v2\/pages\/498","targetHints":{"allow":["GET"]}}],"collection":[{"href":"https:\/\/sites.usp.br\/ppgen\/wp-json\/wp\/v2\/pages"}],"about":[{"href":"https:\/\/sites.usp.br\/ppgen\/wp-json\/wp\/v2\/types\/page"}],"author":[{"embeddable":true,"href":"https:\/\/sites.usp.br\/ppgen\/wp-json\/wp\/v2\/users\/23876"}],"replies":[{"embeddable":true,"href":"https:\/\/sites.usp.br\/ppgen\/wp-json\/wp\/v2\/comments?post=498"}],"version-history":[{"count":5,"href":"https:\/\/sites.usp.br\/ppgen\/wp-json\/wp\/v2\/pages\/498\/revisions"}],"predecessor-version":[{"id":974,"href":"https:\/\/sites.usp.br\/ppgen\/wp-json\/wp\/v2\/pages\/498\/revisions\/974"}],"wp:attachment":[{"href":"https:\/\/sites.usp.br\/ppgen\/wp-json\/wp\/v2\/media?parent=498"}],"curies":[{"name":"wp","href":"https:\/\/api.w.org\/{rel}","templated":true}]}}