{"id":500,"date":"2024-01-09T18:00:43","date_gmt":"2024-01-09T20:00:43","guid":{"rendered":"https:\/\/sites.usp.br\/ppgen\/?page_id=500"},"modified":"2025-12-22T21:34:12","modified_gmt":"2025-12-23T00:34:12","slug":"exame-de-proficiencia-em-lingua-inglesa","status":"publish","type":"page","link":"https:\/\/sites.usp.br\/ppgen\/exame-de-proficiencia-em-lingua-inglesa\/","title":{"rendered":"Exame de Profici\u00eancia em L\u00edngua Inglesa"},"content":{"rendered":"<div id=\"pl-500\"  class=\"panel-layout\" ><div id=\"pg-500-0\"  class=\"panel-grid panel-no-style\" ><div id=\"pgc-500-0-0\"  class=\"panel-grid-cell\" ><div id=\"panel-500-0-0-0\" class=\"so-panel widget widget_sow-editor panel-first-child panel-last-child\" data-index=\"0\" ><div\n\t\t\t\n\t\t\tclass=\"so-widget-sow-editor so-widget-sow-editor-base\"\n\t\t\t\n\t\t>\n<div class=\"siteorigin-widget-tinymce textwidget\">\n\t<p><span style=\"font-weight: 400;\">Conforme indicado no Edital, \u00e9 exigida comprova\u00e7\u00e3o de profici\u00eancia em l\u00edngua inglesa para inscri\u00e7\u00e3o no processo seletivo. S\u00e3o aceitos certificados <\/span><i><span style=\"font-weight: 400;\">v\u00e1lidos<\/span><\/i><span style=\"font-weight: 400;\"> dos exames abaixo indicados, tendo a respectiva pontua\u00e7\u00e3o m\u00ednima:<\/span><\/p>\n<p style=\"text-align: center;\"><a href=\"https:\/\/sites.usp.br\/ppgen\/wp-content\/uploads\/sites\/1408\/2024\/01\/Proficiencia_Ingles.png\"><img loading=\"lazy\" decoding=\"async\" class=\"alignnone wp-image-551\" src=\"https:\/\/sites.usp.br\/ppgen\/wp-content\/uploads\/sites\/1408\/2024\/01\/Proficiencia_Ingles-300x133.png\" alt=\"\" width=\"598\" height=\"265\" srcset=\"https:\/\/sites.usp.br\/ppgen\/wp-content\/uploads\/sites\/1408\/2024\/01\/Proficiencia_Ingles-300x133.png 300w, https:\/\/sites.usp.br\/ppgen\/wp-content\/uploads\/sites\/1408\/2024\/01\/Proficiencia_Ingles-768x340.png 768w, https:\/\/sites.usp.br\/ppgen\/wp-content\/uploads\/sites\/1408\/2024\/01\/Proficiencia_Ingles-400x177.png 400w, https:\/\/sites.usp.br\/ppgen\/wp-content\/uploads\/sites\/1408\/2024\/01\/Proficiencia_Ingles.png 869w\" sizes=\"auto, (max-width: 598px) 100vw, 598px\" \/><\/a><\/p>\n<p><span style=\"font-weight: 400;\">Duas vezes por ano, o Centro de L\u00ednguas da FFLCH-USP aplica o exame para o ingresso no PPGEN.<\/span><\/p>\n<p><span style=\"font-weight: 400;\">O cronograma referente a\u00a0<strong>2026<\/strong> \u00e9:<\/span><\/p>\n<ul>\n<li style=\"font-weight: 400;\" aria-level=\"1\"><span style=\"font-weight: 400;\"><strong>Inscri\u00e7\u00f5es<\/strong>: 2\/3 a 1\/4\/2026 e 19\/8 a 9\/9\/2026<br \/>\n<\/span><\/li>\n<li style=\"font-weight: 400;\" aria-level=\"1\"><span style=\"font-weight: 400;\"><strong>Prova<\/strong>: 7\/4 e 16\/9\/2026<br \/>\n<\/span><\/li>\n<li style=\"font-weight: 400;\" aria-level=\"1\"><span style=\"font-weight: 400;\"><strong>Gabarito<\/strong>: 13\/4 e 23\/9\/2026<br \/>\n<\/span><\/li>\n<li style=\"font-weight: 400;\" aria-level=\"1\"><span style=\"font-weight: 400;\"><strong>Resultados<\/strong>: 17\/4 e 30\/9\/2026<br \/>\n<\/span><\/li>\n<\/ul>\n<p><span style=\"font-weight: 400;\">Para mais informa\u00e7\u00f5es, acesse: <a href=\"https:\/\/clinguas.fflch.usp.br\/proficiencia-ingles-editais-anexos-inscricoes-abertas#editaisingles\" target=\"_blank\" rel=\"noopener\">Editais Centro de L\u00ednguas<\/a> <\/span><\/p>\n<\/div>\n<\/div><\/div><\/div><\/div><\/div>","protected":false},"excerpt":{"rendered":"<p>Conforme indicado no Edital, \u00e9 exigida comprova\u00e7\u00e3o de profici\u00eancia em l\u00edngua inglesa para inscri\u00e7\u00e3o no processo seletivo. S\u00e3o aceitos certificados v\u00e1lidos dos exames abaixo indicados, tendo a respectiva pontua\u00e7\u00e3o m\u00ednima: Duas vezes por ano, o Centro de L\u00ednguas da FFLCH-USP aplica o exame para o ingresso no PPGEN. O cronograma referente a\u00a02026 \u00e9: Inscri\u00e7\u00f5es: 2\/3<a href=\"https:\/\/sites.usp.br\/ppgen\/exame-de-proficiencia-em-lingua-inglesa\/\">[&#8230;]<\/a><\/p>\n","protected":false},"author":23876,"featured_media":0,"parent":0,"menu_order":23,"comment_status":"closed","ping_status":"closed","template":"","meta":{"footnotes":"","_links_to":"","_links_to_target":""},"class_list":["post-500","page","type-page","status-publish","hentry"],"_links":{"self":[{"href":"https:\/\/sites.usp.br\/ppgen\/wp-json\/wp\/v2\/pages\/500","targetHints":{"allow":["GET"]}}],"collection":[{"href":"https:\/\/sites.usp.br\/ppgen\/wp-json\/wp\/v2\/pages"}],"about":[{"href":"https:\/\/sites.usp.br\/ppgen\/wp-json\/wp\/v2\/types\/page"}],"author":[{"embeddable":true,"href":"https:\/\/sites.usp.br\/ppgen\/wp-json\/wp\/v2\/users\/23876"}],"replies":[{"embeddable":true,"href":"https:\/\/sites.usp.br\/ppgen\/wp-json\/wp\/v2\/comments?post=500"}],"version-history":[{"count":4,"href":"https:\/\/sites.usp.br\/ppgen\/wp-json\/wp\/v2\/pages\/500\/revisions"}],"predecessor-version":[{"id":940,"href":"https:\/\/sites.usp.br\/ppgen\/wp-json\/wp\/v2\/pages\/500\/revisions\/940"}],"wp:attachment":[{"href":"https:\/\/sites.usp.br\/ppgen\/wp-json\/wp\/v2\/media?parent=500"}],"curies":[{"name":"wp","href":"https:\/\/api.w.org\/{rel}","templated":true}]}}