{"id":503,"date":"2024-01-09T18:01:22","date_gmt":"2024-01-09T20:01:22","guid":{"rendered":"https:\/\/sites.usp.br\/ppgen\/?page_id=503"},"modified":"2025-12-22T21:44:18","modified_gmt":"2025-12-23T00:44:18","slug":"calendario","status":"publish","type":"page","link":"https:\/\/sites.usp.br\/ppgen\/calendario\/","title":{"rendered":"Calend\u00e1rio"},"content":{"rendered":"<p>O calend\u00e1rio de matr\u00edcula da P\u00f3s-Gradua\u00e7\u00e3o pode ser acessado na p\u00e1gina da p\u00f3s-gradua\u00e7\u00e3o da Poli-USP atrav\u00e9s deste <a href=\"https:\/\/www.poli.usp.br\/ensino\/posgraduacao\/atendimento-pos-graduacao\/calendario-escolar-pos-graduacao\/\" target=\"_blank\" rel=\"noopener\">link<\/a> de acesso. Ele tamb\u00e9m encontra-se abaixo. <span style=\"font-weight: 400;\">Caso tenha alguma d\u00favida, n\u00e3o hesite em entrar em contato com a secretaria acessando a p\u00e1gina &#8220;Contato&#8221; atrav\u00e9s deste <a href=\"https:\/\/sites.usp.br\/ppgen\/contato\/\">link<\/a>.<\/span><\/p>\n<p><a href=\"https:\/\/sites.usp.br\/ppgen\/wp-content\/uploads\/sites\/1408\/2025\/12\/Calendario-1o-e-2o-sem.-2026-POLI.jpg\"><img loading=\"lazy\" decoding=\"async\" class=\"aligncenter wp-image-942 size-full\" src=\"https:\/\/sites.usp.br\/ppgen\/wp-content\/uploads\/sites\/1408\/2025\/12\/Calendario-1o-e-2o-sem.-2026-POLI.jpg\" alt=\"\" width=\"686\" height=\"815\" srcset=\"https:\/\/sites.usp.br\/ppgen\/wp-content\/uploads\/sites\/1408\/2025\/12\/Calendario-1o-e-2o-sem.-2026-POLI.jpg 686w, https:\/\/sites.usp.br\/ppgen\/wp-content\/uploads\/sites\/1408\/2025\/12\/Calendario-1o-e-2o-sem.-2026-POLI-253x300.jpg 253w, https:\/\/sites.usp.br\/ppgen\/wp-content\/uploads\/sites\/1408\/2025\/12\/Calendario-1o-e-2o-sem.-2026-POLI-400x475.jpg 400w\" sizes=\"auto, (max-width: 686px) 100vw, 686px\" \/><\/a><\/p>\n<p>&nbsp;<\/p>\n","protected":false},"excerpt":{"rendered":"<p>O calend\u00e1rio de matr\u00edcula da P\u00f3s-Gradua\u00e7\u00e3o pode ser acessado na p\u00e1gina da p\u00f3s-gradua\u00e7\u00e3o da Poli-USP atrav\u00e9s deste link de acesso. Ele tamb\u00e9m encontra-se abaixo. Caso tenha alguma d\u00favida, n\u00e3o hesite em entrar em contato com a secretaria acessando a p\u00e1gina &#8220;Contato&#8221; atrav\u00e9s deste link. &nbsp;<\/p>\n","protected":false},"author":23876,"featured_media":0,"parent":0,"menu_order":24,"comment_status":"closed","ping_status":"closed","template":"","meta":{"footnotes":"","_links_to":"","_links_to_target":""},"class_list":["post-503","page","type-page","status-publish","hentry"],"_links":{"self":[{"href":"https:\/\/sites.usp.br\/ppgen\/wp-json\/wp\/v2\/pages\/503","targetHints":{"allow":["GET"]}}],"collection":[{"href":"https:\/\/sites.usp.br\/ppgen\/wp-json\/wp\/v2\/pages"}],"about":[{"href":"https:\/\/sites.usp.br\/ppgen\/wp-json\/wp\/v2\/types\/page"}],"author":[{"embeddable":true,"href":"https:\/\/sites.usp.br\/ppgen\/wp-json\/wp\/v2\/users\/23876"}],"replies":[{"embeddable":true,"href":"https:\/\/sites.usp.br\/ppgen\/wp-json\/wp\/v2\/comments?post=503"}],"version-history":[{"count":4,"href":"https:\/\/sites.usp.br\/ppgen\/wp-json\/wp\/v2\/pages\/503\/revisions"}],"predecessor-version":[{"id":943,"href":"https:\/\/sites.usp.br\/ppgen\/wp-json\/wp\/v2\/pages\/503\/revisions\/943"}],"wp:attachment":[{"href":"https:\/\/sites.usp.br\/ppgen\/wp-json\/wp\/v2\/media?parent=503"}],"curies":[{"name":"wp","href":"https:\/\/api.w.org\/{rel}","templated":true}]}}