{"id":510,"date":"2024-01-09T18:40:58","date_gmt":"2024-01-09T20:40:58","guid":{"rendered":"https:\/\/sites.usp.br\/ppgen\/?page_id=510"},"modified":"2024-02-21T08:37:42","modified_gmt":"2024-02-21T11:37:42","slug":"comissao-coordenadora-do-programa","status":"publish","type":"page","link":"https:\/\/sites.usp.br\/ppgen\/comissao-coordenadora-do-programa\/","title":{"rendered":"Comiss\u00e3o Coordenadora do Programa"},"content":{"rendered":"<div id=\"pl-510\"  class=\"panel-layout\" ><div id=\"pg-510-0\"  class=\"panel-grid panel-no-style\" ><div id=\"pgc-510-0-0\"  class=\"panel-grid-cell panel-grid-cell-empty\" ><\/div><\/div><div id=\"pg-510-1\"  class=\"panel-grid panel-no-style\" ><div id=\"pgc-510-1-0\"  class=\"panel-grid-cell\" ><div id=\"panel-510-1-0-0\" class=\"so-panel widget widget_sow-image panel-first-child panel-last-child\" data-index=\"0\" ><div\n\t\t\t\n\t\t\tclass=\"so-widget-sow-image so-widget-sow-image-default-a258e6bfa2d8-510\"\n\t\t\t\n\t\t>\n<div class=\"sow-image-container\">\n\t\t<img \n\tsrc=\"https:\/\/sites.usp.br\/ppgen\/wp-content\/uploads\/sites\/1408\/2024\/01\/Andre_Bergsten_2-225x300.gif\" width=\"225\" height=\"300\" srcset=\"https:\/\/sites.usp.br\/ppgen\/wp-content\/uploads\/sites\/1408\/2024\/01\/Andre_Bergsten_2-225x300.gif 225w, https:\/\/sites.usp.br\/ppgen\/wp-content\/uploads\/sites\/1408\/2024\/01\/Andre_Bergsten_2-400x533.gif 400w\" sizes=\"(max-width: 225px) 100vw, 225px\" title=\"Andr\u00e9_Bergsten_2\" alt=\"\" \t\tclass=\"so-widget-image\"\/>\n\t<\/div>\n\n<\/div><\/div><\/div><div id=\"pgc-510-1-1\"  class=\"panel-grid-cell\" ><div id=\"panel-510-1-1-0\" class=\"so-panel widget widget_text panel-first-child panel-last-child\" data-index=\"1\" ><h3 class=\"widget-title\">Prof. Dr. Andr\u00e9 Bergsten Mendes, Coordenador<\/h3>\t\t\t<div class=\"textwidget\"><ul>\n<li><span style=\"font-weight: 400;\">e-mail: <\/span><a href=\"mailto:andbergs@usp.br\"><span style=\"font-weight: 400;\">andbergs@usp.br<\/span><\/a><\/li>\n<li style=\"font-weight: 400;\" aria-level=\"2\"><span style=\"font-weight: 400;\">Sala: ES-57A<\/span><\/li>\n<li style=\"font-weight: 400;\" aria-level=\"2\"><span style=\"font-weight: 400;\">Ramal: 3091-5689<\/span><\/li>\n<\/ul>\n<\/div>\n\t\t<\/div><\/div><\/div><div id=\"pg-510-2\"  class=\"panel-grid panel-no-style\" ><div id=\"pgc-510-2-0\"  class=\"panel-grid-cell\" ><div id=\"panel-510-2-0-0\" class=\"so-panel widget widget_sow-image panel-first-child panel-last-child\" data-index=\"2\" ><div\n\t\t\t\n\t\t\tclass=\"so-widget-sow-image so-widget-sow-image-default-a258e6bfa2d8-510\"\n\t\t\t\n\t\t>\n<div class=\"sow-image-container\">\n\t\t<img \n\tsrc=\"https:\/\/sites.usp.br\/ppgen\/wp-content\/uploads\/sites\/1408\/2024\/01\/Diego_Felipe_Sarzosa_Burgos_2-225x300.gif\" width=\"225\" height=\"300\" srcset=\"https:\/\/sites.usp.br\/ppgen\/wp-content\/uploads\/sites\/1408\/2024\/01\/Diego_Felipe_Sarzosa_Burgos_2-225x300.gif 225w, https:\/\/sites.usp.br\/ppgen\/wp-content\/uploads\/sites\/1408\/2024\/01\/Diego_Felipe_Sarzosa_Burgos_2-400x533.gif 400w\" sizes=\"(max-width: 225px) 100vw, 225px\" alt=\"\" \t\tclass=\"so-widget-image\"\/>\n\t<\/div>\n\n<\/div><\/div><\/div><div id=\"pgc-510-2-1\"  class=\"panel-grid-cell\" ><div id=\"panel-510-2-1-0\" class=\"so-panel widget widget_text panel-first-child panel-last-child\" data-index=\"3\" ><h3 class=\"widget-title\">Prof. Dr. Diego Felipe Sarzosa Burgos, Suplente da Coordena\u00e7\u00e3o<\/h3>\t\t\t<div class=\"textwidget\"><ul>\n<li style=\"font-weight: 400;\" aria-level=\"2\"><span style=\"font-weight: 400;\">e-mail: <\/span><a href=\"mailto:dsarsoza@usp.br\"><span style=\"font-weight: 400;\">dsarsoza@usp.br<\/span><\/a><\/li>\n<li style=\"font-weight: 400;\" aria-level=\"2\"><span style=\"font-weight: 400;\">Sala: ES-51<\/span><\/li>\n<li style=\"font-weight: 400;\" aria-level=\"2\"><span style=\"font-weight: 400;\">Ramal: 3091-5525<\/span><\/li>\n<\/ul>\n<\/div>\n\t\t<\/div><\/div><\/div><div id=\"pg-510-3\"  class=\"panel-grid panel-no-style\" ><div id=\"pgc-510-3-0\"  class=\"panel-grid-cell\" ><div id=\"panel-510-3-0-0\" class=\"so-panel widget widget_sow-image panel-first-child panel-last-child\" data-index=\"4\" ><div\n\t\t\t\n\t\t\tclass=\"so-widget-sow-image so-widget-sow-image-default-a258e6bfa2d8-510\"\n\t\t\t\n\t\t>\n<div class=\"sow-image-container\">\n\t\t<img \n\tsrc=\"https:\/\/sites.usp.br\/ppgen\/wp-content\/uploads\/sites\/1408\/2024\/01\/Clovis_de_Arruda_Martins_2-225x300.gif\" width=\"225\" height=\"300\" sizes=\"(max-width: 225px) 100vw, 225px\" title=\"Cl\u00f3vis_de_Arruda_Martins_2\" alt=\"\" \t\tclass=\"so-widget-image\"\/>\n\t<\/div>\n\n<\/div><\/div><\/div><div id=\"pgc-510-3-1\"  class=\"panel-grid-cell\" ><div id=\"panel-510-3-1-0\" class=\"so-panel widget widget_text panel-first-child panel-last-child\" data-index=\"5\" ><h3 class=\"widget-title\">Prof. Dr. Cl\u00f3vis de Arruda Martins<\/h3>\t\t\t<div class=\"textwidget\"><ul>\n<li style=\"font-weight: 400;\" aria-level=\"2\"><span style=\"font-weight: 400;\">e-mail: <\/span><a href=\"mailto:cmartins@usp.br\"><span style=\"font-weight: 400;\">cmartins@usp.br<\/span><\/a><\/li>\n<li style=\"font-weight: 400;\" aria-level=\"2\"><span style=\"font-weight: 400;\">Sala: NDF<\/span><\/li>\n<li style=\"font-weight: 400;\" aria-level=\"2\"><span style=\"font-weight: 400;\">Ramal: 3091-5646 \/ 3091-5642<\/span><\/li>\n<\/ul>\n<\/div>\n\t\t<\/div><\/div><\/div><div id=\"pg-510-4\"  class=\"panel-grid panel-no-style\" ><div id=\"pgc-510-4-0\"  class=\"panel-grid-cell\" ><div id=\"panel-510-4-0-0\" class=\"so-panel widget widget_text panel-first-child panel-last-child\" data-index=\"6\" >\t\t\t<div class=\"textwidget\"><p><span style=\"font-weight: 400;\">Para ter acesso a mais informa\u00e7\u00f5es, como curr\u00edculo Lattes, Google Acad\u00eamico ou Scopus, o perfil de cada um dos docentes da comiss\u00e3o pode ser acessado na p\u00e1gina \u201c<a href=\"https:\/\/sites.usp.br\/ppgen\/orientadores\/\">Orientadores<\/a>\u201d.<\/span><\/p>\n<\/div>\n\t\t<\/div><\/div><\/div><\/div>","protected":false},"excerpt":{"rendered":"<p>e-mail: andbergs@usp.br Sala: ES-57A Ramal: 3091-5689<\/p>\n","protected":false},"author":23876,"featured_media":0,"parent":0,"menu_order":20,"comment_status":"closed","ping_status":"closed","template":"","meta":{"footnotes":"","_links_to":"","_links_to_target":""},"class_list":["post-510","page","type-page","status-publish","hentry"],"_links":{"self":[{"href":"https:\/\/sites.usp.br\/ppgen\/wp-json\/wp\/v2\/pages\/510","targetHints":{"allow":["GET"]}}],"collection":[{"href":"https:\/\/sites.usp.br\/ppgen\/wp-json\/wp\/v2\/pages"}],"about":[{"href":"https:\/\/sites.usp.br\/ppgen\/wp-json\/wp\/v2\/types\/page"}],"author":[{"embeddable":true,"href":"https:\/\/sites.usp.br\/ppgen\/wp-json\/wp\/v2\/users\/23876"}],"replies":[{"embeddable":true,"href":"https:\/\/sites.usp.br\/ppgen\/wp-json\/wp\/v2\/comments?post=510"}],"version-history":[{"count":4,"href":"https:\/\/sites.usp.br\/ppgen\/wp-json\/wp\/v2\/pages\/510\/revisions"}],"predecessor-version":[{"id":833,"href":"https:\/\/sites.usp.br\/ppgen\/wp-json\/wp\/v2\/pages\/510\/revisions\/833"}],"wp:attachment":[{"href":"https:\/\/sites.usp.br\/ppgen\/wp-json\/wp\/v2\/media?parent=510"}],"curies":[{"name":"wp","href":"https:\/\/api.w.org\/{rel}","templated":true}]}}