{"id":1091,"date":"2019-05-30T11:29:15","date_gmt":"2019-05-30T14:29:15","guid":{"rendered":"https:\/\/sites.usp.br\/ppgeq\/?page_id=1091"},"modified":"2026-04-02T13:35:17","modified_gmt":"2026-04-02T16:35:17","slug":"defesas-de-mestrado","status":"publish","type":"page","link":"https:\/\/sites.usp.br\/ppgeq\/defesas-de-mestrado\/","title":{"rendered":"Defesas de Mestrado"},"content":{"rendered":"<p>T\u00edtulo: \u201c<strong>Modelagem e Simula\u00e7\u00e3o Num\u00e9rica de Fen\u00f4menos de Cavita\u00e7\u00e3o Hidrodin\u00e2mica por M\u00e9todos de Fluidodin\u00e2mica Computacional: Uma Abordagem Integral Baseada em Software Livre OpenFOAM<\/strong>\u201d<\/p>\n<p>Aluno: <strong>Gabriel Salzer Martins<\/strong><\/p>\n<p>Orientador:<strong> Prof. Dr. Fabio Rodolfo Miguel Batista<\/strong><\/p>\n<p>Banca Examinadora:<\/p>\n<p><strong>Prof. Dr. Fabio Rodolfo Miguel Batista \u2013 EEL\/USP<\/strong><\/p>\n<p><strong>Prof. Dr. J\u00falio C\u00e9sar dos Santos \u2013 EEL\/USP<\/strong><\/p>\n<p><strong>Prof. Dr. S\u00e1vio Souza Ven\u00e2ncio Vianna \u2013 FEQ\/UNICAMP<\/strong><\/p>\n<p>Data:<strong> 07\/04\/2026 (3\u00aa feira)<\/strong><\/p>\n<p>Hor\u00e1rio:\u00a0<strong>14 h30min<\/strong><\/p>\n<p>Local:\u00a0<strong>Sala de Semin\u00e1rios do PPGEQ \u2013 \u00c1rea 1 \u2013 EEL\/USP<\/strong><\/p>\n<p>&#8212;&#8212;&#8212;&#8212;&#8212;&#8212;&#8212;&#8212;&#8212;&#8212;&#8212;&#8212;&#8212;&#8212;&#8212;&#8212;&#8212;&#8212;&#8212;&#8212;&#8212;&#8212;&#8212;&#8212;&#8212;&#8212;&#8212;&#8211;<\/p>\n<p>T\u00edtulo: \u201c<strong>Desenvolvimento de filmes biopolim\u00e9ricos de PLA refor\u00e7ados com cargas para embalagens aliment\u00edcias<\/strong>\u201d<\/p>\n<p>Aluna: <strong>Har\u00edcia de Almeida Souza<\/strong><\/p>\n<p>Orientador:<strong> Profa. Dra. Simone de F\u00e1tima Medeiros Sampaio<\/strong><\/p>\n<p>Banca Examinadora:<\/p>\n<p><strong>Profa. Dra. Simone de F\u00e1tima Medeiros Sampaio \u2013 EEL\/USP<\/strong><\/p>\n<p><strong>Profa. Dra. Ana Paula Lemes \u2013 UNIFESP<\/strong><\/p>\n<p><strong>Prof. Dr. Clodoaldo Saron \u2013 EEL\/USP<\/strong><\/p>\n<p>Data:<strong> 10\/04\/2026 (6\u00aa feira)<\/strong><\/p>\n<p>Hor\u00e1rio: <strong>09 horas<\/strong><\/p>\n<p>Local:\u00a0<strong>Sala de Semin\u00e1rios do PPGEQ \u2013 \u00c1rea 1 \u2013 EEL\/USP<\/strong><\/p>\n<p>&nbsp;<\/p>","protected":false},"excerpt":{"rendered":"<p>T\u00edtulo: \u201cModelagem e Simula\u00e7\u00e3o Num\u00e9rica de Fen\u00f4menos de Cavita\u00e7\u00e3o Hidrodin\u00e2mica por M\u00e9todos de Fluidodin\u00e2mica Computacional: Uma Abordagem Integral Baseada em Software Livre OpenFOAM\u201d Aluno: Gabriel Salzer Martins Orientador: Prof. Dr. Fabio Rodolfo Miguel Batista Banca Examinadora: Prof. Dr. Fabio Rodolfo Miguel Batista \u2013 EEL\/USP Prof. Dr. J\u00falio C\u00e9sar dos Santos \u2013 EEL\/USP Prof. Dr. S\u00e1vio Souza Ven\u00e2ncio Vianna \u2013 FEQ\/UNICAMP Data: 07\/04\/2026 (3\u00aa feira) Hor\u00e1rio:\u00a014 h30min Local:\u00a0Sala de Semin\u00e1rios do PPGEQ \u2013 \u00c1rea 1 \u2013 EEL\/USP &#8212;&#8212;&#8212;&#8212;&#8212;&#8212;&#8212;&#8212;&#8212;&#8212;&#8212;&#8212;&#8212;&#8212;&#8212;&#8212;&#8212;&#8212;&#8212;&#8212;&#8212;&#8212;&#8212;&#8212;&#8212;&#8212;&#8212;&#8211; T\u00edtulo: \u201cDesenvolvimento de filmes biopolim\u00e9ricos de PLA refor\u00e7ados com cargas para embalagens aliment\u00edcias\u201d Aluna: Har\u00edcia de Almeida Souza Orientador: Profa. Dra. Simone de F\u00e1tima Medeiros Sampaio Banca Examinadora: Profa. Dra. Simone de F\u00e1tima Medeiros Sampaio \u2013 EEL\/USP Profa. Dra. Ana Paula Lemes \u2013 UNIFESP Prof. Dr. Clodoaldo Saron \u2013 EEL\/USP Data: 10\/04\/2026 (6\u00aa feira) Hor\u00e1rio: 09 horas Local:\u00a0Sala de Semin\u00e1rios do PPGEQ \u2013 \u00c1rea 1 \u2013 EEL\/USP &nbsp;<\/p>\n","protected":false},"author":993,"featured_media":0,"parent":0,"menu_order":0,"comment_status":"closed","ping_status":"closed","template":"","meta":{"_monsterinsights_skip_tracking":false,"_monsterinsights_sitenote_active":false,"_monsterinsights_sitenote_note":"","_monsterinsights_sitenote_category":0,"footnotes":"","_links_to":"","_links_to_target":""},"class_list":["post-1091","page","type-page","status-publish","hentry"],"_links":{"self":[{"href":"https:\/\/sites.usp.br\/ppgeq\/wp-json\/wp\/v2\/pages\/1091","targetHints":{"allow":["GET"]}}],"collection":[{"href":"https:\/\/sites.usp.br\/ppgeq\/wp-json\/wp\/v2\/pages"}],"about":[{"href":"https:\/\/sites.usp.br\/ppgeq\/wp-json\/wp\/v2\/types\/page"}],"author":[{"embeddable":true,"href":"https:\/\/sites.usp.br\/ppgeq\/wp-json\/wp\/v2\/users\/993"}],"replies":[{"embeddable":true,"href":"https:\/\/sites.usp.br\/ppgeq\/wp-json\/wp\/v2\/comments?post=1091"}],"version-history":[{"count":5,"href":"https:\/\/sites.usp.br\/ppgeq\/wp-json\/wp\/v2\/pages\/1091\/revisions"}],"predecessor-version":[{"id":2458,"href":"https:\/\/sites.usp.br\/ppgeq\/wp-json\/wp\/v2\/pages\/1091\/revisions\/2458"}],"wp:attachment":[{"href":"https:\/\/sites.usp.br\/ppgeq\/wp-json\/wp\/v2\/media?parent=1091"}],"curies":[{"name":"wp","href":"https:\/\/api.w.org\/{rel}","templated":true}]}}