{"id":1093,"date":"2019-05-30T11:29:28","date_gmt":"2019-05-30T14:29:28","guid":{"rendered":"https:\/\/sites.usp.br\/ppgeq\/?page_id=1093"},"modified":"2026-04-02T13:37:44","modified_gmt":"2026-04-02T16:37:44","slug":"defesas-de-doutorado","status":"publish","type":"page","link":"https:\/\/sites.usp.br\/ppgeq\/defesas-de-doutorado\/","title":{"rendered":"Defesas de Doutorado"},"content":{"rendered":"<p>T\u00edtulo: \u201c<strong>Obten\u00e7\u00e3o de nanopart\u00edculas inorg\u00e2nicas e de l\u00e1tices h\u00edbridos via processamento sequencial in-situ com emulsifica\u00e7\u00e3o de baixa energia: otimiza\u00e7\u00e3o dos sistemas tensoativo-mon\u00f4mero-\u00e1gua e de polimeriza\u00e7\u00e3o radicalar em meio heterog\u00eaneo com aux\u00edlio de t\u00e9cnicas semifenomenol\u00f3gicas<\/strong>\u201d<\/p>\n<p>Aluno: <strong>Rafael Caetano Jardim Pinto da Silva Salvato<\/strong><\/p>\n<p>Orientador:<strong> Prof. Dr. Amilton Martins dos Santos<\/strong><\/p>\n<p>Banca Examinadora:<\/p>\n<p>Presidente<\/p>\n<p><strong>Prof. Dr. Amilton Martins dos Santos \u2013 EEL\/USP<\/strong><\/p>\n<p>Membros<\/p>\n<p><strong>Profa. Dra. Claudia Sayer \u2013 UFSC<\/strong><\/p>\n<p><strong>Prof. Dr. Thiago Rodrigues Guimar\u00e3es \u2013 Universit\u00e9 de Bordeaux<\/strong><\/p>\n<p><strong>Prof. Dr. Adriano Marim de Oliveira \u2013 IPT<\/strong><\/p>\n<p>Data:<strong> 09\/04\/2026 (5\u00aa feira)<\/strong><\/p>\n<p>Hor\u00e1rio:\u00a0<strong>10 horas<\/strong><\/p>\n<p>Local:\u00a0<strong>Sala de Semin\u00e1rios do PPGEQ \u2013 \u00c1rea 1 \u2013 EEL\/USP<\/strong><\/p>\n<p>&#8212;&#8212;&#8212;&#8212;&#8212;&#8212;&#8212;&#8212;&#8212;&#8212;&#8212;&#8212;&#8212;&#8212;&#8212;&#8212;&#8212;&#8212;&#8212;&#8212;&#8212;&#8212;&#8212;&#8212;&#8212;&#8212;&#8212;&#8212;&#8212;&#8212;-<\/p>\n<p>T\u00edtulo: \u201c<strong>An\u00e1lise termodin\u00e2mica da captura de gases de efeito estufa por l\u00edquidos i\u00f4nicos a altas press\u00f5es: abordagem experimental, modelagem termodin\u00e2mica e aprendizado de m\u00e1quina<\/strong>\u201d<\/p>\n<p>Aluno: <strong>Franklin Dias de Carvalho<\/strong><\/p>\n<p>Orientador:<strong> Prof. Dr. Pedro Felipe Arce Castillo<\/strong><\/p>\n<p>Banca Examinadora:<\/p>\n<p>Presidente<\/p>\n<p><strong>Prof. Dr. Pedro Felipe Arce Castillo \u2013 EEL\/USP<\/strong><\/p>\n<p>Membros<\/p>\n<p><strong>Prof. Dr. Pedro \u00c1drian Robles Vasquez \u2013 PUCV\/Chile<\/strong><\/p>\n<p><strong>Prof. Dr. Alessandro Cazonatto Galv\u00e3o \u2013 UDESC<\/strong><\/p>\n<p><strong>Profa. Dra. Daniela Helena Pelegrine Guimar\u00e3es \u2013 EEL\/USP<\/strong><\/p>\n<p>Data:<strong> 10\/04\/2026 (6\u00aa feira)<\/strong><\/p>\n<p>Hor\u00e1rio:\u00a0<strong>14 horas<\/strong><\/p>\n<p>Local:\u00a0<strong>Sala de Semin\u00e1rios do PPGEQ \u2013 \u00c1rea 1 \u2013 EEL\/USP<\/strong><\/p>","protected":false},"excerpt":{"rendered":"<p>T\u00edtulo: \u201cObten\u00e7\u00e3o de nanopart\u00edculas inorg\u00e2nicas e de l\u00e1tices h\u00edbridos via processamento sequencial in-situ com emulsifica\u00e7\u00e3o de baixa energia: otimiza\u00e7\u00e3o dos sistemas tensoativo-mon\u00f4mero-\u00e1gua e de polimeriza\u00e7\u00e3o radicalar em meio heterog\u00eaneo com aux\u00edlio de t\u00e9cnicas semifenomenol\u00f3gicas\u201d Aluno: Rafael Caetano Jardim Pinto da Silva Salvato Orientador: Prof. Dr. Amilton Martins dos Santos Banca Examinadora: Presidente Prof. Dr. Amilton Martins dos Santos \u2013 EEL\/USP Membros Profa. Dra. Claudia Sayer \u2013 UFSC Prof. Dr. Thiago Rodrigues Guimar\u00e3es \u2013 Universit\u00e9 de Bordeaux Prof. Dr. Adriano Marim de Oliveira \u2013 IPT Data: 09\/04\/2026 (5\u00aa feira) Hor\u00e1rio:\u00a010 horas Local:\u00a0Sala de Semin\u00e1rios do PPGEQ \u2013 \u00c1rea 1 \u2013 EEL\/USP &#8212;&#8212;&#8212;&#8212;&#8212;&#8212;&#8212;&#8212;&#8212;&#8212;&#8212;&#8212;&#8212;&#8212;&#8212;&#8212;&#8212;&#8212;&#8212;&#8212;&#8212;&#8212;&#8212;&#8212;&#8212;&#8212;&#8212;&#8212;&#8212;&#8212;- T\u00edtulo: \u201cAn\u00e1lise termodin\u00e2mica da captura de gases de efeito estufa por l\u00edquidos i\u00f4nicos a altas press\u00f5es: abordagem experimental, modelagem termodin\u00e2mica e aprendizado de m\u00e1quina\u201d Aluno: Franklin Dias de Carvalho Orientador: Prof. Dr. Pedro Felipe Arce Castillo Banca Examinadora: Presidente Prof. Dr. Pedro Felipe Arce Castillo \u2013 EEL\/USP Membros Prof. Dr. Pedro \u00c1drian Robles Vasquez \u2013 PUCV\/Chile Prof. Dr. Alessandro Cazonatto Galv\u00e3o \u2013 UDESC Profa. Dra. Daniela Helena Pelegrine Guimar\u00e3es \u2013 EEL\/USP Data: 10\/04\/2026 (6\u00aa feira) Hor\u00e1rio:\u00a014 horas Local:\u00a0Sala de Semin\u00e1rios do PPGEQ \u2013 \u00c1rea 1 \u2013 EEL\/USP<\/p>\n","protected":false},"author":993,"featured_media":0,"parent":0,"menu_order":0,"comment_status":"closed","ping_status":"closed","template":"","meta":{"_monsterinsights_skip_tracking":false,"_monsterinsights_sitenote_active":false,"_monsterinsights_sitenote_note":"","_monsterinsights_sitenote_category":0,"footnotes":"","_links_to":"","_links_to_target":""},"class_list":["post-1093","page","type-page","status-publish","hentry"],"_links":{"self":[{"href":"https:\/\/sites.usp.br\/ppgeq\/wp-json\/wp\/v2\/pages\/1093","targetHints":{"allow":["GET"]}}],"collection":[{"href":"https:\/\/sites.usp.br\/ppgeq\/wp-json\/wp\/v2\/pages"}],"about":[{"href":"https:\/\/sites.usp.br\/ppgeq\/wp-json\/wp\/v2\/types\/page"}],"author":[{"embeddable":true,"href":"https:\/\/sites.usp.br\/ppgeq\/wp-json\/wp\/v2\/users\/993"}],"replies":[{"embeddable":true,"href":"https:\/\/sites.usp.br\/ppgeq\/wp-json\/wp\/v2\/comments?post=1093"}],"version-history":[{"count":4,"href":"https:\/\/sites.usp.br\/ppgeq\/wp-json\/wp\/v2\/pages\/1093\/revisions"}],"predecessor-version":[{"id":2459,"href":"https:\/\/sites.usp.br\/ppgeq\/wp-json\/wp\/v2\/pages\/1093\/revisions\/2459"}],"wp:attachment":[{"href":"https:\/\/sites.usp.br\/ppgeq\/wp-json\/wp\/v2\/media?parent=1093"}],"curies":[{"name":"wp","href":"https:\/\/api.w.org\/{rel}","templated":true}]}}