{"id":1095,"date":"2019-05-30T11:30:20","date_gmt":"2019-05-30T14:30:20","guid":{"rendered":"https:\/\/sites.usp.br\/ppgeq\/?page_id=1095"},"modified":"2026-05-07T15:03:51","modified_gmt":"2026-05-07T18:03:51","slug":"exames-de-qualificacao","status":"publish","type":"page","link":"https:\/\/sites.usp.br\/ppgeq\/exames-de-qualificacao\/","title":{"rendered":"Exames de Qualifica\u00e7\u00e3o"},"content":{"rendered":"<p><strong>T\u00edtulo:<\/strong> \u201cModelagem matem\u00e1tica da s\u00edntese de acetato de isoamila considerando o intumescimento da resina catal\u00edtica\u201d<\/p>\n<p><strong>Aluno:<\/strong><strong> Felipe Pinheiro do Prado<\/strong><\/p>\n<p><strong>Orientador:<\/strong> Prof. Dr. Leandro Gon\u00e7alves de Aguiar<\/p>\n<p><strong>Banca Examinadora:<\/strong><\/p>\n<p>Prof. Dr. Leandro Gon\u00e7alves de Aguiar \u2013 EEL\/USP<\/p>\n<p>Profa. Dra. Daniela Helena Pelegrine Guimar\u00e3es \u2013 EEL\/USP<\/p>\n<p>Prof. Dr. F\u00e9lix Monteiro Pereira \u2013 EEL\/USP<\/p>\n<p><strong>Data:<\/strong> 12\/05\/2026 (3\u00aa feira)<\/p>\n<p><strong>Hor\u00e1rio:<\/strong> 14 horas<\/p>\n<p><strong>Local:<\/strong>\u00a0Sala de Semin\u00e1rios do PPGEQ \u2013 \u00c1rea 1 \u2013 EEL\/USP<\/p>\n<p>&#8212;&#8212;&#8212;&#8212;&#8212;&#8212;&#8212;&#8212;&#8212;&#8212;&#8212;&#8212;&#8212;&#8212;&#8212;&#8212;&#8212;&#8212;&#8212;&#8212;&#8212;&#8212;&#8212;&#8212;&#8211;<\/p>\n<p><strong>T\u00edtulo:<\/strong> \u201cUtiliza\u00e7\u00e3o de processos oxidativos avan\u00e7ados para degrada\u00e7\u00e3o do poluente emergente \u00e1cido salic\u00edlico utilizando Ce0<sub>2<\/sub>\/ZnO\/xerogel como catalisador multifuncional\u201d<\/p>\n<p><strong>Aluna:<\/strong><strong> Camilla Gomes Mascarenhas<\/strong><\/p>\n<p><strong>Orientadora:<\/strong> Profa. Dra. Liana Alvares Rodrigues<\/p>\n<p><strong>Banca Examinadora:<\/strong><\/p>\n<p>Profa. Dra. Liana Alvares Rodrigues \u2013 EEL\/USP<\/p>\n<p>Profa. Dra. Christiane de Arruda Rodrigues \u2013 UNIFESP<\/p>\n<p>Prof. Dr. Willyam Roger Padilha Barros \u2013 UFGD<\/p>\n<p><strong>Data:<\/strong> 13\/05\/2026 (4\u00aa feira)<\/p>\n<p><strong>Hor\u00e1rio:<\/strong> 09 horas<\/p>\n<p><strong>Local:<\/strong>\u00a0Sala de Semin\u00e1rios do PPGEQ \u2013 \u00c1rea 1 \u2013 EEL\/USP<\/p>\n<p>&#8212;&#8212;&#8212;&#8212;&#8212;&#8212;&#8212;&#8212;&#8212;&#8212;&#8212;&#8212;&#8212;&#8212;&#8212;&#8212;&#8212;&#8212;&#8212;&#8212;&#8212;&#8212;&#8212;&#8212;&#8211;<\/p>\n<p><strong>T\u00edtulo:<\/strong> \u201cAvalia\u00e7\u00e3o do desempenho de floculantes naturais na colheita de biomassa microalgal\u201d<\/p>\n<p><strong>Aluna:<\/strong><strong> Lara de Souza Cardoso<\/strong><\/p>\n<p><strong>Orientadora:<\/strong> Profa. Dra. Patr\u00edcia Caroline Molgero Da R\u00f3s<\/p>\n<p><strong>Banca Examinadora:<\/strong><\/p>\n<p>Profa. Dra. Patr\u00edcia Caroline Molgero Da R\u00f3s \u2013 EEL\/USP<\/p>\n<p>Profa. Dra. L\u00edvia Chaguri e Carvalho \u2013 EEL\/USP<\/p>\n<p>Prof. Dr. Mateus de Souza Amaral \u2013 UFOP<\/p>\n<p><strong>Data:<\/strong> 20\/05\/2026 (4\u00aa feira)<\/p>\n<p><strong>Hor\u00e1rio:<\/strong> 09 horas<\/p>\n<p><strong>Local:<\/strong>\u00a0Sala de Semin\u00e1rios do PPGEQ \u2013 \u00c1rea 1 \u2013 EEL\/USP<\/p>\n<p>&#8212;&#8212;&#8212;&#8212;&#8212;&#8212;&#8212;&#8212;&#8212;&#8212;&#8212;&#8212;&#8212;&#8212;&#8212;&#8212;&#8212;&#8212;&#8212;&#8212;&#8212;&#8212;&#8212;&#8212;&#8211;<\/p>\n<p><strong>T\u00edtulo:<\/strong> \u201cDesenvolvimento de scaffolds de poli(E-caprolactona)\/poli(\u00e1cido l\u00e1ctico)\/ dextrano via bioimpress\u00e3o 3D para aplica\u00e7\u00e3o em tecido cartilaginoso: abordagem de an\u00e1lise laboratorial e modelagem molecular\u201d<\/p>\n<p><strong>Aluna:<\/strong><strong> Roxanne Vasquez<\/strong><\/p>\n<p><strong>Orientadora:<\/strong> Profa. Dra. Simone de F\u00e1tima Medeiros Sampaio<\/p>\n<p><strong>Banca Examinadora:<\/strong><\/p>\n<p>Profa. Dra. Simone de F\u00e1tima Medeiros Sampaio \u2013 EEL\/USP<\/p>\n<p>Profa. Dra. Talita Martins Lacerda \u2013 EEL\/USP<\/p>\n<p>Profa. Dra. Daniella Regina Mulinari \u2013 UERJ<\/p>\n<p><strong>Data:<\/strong> 03\/06\/2026 (4\u00aa feira)<\/p>\n<p><strong>Hor\u00e1rio:<\/strong> 14 horas<\/p>\n<p><strong>Local:<\/strong>\u00a0Sala de Semin\u00e1rios do PPGEQ \u2013 \u00c1rea 1 \u2013 EEL\/USP<\/p>\n<p>&#8212;&#8212;&#8212;&#8212;&#8212;&#8212;&#8212;&#8212;&#8212;&#8212;&#8212;&#8212;&#8212;&#8212;&#8212;&#8212;&#8212;&#8212;&#8212;&#8212;&#8212;&#8212;&#8212;&#8212;&#8211;<\/p>\n<p><strong>T\u00edtulo:<\/strong> \u201cDesenvolvimento de carreadores \u00e0 base de pululana e quitosana para a estabiliza\u00e7\u00e3o, libera\u00e7\u00e3o e potencializa\u00e7\u00e3o da atividade antioxidante da vitamina C em formula\u00e7\u00f5es cosm\u00e9ticas\u201d<\/p>\n<p><strong>Aluna:<\/strong><strong> Nat\u00e1lia Mendon\u00e7a Moreira Silva<\/strong><\/p>\n<p><strong>Orientadora:<\/strong> Profa. Dra. Simone de F\u00e1tima Medeiros Sampaio<\/p>\n<p><strong>Banca Examinadora:<\/strong><\/p>\n<p>Profa. Dra. Simone de F\u00e1tima Medeiros Sampaio \u2013 EEL\/USP<\/p>\n<p>Profa. Dra. Patr\u00edcia Caroline Molgero Da R\u00f3s \u2013 EEL\/USP<\/p>\n<p>Prof. Dr. Andr\u00e9 Moreni Lopes \u2013 EEL\/USP<\/p>\n<p><strong>Data:<\/strong> 10\/06\/2026 (4\u00aa feira)<\/p>\n<p><strong>Hor\u00e1rio:<\/strong> 14 horas<\/p>\n<p><strong>Local:<\/strong>\u00a0Sala de Semin\u00e1rios do PPGEQ \u2013 \u00c1rea 1 \u2013 EEL\/USP<\/p>\n<p>&#8212;&#8212;&#8212;&#8212;&#8212;&#8212;&#8212;&#8212;&#8212;&#8212;&#8212;&#8212;&#8212;&#8212;&#8212;&#8212;&#8212;&#8212;&#8212;&#8212;&#8212;&#8212;&#8212;&#8212;&#8211;<\/p>\n<p><strong>T\u00edtulo:<\/strong> \u201cAN\u00c1LISE COMPARATIVA NA PRODU\u00c7\u00c3O SUSTENT\u00c1VEL DE HIDROG\u00caNIO A PARTIR DO ETANOL EXAMINANDO DIFERENTES CATALISADORES\u201d<\/p>\n<p><strong>Aluno:<\/strong><strong> Tiago Jo\u00e3o Muana<\/strong><\/p>\n<p><strong>Orientador:<\/strong> Prof. Dr. Estaner Claro Rom\u00e3o<\/p>\n<p><strong>Banca Examinadora:<\/strong><\/p>\n<p>Prof. Dr. Estaner Claro Rom\u00e3o \u2013 EEL\/USP<\/p>\n<p>Profa. Dra. Diovana Aparecida dos Santos Napole\u00e3o \u2013 EEL\/USP<\/p>\n<p>Prof. Dr. Fabiano Fernandes Bargos \u2013 EEL\/USP<\/p>\n<p><strong>Data:<\/strong> 15\/06\/2026 (2\u00aa feira)<\/p>\n<p><strong>Hor\u00e1rio:<\/strong> 14 horas<\/p>\n<p><strong>Local:<\/strong>\u00a0Sala de Semin\u00e1rios do PPGEQ \u2013 \u00c1rea 1 \u2013 EEL\/USP<\/p>","protected":false},"excerpt":{"rendered":"<p>T\u00edtulo: \u201cModelagem matem\u00e1tica da s\u00edntese de acetato de isoamila considerando o intumescimento da resina catal\u00edtica\u201d Aluno: Felipe Pinheiro do Prado Orientador: Prof. Dr. Leandro Gon\u00e7alves de Aguiar Banca Examinadora: Prof. Dr. Leandro Gon\u00e7alves de Aguiar \u2013 EEL\/USP Profa. Dra. Daniela Helena Pelegrine Guimar\u00e3es \u2013 EEL\/USP Prof. Dr. F\u00e9lix Monteiro Pereira \u2013 EEL\/USP Data: 12\/05\/2026 (3\u00aa feira) Hor\u00e1rio: 14 horas Local:\u00a0Sala de Semin\u00e1rios do PPGEQ \u2013 \u00c1rea 1 \u2013 EEL\/USP &#8212;&#8212;&#8212;&#8212;&#8212;&#8212;&#8212;&#8212;&#8212;&#8212;&#8212;&#8212;&#8212;&#8212;&#8212;&#8212;&#8212;&#8212;&#8212;&#8212;&#8212;&#8212;&#8212;&#8212;&#8211; T\u00edtulo: \u201cUtiliza\u00e7\u00e3o de processos oxidativos avan\u00e7ados para degrada\u00e7\u00e3o do poluente emergente \u00e1cido salic\u00edlico utilizando Ce02\/ZnO\/xerogel como catalisador multifuncional\u201d Aluna: Camilla Gomes Mascarenhas Orientadora: Profa. Dra. Liana Alvares Rodrigues Banca Examinadora: Profa. Dra. Liana Alvares Rodrigues \u2013 EEL\/USP Profa. Dra. Christiane de Arruda Rodrigues \u2013 UNIFESP Prof. Dr. Willyam Roger Padilha Barros \u2013 UFGD Data: 13\/05\/2026 (4\u00aa feira) Hor\u00e1rio: 09 horas Local:\u00a0Sala de Semin\u00e1rios do PPGEQ \u2013 \u00c1rea 1 \u2013 EEL\/USP &#8212;&#8212;&#8212;&#8212;&#8212;&#8212;&#8212;&#8212;&#8212;&#8212;&#8212;&#8212;&#8212;&#8212;&#8212;&#8212;&#8212;&#8212;&#8212;&#8212;&#8212;&#8212;&#8212;&#8212;&#8211; T\u00edtulo: \u201cAvalia\u00e7\u00e3o do desempenho de floculantes naturais na colheita de biomassa microalgal\u201d Aluna: Lara de Souza Cardoso Orientadora: Profa. Dra. Patr\u00edcia Caroline Molgero Da R\u00f3s Banca Examinadora: Profa. Dra. Patr\u00edcia Caroline Molgero Da R\u00f3s \u2013 EEL\/USP Profa. Dra. L\u00edvia Chaguri e Carvalho \u2013 EEL\/USP Prof. Dr. Mateus de Souza Amaral \u2013 UFOP Data: 20\/05\/2026 (4\u00aa feira) Hor\u00e1rio: 09 horas [&#8230;]<\/p>\n","protected":false},"author":993,"featured_media":0,"parent":0,"menu_order":0,"comment_status":"closed","ping_status":"closed","template":"","meta":{"_monsterinsights_skip_tracking":false,"_monsterinsights_sitenote_active":false,"_monsterinsights_sitenote_note":"","_monsterinsights_sitenote_category":0,"footnotes":"","_links_to":"","_links_to_target":""},"class_list":["post-1095","page","type-page","status-publish","hentry"],"_links":{"self":[{"href":"https:\/\/sites.usp.br\/ppgeq\/wp-json\/wp\/v2\/pages\/1095","targetHints":{"allow":["GET"]}}],"collection":[{"href":"https:\/\/sites.usp.br\/ppgeq\/wp-json\/wp\/v2\/pages"}],"about":[{"href":"https:\/\/sites.usp.br\/ppgeq\/wp-json\/wp\/v2\/types\/page"}],"author":[{"embeddable":true,"href":"https:\/\/sites.usp.br\/ppgeq\/wp-json\/wp\/v2\/users\/993"}],"replies":[{"embeddable":true,"href":"https:\/\/sites.usp.br\/ppgeq\/wp-json\/wp\/v2\/comments?post=1095"}],"version-history":[{"count":4,"href":"https:\/\/sites.usp.br\/ppgeq\/wp-json\/wp\/v2\/pages\/1095\/revisions"}],"predecessor-version":[{"id":2462,"href":"https:\/\/sites.usp.br\/ppgeq\/wp-json\/wp\/v2\/pages\/1095\/revisions\/2462"}],"wp:attachment":[{"href":"https:\/\/sites.usp.br\/ppgeq\/wp-json\/wp\/v2\/media?parent=1095"}],"curies":[{"name":"wp","href":"https:\/\/api.w.org\/{rel}","templated":true}]}}