{"id":1097,"date":"2019-05-30T11:31:12","date_gmt":"2019-05-30T14:31:12","guid":{"rendered":"https:\/\/sites.usp.br\/ppgeq\/?page_id=1097"},"modified":"2024-06-03T15:59:31","modified_gmt":"2024-06-03T18:59:31","slug":"teses-defendidas","status":"publish","type":"page","link":"https:\/\/sites.usp.br\/ppgeq\/teses-defendidas\/","title":{"rendered":"Disserta\u00e7\u00f5es Defendidas"},"content":{"rendered":"<p><span style=\"color: #ff6600;\"><strong>ALUNOS EGRESSOS DO PPGEQ<\/strong><\/span><\/p>\n<table style=\"height: 232px;\" width=\"564\">\n<tbody>\n<tr>\n<td width=\"139\"><a href=\"http:\/\/sites.usp.br\/ppgeq\/egressos-2021-mestrado\/\"><strong>2021<\/strong><\/a><\/td>\n<td width=\"139\"><strong><a href=\"https:\/\/sites.usp.br\/ppgeq\/egressos-2022-mestrado\/\" target=\"_blank\" rel=\"noopener\">2022<\/a><\/strong><\/td>\n<td width=\"140\"><strong><a href=\"https:\/\/sites.usp.br\/ppgeq\/egressos-2023-mestrado\/\" target=\"_blank\" rel=\"noopener\">2023<\/a><\/strong><\/td>\n<td width=\"139\"><a href=\"https:\/\/sites.usp.br\/ppgeq\/egressos-2024-mestrado\/\" target=\"_blank\" rel=\"noopener\"><strong>2024<\/strong><\/a><\/td>\n<\/tr>\n<tr>\n<td width=\"139\"><a href=\"https:\/\/sites.usp.br\/ppgeq\/egressos-2017-mestrado\/\"><strong>2017<\/strong><\/a><\/td>\n<td width=\"139\"><a href=\"https:\/\/sites.usp.br\/ppgeq\/egressos-2018-mestrado\/\"><strong>2018<\/strong><\/a><\/td>\n<td width=\"140\"><a href=\"https:\/\/sites.usp.br\/ppgeq\/egressos-2019-mestrado\/\"><strong>2019<\/strong><\/a><\/td>\n<td width=\"139\"><strong>\u00a0<a href=\"http:\/\/sites.usp.br\/ppgeq\/egressos-2020-mestrado\/\" rel=\"noopener\">2020<\/a><\/strong><\/td>\n<\/tr>\n<tr>\n<td width=\"139\"><a href=\"https:\/\/sites.usp.br\/ppgeq\/egressos-2013-mestrado\/\"><strong>2013<\/strong><\/a><\/td>\n<td width=\"139\"><a href=\"https:\/\/sites.usp.br\/ppgeq\/egressos-2014-mestrado\/\"><strong>2014<\/strong><\/a><\/td>\n<td width=\"140\"><a href=\"https:\/\/sites.usp.br\/ppgeq\/egressos-2015-mestrado\/\"><strong>2015<\/strong><\/a><\/td>\n<td width=\"139\"><strong>\u00a0<a href=\"https:\/\/sites.usp.br\/ppgeq\/egressos-2016-mestrado\/\">2016<\/a><\/strong><\/td>\n<\/tr>\n<tr>\n<td width=\"139\"><a href=\"https:\/\/sites.usp.br\/ppgeq\/egressos-2009-mestrado\/\"><strong>2009<\/strong><\/a><\/td>\n<td width=\"139\"><a href=\"https:\/\/sites.usp.br\/ppgeq\/egressos-2010-mestrado\/\"><strong>2010<\/strong><\/a><\/td>\n<td width=\"140\"><strong>\u00a0<a href=\"https:\/\/sites.usp.br\/ppgeq\/egressos-2011-mestrado\/\">2011<\/a><\/strong><\/td>\n<td width=\"139\"><strong>\u00a0<a href=\"https:\/\/sites.usp.br\/ppgeq\/egressos-2012-mestrado\/\">2012<\/a><\/strong><\/td>\n<\/tr>\n<tr>\n<td width=\"139\"><a href=\"https:\/\/sites.usp.br\/ppgeq\/egressos-2005-mestrado\/\"><strong>2005<\/strong><\/a><\/td>\n<td width=\"139\"><a href=\"https:\/\/sites.usp.br\/ppgeq\/egressos-2006-mestrado\/\"><strong>2006<\/strong><\/a><\/td>\n<td width=\"140\"><a href=\"https:\/\/sites.usp.br\/ppgeq\/?page_id=1220&amp;preview=true\"><strong>2007<\/strong><\/a><\/td>\n<td width=\"139\"><strong>\u00a0<a href=\"https:\/\/sites.usp.br\/ppgeq\/egressos-2008-mestrado\/\">2008<\/a><\/strong><\/td>\n<\/tr>\n<\/tbody>\n<\/table>\n<p><span style=\"color: #ff6600;\"><strong>BUSCA POR \u00c1REA DE CONCENTRA\u00c7\u00c3O (BIBLIOTECA DIGITAL USP)<\/strong><\/span><\/p>\n<p><a href=\"https:\/\/www.teses.usp.br\/index.php?option=com_jumi&amp;fileid=9&amp;Itemid=159&amp;lang=pt-br&amp;id=97139&amp;prog=97003&amp;exp=0\" target=\"_blank\" rel=\"noopener\">Desenvolvimento de Produtos e Processos<\/a><\/p>\n<p><a href=\"https:\/\/www.teses.usp.br\/index.php?option=com_jumi&amp;fileid=9&amp;Itemid=159&amp;lang=pt-br&amp;id=97136&amp;prog=97003&amp;exp=0\" target=\"_blank\" rel=\"noopener\">Novos Materiais e Qu\u00edmica Fina<\/a><\/p>\n<p><a href=\"https:\/\/www.teses.usp.br\/index.php?option=com_jumi&amp;fileid=9&amp;Itemid=159&amp;lang=pt-br&amp;id=97137&amp;prog=97003&amp;exp=0\" target=\"_blank\" rel=\"noopener\">Processos Catal\u00edticos e Biocatal\u00edticos<\/a><\/p>","protected":false},"excerpt":{"rendered":"<p>ALUNOS EGRESSOS DO PPGEQ 2021 2022 2023 2024 2017 2018 2019 \u00a02020 2013 2014 2015 \u00a02016 2009 2010 \u00a02011 \u00a02012 2005 2006 2007 \u00a02008 BUSCA POR \u00c1REA DE CONCENTRA\u00c7\u00c3O (BIBLIOTECA DIGITAL USP) Desenvolvimento de Produtos e Processos Novos Materiais e Qu\u00edmica Fina Processos Catal\u00edticos e Biocatal\u00edticos<\/p>\n","protected":false},"author":993,"featured_media":0,"parent":0,"menu_order":0,"comment_status":"closed","ping_status":"closed","template":"","meta":{"_monsterinsights_skip_tracking":false,"_monsterinsights_sitenote_active":false,"_monsterinsights_sitenote_note":"","_monsterinsights_sitenote_category":0,"footnotes":"","_links_to":"","_links_to_target":""},"class_list":["post-1097","page","type-page","status-publish","hentry"],"_links":{"self":[{"href":"https:\/\/sites.usp.br\/ppgeq\/wp-json\/wp\/v2\/pages\/1097","targetHints":{"allow":["GET"]}}],"collection":[{"href":"https:\/\/sites.usp.br\/ppgeq\/wp-json\/wp\/v2\/pages"}],"about":[{"href":"https:\/\/sites.usp.br\/ppgeq\/wp-json\/wp\/v2\/types\/page"}],"author":[{"embeddable":true,"href":"https:\/\/sites.usp.br\/ppgeq\/wp-json\/wp\/v2\/users\/993"}],"replies":[{"embeddable":true,"href":"https:\/\/sites.usp.br\/ppgeq\/wp-json\/wp\/v2\/comments?post=1097"}],"version-history":[{"count":5,"href":"https:\/\/sites.usp.br\/ppgeq\/wp-json\/wp\/v2\/pages\/1097\/revisions"}],"predecessor-version":[{"id":2255,"href":"https:\/\/sites.usp.br\/ppgeq\/wp-json\/wp\/v2\/pages\/1097\/revisions\/2255"}],"wp:attachment":[{"href":"https:\/\/sites.usp.br\/ppgeq\/wp-json\/wp\/v2\/media?parent=1097"}],"curies":[{"name":"wp","href":"https:\/\/api.w.org\/{rel}","templated":true}]}}