{"id":1235,"date":"2019-06-10T15:50:34","date_gmt":"2019-06-10T18:50:34","guid":{"rendered":"https:\/\/sites.usp.br\/ppgeq\/?page_id=1235"},"modified":"2021-05-03T10:30:15","modified_gmt":"2021-05-03T13:30:15","slug":"egressos-2012-mestrado","status":"publish","type":"page","link":"https:\/\/sites.usp.br\/ppgeq\/egressos-2012-mestrado\/","title":{"rendered":"Egressos 2012 (Mestrado)"},"content":{"rendered":"<p><\/p>\n<table>\n<tbody>\n<tr>\n<td width=\"179\">\n<h6 style=\"text-align: center;\"><span style=\"color: #ff6600;\"><strong>Aluno(a)<\/strong><\/span><\/h6>\n<\/td>\n<td width=\"212\">\n<h6 style=\"text-align: center;\"><span style=\"color: #ff6600;\"><strong>Orientador(a)<\/strong><\/span><\/h6>\n<\/td>\n<td width=\"449\">\n<h6 style=\"text-align: center;\"><span style=\"color: #ff6600;\"><strong>T\u00edtulo do Trabalho<\/strong><\/span><\/h6>\n<\/td>\n<td width=\"100\">\n<h6 style=\"text-align: center;\"><span style=\"color: #ff6600;\"><strong>Data da Defesa<\/strong><\/span><\/h6>\n<\/td>\n<\/tr>\n<tr>\n<td width=\"179\">\n<h6><strong>Christiane Reis Fonseca<\/strong><\/h6>\n<\/td>\n<td width=\"212\">\n<h6><strong>Prof. Dr. Lu\u00eds Fernando Figueiredo Faria<\/strong><\/h6>\n<\/td>\n<td width=\"449\">\n<h6><strong>Uso combinado de processos de separa\u00e7\u00e3o visando a destoxifica\u00e7\u00e3o de hidrolisado hemicelul\u00f3sico<\/strong><\/h6>\n<\/td>\n<td width=\"100\">\n<h6><strong>\u00a007\/02\/2012<\/strong><\/h6>\n<\/td>\n<\/tr>\n<tr>\n<td colspan=\"4\" width=\"940\">\n<h6 style=\"text-align: center;\">Download: <a href=\"https:\/\/sites.usp.br\/ppgeq\/wp-content\/uploads\/sites\/537\/2021\/04\/Dissertacao_Final_Christiane-Reis.pdf\" target=\"_blank\" rel=\"noopener\">Disserta\u00e7\u00e3o<\/a><\/h6>\n<\/td>\n<\/tr>\n<tr>\n<td width=\"179\">\n<h6><strong>Nat\u00e1lia Medeiros Teixeira<\/strong><\/h6>\n<\/td>\n<td width=\"212\">\n<h6><strong>Prof. Dr. Pedro Carlos de Oliveira<\/strong><\/h6>\n<\/td>\n<td width=\"449\">\n<h6><strong>Aplica\u00e7\u00e3o de ultrassom na etan\u00f3lise do \u00f3leo de baba\u00e7u mediada pela lipase de Burkholderia cepacia imobilizada em SiO2-\u03b2CD<\/strong><\/h6>\n<\/td>\n<td width=\"100\">\n<h6><strong>07\/02\/2012<\/strong><\/h6>\n<\/td>\n<\/tr>\n<tr>\n<td colspan=\"4\" width=\"940\">\n<h6 style=\"text-align: center;\">Download: <a href=\"https:\/\/sites.usp.br\/ppgeq\/wp-content\/uploads\/sites\/537\/2021\/04\/Dissertacao_Final_Natalia-Medeiros.pdf\" target=\"_blank\" rel=\"noopener\">Disserta\u00e7\u00e3o<\/a><\/h6>\n<\/td>\n<\/tr>\n<tr>\n<td width=\"179\">\n<h6><strong>M\u00e1rcio Steinmetz Soares\u00a0<\/strong><\/h6>\n<\/td>\n<td width=\"212\">\n<h6><strong>\u00a0Prof. Dr. Pedro Carlos de Oliveira<\/strong><\/h6>\n<\/td>\n<td width=\"449\">\n<h6><strong>S\u00edntese e caracteriza\u00e7\u00e3o de espumas de poliuretano para imobiliza\u00e7\u00e3o de c\u00e9lulas \u00edntegras e aplica\u00e7\u00e3o na s\u00edntese de biodiesel\u00a0<\/strong><\/h6>\n<\/td>\n<td width=\"100\">\n<h6><strong>\u00a005\/03\/2012<\/strong><\/h6>\n<\/td>\n<\/tr>\n<tr>\n<td colspan=\"4\" width=\"940\">\n<h6 style=\"text-align: center;\">Download: <a href=\"https:\/\/sites.usp.br\/ppgeq\/wp-content\/uploads\/sites\/537\/2021\/04\/Dissertacao_Final_Marcio-Steinmetz.pdf\" target=\"_blank\" rel=\"noopener\">Disserta\u00e7\u00e3o<\/a><\/h6>\n<\/td>\n<\/tr>\n<tr>\n<td width=\"179\">\n<h6><strong>Ana Paulo Barbosa Rodrigues de Freitas\u00a0<\/strong><\/h6>\n<\/td>\n<td width=\"212\">\n<h6><strong>\u00a0Prof. Dr. Messias Borges Silva<\/strong><\/h6>\n<\/td>\n<td width=\"449\">\n<h6><strong>Aplica\u00e7\u00e3o do m\u00e9todo estat\u00edstico de Taguchi no estudo dos Processos Oxidativos Avan\u00e7ados (Fe+2\/H2O2\/O3\/UV) no pr\u00e9-tratamento de efluentes fen\u00f3licos\u00a0<\/strong><\/h6>\n<\/td>\n<td width=\"100\">\n<h6><strong>\u00a004\/05\/2012<\/strong><\/h6>\n<\/td>\n<\/tr>\n<tr>\n<td colspan=\"4\" width=\"940\">\n<h6 style=\"text-align: center;\">Download: <a href=\"https:\/\/sites.usp.br\/ppgeq\/wp-content\/uploads\/sites\/537\/2021\/04\/Dissertacao_Final_Ana-Paula-Barbosa.pdf\" target=\"_blank\" rel=\"noopener\">Disserta\u00e7\u00e3o<\/a><\/h6>\n<\/td>\n<\/tr>\n<tr>\n<td width=\"179\">\n<h6><strong>Fl\u00e1via de Almeida Cipolli<\/strong><\/h6>\n<\/td>\n<td width=\"212\">\n<h6><strong>\u00a0Prof. Dr. Gilberto Garcia Cortez<\/strong><\/h6>\n<\/td>\n<td width=\"449\">\n<h6><strong> Prepara\u00e7\u00e3o e caracteriza\u00e7\u00e3o de catalisadores baseados em hidrotalcitas oligovanadatos pilarizadas<\/strong><\/h6>\n<\/td>\n<td width=\"100\">\n<h6><strong>\u00a004\/05\/2012<\/strong><\/h6>\n<\/td>\n<\/tr>\n<tr>\n<td colspan=\"4\" width=\"940\">\n<h6 style=\"text-align: center;\">Download: <a href=\"https:\/\/sites.usp.br\/ppgeq\/wp-content\/uploads\/sites\/537\/2021\/04\/Dissertacao_Final_Flavia-Cipolli.pdf\" target=\"_blank\" rel=\"noopener\">Disserta\u00e7\u00e3o<\/a><\/h6>\n<\/td>\n<\/tr>\n<tr>\n<td width=\"179\">\n<h6><strong>Juliana Aparecida dos Santos Leite\u00a0<\/strong><\/h6>\n<\/td>\n<td width=\"212\">\n<h6><strong>Profa. Dra. Jayne Carlos de Souza Barboza\u00a0<\/strong><\/h6>\n<\/td>\n<td width=\"449\">\n<h6><strong>S\u00edntese de potenciais intermedi\u00e1rios de princ\u00edpios ativos, buscando sempre o emprego de t\u00e9cnicas para prote\u00e7\u00e3o do meio ambiente\u00a0<\/strong><\/h6>\n<\/td>\n<td width=\"100\">\n<h6><strong>\u00a003\/12\/2012<\/strong><\/h6>\n<\/td>\n<\/tr>\n<tr>\n<td colspan=\"4\" width=\"940\">\n<h6 style=\"text-align: center;\">Download: <a href=\"https:\/\/sites.usp.br\/ppgeq\/wp-content\/uploads\/sites\/537\/2021\/04\/Dissertacao_Final_Juliana-Aparecida.pdf\" target=\"_blank\" rel=\"noopener\">Disserta\u00e7\u00e3o<\/a><\/h6>\n<\/td>\n<\/tr>\n<tr>\n<td width=\"179\">\n<h6><strong>\u00a0<\/strong><\/h6>\n<\/td>\n<td width=\"212\">\n<h6><strong>\u00a0<\/strong><\/h6>\n<\/td>\n<td width=\"449\">\n<h6><strong>\u00a0<\/strong><\/h6>\n<\/td>\n<td width=\"100\">\n<h6><strong>\u00a0<\/strong><\/h6>\n<\/td>\n<\/tr>\n<tr>\n<td colspan=\"4\" width=\"940\">\n<h6 style=\"text-align: center;\">Download:<\/h6>\n<\/td>\n<\/tr>\n<tr>\n<td width=\"179\">\n<h6><strong>\u00a0<\/strong><\/h6>\n<\/td>\n<td width=\"212\">\n<h6><strong>\u00a0<\/strong><\/h6>\n<\/td>\n<td width=\"449\">\n<h6><strong>\u00a0<\/strong><\/h6>\n<\/td>\n<td width=\"100\">\n<h6><strong>\u00a0<\/strong><\/h6>\n<\/td>\n<\/tr>\n<tr>\n<td colspan=\"4\" width=\"940\">\n<h6 style=\"text-align: center;\">Download:<\/h6>\n<\/td>\n<\/tr>\n<tr>\n<td width=\"179\">\n<h6><strong>\u00a0<\/strong><\/h6>\n<\/td>\n<td width=\"212\">\n<h6><strong>\u00a0<\/strong><\/h6>\n<\/td>\n<td width=\"449\">\n<h6><strong>\u00a0<\/strong><\/h6>\n<\/td>\n<td width=\"100\">\n<h6><strong>\u00a0<\/strong><\/h6>\n<\/td>\n<\/tr>\n<tr>\n<td colspan=\"4\" width=\"940\">\n<h6 style=\"text-align: center;\">Download:<\/h6>\n<\/td>\n<\/tr>\n<\/tbody>\n<\/table>\n<p><\/p>","protected":false},"excerpt":{"rendered":"<p>Aluno(a) Orientador(a) T\u00edtulo do Trabalho Data da Defesa Christiane Reis Fonseca Prof. Dr. Lu\u00eds Fernando Figueiredo Faria Uso combinado de processos de separa\u00e7\u00e3o visando a destoxifica\u00e7\u00e3o de hidrolisado hemicelul\u00f3sico \u00a007\/02\/2012 Download: Disserta\u00e7\u00e3o Nat\u00e1lia Medeiros Teixeira Prof. Dr. Pedro Carlos de Oliveira Aplica\u00e7\u00e3o de ultrassom na etan\u00f3lise do \u00f3leo de baba\u00e7u mediada pela lipase de Burkholderia cepacia imobilizada em SiO2-\u03b2CD 07\/02\/2012 Download: Disserta\u00e7\u00e3o M\u00e1rcio Steinmetz Soares\u00a0 \u00a0Prof. Dr. Pedro Carlos de Oliveira S\u00edntese e caracteriza\u00e7\u00e3o de espumas de poliuretano para imobiliza\u00e7\u00e3o de c\u00e9lulas \u00edntegras e aplica\u00e7\u00e3o na s\u00edntese de biodiesel\u00a0 \u00a005\/03\/2012 Download: Disserta\u00e7\u00e3o Ana Paulo Barbosa Rodrigues de Freitas\u00a0 \u00a0Prof. Dr. Messias Borges Silva Aplica\u00e7\u00e3o do m\u00e9todo estat\u00edstico de Taguchi no estudo dos Processos Oxidativos Avan\u00e7ados (Fe+2\/H2O2\/O3\/UV) no pr\u00e9-tratamento de efluentes fen\u00f3licos\u00a0 \u00a004\/05\/2012 Download: Disserta\u00e7\u00e3o Fl\u00e1via de Almeida Cipolli \u00a0Prof. Dr. Gilberto Garcia Cortez Prepara\u00e7\u00e3o e caracteriza\u00e7\u00e3o de catalisadores baseados em hidrotalcitas oligovanadatos pilarizadas \u00a004\/05\/2012 Download: Disserta\u00e7\u00e3o Juliana Aparecida dos Santos Leite\u00a0 Profa. Dra. Jayne Carlos de Souza Barboza\u00a0 S\u00edntese de potenciais intermedi\u00e1rios de princ\u00edpios ativos, buscando sempre o emprego de t\u00e9cnicas para prote\u00e7\u00e3o do meio ambiente\u00a0 \u00a003\/12\/2012 Download: Disserta\u00e7\u00e3o \u00a0 \u00a0 \u00a0 \u00a0 Download: \u00a0 \u00a0 \u00a0 \u00a0 Download: \u00a0 \u00a0 \u00a0 \u00a0 Download:<\/p>\n","protected":false},"author":993,"featured_media":0,"parent":0,"menu_order":0,"comment_status":"closed","ping_status":"closed","template":"","meta":{"_monsterinsights_skip_tracking":false,"_monsterinsights_sitenote_active":false,"_monsterinsights_sitenote_note":"","_monsterinsights_sitenote_category":0,"footnotes":"","_links_to":"","_links_to_target":""},"class_list":["post-1235","page","type-page","status-publish","hentry"],"_links":{"self":[{"href":"https:\/\/sites.usp.br\/ppgeq\/wp-json\/wp\/v2\/pages\/1235","targetHints":{"allow":["GET"]}}],"collection":[{"href":"https:\/\/sites.usp.br\/ppgeq\/wp-json\/wp\/v2\/pages"}],"about":[{"href":"https:\/\/sites.usp.br\/ppgeq\/wp-json\/wp\/v2\/types\/page"}],"author":[{"embeddable":true,"href":"https:\/\/sites.usp.br\/ppgeq\/wp-json\/wp\/v2\/users\/993"}],"replies":[{"embeddable":true,"href":"https:\/\/sites.usp.br\/ppgeq\/wp-json\/wp\/v2\/comments?post=1235"}],"version-history":[{"count":2,"href":"https:\/\/sites.usp.br\/ppgeq\/wp-json\/wp\/v2\/pages\/1235\/revisions"}],"predecessor-version":[{"id":1814,"href":"https:\/\/sites.usp.br\/ppgeq\/wp-json\/wp\/v2\/pages\/1235\/revisions\/1814"}],"wp:attachment":[{"href":"https:\/\/sites.usp.br\/ppgeq\/wp-json\/wp\/v2\/media?parent=1235"}],"curies":[{"name":"wp","href":"https:\/\/api.w.org\/{rel}","templated":true}]}}